{"id":12645,"date":"2025-11-02T11:56:41","date_gmt":"2025-11-02T11:56:41","guid":{"rendered":"https:\/\/frvape.com\/product\/fumot-tornado-20000-disposable-vape-kit-with-smart-led-screen\/"},"modified":"2026-03-25T10:50:13","modified_gmt":"2026-03-25T10:50:13","slug":"fumot-tornado-20000-engangs-vape-kit-med-smart-led-skaerm","status":"publish","type":"product","link":"https:\/\/frvape.com\/da\/product\/fumot-tornado-20000-engangs-vape-kit-med-smart-led-skaerm\/","title":{"rendered":"Fumot Tornado 20000 Engangs-vape-kit med smart LED-sk\u00e6rm"},"content":{"rendered":"<p>Den <strong>Fumot Tornado 20000<\/strong> er en avanceret <strong>Vape til engangsbrug<\/strong> Den er fyldt med 20 ml e-v\u00e6ske og kan klare op til 20.000 pust. Den tilbyder 4 nikotinstyrker: 0%, 2%, 3% og 5%. Udstyret med en indbygget <strong>900 mAh batteri<\/strong> og en hurtig <strong>Type-C-port<\/strong>sikrer denne enhed langvarig brug og nem genopladning. Oplev ensartet dampproduktion med den innovative <strong>Dobbelt netspole<\/strong>som opvarmer e-v\u00e6sken j\u00e6vnt og giver en bedre smag. Dens <strong>Smart LED-sk\u00e6rm<\/strong> viser batterilevetid og v\u00e6skestand i realtid og giver en futuristisk og praktisk dampoplevelse.<\/p>\n<h3>Smart sk\u00e6rm<\/h3>\n<p>Den <strong>Smart LED-sk\u00e6rm<\/strong> giver \u00f8jeblikkeligt overblik over enhedens status, s\u00e5 dampere kan spore <strong>Batteriets levetid<\/strong> og <strong>E-v\u00e6ske niveau<\/strong> uden besv\u00e6r. Denne funktion giver ikke kun et moderne pr\u00e6g, men optimerer ogs\u00e5 brugerens kontrol og tilfredshed.<\/p>\n<h3>Dual Mesh Coil-teknologi<\/h3>\n<p>Med sin <strong>Dobbeltmasket spole<\/strong> design sikrer Fumot Tornado 20000 en effektiv og ensartet opvarmning af e-v\u00e6ske. Det giver en mere j\u00e6vn og fyldig damp og bevarer smagskonsistensen gennem tusindvis af pust.<\/p>\n<h3>Type-C-port og batteri<\/h3>\n<p>Den <strong>Type-C-port<\/strong> underst\u00f8tter hurtig opladning, mens den robuste <strong>900 mAh batteri<\/strong> giver mulighed for flere opladninger. Denne kombination garanterer, at du drikker hver eneste dr\u00e5be e-v\u00e6ske op uden nedetid.<\/p>\n<h3>Tilg\u00e6ngelige Vape-smage<\/h3>\n<p>Nyd et bredt udvalg af 43 <strong>elektroniske vape-smagsvarianter<\/strong>: Vandmelon Is, Jordb\u00e6r Kiwi, Kirseb\u00e6r Lime, Cotton Candy, Pina Colada, Bl\u00e5b\u00e6r Hindb\u00e6r Hard Candy, P\u00e6re Is, Fersken Mango Vandmelon, Skittles, Agurk Lemonade, Banankage, Lychee Hami Melon, Mixed Berry, Jordb\u00e6r Vandmelon, Blue Razz, Ananas Lemon Green Apple, Fersken Ananas Orange, Strawberry Ice Cream, Huckleberry, Jelly Beans, Mr Blue, Cherry, Blueberry Raspberry, Cherry Cola, Kiwi Passion Fruit Guava, Strawberry Ice, Strawberry Raspberry Cherry Ice, Cherry Berry, Blueberry Sour Raspberry, Peach Berry, Blue Razz Gummy Bear, Cool Mint, Blueberry On Ice, Cactus Ice, Red Grape Lime, Cola Lemon, Blackcurrant Apple, Cactus Kiwi, Cola Ice, Mango Grape Ice, Blueberry Cactus Ice, Grape Kiwi, Apple Grapefruit.<\/p>","protected":false},"excerpt":{"rendered":"<p>Den <strong>Fumot Tornado 20000<\/strong> er en pr\u00e6mie <strong>Vape til engangsbrug<\/strong> med en <strong>Smart LED-sk\u00e6rm<\/strong>, <strong>Dobbelt netspole<\/strong>og op til 20.000 pust med forskellige smagsvarianter.<\/p>","protected":false},"featured_media":14167,"comment_status":"open","ping_status":"closed","template":"","meta":[],"product_brand":[186],"product_cat":[1016,885],"product_tag":[512,112,244,979,516,980],"class_list":{"0":"post-12645","1":"product","2":"type-product","3":"status-publish","4":"has-post-thumbnail","6":"product_brand-fumot","7":"product_cat-big-puffs-vapes","8":"product_cat-fumot","9":"product_tag-20000-puffs","10":"product_tag-disposable-vape","11":"product_tag-dual-mesh-coil","12":"product_tag-fumot-tornado","13":"product_tag-rechargeable","14":"product_tag-smart-led-screen","16":"first","17":"instock","18":"sale","19":"shipping-taxable","20":"purchasable","21":"product-type-variable"},"jetpack_sharing_enabled":true,"tiered_pricing_type":"fixed","tiered_pricing_fixed_rules":[],"tiered_pricing_product_settings":{"layout":"default","base_unit_name":{"singular":null,"plural":null},"default_variation":null},"tiered_pricing_minimum_quantity":null,"tiered_pricing_roles_data":[],"tiered_pricing_percentage_rules":[],"tiered_pricing_maximum_quantity":null,"tiered_pricing_quantity_step":null,"_links":{"self":[{"href":"https:\/\/frvape.com\/da\/wp-json\/wp\/v2\/product\/12645","targetHints":{"allow":["GET"]}}],"collection":[{"href":"https:\/\/frvape.com\/da\/wp-json\/wp\/v2\/product"}],"about":[{"href":"https:\/\/frvape.com\/da\/wp-json\/wp\/v2\/types\/product"}],"replies":[{"embeddable":true,"href":"https:\/\/frvape.com\/da\/wp-json\/wp\/v2\/comments?post=12645"}],"wp:featuredmedia":[{"embeddable":true,"href":"https:\/\/frvape.com\/da\/wp-json\/wp\/v2\/media\/14167"}],"wp:attachment":[{"href":"https:\/\/frvape.com\/da\/wp-json\/wp\/v2\/media?parent=12645"}],"wp:term":[{"taxonomy":"product_brand","embeddable":true,"href":"https:\/\/frvape.com\/da\/wp-json\/wp\/v2\/product_brand?post=12645"},{"taxonomy":"product_cat","embeddable":true,"href":"https:\/\/frvape.com\/da\/wp-json\/wp\/v2\/product_cat?post=12645"},{"taxonomy":"product_tag","embeddable":true,"href":"https:\/\/frvape.com\/da\/wp-json\/wp\/v2\/product_tag?post=12645"}],"curies":[{"name":"wp","href":"https:\/\/api.w.org\/{rel}","templated":true}]}}