{"id":1303,"date":"2025-10-12T00:48:22","date_gmt":"2025-10-12T00:48:22","guid":{"rendered":"https:\/\/frvape.com\/product\/doloda-pebble-6500-disposable-vape-6500-puffs-rechargeable-type-c\/"},"modified":"2025-11-26T09:18:05","modified_gmt":"2025-11-26T09:18:05","slug":"doloda-pebble-6500-engangs-vape-6500-puffs-genopladelig-type-c","status":"publish","type":"product","link":"https:\/\/frvape.com\/da\/product\/doloda-pebble-6500-engangs-vape-6500-puffs-genopladelig-type-c\/","title":{"rendered":"Doloda Pebble 6500 Engangs-vape | 6500 pust, genopladelig Type-C"},"content":{"rendered":"<h3>Vi pr\u00e6senterer Doloda Pebble 6500<\/h3>\n<p>Den <strong>Doloda Pebble 6500<\/strong> er en f\u00f8rsteklasses elektronisk engangscigaret designet til dampere, der s\u00f8ger bekvemmelighed, holdbarhed og en l\u00e6ngerevarende dampoplevelse. Med en bem\u00e6rkelsesv\u00e6rdig <strong>6500 pust<\/strong> kapacitet sikrer denne enhed, at du kan nyde dine foretrukne e-v\u00e6sker i ugevis uden besv\u00e6ret med genopfyldning eller hyppige udskiftninger. Som en virkelig <strong>Vape til engangsbrug<\/strong>Den er opladet og fyldt p\u00e5 forh\u00e5nd, s\u00e5 den er klar til brug lige fra kassen - perfekt til dem, der er p\u00e5 farten eller er nye inden for dampning. Det slanke design er udviklet med tanke p\u00e5 b\u00e6rbarhed og ligger godt i h\u00e5nden, s\u00e5 den er nem at bruge, uanset om du er hjemme, ude at rejse eller slapper af. Omfavn en p\u00e5lidelig og <strong>genopladelig Type-C<\/strong> l\u00f8sning med Doloda Pebble 6500 for at f\u00e5 en overlegen oplevelse.<\/p>\n<h3>Vigtige funktioner og fordele<\/h3>\n<p>Doloda Pebble 6500 skiller sig ud med sine innovative funktioner, der underst\u00f8ttes af h\u00f8jtydende specifikationer. Dens integrerede <strong>netspole<\/strong> (1,2 ohm) sikrer et j\u00e6vnt, ensartet dampoutput og en intens bevarelse af smagen, s\u00e5 du f\u00e5r et rigere og mere tilfredsstillende hit hver gang. I mods\u00e6tning til konkurrenterne har denne e-cigaret en massiv kapacitet p\u00e5 13 ml e-v\u00e6ske sammen med et robust 500 mAh-batteri (Type-C USB-opladeligt), hvilket giver mulighed for l\u00e6ngere brugssessioner. V\u00e6lg mellem fleksible <strong>muligheder for nikotin<\/strong> herunder 0%, 2% og 5%, s\u00e5 de passer til dine pr\u00e6ferencer - uanset om du \u00f8nsker at holde op med at ryge, reducere nikotinindtaget eller nyde et nikotinfrit alternativ. Desuden indeholder enheden tre filterspidser for nem vedligeholdelse og en hygiejnisk oplevelse. Samlet set minimerer Doloda Pebble 6500 afbrydelser, sparer tid og maksimerer tilfredsheden, samtidig med at den giver enest\u00e5ende v\u00e6rdi for pengene.<\/p>\n<h3>Uds\u00f8gt udvalg af smage<\/h3>\n<p>Fork\u00e6l dig selv med vores mangfoldige udvalg af l\u00e6kre e-v\u00e6ske-smage, der alle er skabt til at give en uforglemmelig smagsrejse! Hver enkelt <strong>smagsgivere til engangsbrug<\/strong> er forudfyldt med f\u00f8rsteklasses v\u00e6sker, hvilket sikrer levende og autentiske profiler. Her er det komplette Doloda Pebble 6500-smagssortiment, fra iskoldt til s\u00f8dt:<br \/><strong>Drue-is<\/strong><br \/><strong>Frodig is<\/strong><br \/><strong>Blue Razz Ice<\/strong><br \/><strong>Mokka-kaffe<\/strong><br \/><strong>Malaysisk mango<\/strong><br \/><strong>Bromb\u00e6r-is<\/strong><br \/><strong>Citronmynte<\/strong><br \/><strong>Kirseb\u00e6rsodavand<\/strong><br \/><strong>Vingummibamse<\/strong><br \/><strong>Jordb\u00e6r og vandmelon<\/strong><br \/>Disse smagsvarianter im\u00f8dekommer forskellige smage: Is-baserede muligheder giver et k\u00f8lende twist for friskhed, mens mere frugtagtige valg som malaysisk mango og jordb\u00e6rvandmelon afbalancerer s\u00f8dme. Klassiske favoritter som Mocha Coffee giver et hyggeligt, robust kick, der forbedrer din daglige nydelse.<\/p>\n<h3>Detaljerede produktspecifikationer<\/h3>\n<p>Her er de omfattende specifikationer for Doloda Pebble 6500 for at sikre gennemsigtighed og hj\u00e6lpe dig med at foretage et informeret k\u00f8b:<br \/><strong>Puffs<\/strong>: 6500 pust til langvarig brug<br \/><strong>Kerne<\/strong>: Mesh-spole, 1,2 ohm for ensartet damp<br \/><strong>E-v\u00e6ske<\/strong>: 13 ml forudfyldt volumen<br \/><strong>Nikotin<\/strong>: 0%\/2%\/5% muligheder for tilpasset kontrol<br \/><strong>Batteri<\/strong>: 13350-500mAh genopladeligt kraftv\u00e6rk<br \/><strong>Genopladelig<\/strong>: Type-C USB-gr\u00e6nseflade til hurtig opladning<br \/><strong>Filterspids<\/strong>: *3 stk. medf\u00f8lger for ekstra hygiejne<br \/><strong>Produktets v\u00e6gt<\/strong>: Letv\u00e6gt p\u00e5 60 g pr. stk.<br \/><strong>Produktets st\u00f8rrelse<\/strong>: Kompakte dimensioner p\u00e5 28,5 * 55 * 100 mm, let b\u00e6rbare<br \/><strong>Kartonst\u00f8rrelse<\/strong>: Forsendelsesvenlig ved 575*300*225mm<br \/><strong>QTY<\/strong>: Masseeffektivitet ved 200 stk. pr. karton, 10 stk. pr. kasse<br \/><strong>G.W.<\/strong>: Samlet kartonv\u00e6gt p\u00e5 13,4 kg, ideel til nem h\u00e5ndtering<\/p>\n<h3>Hvorfor v\u00e6lge Doloda Pebble 6500?<\/h3>\n<p>Doloda Pebble 6500 omdefinerer engangsdampere med sit fokus p\u00e5 bekvemmelighed, lang levetid og variation. Den er ideel til travle professionelle, rejsende eller dampere, der \u00f8nsker problemfri sessioner - intet rod fra opladning eller konstant vedligeholdelse betyder mere fokus p\u00e5 dit liv. Det milj\u00f8venlige og \u00f8konomiske design bruger genopladelig teknologi til at forl\u00e6nge levetiden, hvilket bidrager til et reduceret milj\u00f8m\u00e6ssigt fodaftryk. Sikkerheden er prioriteret med l\u00e6kagesikre funktioner og materialer af h\u00f8j kvalitet, der lever op til industristandarderne. I sidste ende betyder en investering i denne enhed ro i sindet: en overkommelig premium-mulighed, der konsekvent leverer j\u00e6vne tr\u00e6k og p\u00e5lidelig ydeevne til l\u00e6ngerevarende sessioner. Slut dig til tusindvis af tilfredse brugere, der oplever revolutionen inden for <strong>Vape til engangsbrug<\/strong> tilfredshed!<\/p>","protected":false},"excerpt":{"rendered":"<p>Oplev den revolutionerende <strong>Doloda Pebble 6500<\/strong>, a <strong>Vape til engangsbrug<\/strong> og leverer imponerende 6500 pust.<br \/>Med avanceret <strong>netspole<\/strong> teknologi og <strong>genopladelig Type-C<\/strong>og nyde uafbrudt, langvarig dampning.<br \/>F\u00e5s i flere forskellige <strong>muligheder for nikotin<\/strong> (0%, 2%, 5%) og en r\u00e6kke forfriskende <strong>Smagsstoffer<\/strong> for ultimativ bekvemmelighed.<\/p>","protected":false},"featured_media":1297,"comment_status":"open","ping_status":"closed","template":"","meta":[],"product_brand":[224],"product_cat":[225],"product_tag":[228,112,227,230,77,229],"class_list":{"0":"post-1303","1":"product","2":"type-product","3":"status-publish","4":"has-post-thumbnail","6":"product_brand-doloda","7":"product_cat-doloda-vape","8":"product_tag-6500-puffs","9":"product_tag-disposable-vape","10":"product_tag-doloda-pebble-6500","11":"product_tag-flavors-disposable-device","12":"product_tag-mesh-coil-vape","13":"product_tag-rechargeable-electronic-cigarette","15":"first","16":"instock","17":"sale","18":"shipping-taxable","19":"purchasable","20":"product-type-variable"},"jetpack_sharing_enabled":true,"tiered_pricing_type":"fixed","tiered_pricing_fixed_rules":[],"tiered_pricing_product_settings":{"layout":"default","base_unit_name":{"singular":null,"plural":null},"default_variation":null},"tiered_pricing_minimum_quantity":null,"tiered_pricing_roles_data":[],"tiered_pricing_percentage_rules":[],"tiered_pricing_maximum_quantity":null,"tiered_pricing_quantity_step":null,"_links":{"self":[{"href":"https:\/\/frvape.com\/da\/wp-json\/wp\/v2\/product\/1303","targetHints":{"allow":["GET"]}}],"collection":[{"href":"https:\/\/frvape.com\/da\/wp-json\/wp\/v2\/product"}],"about":[{"href":"https:\/\/frvape.com\/da\/wp-json\/wp\/v2\/types\/product"}],"replies":[{"embeddable":true,"href":"https:\/\/frvape.com\/da\/wp-json\/wp\/v2\/comments?post=1303"}],"wp:featuredmedia":[{"embeddable":true,"href":"https:\/\/frvape.com\/da\/wp-json\/wp\/v2\/media\/1297"}],"wp:attachment":[{"href":"https:\/\/frvape.com\/da\/wp-json\/wp\/v2\/media?parent=1303"}],"wp:term":[{"taxonomy":"product_brand","embeddable":true,"href":"https:\/\/frvape.com\/da\/wp-json\/wp\/v2\/product_brand?post=1303"},{"taxonomy":"product_cat","embeddable":true,"href":"https:\/\/frvape.com\/da\/wp-json\/wp\/v2\/product_cat?post=1303"},{"taxonomy":"product_tag","embeddable":true,"href":"https:\/\/frvape.com\/da\/wp-json\/wp\/v2\/product_tag?post=1303"}],"curies":[{"name":"wp","href":"https:\/\/api.w.org\/{rel}","templated":true}]}}