{"id":1641,"date":"2025-10-12T02:08:58","date_gmt":"2025-10-12T02:08:58","guid":{"rendered":"https:\/\/frvape.com\/product\/doloda-mini-bar-800-puffs-rechargeable-disposable-vape\/"},"modified":"2025-10-12T02:09:04","modified_gmt":"2025-10-12T02:09:04","slug":"doloda-mini-bar-800-puffs-genopladelig-engangs-vape","status":"publish","type":"product","link":"https:\/\/frvape.com\/da\/product\/doloda-mini-bar-800-puffs-genopladelig-engangs-vape\/","title":{"rendered":"Doloda Mini Bar 800 Puffs genopladelig engangs-vape"},"content":{"rendered":"<h3>Introduktion til Doloda Mini Bar 800<\/h3>\n<p>M\u00f8d DOLODA Mini Bar 800 Puffs Disposable Vape, en kompakt og effektiv dampl\u00f8sning, der er udviklet til personer, der \u00f8nsker bekvemmelighed og h\u00f8j ydeevne i deres daglige rutiner. Denne enhed har en imponerende kapacitet p\u00e5 800 pust, hvilket sikrer lange dampsessioner uden behov for konstant genopfyldning. Den er ideel til en travl livsstil og kombinerer <strong>overlegen dampproduktion<\/strong> med <strong>Robust batterilevetid<\/strong> for at levere en j\u00e6vn og smagfuld oplevelse. Enheden er fremstillet af f\u00f8rsteklasses materialer og er let, s\u00e5 den kan b\u00e6res, samtidig med at den er holdbar og p\u00e5lidelig i brug. Det slanke, moderne design passer godt i h\u00e5nden eller lommen, hvilket g\u00f8r den til en perfekt f\u00f8lgesvend p\u00e5 rejser, arbejde eller i fritiden. Den <strong>genopladelig funktion<\/strong> tilf\u00f8jer et milj\u00f8venligt touch og reducerer affald i forhold til ikke-genopladelige alternativer.<\/p>\n<h3>Produktspecifikationer<\/h3>\n<p>Udforsk den pr\u00e6cise teknik bag DOLODA Mini Bar 800 for at forst\u00e5, hvorfor den skiller sig ud p\u00e5 markedet for engangsvape.<br \/>Puffs: <strong>800 pust<\/strong><br \/>Kernemodstand: <strong>1,6 ohm<\/strong><br \/>E-v\u00e6ske kapacitet: <strong>2,5 ml<\/strong><br \/>Indstillinger for nikotinstyrke: <strong>2%<\/strong> og <strong>5%<\/strong> (f\u00e5s ogs\u00e5 i 0%)<br \/>Batteri: <strong>801640-480mah<\/strong> genopladelig<br \/>Produktets v\u00e6gt: <strong>35,5 g pr. stk.<\/strong><br \/>Produktst\u00f8rrelse: <strong>121,5*24,5*24,5 mm<\/strong><br \/>M\u00e5l p\u00e5 karton: <strong>546*265*270 mm<\/strong><br \/>Antal pr. \u00e6ske: <strong>10 stk\/\u00e6ske<\/strong><br \/>Antal pr. karton: <strong>400stk\/ctn<\/strong><br \/>Bruttov\u00e6gt: <strong>15.5KG<\/strong><br \/>Disse specifikationer fremh\u00e6ver enhedens <strong>effektiv spoleteknologi<\/strong> og <strong>optimeret udnyttelse af e-juice<\/strong>Det sikrer, at hvert pust er ensartet og fyldigt.<\/p>\n<h3>Smagsvariation<\/h3>\n<p>V\u00e6lg mellem et bredt udvalg af <strong>10 uds\u00f8gte smagsvarianter<\/strong> for at matche dine personlige smagspr\u00e6ferencer.<br \/>Smagsstoffer: <strong>Blue Razz Ice<\/strong>, <strong>Jordb\u00e6r-yoghurt<\/strong>, <strong>Pina Colada<\/strong>, <strong>Aloe drue<\/strong>, <strong>Frodig is<\/strong>, <strong>Mynte-is<\/strong>, <strong>Fersken-is<\/strong>, <strong>Surt \u00e6ble<\/strong>, <strong>Banan-is<\/strong>, <strong>Mango-melon-is<\/strong><br \/>Hver smag er lavet med <strong>F\u00f8rsteklasses ingredienser<\/strong> for at fremkalde forfriskende fornemmelser - for eksempel, <strong>Mynte-is<\/strong> kombinerer k\u00f8lighed med beroligende noter, mens <strong>Aloe drue<\/strong> leverer en saftig, tropisk flugt. Denne omfattende portef\u00f8lje sikrer, at alle brugere finder deres ideelle match til en <strong>forn\u00f8jelig vaping-rejse<\/strong>.<\/p>\n<h3>Ydeevne og funktioner<\/h3>\n<p>Drevet af en <strong>p\u00e5lideligt 500mAh batteri<\/strong> og en pr\u00e6cis <strong>1,6 ohm spolemodstand<\/strong>garanterer DOLODA Mini Bar <strong>ensartet dampproduktion<\/strong> og <strong>Intens levering af smag<\/strong>. I mods\u00e6tning til konkurrenterne optimerer dens mesh coil-teknologi fordampningen af e-v\u00e6ske, s\u00e5 du f\u00e5r en j\u00e6vnere ind\u00e5nding og fyldigere skyer. Den <strong>Gener\u00f8s kapacitet p\u00e5 2,5 ml<\/strong> minimerer genopfyldningsfrekvensen, mens nikotinniveauer fra 0% til 5% im\u00f8dekommer b\u00e5de afslappede og <strong>dedikerede dampere<\/strong>. Et innovativt luftstr\u00f8msdesign \u00f8ger tr\u00e6kketilfredsheden og g\u00f8r hvert pust ubesv\u00e6ret og behageligt. Enheden kan genoplades via standard USB-C, hvilket tilf\u00f8jer <strong>omkostningseffektivitet<\/strong> da det forl\u00e6nger anvendeligheden uden at udskifte batterier i utide.<\/p>\n<h3>Tilpasning og tilg\u00e6ngelighed<\/h3>\n<p>DOLODA Mini Bar 800 udm\u00e6rker sig ved tilpasning gennem sin <strong>Kompatibilitet med OEM-projekter<\/strong>Det giver virksomheder mulighed for at personligg\u00f8re enheder med brugerdefinerede logoer eller branding for en <strong>unik vaping-identitet<\/strong>. Storindk\u00f8bere nyder godt af den str\u00f8mlinede emballage: Enhederne kommer i kasser med 10, hvor hver karton indeholder 400 enheder, hvilket forenkler... <strong>detaildistribution<\/strong>. Det g\u00f8r den til en fremragende mulighed for butikker, grossister eller events, der s\u00f8ger brandede l\u00f8sninger. Samlet set smelter enheden sammen <strong>pr\u00e6station<\/strong> og <strong>bekvemmelighed<\/strong>og tilbyder en problemfri oplevelse.<\/p>\n<h3>Hvorfor v\u00e6lge Doloda Mini Bar 800?<\/h3>\n<p>Som f\u00f8rende inden for engangsdampning kombinerer DOLODA Mini Bar <strong>langvarigt antal pust<\/strong> og <strong>alsidighed i smagen<\/strong> i \u00e9n slank enhed. Den underst\u00f8tter en <strong>Genopladelig mekanisme<\/strong> for at fremme b\u00e6redygtighed, mens <strong>Bredt nikotinsortiment<\/strong> sikrer fleksibilitet til alle brugerpr\u00e6ferencer. Med sit robuste batteri- og coilsystem lover den uovertruffen p\u00e5lidelighed og gl\u00e6de ved hver eneste brug. Uanset om du er nybegynder eller vaping-entusiast, er dette produkt en <strong>Den ultimative l\u00f8sning<\/strong> til hverdagens behov, underst\u00f8ttet af global tilg\u00e6ngelighed og OEM-muligheder. Omfavn denne innovative enhed for at omdefinere din dampoplevelse i dag!<\/p>","protected":false},"excerpt":{"rendered":"<p>G\u00e5 p\u00e5 opdagelse i <strong>DOLODA Mini Bar 800 Puffs<\/strong> engangs vape med en <strong>langvarige 800 pust<\/strong> t\u00e6lle og <strong>genopladeligt design<\/strong>.<br \/>Har en imponerende <strong>2,5 ml e-v\u00e6ske-kapacitet<\/strong> og nikotinmuligheder fra <strong>0% til 5%<\/strong> for en tilfredsstillende oplevelse.<br \/>Nyd et mangfoldigt udvalg af <strong>10 l\u00e6kre smagsvarianter<\/strong> som Mint Ice og Banana Ice.<\/p>","protected":false},"featured_media":1635,"comment_status":"open","ping_status":"closed","template":"","meta":[],"product_brand":[224],"product_cat":[225],"product_tag":[274,184,273,272,75,275],"class_list":{"0":"post-1641","1":"product","2":"type-product","3":"status-publish","4":"has-post-thumbnail","6":"product_brand-doloda","7":"product_cat-doloda-vape","8":"product_tag-2-nicotine-e-cig","9":"product_tag-5-nicotine-vape","10":"product_tag-800-puffs-vape","11":"product_tag-doloda-mini-bar-800","12":"product_tag-rechargeable-disposable-vape","13":"product_tag-vape-flavor-variety","15":"first","16":"instock","17":"sale","18":"shipping-taxable","19":"purchasable","20":"product-type-variable"},"jetpack_sharing_enabled":true,"tiered_pricing_type":"fixed","tiered_pricing_fixed_rules":[],"tiered_pricing_product_settings":{"layout":"default","base_unit_name":{"singular":null,"plural":null},"default_variation":null},"tiered_pricing_minimum_quantity":null,"tiered_pricing_roles_data":[],"tiered_pricing_percentage_rules":[],"tiered_pricing_maximum_quantity":null,"tiered_pricing_quantity_step":null,"_links":{"self":[{"href":"https:\/\/frvape.com\/da\/wp-json\/wp\/v2\/product\/1641","targetHints":{"allow":["GET"]}}],"collection":[{"href":"https:\/\/frvape.com\/da\/wp-json\/wp\/v2\/product"}],"about":[{"href":"https:\/\/frvape.com\/da\/wp-json\/wp\/v2\/types\/product"}],"replies":[{"embeddable":true,"href":"https:\/\/frvape.com\/da\/wp-json\/wp\/v2\/comments?post=1641"}],"wp:featuredmedia":[{"embeddable":true,"href":"https:\/\/frvape.com\/da\/wp-json\/wp\/v2\/media\/1635"}],"wp:attachment":[{"href":"https:\/\/frvape.com\/da\/wp-json\/wp\/v2\/media?parent=1641"}],"wp:term":[{"taxonomy":"product_brand","embeddable":true,"href":"https:\/\/frvape.com\/da\/wp-json\/wp\/v2\/product_brand?post=1641"},{"taxonomy":"product_cat","embeddable":true,"href":"https:\/\/frvape.com\/da\/wp-json\/wp\/v2\/product_cat?post=1641"},{"taxonomy":"product_tag","embeddable":true,"href":"https:\/\/frvape.com\/da\/wp-json\/wp\/v2\/product_tag?post=1641"}],"curies":[{"name":"wp","href":"https:\/\/api.w.org\/{rel}","templated":true}]}}