{"id":1782,"date":"2025-10-12T02:22:24","date_gmt":"2025-10-12T02:22:24","guid":{"rendered":"https:\/\/frvape.com\/product\/elfbox-digital-12000-puffs-disposable-vape-with-customizable-nicotine-digital-display\/"},"modified":"2025-11-02T03:50:44","modified_gmt":"2025-11-02T03:50:44","slug":"elfbox-digital-12000-puffs-engangs-vape-med-brugerdefinerbar-nikotin-digital-display","status":"publish","type":"product","link":"https:\/\/frvape.com\/da\/product\/elfbox-digital-12000-puffs-engangs-vape-med-brugerdefinerbar-nikotin-digital-display\/","title":{"rendered":"ElfBox Digital 12000 Puffs Engangs-vape med brugerdefineret nikotin og digitalt display"},"content":{"rendered":"<h3>F\u00f8rsteklasses dampoplevelse<\/h3>\n<p>Den <strong>ELF Box Digital 12000 Puffs<\/strong> omdefinerer dampning med sit slanke metaldesign og integrerede <strong>Apple-teknologi<\/strong>og leverer uovertruffen holdbarhed og elegance til kr\u00e6sne dampere. Den kombinerer luksus med effektivitet og giver en skr\u00e6ddersyet oplevelse, der henvender sig til b\u00e5de afslappede brugere og entusiaster med sine avancerede funktioner.<\/p>\n<h3>Tilpassede dampmuligheder<\/h3>\n<p>G\u00f8r din damprejse personlig med <strong>Nikotinniveauer, der kan tilpasses<\/strong> ved 0%, 2%, 3% eller 5%, hvilket sikrer, at du opn\u00e5r den perfekte intensitet til dine pr\u00e6ferencer. Sammen med en raffineret <strong>e-v\u00e6ske-system<\/strong>garanterer denne enhed ensartet smag og <strong>j\u00e6vn dampproduktion<\/strong>Det g\u00f8r hvert eneste pust ubesv\u00e6ret og tilfredsstillende.<\/p>\n<h3>Avancerede tekniske funktioner<\/h3>\n<p>Oplev langvarig brug med <strong>0,8 ohm netspole<\/strong> der optimerer dampgennemstr\u00f8mningen og smagsafgivelsen, mens <strong>25 ml e-v\u00e6ske-kapacitet<\/strong> underst\u00f8tter tusindvis af pust uden at g\u00e5 p\u00e5 kompromis. Den <strong>genopladeligt batteri<\/strong> (13350-500mAh) med Type-C-opladning muligg\u00f8r hurtige opladninger og langvarig ydeevne, kombineret med en <strong>digitalt display<\/strong> der viser vigtige statistikker som batterilevetid og antal pust til problemfri overv\u00e5gning.<\/p>\n<h3>Mangfoldigt udvalg af smage<\/h3>\n<p>Fork\u00e6l dig selv med et sp\u00e6ndende udvalg af <strong>E-v\u00e6ske smagsvarianter<\/strong> designet til at passe til enhver smag, fra forfriskende frugtagtige blandinger til iskolde fornemmelser. De tilg\u00e6ngelige smagsmuligheder omfatter:<br \/>Strawberry Blast<br \/>Bromb\u00e6r-is<br \/>Fersken og b\u00e6r<br \/>Blandet frugt<br \/>Fersken-is<br \/>Jordb\u00e6r-is<br \/>Jordb\u00e6r og banan<br \/>Hr. Bl\u00e5<br \/>Jordb\u00e6r og vandmelon<br \/>Bl\u00e5b\u00e6r sur hindb\u00e6r<br \/>Mango-is<br \/>Blue Razz Ice<br \/>Kirseb\u00e6r Cola<br \/>Kokosn\u00f8ddemelon<br \/>Vandmelon-is<br \/>Vandmelon Bubblegum<br \/>Drue-is<br \/>Kiwi og passionsfrugt<br \/>Dobbelt \u00e6ble<br \/>Jordb\u00e6r Kiwi Frugt<\/p>\n<h3>Omfattende produktspecifikationer<\/h3>\n<p>1. Puffer: 12.000 puffer<br \/>2. Kerne: <strong>Mesh-spole 0,8 ohm<\/strong><br \/>3. E-v\u00e6ske: 25 ml<br \/>4. Nikotin: <strong>Tilpassede nikotinniveauer<\/strong> af 0%\/2%\/3%\/5%<br \/>5. Batteri: 13350-500mAh<br \/>6. Genopladelig: Type-C<br \/>7. Digitalt display<br \/>8. Produktets v\u00e6gt: 82 g<br \/>9. Produktst\u00f8rrelse: 30*57*101mm<br \/>10. Kartonst\u00f8rrelse: 615*223*330mm<br \/>11. M\u00e6ngde: 200stk\/ctn, 10stk\/\u00e6ske<br \/>12. V\u00e6gt: 17,7 kg<\/p>\n<h3>Ideel til alle brugere<\/h3>\n<p>Med sin <strong>genopladeligt design<\/strong> og holdbar konstruktion er denne vape perfekt til daglig brug, mens forhandlere kan udnytte <strong>bulk engros<\/strong> muligheder for at im\u00f8dekomme den store eftersp\u00f8rgsel. Investering i ELF Box Digital sikrer kundetilfredshed med fokus p\u00e5 <strong>digitalt display<\/strong> forbedring og <strong>Forskellige typer e-v\u00e6ske<\/strong>og etablerer den som et f\u00f8rsteklasses valg p\u00e5 markedet for engangsvape.<\/p>\n<h3>Forbedret v\u00e6rdi og p\u00e5lidelighed<\/h3>\n<p>ELF Box Digital er bygget til at holde og kombinerer innovation med praktisk anvendelighed og tilbyder en <strong>F\u00f8rsteklasses produkt<\/strong> der reducerer behovet for hyppige udskiftninger. Dens kompakte st\u00f8rrelse og lette design g\u00f8r den b\u00e6rbar, mens det robuste patron-system underst\u00f8tter uafbrudt nydelse. L\u00f8ft din vaping-vane i dag med denne enhed for enest\u00e5ende smagskonsistens og brugercentreret teknologi.<\/p>","protected":false},"excerpt":{"rendered":"<p><strong>ELF Box Digital 12000 Puffs Engangs-damp<\/strong> tilbyder en f\u00f8rsteklasses dampoplevelse med avanceret <strong>Apple-teknologi<\/strong>, kan tilpasses <strong>Nikotinniveauer<\/strong> fra 0% til 5%, og et elegant digitalt display. Nyd op til 12.000 pust, drevet af en <strong>genopladeligt batteri<\/strong> og en 0,8 ohm mesh coil for j\u00e6vn damp.<\/p>","protected":false},"featured_media":1776,"comment_status":"open","ping_status":"closed","template":"","meta":[],"product_brand":[206],"product_cat":[207],"product_tag":[287,288,112,222,286,103],"class_list":{"0":"post-1782","1":"product","2":"type-product","3":"status-publish","4":"has-post-thumbnail","6":"product_brand-elfbox","7":"product_cat-elfbox-vape","8":"product_tag-customizable-nicotine-vape","9":"product_tag-digital-display-vape","10":"product_tag-disposable-vape","11":"product_tag-e-liquid-flavors","12":"product_tag-elfbox-digital-12000","13":"product_tag-rechargeable-e-cigarette","15":"first","16":"instock","17":"sale","18":"shipping-taxable","19":"purchasable","20":"product-type-variable"},"jetpack_sharing_enabled":true,"tiered_pricing_type":"fixed","tiered_pricing_fixed_rules":[],"tiered_pricing_product_settings":{"layout":"default","base_unit_name":{"singular":null,"plural":null},"default_variation":null},"tiered_pricing_minimum_quantity":null,"tiered_pricing_roles_data":[],"tiered_pricing_percentage_rules":[],"tiered_pricing_maximum_quantity":null,"tiered_pricing_quantity_step":null,"_links":{"self":[{"href":"https:\/\/frvape.com\/da\/wp-json\/wp\/v2\/product\/1782","targetHints":{"allow":["GET"]}}],"collection":[{"href":"https:\/\/frvape.com\/da\/wp-json\/wp\/v2\/product"}],"about":[{"href":"https:\/\/frvape.com\/da\/wp-json\/wp\/v2\/types\/product"}],"replies":[{"embeddable":true,"href":"https:\/\/frvape.com\/da\/wp-json\/wp\/v2\/comments?post=1782"}],"wp:featuredmedia":[{"embeddable":true,"href":"https:\/\/frvape.com\/da\/wp-json\/wp\/v2\/media\/1776"}],"wp:attachment":[{"href":"https:\/\/frvape.com\/da\/wp-json\/wp\/v2\/media?parent=1782"}],"wp:term":[{"taxonomy":"product_brand","embeddable":true,"href":"https:\/\/frvape.com\/da\/wp-json\/wp\/v2\/product_brand?post=1782"},{"taxonomy":"product_cat","embeddable":true,"href":"https:\/\/frvape.com\/da\/wp-json\/wp\/v2\/product_cat?post=1782"},{"taxonomy":"product_tag","embeddable":true,"href":"https:\/\/frvape.com\/da\/wp-json\/wp\/v2\/product_tag?post=1782"}],"curies":[{"name":"wp","href":"https:\/\/api.w.org\/{rel}","templated":true}]}}