{"id":2199,"date":"2025-10-12T03:04:37","date_gmt":"2025-10-12T03:04:37","guid":{"rendered":"https:\/\/frvape.com\/product\/aivono-aim-fatpro-22000-disposable-vape-up-to-22000-puffs-with-direct-lung-design\/"},"modified":"2025-12-16T09:37:01","modified_gmt":"2025-12-16T09:37:01","slug":"aivono-aim-fatpro-22000-engangs-vape-op-til-22000-puffs-med-direkte-lungedesign","status":"publish","type":"product","link":"https:\/\/frvape.com\/da\/product\/aivono-aim-fatpro-22000-engangs-vape-op-til-22000-puffs-med-direkte-lungedesign\/","title":{"rendered":"Aivono Aim Fatpro 22000 Engangs-vape - op til 22.000 pust med direkte lungedesign"},"content":{"rendered":"<h3>Produktoversigt<\/h3>\n<p>Oplev den ultimative bekvemmelighed og gl\u00e6de med <strong>Aivono Aim Fatpro 22000 engangs vape<\/strong>. Denne enhed er udviklet til kraft og udholdenhed og leverer op til <strong>22.000 pust<\/strong> for uafbrudte dampsessioner, hvilket g\u00f8r den til et f\u00f8rstevalg for cloud-entusiaster og vandpibeaficionados.<br \/>Med en <strong>Robust 600 mAh rent koboltbatteri<\/strong> og <strong>hurtig Type-C-opladning<\/strong>sikrer den p\u00e5lidelig genanvendelighed, mens <strong>DTL (direkte lunge)<\/strong> design producerer volumin\u00f8se dampskyer for en vandpibe-lignende indlevelse.<\/p>\n<h3>Vigtige funktioner<\/h3>\n<p><strong>H\u00f8jt antal pust:<\/strong> Denne vape giver en uovertruffen <strong>22.000 pust pr. enhed<\/strong>og overg\u00e5r de almindelige engangsmuligheder.<br \/>Dens <strong>exceptionel udholdenhed<\/strong> henvender sig til storforbrugere ved at eliminere hyppige genopfyldninger eller opladninger.<br \/><strong>Direkte lungedesign (DTL):<\/strong> Optimeret til <strong>ind\u00e5nding af lunger<\/strong> for at skabe massive dampskyer, er denne funktion ideel til brugere, der \u00f8nsker en dyb, vandpibeagtig tilfredsstillelse.<br \/><strong>Vandpibe-inspirerede smagsoplevelser:<\/strong> Oplev rige, aromatiske smage, der gengiver traditionelle vandpibefornemmelser.<br \/>Den avancerede smagsteknologi sikrer, at hvert pust leverer ensartet, glat damp, der er skr\u00e6ddersyet til <strong>Vandpibe-entusiaster<\/strong>.<br \/><strong>Drift uden olie:<\/strong> Selv med udmattede <strong>Niveauer af e-v\u00e6ske<\/strong>forts\u00e6tter enheden med at fungere problemfrit.<br \/>Denne innovation forhindrer uventede afbrydelser, selv om rettidig genopfyldning anbefales for at beskytte <strong>Forst\u00f8verkerne<\/strong> og forl\u00e6nger enhedens levetid.<br \/><strong>Betydelig e-v\u00e6ske-kapacitet:<\/strong> Med en gener\u00f8s <strong>28 ml e-v\u00e6ske-kapacitet<\/strong>Det minimerer genopfyldningsfrekvensen.<br \/>Denne store volumen underst\u00f8tter tusindvis af pust uden at g\u00e5 p\u00e5 kompromis med <strong>Dampkvalitet<\/strong>.<br \/><strong>Robust batteriydelse:<\/strong> Nyd ensartet kraft fra den integrerede <strong>Rent kobolt-kernebatteri<\/strong>.<br \/>Den <strong>600 mAh kapacitet<\/strong> giver mulighed for effektiv opladning gennem den moderne <strong>Type-C-port<\/strong> til hurtig genopfyldning i alle omgivelser.<br \/><strong>Mesh Coil-teknologi:<\/strong> Den <strong>0,6\u03a9 modstandsnetspole<\/strong> garanterer overlegen dampproduktion med forbedret smagsklarhed.<br \/>Den fungerer effektivt for at opretholde <strong>fyldig smagskonsistens<\/strong> selv ved et h\u00f8jt antal pust.<\/p>\n<h3>Avanceret funktionalitet<\/h3>\n<p>Oplev brugervenlige innovationer med en integreret <strong>digitalt display<\/strong> der tydeligt viser <strong>resterende batteristr\u00f8m<\/strong> og <strong>Niveauer af e-v\u00e6ske<\/strong>.<br \/><strong>Letv\u00e6gts b\u00e6rbarhed<\/strong> er en kernefordel ved bare <strong>96 g nettov\u00e6gt<\/strong>hvilket g\u00f8r det nemt at dampe p\u00e5 farten.<br \/>Derudover kan nikotiner tilpasses til personlige pr\u00e6ferencer med muligheder for <strong>0%, 2%, 3% eller 5% indhold af nikotinsalt<\/strong> s\u00e5 det passer til din tolerance.<\/p>\n<h3>Tilg\u00e6ngelige smagsvarianter<\/h3>\n<p><strong>Smagsliste:<\/strong> G\u00e5 p\u00e5 opdagelse <strong>Vandpibe-lignende smag<\/strong> med et rigt udvalg, der passer til enhver smag:<br \/><strong>Frodig is<\/strong><br \/><strong>Lucid dr\u00f8m<\/strong><br \/><strong>To \u00e6bler<\/strong><br \/><strong>Drue Min<\/strong><br \/><strong>Kirseb\u00e6r Hindb\u00e6r<\/strong><br \/><strong>B\u00e6r-is<\/strong><br \/><strong>Fersken-is<\/strong><br \/><strong>K\u00e6rlighed 66<\/strong><br \/><strong>Jordb\u00e6r-punch<\/strong><br \/><strong>Bl\u00e5b\u00e6r-tyggegummi<\/strong><br \/>Hver eneste <strong>Mulighed for smag<\/strong> efterligner den traditionelle vandpibedybde og leverer samtidig en j\u00e6vn, intens damp.<\/p>\n<h3>Produktspecifikationer<\/h3>\n<p><strong>Vigtige specifikationer:<\/strong> Antal pust: <strong>22.000 pust DTL<\/strong><br \/>E-v\u00e6ske kapacitet: <strong>28 ml<\/strong><br \/>Batteriteknologi: <strong>18250 rent koboltbatteri<\/strong> med <strong>600 mAh kapacitet<\/strong> (genopladelig)<br \/>Opladning: <strong>Type-C-port<\/strong> st\u00f8ttet<br \/>Varmetr\u00e5d: <strong>0,6\u03a9 mesh spole<\/strong> for optimal damp<br \/>Enhedens dimensioner: <strong>32\u00d7126 mm<\/strong><br \/>Enkeltv\u00e6gt: <strong>96g<\/strong><br \/>Muligheder for nikotinsalt: <strong>0%, 2%, 3%, 5%<\/strong><br \/>Kernefunktioner: <strong>Ind\u00e5nding i lungerne<\/strong>digital batteri- og olievisning, <strong>Simulation af vandpibe-smag<\/strong><br \/>Detaljer om emballage: Lille kassest\u00f8rrelse (<strong>40\u00d740\u00d7140mm<\/strong>), stor kassest\u00f8rrelse (<strong>83 \u00d7 140 \u00d7 120 mm<\/strong>), standardkassen indeholder <strong>200 stykker pr. \u00e6ske<\/strong>, med overordnede kassedimensioner (<strong>68,5\u00d738\u00d724 cm<\/strong>) og v\u00e6gt (<strong>20 kg<\/strong>) til masseh\u00e5ndtering.<br \/>OEM\/ODM-support: Fuldst\u00e6ndige tilpasningsmuligheder for engroskunder.<\/p>\n<h3>V\u00e6rdi og kvalitet<\/h3>\n<p>Den <strong>Aivono Aim Fatpro 22000<\/strong> leverer <strong>exceptionel v\u00e6rdi<\/strong> ved at afbalancere f\u00f8rsteklasses funktioner med overkommelige priser.<br \/>Dens konkurrencedygtige priser passer til budgetbevidste dampere, der \u00f8nsker langsigtede besparelser.<br \/>St\u00f8ttet af <strong>Sikring af h\u00f8j kvalitet<\/strong>Hver enhed overholder strenge produktionsstandarder for p\u00e5lidelighed.<br \/>Vores <strong>dedikeret kundesupport<\/strong> sikrer en problemfri k\u00f8bsoplevelse, og <strong>Hurtig levering<\/strong> muligheder garanterer rettidige genopfyldninger for virksomheder.<br \/>Den er perfekt til engrospartnerskaber og underst\u00f8tter skalerbar <strong>OEM\/ODM-tilpasning<\/strong>.<\/p>","protected":false},"excerpt":{"rendered":"<p>Den <strong>Aivono Aim Fatpro 22000<\/strong> tilbyder en imponerende <strong>22.000 pust<\/strong> i en praktisk <strong>Vape til engangsbrug<\/strong>med <strong>DTL-design<\/strong> og autentisk <strong>Vandpibe-smagsvarianter<\/strong> for en forbedret vaping-rejse.<br \/>Nyd langvarig ydeevne med en <strong>28 ml e-v\u00e6ske-kapacitet<\/strong> og genanvendelig <strong>Type-C-opladning<\/strong> i flere nikotinstyrker.<\/p>","protected":false},"featured_media":2193,"comment_status":"open","ping_status":"closed","template":"","meta":[],"product_brand":[165],"product_cat":[951],"product_tag":[1022,1121,321,112,319,320,84],"class_list":{"0":"post-2199","1":"product","2":"type-product","3":"status-publish","4":"has-post-thumbnail","6":"product_brand-aivono","7":"product_cat-aivono","8":"product_tag-000-puffs-vape","9":"product_tag-1121","10":"product_tag-aivono-fatpro-22000","11":"product_tag-disposable-vape","12":"product_tag-dtl-electronic-cigarette","13":"product_tag-hookah-flavor-vape","14":"product_tag-rechargeable-vape-pen","16":"first","17":"instock","18":"sale","19":"shipping-taxable","20":"purchasable","21":"product-type-variable"},"jetpack_sharing_enabled":true,"tiered_pricing_type":"fixed","tiered_pricing_fixed_rules":[],"tiered_pricing_product_settings":{"layout":"default","base_unit_name":{"singular":null,"plural":null},"default_variation":null},"tiered_pricing_minimum_quantity":null,"tiered_pricing_roles_data":[],"tiered_pricing_percentage_rules":[],"tiered_pricing_maximum_quantity":null,"tiered_pricing_quantity_step":null,"_links":{"self":[{"href":"https:\/\/frvape.com\/da\/wp-json\/wp\/v2\/product\/2199","targetHints":{"allow":["GET"]}}],"collection":[{"href":"https:\/\/frvape.com\/da\/wp-json\/wp\/v2\/product"}],"about":[{"href":"https:\/\/frvape.com\/da\/wp-json\/wp\/v2\/types\/product"}],"replies":[{"embeddable":true,"href":"https:\/\/frvape.com\/da\/wp-json\/wp\/v2\/comments?post=2199"}],"wp:featuredmedia":[{"embeddable":true,"href":"https:\/\/frvape.com\/da\/wp-json\/wp\/v2\/media\/2193"}],"wp:attachment":[{"href":"https:\/\/frvape.com\/da\/wp-json\/wp\/v2\/media?parent=2199"}],"wp:term":[{"taxonomy":"product_brand","embeddable":true,"href":"https:\/\/frvape.com\/da\/wp-json\/wp\/v2\/product_brand?post=2199"},{"taxonomy":"product_cat","embeddable":true,"href":"https:\/\/frvape.com\/da\/wp-json\/wp\/v2\/product_cat?post=2199"},{"taxonomy":"product_tag","embeddable":true,"href":"https:\/\/frvape.com\/da\/wp-json\/wp\/v2\/product_tag?post=2199"}],"curies":[{"name":"wp","href":"https:\/\/api.w.org\/{rel}","templated":true}]}}