{"id":2697,"date":"2025-10-12T03:54:42","date_gmt":"2025-10-12T03:54:42","guid":{"rendered":"https:\/\/frvape.com\/product\/razz-bar-40000-puff-disposable-vape-rechargeable-dual-flavor-device\/"},"modified":"2025-12-16T08:45:39","modified_gmt":"2025-12-16T08:45:39","slug":"razz-bar-40000-puff-engangs-vape-genopladelig-enhed-med-dobbelt-smag","status":"publish","type":"product","link":"https:\/\/frvape.com\/da\/product\/razz-bar-40000-puff-engangs-vape-genopladelig-enhed-med-dobbelt-smag\/","title":{"rendered":"Razz Bar 40000 Puff Engangs-damp - genopladelig enhed med dobbelt smag"},"content":{"rendered":"<h3>Uovertruffen vaping-udholdenhed<\/h3>\n<p>Den banebrydende <strong>Razz Bar 40000 puff<\/strong> Disposable Vape omdefinerer levetiden for engangsapparater. Dette revolutionerende produkt er konstrueret med en massiv e-juicekapacitet, men er stadig lommevenligt og leverer 40.000 tilfredsstillende pust pr. enhed - hvilket overg\u00e5r standard engangsbrugere med op til 400%. P\u00e5 trods af den ekstraordin\u00e6re kapacitet sikrer vores ergonomiske design, at den er behagelig at have med sig hver dag uden at fylde for meget.<\/p>\n<h3>Avanceret innovation med dobbelt smag<\/h3>\n<p>Oplev smagsperfektion med vores banebrydende <strong>mesh coil dobbelt tank<\/strong> system. Denne banebrydende teknologi adskiller to forskellige <strong>e-v\u00e6ske<\/strong> Profiler i isolerede kamre, der aktiveres skiftevis ved hvert pust for at skabe levende smagskombinationer. De h\u00f8jtydende mesh-spoler forst\u00f8ver e-juice ved optimale temperaturer og frigiver en hidtil uset smagsklarhed og dampfylde, samtidig med at t\u00f8rre hits elimineres.<\/p>\n<h3>Kraft, der bliver ved med at g\u00e5<\/h3>\n<p>Aldrig mere frustration over et d\u00f8dt batteri! Vores integrerede <strong>650 mAh genopladelig<\/strong> Litiumbatteriet holder str\u00f8mforsyningen konstant gennem hele rejsen p\u00e5 40.000 pust. Den praktiske <strong>Type-C<\/strong> USB-hurtigopladningsport giver en fuld opladning p\u00e5 under 60 minutter, hvilket giver \u00e6gte bekvemmelighed for mobile livsstile.<\/p>\n<h3>Uds\u00f8gte smagskollektioner<\/h3>\n<p>Fork\u00e6l dig selv med vores f\u00f8rsteklasses udvalg af 10 kombinationer med to smage, der er sammensat til sofistikerede ganer:<\/p>\n<p>Blandede b\u00e6r \/ vandmelon-is<br \/>Bl\u00e5b\u00e6r-is \/ Love 66<br \/>Blue Razz Ice \/ Jordb\u00e6r vandmelon Bubble Gum<br \/>Citron Lime \/ Lush Ice<br \/>Jordb\u00e6ris \/ blandede b\u00e6r<br \/>Jordb\u00e6r vandmelon \/ drue is<br \/>Fersken-is \/ Bl\u00e5b\u00e6r-is<br \/>Vandmelon-is \/ Cola-is<br \/>Jordb\u00e6r og banan \/ Red Bull Ice<br \/>Jordb\u00e6r Kiwi \/ Bl\u00e5b\u00e6r Sure Hindb\u00e6r<\/p>\n<h3>F\u00f8rsteklasses specifikationer<\/h3>\n<p>Hver enkelt <strong>Razz Bar 40000<\/strong> leveres pr\u00e6cisionsudviklet med: 40.000 konsistente pust; 650 mAh med h\u00f8j ydelse <strong>genopladeligt batteri<\/strong>Ejendomsret <strong>netspole<\/strong> dobbelt reservoirsystem; Universal Type-C-opladning; kompakt chassis med h\u00f8j kapacitet; flere nikotinstyrker (2% &amp; 5%) for personlig tilfredshed; stor kartonemballage (200 enheder\/karton) til kommercielle kunder.<\/p>\n<h3>Forpligtelse til excellence<\/h3>\n<p>Som innovat\u00f8rer siden 2017, <strong>Razz bar vape<\/strong> dedikerer sin ekspertise til at skabe overlegne <strong>elektronisk cigaret<\/strong> oplevelser for raffinerede voksne dampere. Vi blander f\u00f8rsteklasses smagsvarianter med uovertruffen bekvemmelighed gennem vores <strong>Vape til engangsbrug<\/strong> teknologi, der leverer lommevenlige l\u00f8sninger uden at g\u00e5 p\u00e5 kompromis med skyt\u00e6thed eller smagsautenticitet. Vores omhyggelige fremstillingsproces garanterer, at hver enhed opfylder strenge kvalitetsstandarder.<\/p>\n<h3>Brugercentreret designfilosofi<\/h3>\n<p>Den <strong>Razz Bar 40K<\/strong> eksemplificerer problemfri dampning med sin intuitive tr\u00e6kaktiverede mekanisme - du skal blot inhalere for at nyde rig damp med det samme. L\u00e6kagesikker konstruktion og optimeret luftstr\u00f8m sikrer j\u00e6vn ydelse under alle forhold. Dette mesterv\u00e6rk er perfekt til b\u00e5de nybegyndere og erfarne entusiaster og eliminerer spoleskift, genopfyldninger og tekniske komplikationer, samtidig med at det giver f\u00f8rsteklasses tilfredshed.<\/p>\n<p>L\u00f8ft hvert damp\u00f8jeblik med vores gennemt\u00e6nkte produkt. Ved at integrere <strong>genopladelig<\/strong> funktionalitet i et engangsformat, har vi skabt den mest \u00f8konomisk og \u00f8kologisk afbalancerede l\u00f8sning p\u00e5 markedet. Den <strong>40000 pust<\/strong> kapacitet reducerer udskiftningen af enheder dramatisk, mens den tilg\u00e6ngelige pris g\u00f8r luksusdampning virkelig demokratisk.<\/p>","protected":false},"excerpt":{"rendered":"<p>Oplev langvarig dampning med <strong>Razz Bar 40000 Puff<\/strong> engangs-damp. Med en <strong>genopladelig<\/strong> 650 mAh batteri, innovativt <strong>mesh coil dobbelt tank<\/strong>og 10 fristende muligheder med dobbelt smag.<br \/>Nyd branchens bedste pust i et b\u00e6rbart design med <strong>Type-C<\/strong> opladning.<\/p>","protected":false},"featured_media":2692,"comment_status":"open","ping_status":"closed","template":"","meta":[],"product_brand":[70],"product_cat":[893],"product_tag":[363,365,364,77,362,75],"class_list":{"0":"post-2697","1":"product","2":"type-product","3":"status-publish","4":"has-post-thumbnail","6":"product_brand-razzbar","7":"product_cat-razzbar","8":"product_tag-40000-puff-vape","9":"product_tag-650mah-vape","10":"product_tag-dual-flavor-vape-kit","11":"product_tag-mesh-coil-vape","12":"product_tag-razz-bar-40000-puff","13":"product_tag-rechargeable-disposable-vape","15":"first","16":"instock","17":"sale","18":"shipping-taxable","19":"purchasable","20":"product-type-variable"},"jetpack_sharing_enabled":true,"tiered_pricing_type":"fixed","tiered_pricing_fixed_rules":[],"tiered_pricing_product_settings":{"layout":"default","base_unit_name":{"singular":null,"plural":null},"default_variation":null},"tiered_pricing_minimum_quantity":null,"tiered_pricing_roles_data":[],"tiered_pricing_percentage_rules":[],"tiered_pricing_maximum_quantity":null,"tiered_pricing_quantity_step":null,"_links":{"self":[{"href":"https:\/\/frvape.com\/da\/wp-json\/wp\/v2\/product\/2697","targetHints":{"allow":["GET"]}}],"collection":[{"href":"https:\/\/frvape.com\/da\/wp-json\/wp\/v2\/product"}],"about":[{"href":"https:\/\/frvape.com\/da\/wp-json\/wp\/v2\/types\/product"}],"replies":[{"embeddable":true,"href":"https:\/\/frvape.com\/da\/wp-json\/wp\/v2\/comments?post=2697"}],"wp:featuredmedia":[{"embeddable":true,"href":"https:\/\/frvape.com\/da\/wp-json\/wp\/v2\/media\/2692"}],"wp:attachment":[{"href":"https:\/\/frvape.com\/da\/wp-json\/wp\/v2\/media?parent=2697"}],"wp:term":[{"taxonomy":"product_brand","embeddable":true,"href":"https:\/\/frvape.com\/da\/wp-json\/wp\/v2\/product_brand?post=2697"},{"taxonomy":"product_cat","embeddable":true,"href":"https:\/\/frvape.com\/da\/wp-json\/wp\/v2\/product_cat?post=2697"},{"taxonomy":"product_tag","embeddable":true,"href":"https:\/\/frvape.com\/da\/wp-json\/wp\/v2\/product_tag?post=2697"}],"curies":[{"name":"wp","href":"https:\/\/api.w.org\/{rel}","templated":true}]}}