{"id":3297,"date":"2025-10-12T04:44:58","date_gmt":"2025-10-12T04:44:58","guid":{"rendered":"https:\/\/frvape.com\/product\/fizzy-pandora-12000-rechargeable-disposable-vape-with-12000-puffs\/"},"modified":"2025-11-04T01:47:12","modified_gmt":"2025-11-04T01:47:12","slug":"fizzy-pandora-12000-genopladelig-engangs-vape-med-12000-pust","status":"publish","type":"product","link":"https:\/\/frvape.com\/da\/product\/fizzy-pandora-12000-genopladelig-engangs-vape-med-12000-pust\/","title":{"rendered":"Fizzy Pandora 12000 genopladelig engangs-vape med 12000 pust"},"content":{"rendered":"<h3>Vi pr\u00e6senterer Fizzy Pandora 12000: Revolution\u00e9r din dampoplevelse<\/h3>\n<p>Som den f\u00f8rende <strong>Online engrosplatform for engangsvape<\/strong> I Holland, Tyskland, Belgien og Spanien er vi stolte af at kunne pr\u00e6sentere Fizzy Pandora 12000 Puffs. Denne slanke, h\u00f8jtydende vape-pen henvender sig til b\u00e5de private brugere og forhandlere og blander moderne design med banebrydende teknologi. Den er ideel til stork\u00f8b og kombinerer en genopladelig ops\u00e6tning med bekvemmeligheden ved engangsdampere, hvilket sikrer langvarig tilfredshed uden at g\u00e5 p\u00e5 kompromis.<\/p>\n<h3>F\u00f8rsteklasses specifikationer og n\u00f8glefunktioner<\/h3>\n<p>Fizzy Pandora 12000 er konstrueret til holdbarhed og effektivitet og leverer uovertruffen p\u00e5lidelighed. Dens robuste konstruktion - med avancerede metalmaterialer - har et hul til en snor, s\u00e5 den er nem at tage med, hvilket g\u00f8r den perfekt til en livsstil p\u00e5 farten. Med en <strong>20ML v\u00e6skekapacitet<\/strong> og en <strong>Design til genopfyldning af olie<\/strong>Denne enhed minimerer spild og maksimerer brugen. Oplev de vigtigste fordele:<\/p>\n<p>&#8211; <strong>Saltnikotin<\/strong>: V\u00e6lg mellem <strong>2% eller 5% styrker<\/strong> for skr\u00e6ddersyet tilfredshed.<br \/>&#8211; <strong>Puffs<\/strong>: Nyd op til <strong>12000 pust<\/strong> pr. enhed, hvilket reducerer behovet for hyppige udskiftninger.<br \/>&#8211; <strong>Genopladelig<\/strong>: Drevet af en <strong>650 mAh batteri<\/strong> til vedvarende brug, suppleret med en <strong>Type-C opladningsport<\/strong>.<br \/>&#8211; <strong>Netspole<\/strong>: Avanceret <strong>netspole-teknologi<\/strong> sikrer ensartet smag og j\u00e6vn dampproduktion.<br \/>&#8211; <strong>LCD-sk\u00e6rm<\/strong>: Overv\u00e5g batteriets levetid og resterende e-v\u00e6ske via en intuitiv sk\u00e6rm.<br \/>&#8211; <strong>Emballage<\/strong>: S\u00e6lges i l\u00f8s v\u00e6gt med <strong>200 stk. pr. karton<\/strong>hvilket g\u00f8r det til et fantastisk engrosvalg.<\/p>\n<h3>Uovertruffen smagsoplevelse<\/h3>\n<p>Dyk ned i vores mangfoldige smagsportef\u00f8lje med 12 unikke muligheder, der passer til enhver gane. Hver smag er udformet til rigdom og lang levetid takket v\u00e6re mesh coil-integrationen:<\/p>\n<p> &#8211; <strong>Bl\u00e5b\u00e6r Hindb\u00e6r<\/strong><br \/> &#8211; <strong>Vandmelon Bl\u00e5b\u00e6r<\/strong><br \/> &#8211; <strong>Jordb\u00e6r Kiwi Granat\u00e6ble<\/strong><br \/> &#8211; <strong>Fersken<\/strong><br \/> &#8211; <strong>Vandmelon<\/strong><br \/> &#8211; <strong>Bl\u00e5b\u00e6r<\/strong><br \/> &#8211; <strong>Drue<\/strong><br \/> &#8211; <strong>Appelsin Mango Vandmelon<\/strong><br \/> &#8211; <strong>Mango<\/strong><br \/> &#8211; <strong>Ismynte<\/strong><br \/> &#8211; <strong>Granat\u00e6ble<\/strong><br \/> &#8211; <strong>Jordb\u00e6r<\/strong><\/p>\n<h3>Designet til bekvemmelighed og fremragende engroshandel<\/h3>\n<p>Oplev problemfri dampning med funktioner, der er skr\u00e6ddersyet til moderne brugere. Den b\u00e6rbare, <strong>Vape-pen til engangsbrug<\/strong> Formatet, der forst\u00e6rkes af det holdbare metalhus og integrationen af snoren, passer problemfrit ind i hverdagen. Uanset om du er en person, der s\u00f8ger et f\u00f8rsteklasses pust, eller en forhandler, der fylder op, udm\u00e6rker Fizzy Pandora 12000 sig ved at <strong>engros vapes<\/strong>. Dens <strong>genopladelig<\/strong> Naturen og det effektive design forl\u00e6nger enhedens levetid og er perfekt til markeder med stor eftersp\u00f8rgsel i hele Europa.<\/p>\n<p>L\u00f8ft din damprejse i dag - v\u00e6lg en enhed, der kombinerer innovation, smagsdiversitet og milj\u00f8bevidst opladning. Med sin <strong>12000 pust<\/strong> og alsidige nikotinindstillinger omdefinerer Fizzy Pandora 12000, hvad en <strong>Vape til engangsbrug<\/strong> kan opn\u00e5.<\/p>","protected":false},"excerpt":{"rendered":"<p>Fizzy Pandora 12000 er en f\u00f8rsteklasses <strong>Vape-pen til engangsbrug<\/strong> med en <strong>650 mAh genopladeligt batteri<\/strong>og leverer op til <strong>12000 pust<\/strong>. Med <strong>netspole-teknologi<\/strong> og en <strong>LCD-sk\u00e6rm<\/strong>Den tilbyder brugerdefinerede <strong>2% eller 5% nikotinstyrker<\/strong> p\u00e5 tv\u00e6rs af 12 forfriskende smagsvarianter.<\/p>","protected":false},"featured_media":3291,"comment_status":"open","ping_status":"closed","template":"","meta":[],"product_brand":[124],"product_cat":[868],"product_tag":[371,112,422,77,84,368],"class_list":{"0":"post-3297","1":"product","2":"type-product","3":"status-publish","4":"has-post-thumbnail","6":"product_brand-fizzy","7":"product_cat-fizzy","8":"product_tag-12000-puffs","9":"product_tag-disposable-vape","10":"product_tag-fizzy-pandora-12000","11":"product_tag-mesh-coil-vape","12":"product_tag-rechargeable-vape-pen","13":"product_tag-wholesale-vapes","15":"first","16":"instock","17":"sale","18":"shipping-taxable","19":"purchasable","20":"product-type-variable"},"jetpack_sharing_enabled":true,"tiered_pricing_type":"fixed","tiered_pricing_fixed_rules":[],"tiered_pricing_product_settings":{"layout":"default","base_unit_name":{"singular":null,"plural":null},"default_variation":null},"tiered_pricing_minimum_quantity":null,"tiered_pricing_roles_data":[],"tiered_pricing_percentage_rules":[],"tiered_pricing_maximum_quantity":null,"tiered_pricing_quantity_step":null,"_links":{"self":[{"href":"https:\/\/frvape.com\/da\/wp-json\/wp\/v2\/product\/3297","targetHints":{"allow":["GET"]}}],"collection":[{"href":"https:\/\/frvape.com\/da\/wp-json\/wp\/v2\/product"}],"about":[{"href":"https:\/\/frvape.com\/da\/wp-json\/wp\/v2\/types\/product"}],"replies":[{"embeddable":true,"href":"https:\/\/frvape.com\/da\/wp-json\/wp\/v2\/comments?post=3297"}],"wp:featuredmedia":[{"embeddable":true,"href":"https:\/\/frvape.com\/da\/wp-json\/wp\/v2\/media\/3291"}],"wp:attachment":[{"href":"https:\/\/frvape.com\/da\/wp-json\/wp\/v2\/media?parent=3297"}],"wp:term":[{"taxonomy":"product_brand","embeddable":true,"href":"https:\/\/frvape.com\/da\/wp-json\/wp\/v2\/product_brand?post=3297"},{"taxonomy":"product_cat","embeddable":true,"href":"https:\/\/frvape.com\/da\/wp-json\/wp\/v2\/product_cat?post=3297"},{"taxonomy":"product_tag","embeddable":true,"href":"https:\/\/frvape.com\/da\/wp-json\/wp\/v2\/product_tag?post=3297"}],"curies":[{"name":"wp","href":"https:\/\/api.w.org\/{rel}","templated":true}]}}