{"id":3565,"date":"2025-10-12T05:01:25","date_gmt":"2025-10-12T05:01:25","guid":{"rendered":"https:\/\/frvape.com\/product\/fizzy-nova-20000-puffs-rechargeable-disposable-vape-pen-with-dual-mesh-tech\/"},"modified":"2025-11-26T03:59:08","modified_gmt":"2025-11-26T03:59:08","slug":"fizzy-nova-20000-puffs-genopladelig-engangs-vape-pen-med-dobbelt-mesh-teknologi","status":"publish","type":"product","link":"https:\/\/frvape.com\/da\/product\/fizzy-nova-20000-puffs-genopladelig-engangs-vape-pen-med-dobbelt-mesh-teknologi\/","title":{"rendered":"Fizzy Nova 20000 Puffs Genopladelig engangs-vape-pen med Dual Mesh Tech"},"content":{"rendered":"<h3>Revolutionerende dampoplevelse<\/h3>\n<p>Den <strong>Fizzy Nova 20000 Puffs Dual Mesh genopladelig engangs-vape-pen<\/strong> omdefinerer ydeevnen for engangs e-cigaretter. Denne kraftfulde enhed er udviklet til dampere, der s\u00f8ger udholdenhed og f\u00f8rsteklasses smagslevering, og den kombinerer exceptionel kapacitet p\u00e5 20.000 pust med <strong>avanceret dual mesh coil-teknologi<\/strong>. I mods\u00e6tning til almindelige engangsdampere sikrer vores innovative dobbelttanksystem en ensartet smagsintegritet. Med sit store 28ML e-v\u00e6ske reservoir og professionelle teknik eliminerer Fizzy Nova konstante udskiftninger, mens den leverer dampproduktion i bar-kvalitet.<\/p>\n<h3>F\u00f8rsteklasses design og funktionalitet<\/h3>\n<p>Med et slankt metaleksteri\u00f8r, der m\u00e5ler 147,5*123*123 mm, er den <strong>Fizzy Nova<\/strong> kan prale af luksuri\u00f8s \u00e6stetik med forbedret holdbarhed. Det integrerede 850 mAh genopladelige batteri - opladet via moderne <strong>Type-C<\/strong> port - sikrer non-stop vaping-sessioner uden forringelse af ydeevnen. Overv\u00e5g ubesv\u00e6ret brugen via den smarte <strong>LCD-sk\u00e6rm<\/strong> viser e-juice-niveauer og batteristatus i realtid. Oplev den perfekte balance mellem stil og substans, der adskiller denne enhed i det konkurrencepr\u00e6gede damplandskab.<\/p>\n<h3>Dual Mesh Coil-teknologi forklaret<\/h3>\n<p>Kernen i Fizzy Novas enest\u00e5ende ydeevne er vores banebrydende <strong>Dobbeltmasket spolesystem<\/strong>. I mods\u00e6tning til engangsartikler med en enkelt spole giver denne innovative konfiguration dobbelt s\u00e5 stor varmeoverflade til forbedret fordampning af e-v\u00e6ske. Og resultatet? M\u00e6rkbart rigere smagsprofiler, t\u00e6ttere dampskyer og minimerede h\u00e6ndelser med br\u00e6ndt smag. Vores videnskabelige termiske teknik sikrer j\u00e6vn varmefordeling p\u00e5 tv\u00e6rs af begge spoler, hvilket garanterer <strong>20.000 konstant tilfredsstillende pust<\/strong> fra f\u00f8rste til sidste tr\u00e6k.<\/p>\n<h3>Smarte betjeningstilstande<\/h3>\n<p>Tilpas din session med intelligent dual-mode-funktionalitet:<br \/>\n<strong>- Eco-tilstand<\/strong>: Optimerer batteriets levetid til l\u00e6ngerevarende brug med j\u00e6vnere, k\u00f8ligere damplevering<br \/>\n<strong>- Turbo-tilstand<\/strong>: Aktiverer maksimal effekt for intense smagsudbrud og volumin\u00f8se skyer<br \/>\nSkift nemt mellem de forskellige tilstande, alt efter hvad du foretr\u00e6kker - perfekt til at skifte fra diskret dampning i dagtimerne til skyjagt om aftenen.<\/p>\n<h3>15 f\u00f8rsteklasses smagsvarianter<\/h3>\n<p>Udforsk vores h\u00e5ndlavede saltnikotinsmage (2%\/5% nikotinindstillinger):<br \/>\nBlandede b\u00e6r<br \/>\nCitron Lime<br \/>\nBl\u00e5b\u00e6r-kokosn\u00f8d<br \/>\nLyser\u00f8d limonade<br \/>\nSurt \u00e6ble<br \/>\nFersken<br \/>\nKiwi Passionsfrugt Guava<br \/>\nBrusende kirseb\u00e6r<br \/>\nHindb\u00e6r og citron<br \/>\nVandmelon<br \/>\nBl\u00e5b\u00e6r<br \/>\nJordb\u00e6r Kiwi<br \/>\nDrue<br \/>\nJordb\u00e6r<br \/>\nAnanas Fersken Passionsfrugt<\/p>\n<p>Hver smag gennemg\u00e5r en grundig udvikling for at sikre perfekt kompatibilitet med vores dobbelte mesh-system - og bevare de nuancerede noter fra f\u00f8rste ind\u00e5nding til det 20.000. sug. Den <strong>Nikotinsalt-formel<\/strong> Leverer bl\u00f8de halsslag uden h\u00e5rdhed.<\/p>\n<h3>Uovertrufne specifikationer<\/h3>\n<p>- Antal pust: <strong>20.000 garanterede puffer<\/strong><br \/>\n- E-v\u00e6ske-kapacitet: 28ML tank med h\u00f8j kapacitet<br \/>\n- Batteri: 850 mAh genopladeligt (Type-C-opladning)<br \/>\n- Spolesystem: Avanceret teknologi med dobbelt netspole<br \/>\n- Nikotin: 2% eller 5% Salt Nicotine Formula<br \/>\n- Dimensioner: Professionel 147,5*123*123mm Bygning<br \/>\n- Sk\u00e6rm: Smart LCD batteri\/juice-monitor<br \/>\n- Kartonindpakning: 180 enheder pr. engroskasse<\/p>\n<h3>Hvorfor professionelle v\u00e6lger Fizzy Nova<\/h3>\n<p>Som en engros-klar l\u00f8sning med <strong>180 enheder pr. karton<\/strong>Fizzy Nova 20000 leverer en hidtil uset v\u00e6rdi for detailhandlere og distribut\u00f8rer. Professionelle foretr\u00e6kker denne model p\u00e5 grund af dens kommercielle p\u00e5lidelighed og minimale brugerklager. Den forl\u00e6ngede levetid overg\u00e5r standard engangsartikler med 400%, hvilket dramatisk reducerer lageroms\u00e6tningsomkostningerne. N\u00e5r den kombineres med vores f\u00f8rsteklasses v\u00e6skeformuleringer og <strong>Mesh-spoler i konkurrenceklasse<\/strong>Den s\u00e6tter nye standarder for l\u00f8nsomhed i engangskategorien og fastholdelse af kunder. Oplev, hvorfor Fizzy Nova er blevet et benchmark for engangsdampere p\u00e5 tv\u00e6rs af de nordamerikanske markeder.<\/p>\n<p>Slut dig til tusindvis af tilfredse dampere, der er g\u00e5et over til denne holdbare, smagsfyldte enhed. Bestil din <strong>Fizzy Nova 20000 Puffs Dual Mesh<\/strong> engrosenheder i dag og omdefiner forventningerne til engangsdampning!<\/p>","protected":false},"excerpt":{"rendered":"<p>Oplev ultimativ dampning med <strong>Fizzy Nova 20000 Puffs<\/strong> Vape til engangsbrug med <strong>Dual Mesh Coil-teknologi<\/strong> og et genopladeligt batteri p\u00e5 850 mAh.<br \/>\nV\u00e6lg mellem 15 smagsvarianter med <strong>Eco\/Turbo-tilstande<\/strong> for at tilpasse dampintensiteten.<\/p>","protected":false},"featured_media":3559,"comment_status":"open","ping_status":"closed","template":"","meta":[],"product_brand":[124],"product_cat":[868,1016],"product_tag":[436,87,94,435,75,315],"class_list":{"0":"post-3565","1":"product","2":"type-product","3":"status-publish","4":"has-post-thumbnail","6":"product_brand-fizzy","7":"product_cat-fizzy","8":"product_cat-big-puffs-vapes","9":"product_tag-20000-puffs-vape-pen","10":"product_tag-disposable-e-cigarette","11":"product_tag-dual-mesh-coil-vape","12":"product_tag-fizzy-nova-20000-puffs","13":"product_tag-rechargeable-disposable-vape","14":"product_tag-salt-nicotine-vape","16":"first","17":"instock","18":"sale","19":"shipping-taxable","20":"purchasable","21":"product-type-variable"},"jetpack_sharing_enabled":true,"tiered_pricing_type":"fixed","tiered_pricing_fixed_rules":[],"tiered_pricing_product_settings":{"layout":"default","base_unit_name":{"singular":null,"plural":null},"default_variation":null},"tiered_pricing_minimum_quantity":null,"tiered_pricing_roles_data":[],"tiered_pricing_percentage_rules":[],"tiered_pricing_maximum_quantity":null,"tiered_pricing_quantity_step":null,"_links":{"self":[{"href":"https:\/\/frvape.com\/da\/wp-json\/wp\/v2\/product\/3565","targetHints":{"allow":["GET"]}}],"collection":[{"href":"https:\/\/frvape.com\/da\/wp-json\/wp\/v2\/product"}],"about":[{"href":"https:\/\/frvape.com\/da\/wp-json\/wp\/v2\/types\/product"}],"replies":[{"embeddable":true,"href":"https:\/\/frvape.com\/da\/wp-json\/wp\/v2\/comments?post=3565"}],"wp:featuredmedia":[{"embeddable":true,"href":"https:\/\/frvape.com\/da\/wp-json\/wp\/v2\/media\/3559"}],"wp:attachment":[{"href":"https:\/\/frvape.com\/da\/wp-json\/wp\/v2\/media?parent=3565"}],"wp:term":[{"taxonomy":"product_brand","embeddable":true,"href":"https:\/\/frvape.com\/da\/wp-json\/wp\/v2\/product_brand?post=3565"},{"taxonomy":"product_cat","embeddable":true,"href":"https:\/\/frvape.com\/da\/wp-json\/wp\/v2\/product_cat?post=3565"},{"taxonomy":"product_tag","embeddable":true,"href":"https:\/\/frvape.com\/da\/wp-json\/wp\/v2\/product_tag?post=3565"}],"curies":[{"name":"wp","href":"https:\/\/api.w.org\/{rel}","templated":true}]}}