{"id":3604,"date":"2025-10-12T05:04:17","date_gmt":"2025-10-12T05:04:17","guid":{"rendered":"https:\/\/frvape.com\/product\/fizzy-luxury-15000-disposable-vape-pen-15000-puffs-nicotine-2-5-salt\/"},"modified":"2025-11-26T03:57:39","modified_gmt":"2025-11-26T03:57:39","slug":"fizzy-luxury-15000-engangs-vape-pen-15000-pust-nikotin-2-5-salt","status":"publish","type":"product","link":"https:\/\/frvape.com\/da\/product\/fizzy-luxury-15000-engangs-vape-pen-15000-pust-nikotin-2-5-salt\/","title":{"rendered":"Fizzy Luxury 15000 Engangs-dampningspen - 15000 pust, nikotin 2%\/5% salt"},"content":{"rendered":"<h3>F\u00f8rsteklasses dampoplevelse<\/h3>\n<p>Den <strong>Sprudlende luksus 15000<\/strong> engangs vape-pen omdefinerer nydelse med sit sofistikerede design og banebrydende teknologi. <strong>Fremstillet af avancerede metalmaterialer<\/strong>Denne enhed sikrer lang levetid og en overd\u00e5dig fornemmelse, hvilket g\u00f8r den ideel til b\u00e5de forhandlere og kr\u00e6sne dampere. Med <strong>nikotinstyrker f\u00e5s i 2% eller 5% salt<\/strong>Den henvender sig til alle pr\u00e6ferencer og giver et j\u00e6vnt, tilfredsstillende hit, der tilfredsstiller b\u00e5de nybegyndere og erfarne brugere. Den indbyggede <strong>LCD-sk\u00e6rm<\/strong> giver overv\u00e5gning af batteri og e-juice i realtid, mens den avancerede <strong>netspole<\/strong> (1,0\u03a9 modstand) forbedrer smagsklarheden og dampproduktionen. Drevet af en <strong>650 mAh genopladeligt batteri<\/strong> (Type-C-opladning), kombinerer den holdbarhed med milj\u00f8venlighed, eliminerer det konstante behov for udskiftning og fremmer omkostningseffektivitet.<\/p>\n<h3>N\u00f8glefunktioner og innovationer<\/h3>\n<p><strong>Fizzy Luxury 15000 Puffs Engangs-vape-pen<\/strong> s\u00e6tter en ny standard i dampbranchen med sine enest\u00e5ende funktioner. Den gener\u00f8se <strong>22 ml olie, der kan genopfyldes<\/strong> sikrer langvarig brug uden hyppige genopladninger og underst\u00f8tter op til <strong>15000 pust<\/strong> pr. enhed. Dens <strong>genopladeligt design<\/strong> via en praktisk Type-C-port giver mulighed for hurtig opstart og minimerer nedetid. Den innovative <strong>netspole-teknologi<\/strong> garanterer rigere damp og intens smagsafgivelse, hvilket g\u00f8r hvert sug til et luksuri\u00f8st \u00f8jeblik. Et praktisk hul til snoren g\u00f8r den let at b\u00e6re i hverdagen. Engrosmulighederne omfatter <strong>240 enheder pr. karton<\/strong>Det er ideelt for detailhandlere, der \u00f8nsker store leverancer p\u00e5 markeder som Holland, Tyskland, Belgien og Spanien.<\/p>\n<h3>Tilg\u00e6ngelige smagsvarianter<\/h3>\n<p>Nyd vores brede udvalg af 15 omhyggeligt fremstillede smagsvarianter, der passer til enhver gane. Hver mulighed giver en frisk, forfriskende oplevelse og perfektionerer kunsten at dampe.<br \/>\nKiwi Passionsfrugt Guava<br \/>\nDrue<br \/>\nJordb\u00e6r og banan<br \/>\nCitron Lime<br \/>\nAppelsin Mango Vandmelon<br \/>\nBrusende kirseb\u00e6r<br \/>\nBl\u00e5b\u00e6r<br \/>\nBl\u00e5b\u00e6r Hindb\u00e6r<br \/>\nLyser\u00f8d limonade<br \/>\nHindb\u00e6r-limonade<br \/>\nJordb\u00e6r Kiwi Granat\u00e6ble<br \/>\nSurt \u00e6ble<br \/>\nJordb\u00e6r<br \/>\nRed Bull<br \/>\nFersken<\/p>\n<h3>Tekniske specifikationer<\/h3>\n<p>Den er designet til at yde sit bedste. <strong>Sprudlende luksus 15000<\/strong> har en robust <strong>650 mAh genopladeligt batteri<\/strong> med Type-C-opladning til hurtig genoplivning. Den <strong>netspolesystem<\/strong> (1,0\u03a9) maksimerer dampt\u00e6theden og smagsn\u00f8jagtigheden, mens <strong>22 ml v\u00e6skekapacitet<\/strong> og <strong>Design til genopfyldning af olie<\/strong> forl\u00e6nger produktets levetid og reducerer spild og udgifter. Med <strong>240 enheder pr. karton<\/strong> for engros, tilg\u00e6ngelighed sp\u00e6nder over <strong>15 f\u00e6ngslende smagsoplevelser<\/strong>Det sikrer alsidighed i din beholdning. Overordnede dimensioner og materialer sikrer en slank, holdbar konstruktion, der udm\u00e6rker sig ved b\u00e6rbarhed og udholdenhed.<\/p>\n<h3>Ideel v\u00e6rdiproposition<\/h3>\n<p>V\u00e6lg den <strong>Fizzy Luxury 15000 Engangs-vape-pen<\/strong> for sin blanding af elegance og funktionalitet. Dens <strong>Luksus-appeal<\/strong> tiltr\u00e6kker high-end forbrugere, mens funktioner som <strong>genopladeligt batteri<\/strong> og <strong>netspole<\/strong> g\u00f8r den til en smart investering til b\u00e5de personlig og kommerciel brug. Detailhandlere nyder godt af konkurrencedygtige <strong>Engrosmuligheder<\/strong>med kartoner, der er designet til effektiv opbevaring. For dampere er den udvidede <strong>Antal pust p\u00e5 15000<\/strong> betyder uovertruffen bekvemmelighed og reducerer besv\u00e6ret med konstante udskiftninger. Dette produkt forbedrer ikke kun din damprejse, men underst\u00f8tter ogs\u00e5 b\u00e6redygtig praksis gennem sine genanvendelige elementer og s\u00e6tter en ny standard i branchen.<\/p>","protected":false},"excerpt":{"rendered":"<p>Vi pr\u00e6senterer pr\u00e6mien <strong>Sprudlende luksus 15000<\/strong> engangs vape-pen, der leverer op til <strong>15000 pust<\/strong> med <strong>valg af nikotinsalt 2% eller 5%<\/strong>. Denne <strong>genopladelig enhed<\/strong> har en LCD-sk\u00e6rm, <strong>netspole-teknologi<\/strong>og 15 forfriskende smagsvarianter for en uovertruffen <strong>luksus-vaping-oplevelse<\/strong>.<\/p>","protected":false},"featured_media":3598,"comment_status":"open","ping_status":"closed","template":"","meta":[],"product_brand":[124],"product_cat":[868],"product_tag":[429,437,439,77,438,84],"class_list":{"0":"post-3604","1":"product","2":"type-product","3":"status-publish","4":"has-post-thumbnail","6":"product_brand-fizzy","7":"product_cat-fizzy","8":"product_tag-15000-puffs-disposable-vape","9":"product_tag-fizzy-luxury-15000","10":"product_tag-luxury-disposable-vape","11":"product_tag-mesh-coil-vape","12":"product_tag-nicotine-2-5","13":"product_tag-rechargeable-vape-pen","15":"first","16":"instock","17":"sale","18":"shipping-taxable","19":"purchasable","20":"product-type-variable"},"jetpack_sharing_enabled":true,"tiered_pricing_type":"fixed","tiered_pricing_fixed_rules":[],"tiered_pricing_product_settings":{"layout":"default","base_unit_name":{"singular":null,"plural":null},"default_variation":null},"tiered_pricing_minimum_quantity":null,"tiered_pricing_roles_data":[],"tiered_pricing_percentage_rules":[],"tiered_pricing_maximum_quantity":null,"tiered_pricing_quantity_step":null,"_links":{"self":[{"href":"https:\/\/frvape.com\/da\/wp-json\/wp\/v2\/product\/3604","targetHints":{"allow":["GET"]}}],"collection":[{"href":"https:\/\/frvape.com\/da\/wp-json\/wp\/v2\/product"}],"about":[{"href":"https:\/\/frvape.com\/da\/wp-json\/wp\/v2\/types\/product"}],"replies":[{"embeddable":true,"href":"https:\/\/frvape.com\/da\/wp-json\/wp\/v2\/comments?post=3604"}],"wp:featuredmedia":[{"embeddable":true,"href":"https:\/\/frvape.com\/da\/wp-json\/wp\/v2\/media\/3598"}],"wp:attachment":[{"href":"https:\/\/frvape.com\/da\/wp-json\/wp\/v2\/media?parent=3604"}],"wp:term":[{"taxonomy":"product_brand","embeddable":true,"href":"https:\/\/frvape.com\/da\/wp-json\/wp\/v2\/product_brand?post=3604"},{"taxonomy":"product_cat","embeddable":true,"href":"https:\/\/frvape.com\/da\/wp-json\/wp\/v2\/product_cat?post=3604"},{"taxonomy":"product_tag","embeddable":true,"href":"https:\/\/frvape.com\/da\/wp-json\/wp\/v2\/product_tag?post=3604"}],"curies":[{"name":"wp","href":"https:\/\/api.w.org\/{rel}","templated":true}]}}