{"id":3720,"date":"2025-10-12T05:11:31","date_gmt":"2025-10-12T05:11:31","guid":{"rendered":"https:\/\/frvape.com\/product\/bang-smart-screen-15000-disposable-vape-with-15000-puffs-rechargeable\/"},"modified":"2025-11-25T03:17:11","modified_gmt":"2025-11-25T03:17:11","slug":"bang-smart-screen-15000-engangs-vape-med-15000-pust-genopladelig","status":"publish","type":"product","link":"https:\/\/frvape.com\/da\/product\/bang-smart-screen-15000-engangs-vape-med-15000-pust-genopladelig\/","title":{"rendered":"Bang Smart Screen 15000 Engangs-vape med 15000 pust genopladelig"},"content":{"rendered":"<h3>Vi pr\u00e6senterer Bang Smart Screen 15000 engangs-vape<\/h3>\n<p>Oplev fremtidens vaping-innovation med vores banebrydende <strong>Bang Smart Screen 15000<\/strong> engangs-damp. Denne enhed er designet til ultimativ bekvemmelighed og ydeevne og kombinerer teknik af h\u00f8j kvalitet med brugervenlige funktioner for at levere en ekstraordin\u00e6r oplevelse. Som global leder inden for <strong>Industrien for elektroniske cigaretter<\/strong>Vi er stolte af at skabe produkter, der omdefinerer standarder og giver forbrugerne mulighed for at nyde et sundere alternativ til traditionel tobak. Med en mission, der er centreret om innovation, er vores m\u00e5l at levere problemfri, forn\u00f8jelig dampning, der opfylder behovene hos brugere over hele verden, underst\u00f8ttet af f\u00f8rsteklasses kundeservice og b\u00e6redygtig produktionspraksis.<\/p>\n<h3>Vigtige funktioner og specifikationer<\/h3>\n<p>Bang Smart Screen 15000 skiller sig ud med sine imponerende specifikationer, der garanterer f\u00f8rsteklasses ydeevne. Den kan prale af en kraftfuld <strong>650 mAh batteri<\/strong>Det sikrer lang brugstid uden konstant opladning. Enheden rummer en gener\u00f8s <strong>25,0 ml e-v\u00e6ske-kapacitet<\/strong>hvilket muligg\u00f8r en svimlende <strong>15000 pust<\/strong> pr. enhed for uovertruffen lang levetid. Udstyret med en h\u00f8jeffektiv <strong>1,2\u03a9 netspole<\/strong>Det giver en rig, ensartet dampproduktion og forbedrer smagsintensiteten. Denne <strong>Vape til engangsbrug<\/strong> er designet til at v\u00e6re let at b\u00e6re med en kompakt st\u00f8rrelse p\u00e5 90*47 mm, ideel til dampentusiaster p\u00e5 farten. Opladning er ubesv\u00e6ret og hurtig via den integrerede <strong>Type-C-opladning<\/strong> port, hvilket eliminerer nedetid. Plus, med en moderat <strong>5% nikotin-koncentration<\/strong>Den giver et tilfredsstillende hit i halsen, der efterligner traditionelle cigaretter, samtidig med at de skadelige virkninger reduceres.<\/p>\n<h3>Udforsk vores uds\u00f8gte 12 smagsvarianter<\/h3>\n<p>Dyk ned i en verden af fristende smage med vores kuraterede samling af 12 forskellige e-v\u00e6ske-smage, der alle er tilsat <strong>5% nikotinstyrke<\/strong> for en afbalanceret dampoplevelse. Hver smag er fremstillet af f\u00f8rsteklasses ingredienser, der giver en bl\u00f8d og forfriskende fornemmelse:<\/p>\n<p><strong>Berry BLAST, peach Berry, peach freeze, strawberry watermelon, tropical fruit, lush ice, grape freeze, blue freeze, Strawberry Lychee, Cool Mint, blue Cherry lemon, sour Apple blueberry.<\/strong><\/p>\n<p>Dette omfattende udvalg sikrer, at der er noget for enhver smag, fra s\u00f8de, frugtagtige blandinger til iskolde, forfriskende noter, hvilket g\u00f8r Bang Smart Screen 15000 til et alsidigt valg til daglig nydelse.<\/p>\n<h3>Forpligtelse til innovation og kundesupport<\/h3>\n<p>Kernen i vores virksomhed er forskning, udvikling og global distribution af <strong>Vape til engangsbrug<\/strong> produkter, der sigter mod at revolutionere vaping-landskabet. Vores dedikation til kontinuerlig innovation har gjort os til en f\u00f8rsteklasses producent, der tiltr\u00e6kker massiv forbrugerloyalitet med p\u00e5lidelige tilbud af h\u00f8j kvalitet, der sp\u00e6nder fra entry-level til ultimative dampl\u00f8sninger. Ved at fokusere p\u00e5 <strong>OEM og ODM<\/strong> Vi tager gerne imod specialbestillinger og samarbejder - du er altid velkommen til at bes\u00f8ge vores fabrik for at se vores produktionsproces p\u00e5 f\u00f8rste h\u00e5nd. Vi opretholder et komplet kundeservicesystem for at sikre smidige, effektive partnerskaber og prioriterer ikke kun enest\u00e5ende design og kvalitet, men leverer ogs\u00e5 f\u00f8rsteklasses support for at opn\u00e5 win-win-resultater for alle interessenter verden over. V\u00e6r med til at udforske sundere og gladere alternativer til tobak gennem vores stadigt udviklende <strong>Damp-teknologi<\/strong>.<\/p>","protected":false},"excerpt":{"rendered":"<p>Oplev f\u00f8rsteklasses dampning med <strong>Bang Smart Screen 15000<\/strong> Vape til engangsbrug, med <strong>15000 pust<\/strong> og <strong>genopladelig<\/strong> Type-C-kapacitet.<br \/>God forn\u00f8jelse <strong>forskellige 12 smagsvarianter<\/strong> med <strong>5% nikotinstyrke<\/strong> for langvarig tilfredshed.<\/p>","protected":false},"featured_media":3715,"comment_status":"open","ping_status":"closed","template":"","meta":[],"product_brand":[107],"product_cat":[1072],"product_tag":[280,446,445,112,372,229],"class_list":{"0":"post-3720","1":"product","2":"type-product","3":"status-publish","4":"has-post-thumbnail","6":"product_brand-bang","7":"product_cat-bang","8":"product_tag-15000-puffs","9":"product_tag-5-nicotine","10":"product_tag-bang-smart-screen-15000","11":"product_tag-disposable-vape","12":"product_tag-mesh-coil","13":"product_tag-rechargeable-electronic-cigarette","15":"first","16":"instock","17":"sale","18":"shipping-taxable","19":"purchasable","20":"product-type-variable"},"jetpack_sharing_enabled":true,"tiered_pricing_type":"fixed","tiered_pricing_fixed_rules":[],"tiered_pricing_product_settings":{"layout":"default","base_unit_name":{"singular":null,"plural":null},"default_variation":null},"tiered_pricing_minimum_quantity":null,"tiered_pricing_roles_data":[],"tiered_pricing_percentage_rules":[],"tiered_pricing_maximum_quantity":null,"tiered_pricing_quantity_step":null,"_links":{"self":[{"href":"https:\/\/frvape.com\/da\/wp-json\/wp\/v2\/product\/3720","targetHints":{"allow":["GET"]}}],"collection":[{"href":"https:\/\/frvape.com\/da\/wp-json\/wp\/v2\/product"}],"about":[{"href":"https:\/\/frvape.com\/da\/wp-json\/wp\/v2\/types\/product"}],"replies":[{"embeddable":true,"href":"https:\/\/frvape.com\/da\/wp-json\/wp\/v2\/comments?post=3720"}],"wp:featuredmedia":[{"embeddable":true,"href":"https:\/\/frvape.com\/da\/wp-json\/wp\/v2\/media\/3715"}],"wp:attachment":[{"href":"https:\/\/frvape.com\/da\/wp-json\/wp\/v2\/media?parent=3720"}],"wp:term":[{"taxonomy":"product_brand","embeddable":true,"href":"https:\/\/frvape.com\/da\/wp-json\/wp\/v2\/product_brand?post=3720"},{"taxonomy":"product_cat","embeddable":true,"href":"https:\/\/frvape.com\/da\/wp-json\/wp\/v2\/product_cat?post=3720"},{"taxonomy":"product_tag","embeddable":true,"href":"https:\/\/frvape.com\/da\/wp-json\/wp\/v2\/product_tag?post=3720"}],"curies":[{"name":"wp","href":"https:\/\/api.w.org\/{rel}","templated":true}]}}