{"id":5046,"date":"2025-10-12T06:52:34","date_gmt":"2025-10-12T06:52:34","guid":{"rendered":"https:\/\/frvape.com\/product\/waspe-20000-disposable-vape-with-dual-mesh-coil-and-rechargeable-battery\/"},"modified":"2025-11-26T08:59:47","modified_gmt":"2025-11-26T08:59:47","slug":"waspe-20000-engangs-vape-med-dobbelt-mesh-coil-og-genopladeligt-batteri","status":"publish","type":"product","link":"https:\/\/frvape.com\/da\/product\/waspe-20000-engangs-vape-med-dobbelt-mesh-coil-og-genopladeligt-batteri\/","title":{"rendered":"WASPE 20000 Engangs-vape med dobbelt mesh-spole og genopladeligt batteri"},"content":{"rendered":"<h3>Oversigt<\/h3>\n<p>Den <strong>WASPE 20000 PUFFS dobbeltmasket kasse<\/strong> omdefinerer premium engangs-dampning og tilbyder en uovertruffen oplevelse af luksus og ydeevne. Som en banebrydende <strong>Vape til engangsbrug<\/strong>Den kombinerer slankt design med avanceret <strong>dual mesh coil-teknologi<\/strong> for at sikre optimal dampproduktion og fyldig smagsafgivelse. Med en intuitiv <strong>LED-display<\/strong> til realtidsoverv\u00e5gning, henvender denne enhed sig til dampere, der s\u00f8ger b\u00e5de stil og substans. Med en gener\u00f8s kapacitet p\u00e5 20000 pust og alsidig <strong>muligheder for nikotin<\/strong> WASPE 20000, der sp\u00e6nder fra 0% til 5%, passer til forskellige pr\u00e6ferencer, uanset om du er nybegynder eller en entusiast, der \u00f8nsker en langvarig, problemfri damprejse.<\/p>\n<h3>Produktspecifikationer<\/h3>\n<p>1. Puffs: <strong>20000 Puffs<\/strong><br \/>\n2. Dobbelt netspole: <strong>1ohm<\/strong> + <strong>1ohm<\/strong><br \/>\n3. E-v\u00e6ske: <strong>24 ml<\/strong><br \/>\n4. Nikotin: <strong>0%<\/strong>\/<strong>2%<\/strong>\/<strong>3%<\/strong>\/<strong>5%<\/strong><br \/>\n5. Batteri: <strong>900 mAh<\/strong> <strong>genopladeligt batteri<\/strong><br \/>\n6. Genopladelig: <strong>Type-C<\/strong> port til hurtig og bekvem opladning<br \/>\n7. LED-display: Indbygget for nem sporing af brug og batteristatus<br \/>\n8. Produktets v\u00e6gt: <strong>98g<\/strong> pr. stk.<br \/>\n9. Produktets st\u00f8rrelse: <strong>52 mm<\/strong> \u00d7 <strong>33 mm<\/strong> \u00d7 <strong>107 mm<\/strong><br \/>\n10. Kartonst\u00f8rrelse: <strong>545 mm<\/strong> \u00d7 <strong>335 mm<\/strong> \u00d7 <strong>235 mm<\/strong><br \/>\n11. ANTAL: <strong>200 stk. pr. karton<\/strong>, pakket som <strong>10 stk. pr. \u00e6ske<\/strong><br \/>\n12. G.W.: Cirka <strong>21 kg<\/strong> pr. karton<\/p>\n<h3>Vigtige funktioner og fordele<\/h3>\n<p>Oplev problemfri dampning med <strong>WASPE 20000<\/strong> takket v\u00e6re dens innovative <strong>Dobbeltmasket spole<\/strong> design, som forbedrer varmefordelingen og smagsintensiteten ved hver ind\u00e5nding. Den <strong>Robust batteri p\u00e5 900 mAh<\/strong> giver forl\u00e6nget brug og genoplades effektivt via den integrerede <strong>Type-C<\/strong> port, hvilket sikrer, at du aldrig st\u00e5r uden str\u00f8m. Denne <strong>Vape til engangsbrug<\/strong> er perfekt til stork\u00f8b, hvor hver karton indeholder 200 stykker, der er ideelle til personlig nydelse eller kommerciel distribution. Den <strong>24 ml e-v\u00e6ske-kapacitet<\/strong> garanterer en l\u00e6ngerevarende dampsession, hvilket reducerer behovet for hyppige udskiftninger, mens enhedens lette og ergonomiske opbygning g\u00f8r den meget b\u00e6rbar. Den er designet til at v\u00e6re p\u00e5lidelig og l\u00f8fter din rutine med en blanding af holdbarhed, bekvemmelighed og avanceret teknologi.<\/p>\n<h3>Smagsmuligheder<\/h3>\n<p>Fork\u00e6l dig selv med et varieret udvalg af <strong>l\u00e6kre smagsoplevelser<\/strong> skr\u00e6ddersyet til enhver gane. Hver mulighed giver en unik smagsprofil, der er udformet til at \u00f8ge din damptilfredshed. Nyd disse f\u00f8rsteklasses e-v\u00e6sker <strong>Smagsstoffer<\/strong>: Jordb\u00e6r Hindb\u00e6r Kirseb\u00e6r<br \/>\nDobbelt \u00e6ble-is<br \/>\nBl\u00e5b\u00e6r-is<br \/>\nBl\u00e5b\u00e6r-hindb\u00e6r-limonade<br \/>\nJordb\u00e6r og vandmelon<br \/>\nVandmelon Bubblegum<br \/>\nFrodig is<br \/>\nJordb\u00e6r Kiwi<br \/>\nBlandede b\u00e6r<br \/>\nDrue-is<br \/>\nKiwi Passionsfrugt Guava<br \/>\nFersken-is<\/p>\n<h3>Detaljeret ydeevne<\/h3>\n<p>Den <strong>WASPE 20000<\/strong> skiller sig ud med sin h\u00f8je kapacitet <strong>Antal pust<\/strong>hvilket g\u00f8r den til et omkostningseffektivt valg, der maksimerer v\u00e6rdien for dampere. Den dobbelte mesh-konfiguration, der fungerer ved <strong>1ohm + 1ohm<\/strong>sikrer ensartet temperaturkontrol og tykke dampskyer uden risiko for t\u00f8rre hits. Uanset om du foretr\u00e6kker nikotin i halsen eller en glat oplevelse uden nikotin, giver denne enhed tilfredshed, der kan tilpasses. Den <strong>LED-display<\/strong> holder dig informeret med realtidsdata om batterilevetid og forbrug af puffer og tilf\u00f8jer et strejf af moderne raffinement. Milj\u00f8bevidste brugere s\u00e6tter pris p\u00e5 <strong>genopladelig<\/strong> funktion, hvilket reducerer spild sammenlignet med alternativer til engangsbrug. WASPE 20000 PUFFS Dual Mesh Box er det ultimative valg, hvis du vil have en f\u00f8rsteklasses vape, der kombinerer ydeevne, variation og brugervenligt design.<\/p>\n<h3>Hvorfor v\u00e6lge WASPE 20000?<\/h3>\n<p>Denne enest\u00e5ende <strong>Vape til engangsbrug<\/strong> tilbyder en langtidsholdbar l\u00f8sning med sin <strong>massive 20000 pust<\/strong> Den har en lang levetid og er ideel til l\u00e6ngere rejser eller daglig brug. Dens kompakte st\u00f8rrelse og <strong>letv\u00e6gt 98g<\/strong> g\u00f8r den nem at have med, men den har alligevel masser af slagkraft. <strong>potent dampudbytte<\/strong> fra de dobbelte spoler. For detailhandlere er emballagen praktisk med <strong>200 stk. pr. karton<\/strong> forenkler lagerstyring og salg. Dampere kan udforske <strong>rig blanding af smage<\/strong>Fra frugtagtig til iskold, s\u00e5 der er noget for enhver smag. P\u00e5lideligheden af <strong>900 mAh batteri<\/strong> betyder f\u00e6rre afbrydelser, og den hurtige <strong>Type-C<\/strong> opladningssystem sikrer, at du altid er klar til at dampe. Opgrader til WASPE 20000 for en forbedret rejse defineret af luksus, innovation og ren nydelse.<\/p>","protected":false},"excerpt":{"rendered":"<p>Introduktion til <strong>WASPE 20000<\/strong> engangs vape, med en <strong>imponerende kapacitet p\u00e5 20000 pust<\/strong> og <strong>banebrydende dual mesh coil-teknologi<\/strong> for overlegen smag og damp. V\u00e6lg mellem flere <strong>nikotinstyrker<\/strong> (0% til 5%) og nyd et slankt design med <strong>LCD-display i realtid<\/strong>. Drevet af en <strong>genopladeligt batteri<\/strong> Via Type-C-port leverer den langvarig ydeevne og bekvemmelighed til luksusdampning.<\/p>","protected":false},"featured_media":5040,"comment_status":"open","ping_status":"closed","template":"","meta":[],"product_brand":[332],"product_cat":[1068,1016],"product_tag":[512,112,244,541,342,540],"class_list":{"0":"post-5046","1":"product","2":"type-product","3":"status-publish","4":"has-post-thumbnail","6":"product_brand-waspe","7":"product_cat-waspe","8":"product_cat-big-puffs-vapes","9":"product_tag-20000-puffs","10":"product_tag-disposable-vape","11":"product_tag-dual-mesh-coil","12":"product_tag-flavored-e-cig","13":"product_tag-rechargeable-battery","14":"product_tag-waspe-20000","16":"first","17":"instock","18":"sale","19":"shipping-taxable","20":"purchasable","21":"product-type-variable"},"jetpack_sharing_enabled":true,"tiered_pricing_type":"fixed","tiered_pricing_fixed_rules":[],"tiered_pricing_product_settings":{"layout":"default","base_unit_name":{"singular":null,"plural":null},"default_variation":null},"tiered_pricing_minimum_quantity":null,"tiered_pricing_roles_data":[],"tiered_pricing_percentage_rules":[],"tiered_pricing_maximum_quantity":null,"tiered_pricing_quantity_step":null,"_links":{"self":[{"href":"https:\/\/frvape.com\/da\/wp-json\/wp\/v2\/product\/5046","targetHints":{"allow":["GET"]}}],"collection":[{"href":"https:\/\/frvape.com\/da\/wp-json\/wp\/v2\/product"}],"about":[{"href":"https:\/\/frvape.com\/da\/wp-json\/wp\/v2\/types\/product"}],"replies":[{"embeddable":true,"href":"https:\/\/frvape.com\/da\/wp-json\/wp\/v2\/comments?post=5046"}],"wp:featuredmedia":[{"embeddable":true,"href":"https:\/\/frvape.com\/da\/wp-json\/wp\/v2\/media\/5040"}],"wp:attachment":[{"href":"https:\/\/frvape.com\/da\/wp-json\/wp\/v2\/media?parent=5046"}],"wp:term":[{"taxonomy":"product_brand","embeddable":true,"href":"https:\/\/frvape.com\/da\/wp-json\/wp\/v2\/product_brand?post=5046"},{"taxonomy":"product_cat","embeddable":true,"href":"https:\/\/frvape.com\/da\/wp-json\/wp\/v2\/product_cat?post=5046"},{"taxonomy":"product_tag","embeddable":true,"href":"https:\/\/frvape.com\/da\/wp-json\/wp\/v2\/product_tag?post=5046"}],"curies":[{"name":"wp","href":"https:\/\/api.w.org\/{rel}","templated":true}]}}