{"id":5482,"date":"2025-10-12T07:39:22","date_gmt":"2025-10-12T07:39:22","guid":{"rendered":"https:\/\/frvape.com\/product\/elfbox-rgb-14000-pro-disposable-vape-14000-puffs-mesh-coil\/"},"modified":"2025-11-02T12:42:52","modified_gmt":"2025-11-02T12:42:52","slug":"elfbox-rgb-14000-pro-engangs-vape-14000-puffs-mesh-coil","status":"publish","type":"product","link":"https:\/\/frvape.com\/da\/product\/elfbox-rgb-14000-pro-engangs-vape-14000-puffs-mesh-coil\/","title":{"rendered":"Elfbox RGB 14000 Pro Engangs-damp - 14000 pust, Mesh Coil"},"content":{"rendered":"<h3>Introduktion<\/h3>\n<p>Oplev uovertruffen dampning med <strong>Elfbox RGB 14000 Pro<\/strong> genopladelig engangs vape engros. Denne banebrydende enhed kombinerer innovative funktioner med enest\u00e5ende ydeevne og omdefinerer vaping-rejsen for b\u00e5de entusiaster og professionelle. Den er udviklet til at levere optimal smagskonsistens og ultimativ bekvemmelighed, og den kan prale af en massiv puff-kapacitet og nikotinindstillinger, der kan tilpasses, hvilket sikrer en tilfredsstillende session hver gang.<\/p>\n<h3>Vigtige funktioner<\/h3>\n<p>Enest\u00e5ende puff-kapacitet: Nyd op til <strong>14000 pust<\/strong> p\u00e5 en enkelt opladning, hvilket giver langvarig nydelse uden hyppige udskiftninger eller afbrydelser. Perfekt til udvidet brug i l\u00f8bet af dagen.<\/p>\n<p>Avanceret netspoleteknologi: Udstyret med en <strong>1,0 ohm mesh-spole<\/strong>Denne vape garanterer ensartet og j\u00e6vn dampproduktion, hvilket forbedrer smagsn\u00f8jagtigheden og halshullet for en f\u00f8rsteklasses oplevelse.<\/p>\n<p>Gener\u00f8s e-v\u00e6ske-kapacitet: Med en betragtelig <strong>25 ml e-v\u00e6ske<\/strong> reservoir, minimerer det besv\u00e6ret med genopfyldning, sikrer uafbrudte dampsessioner og praktisk h\u00e5ndtering.<\/p>\n<p>Tilpassede nikotinvalg: Skr\u00e6ddersy dit indtag med fleksible muligheder, der sp\u00e6nder fra <strong>0% nikotin<\/strong> for ikke-nikotinbrugere at <strong>2%<\/strong>, <strong>3%<\/strong>eller <strong>5%<\/strong>Det giver pr\u00e6cis kontrol over din dampintensitet.<\/p>\n<p>Robust batterilevetid: Drevet af et holdbart <strong>18250-600mAh batteri<\/strong>Enheden giver p\u00e5lidelig ydeevne og underst\u00f8tter langvarig brug med hurtige genopladningsmuligheder.<\/p>\n<p>Kompatibilitet med Type-C-opladning: Drag fordel af hurtig og effektiv opladning via <strong>Type-C-port<\/strong>Det sikrer, at du nemt kan t\u00e6nde op, n\u00e5r du er p\u00e5 farten, og holde dig klar.<\/p>\n<p>Smart LED-sk\u00e6rm: Hold dig opdateret med den intuitive <strong>LED-display<\/strong>Det giver feedback i realtid om batteristatus, indstillinger og brug for at optimere kontrollen.<\/p>\n<p>Stilfuldt og praktisk design: Med i\u00f8jnefaldende <strong>RGB-belysning<\/strong> og en indbygget snor til praktisk transport, blander denne vape \u00e6stetik med funktionalitet, hvilket g\u00f8r den ideel til rejser og daglig brug.<\/p>\n<p>Holdbar konstruktion: Den er designet til at v\u00e6re b\u00e6rbar og modstandsdygtig og vejer kun <strong>105g<\/strong> og m\u00e5ler <strong>35x36x133,5mm<\/strong>Det sikrer, at den kan modst\u00e5 hverdagens krav, samtidig med at den passer perfekt ind i din livsstil.<\/p>\n<h3>Tilg\u00e6ngelige smagsvarianter<\/h3>\n<p>Luk op for en verden af smag med de forskellige smagsmuligheder til <strong>Elfbox RGB 14000 Pro<\/strong>. Hver smag er udformet til at levere forfriskende og robuste profiler:<\/p>\n<p><strong>Dobbelt \u00e6ble<\/strong><br \/><strong>Fersken og mango<\/strong><br \/><strong>Red Bull<\/strong><br \/><strong>Frodig is<\/strong><br \/><strong>Drue-is<\/strong><br \/><strong>Jordb\u00e6r og vandmelon<\/strong><br \/><strong>Jordb\u00e6r-is<\/strong><br \/><strong>Mynte-is<\/strong><br \/><strong>Blue Razz Ice<\/strong><br \/><strong>Kirseb\u00e6rsodavand<\/strong><br \/>Disse udvalg im\u00f8dekommer forskellige pr\u00e6ferencer, fra frugtige til mentol-twists, og forbedrer den samlede vape-oplevelse.<\/p>\n<h3>Tekniske specifikationer<\/h3>\n<p>For detaljeret reference, se <strong>Elfbox RGB 14000 Pro<\/strong> leveres med omfattende specifikationer for at sikre ydeevne og p\u00e5lidelighed:<\/p>\n<p>1. Puffer: 14000 puffer<br \/>2. Kerne: <strong>Netspole<\/strong> 1,0 ohm<br \/>3. E-v\u00e6ske: 25 ml<br \/>4. Nikotin: 0%, 2%, 3%, 5%<br \/>5. Batteri: 18250-600mAh<br \/>6. Genopladelig: <strong>Type-C<\/strong><br \/>7. Visning: <strong>LED<\/strong><br \/>8. Funktioner: <strong>RGB-lys<\/strong> og n\u00f8glesnor<br \/>9. V\u00e6gt: 105 g\/stk.<br \/>10. St\u00f8rrelse: 35*36*133,5 mm<br \/>11. Karton: 400*385*295mm<br \/>12. M\u00e6ngde: 200stk\/ctn, 10stk\/\u00e6ske<br \/>13. Bruttov\u00e6gt: 21,7 kg<br \/>Det omhyggelige design underst\u00f8tter engrosdistributionsbehov, hvilket g\u00f8r det til et godt valg til store ordrer.<\/p>","protected":false},"excerpt":{"rendered":"<p>G\u00e5 p\u00e5 opdagelse i <strong>Elfbox RGB 14000 Pro<\/strong> genopladelig engangsvape, der giver op til <strong>14000 pust<\/strong>, a <strong>netspole<\/strong> for rig smag og et kraftigt batteri. Tilpas nikotinniveauer fra <strong>0% til 5%<\/strong> for en skr\u00e6ddersyet oplevelse.<br \/>Perfekt til engroshandel og personlig brug.<\/p>","protected":false},"featured_media":5476,"comment_status":"open","ping_status":"closed","template":"","meta":[],"product_brand":[206],"product_cat":[207],"product_tag":[567,112,372,516,566],"class_list":{"0":"post-5482","1":"product","2":"type-product","3":"status-publish","4":"has-post-thumbnail","6":"product_brand-elfbox","7":"product_cat-elfbox-vape","8":"product_tag-14000-puffs","9":"product_tag-disposable-vape","10":"product_tag-mesh-coil","11":"product_tag-rechargeable","12":"product_tag-rgb-14000-pro","14":"first","15":"instock","16":"sale","17":"shipping-taxable","18":"purchasable","19":"product-type-variable"},"jetpack_sharing_enabled":true,"tiered_pricing_type":"fixed","tiered_pricing_fixed_rules":[],"tiered_pricing_product_settings":{"layout":"default","base_unit_name":{"singular":null,"plural":null},"default_variation":null},"tiered_pricing_minimum_quantity":null,"tiered_pricing_roles_data":[],"tiered_pricing_percentage_rules":[],"tiered_pricing_maximum_quantity":null,"tiered_pricing_quantity_step":null,"_links":{"self":[{"href":"https:\/\/frvape.com\/da\/wp-json\/wp\/v2\/product\/5482","targetHints":{"allow":["GET"]}}],"collection":[{"href":"https:\/\/frvape.com\/da\/wp-json\/wp\/v2\/product"}],"about":[{"href":"https:\/\/frvape.com\/da\/wp-json\/wp\/v2\/types\/product"}],"replies":[{"embeddable":true,"href":"https:\/\/frvape.com\/da\/wp-json\/wp\/v2\/comments?post=5482"}],"wp:featuredmedia":[{"embeddable":true,"href":"https:\/\/frvape.com\/da\/wp-json\/wp\/v2\/media\/5476"}],"wp:attachment":[{"href":"https:\/\/frvape.com\/da\/wp-json\/wp\/v2\/media?parent=5482"}],"wp:term":[{"taxonomy":"product_brand","embeddable":true,"href":"https:\/\/frvape.com\/da\/wp-json\/wp\/v2\/product_brand?post=5482"},{"taxonomy":"product_cat","embeddable":true,"href":"https:\/\/frvape.com\/da\/wp-json\/wp\/v2\/product_cat?post=5482"},{"taxonomy":"product_tag","embeddable":true,"href":"https:\/\/frvape.com\/da\/wp-json\/wp\/v2\/product_tag?post=5482"}],"curies":[{"name":"wp","href":"https:\/\/api.w.org\/{rel}","templated":true}]}}