{"id":5695,"date":"2025-10-12T08:10:21","date_gmt":"2025-10-12T08:10:21","guid":{"rendered":"https:\/\/frvape.com\/product\/bang-king-30000-double-flavor-disposable-vape-pen-36ml-rechargeable-e-cig\/"},"modified":"2025-11-04T01:45:06","modified_gmt":"2025-11-04T01:45:06","slug":"bang-king-30000-dobbelt-smag-engangs-vape-pen-36ml-genopladelig-e-cig","status":"publish","type":"product","link":"https:\/\/frvape.com\/da\/product\/bang-king-30000-dobbelt-smag-engangs-vape-pen-36ml-genopladelig-e-cig\/","title":{"rendered":"Bang King 30000 Double Flavor Disposable Vape Pen - 36 ml genopladelig e-cig"},"content":{"rendered":"<h3>Revolutionerende dampoplevelse med dobbelt smag<\/h3>\n<p>Den <strong>Bang King 30000 dobbelt smag<\/strong> engangs vape-pen omdefinerer bekvemmelighed og ydeevne p\u00e5 engangs vape-markedet. Konstrueret med <strong>innovativ roterende smagsteknologi<\/strong>Denne banebrydende enhed giver mulighed for problemfrit at skifte mellem to forskellige smage i en enkelt enhed - perfekt til dampere, der \u00f8nsker variation uden at b\u00e6re flere enheder.<\/p>\n<h3>Uovertruffen ydeevne og funktioner<\/h3>\n<p>Drevet af en <strong>550 mAh genopladeligt batteri<\/strong> Med Type-C-hurtigopladning sikrer denne engangsdamper uafbrudte sessioner. Dens ekstraordin\u00e6re <strong>36 ml e-v\u00e6ske-kapacitet<\/strong> leverer en branchef\u00f8rende <strong>30.000 tilfredsstillende pust<\/strong>. Den <strong>1,0\u03a9 mesh-spole<\/strong> garanterer ensartet smagsrenhed og t\u00e6t dampproduktion. Smarte funktioner omfatter en realtids <strong>Olievisning<\/strong> og <strong>Str\u00f8mindikator<\/strong> for ubesv\u00e6ret overv\u00e5gning.<\/p>\n<h3>Tilpasningsbar nikotinoplevelse<\/h3>\n<p>Vi im\u00f8dekommer alle pr\u00e6ferencer og tilbyder <strong>fire nikotinstyrker<\/strong>: <strong>0%<\/strong> (nic-fri), <strong>2%<\/strong> (glat), <strong>3%<\/strong> (moderat), og <strong>5%<\/strong> (fedt hit i halsen). V\u00e6lg dit perfekte intensitetsniveau for personlig tilfredsstillelse.<\/p>\n<h3>12 f\u00f8rsteklasses kombinationer med dobbelt smag<\/h3>\n<p>Udforsk vores f\u00f8rsteklasses smagsrotation med disse eksklusive kombinationer:<br \/><strong>1. Bl\u00e5b\u00e6r Hindb\u00e6r &amp; Fersken Mango Vandmelon<\/strong><br \/><strong>2. Jordb\u00e6r, kiwi og fersken-is<\/strong><br \/><strong>3. Red Bull &amp; bl\u00e5b\u00e6r-vandmelon<\/strong><br \/><strong>4. Bl\u00e5b\u00e6r, hindb\u00e6r og blandet muggen frugt<\/strong><br \/><strong>5. Jordb\u00e6r, vandmelon og drue-is<\/strong><br \/><strong>6. Vandmelon-is &amp; jordb\u00e6r-mango<\/strong><br \/><strong>7. Vandmelon-is &amp; bl\u00e5b\u00e6r-mynte<\/strong><br \/><strong>8. Bl\u00e5b\u00e6r-is &amp; jordb\u00e6r-banan<\/strong><br \/><strong>9. Jordb\u00e6r Vandmelon &amp; Kiwi Passionsfrugt Guava<\/strong><br \/><strong>10. Jordb\u00e6r kiwi &amp; surt \u00e6ble hindb\u00e6r<\/strong><br \/><strong>11. Red Bull &amp; vandmelon-bobleslik<\/strong><br \/><strong>12. Bl\u00e5b\u00e6r-is &amp; sort drage-is<\/strong><\/p>\n<h3>F\u00f8rsteklasses specifikationer<\/h3>\n<p>- Nikotin: 0%\/2%\/3%\/5% options<br \/>- Antal pust: <strong>30.000 pust<\/strong><br \/>- E-v\u00e6ske kapacitet: <strong>36 ml<\/strong><br \/>- Smagsstoffer: <strong>12 varianter med dobbelt smag<\/strong><br \/>- Batteri: <strong>550mAh genopladelig<\/strong><br \/>- Teknologi: Smagsrotation + visning af e-v\u00e6ske\/str\u00f8m<br \/>- Spole: <strong>1,0\u03a9 mesh-spole<\/strong><br \/>- Emballage: 200 enheder\/karton<\/p>","protected":false},"excerpt":{"rendered":"<p>Oplev ultimativ dampning med <strong>Bang King 30000 dobbelt smag<\/strong> engangs vape! Funktioner, der roterer <strong>dobbelte smagsvarianter<\/strong>, robust <strong>550 mAh genopladeligt batteri<\/strong>og massiv <strong>36 ml e-v\u00e6ske-kapacitet<\/strong> leverer 30.000 pust. Tilg\u00e6ngelig i <strong>0%<\/strong>\/<strong>2%<\/strong>\/<strong>3%<\/strong>\/<strong>5% nic styrker<\/strong>.<\/p>","protected":false},"featured_media":5689,"comment_status":"open","ping_status":"closed","template":"","meta":[],"product_brand":[133],"product_cat":[856],"product_tag":[580,582,578,579,75,581],"class_list":{"0":"post-5695","1":"product","2":"type-product","3":"status-publish","4":"has-post-thumbnail","6":"product_brand-bangking","7":"product_cat-bangking","8":"product_tag-30000-puffs-vape-pen","9":"product_tag-36ml-capacity-e-cig","10":"product_tag-bang-king-30000-double-flavor","11":"product_tag-double-flavor-e-cigarette","12":"product_tag-rechargeable-disposable-vape","13":"product_tag-wholesale-disposable-vapes","15":"first","16":"instock","17":"sale","18":"shipping-taxable","19":"purchasable","20":"product-type-variable"},"jetpack_sharing_enabled":true,"tiered_pricing_type":"fixed","tiered_pricing_fixed_rules":[],"tiered_pricing_product_settings":{"layout":"default","base_unit_name":{"singular":null,"plural":null},"default_variation":null},"tiered_pricing_minimum_quantity":null,"tiered_pricing_roles_data":[],"tiered_pricing_percentage_rules":[],"tiered_pricing_maximum_quantity":null,"tiered_pricing_quantity_step":null,"_links":{"self":[{"href":"https:\/\/frvape.com\/da\/wp-json\/wp\/v2\/product\/5695","targetHints":{"allow":["GET"]}}],"collection":[{"href":"https:\/\/frvape.com\/da\/wp-json\/wp\/v2\/product"}],"about":[{"href":"https:\/\/frvape.com\/da\/wp-json\/wp\/v2\/types\/product"}],"replies":[{"embeddable":true,"href":"https:\/\/frvape.com\/da\/wp-json\/wp\/v2\/comments?post=5695"}],"wp:featuredmedia":[{"embeddable":true,"href":"https:\/\/frvape.com\/da\/wp-json\/wp\/v2\/media\/5689"}],"wp:attachment":[{"href":"https:\/\/frvape.com\/da\/wp-json\/wp\/v2\/media?parent=5695"}],"wp:term":[{"taxonomy":"product_brand","embeddable":true,"href":"https:\/\/frvape.com\/da\/wp-json\/wp\/v2\/product_brand?post=5695"},{"taxonomy":"product_cat","embeddable":true,"href":"https:\/\/frvape.com\/da\/wp-json\/wp\/v2\/product_cat?post=5695"},{"taxonomy":"product_tag","embeddable":true,"href":"https:\/\/frvape.com\/da\/wp-json\/wp\/v2\/product_tag?post=5695"}],"curies":[{"name":"wp","href":"https:\/\/api.w.org\/{rel}","templated":true}]}}