{"id":5905,"date":"2025-10-12T08:41:16","date_gmt":"2025-10-12T08:41:16","guid":{"rendered":"https:\/\/frvape.com\/product\/bang-32000-disposable-vape-up-to-32000-puffs-high-capacity-12-flavors\/"},"modified":"2025-12-16T09:56:59","modified_gmt":"2025-12-16T09:56:59","slug":"bang-32000-engangs-vape-op-til-32000-pust-hoj-kapacitet-12-smagsvarianter","status":"publish","type":"product","link":"https:\/\/frvape.com\/da\/product\/bang-32000-engangs-vape-op-til-32000-pust-hoj-kapacitet-12-smagsvarianter\/","title":{"rendered":"Bang 32000 Engangs-vape - op til 32.000 pust, h\u00f8j kapacitet, 12 smagsvarianter"},"content":{"rendered":"<h3>Vi pr\u00e6senterer Bang 32000<\/h3>\n<p>Bang 32K engangsdamperen s\u00e6tter en ny standard med en forbl\u00f8ffende <strong>32.000 pust<\/strong> i en enkelt enhed, der er konstrueret til enest\u00e5ende holdbarhed og ydeevne. Denne <strong>Vape med h\u00f8j kapacitet<\/strong> kombinerer banebrydende teknologi og brugervenlige funktioner for at levere en uovertruffen oplevelse for b\u00e5de begyndere og erfarne dampere. Med sit slanke design og avancerede komponenter fjerner den besv\u00e6ret med genopfyldning og udskiftning af coils og fokuserer p\u00e5 ren dampnydelse og bekvemmelighed.<\/p>\n<h3>Avancerede specifikationer og funktioner<\/h3>\n<p>Udstyret med dobbelt <strong>0,5\u03a9 mesh-spoler<\/strong>Bang 32000 sikrer overlegen smagskonsistens og t\u00e6t dampproduktion, der forbedrer hvert sug. Den <strong>netopvarmning<\/strong> system optimerer fordampningen af e-v\u00e6ske, maksimerer smagen og minimerer spild. Denne ydelse drives af en robust <strong>650 mAh genopladeligt batteri<\/strong>parret med en <strong>Type-C opladningsport<\/strong> for hurtig og effektiv genopladning - ikke mere nedetid under dine dampsessioner.<\/p>\n<p>Enheden har justerbare effektindstillinger, s\u00e5 du kan skr\u00e6ddersy hit-intensiteten til dine pr\u00e6ferencer, og et intuitivt display, der viser olie- og batteriniveauer til overv\u00e5gning i realtid. Nikotinstyrkerne sp\u00e6nder fra <strong>0% til 5%<\/strong>og im\u00f8dekommer forskellige pr\u00e6ferencer, uanset om du s\u00f8ger et tilfredsstillende nikotinhit eller nikotinfri alternativer. Denne alsidighed sikrer, at Bang 32K tilpasser sig din livsstil og giver langvarig <strong>Levetid<\/strong> der minimerer milj\u00f8p\u00e5virkningen. Den ergonomiske konstruktion er perfekt til brug p\u00e5 farten og ligger godt i h\u00e5nden, mens den l\u00e6kagesikre konstruktion \u00f8ger p\u00e5lideligheden i de daglige damprutiner.<\/p>\n<h3>Mangfoldigt udvalg af smage<\/h3>\n<p>Nyd sp\u00e6ndingen ved 12 f\u00f8rsteklasses vape-smage, der hver is\u00e6r er fagligt blandet for friskhed og variation. Udforsk vores kuraterede liste for at finde dit perfekte match:<\/p>\n<ul>\n<li><strong>Bl\u00e5b\u00e6r Hindb\u00e6r<\/strong><\/li>\n<li><strong>Jordb\u00e6r Kiwi<\/strong><\/li>\n<li><strong>Vandmelon Kirseb\u00e6r<\/strong><\/li>\n<li><strong>Vandmelon-is<\/strong><\/li>\n<li><strong>Jordb\u00e6r og vandmelon<\/strong><\/li>\n<li><strong>Fersken-is<\/strong><\/li>\n<li><strong>Bl\u00e5b\u00e6r-is<\/strong><\/li>\n<li><strong>Red Bull<\/strong><\/li>\n<li><strong>Fersken og mango<\/strong><\/li>\n<li><strong>VANDMELON TYGGEGUMMI<\/strong><\/li>\n<li><strong>Drue-is<\/strong><\/li>\n<li><strong>Blandet frugt<\/strong><\/li>\n<\/ul>\n<p>Hver smag er skabt til at give en levende smagsoplevelse, der sikrer, at hvert sug forbliver forfriskende og unikt.<\/p>\n<h3>Hvorfor Bang 32000 skiller sig ud<\/h3>\n<p>Omfavn fordelene ved dette <strong>h\u00f8jtydende vape<\/strong>: dens store <strong>E-v\u00e6ske-kapacitet<\/strong> og <strong>Levetid<\/strong> reducerer behovet for hyppige udskiftninger, hvilket g\u00f8r det mere milj\u00f8venligt og omkostningseffektivt. Den <strong>netspoler<\/strong> leverer ensartede, intense smagsoplevelser uden at br\u00e6nde, mens de justerbare indstillinger og displayet giver ubesv\u00e6ret kontrol over din vape-rejse. Bang 32000 er ideel til rejser og hverdagsbrug og omdefinerer engangsdampning med innovationer, der prioriterer brugertilfredshed.<\/p>\n<p>For at f\u00e5 en virkelig frisk oplevelse kan du parre den med din yndlingssmag fra vores omfattende liste og l\u00f8fte din dampning til nye h\u00f8jder. Bang 32K er ikke bare en enhed; det er din indgang til varig nydelse og bekvemmelighed i dampverdenen. Invester i kvalitet i dag, og opdag, hvorfor den er det bedste valg til p\u00e5lidelig, smagfuld dampning on demand.<\/p>","protected":false},"excerpt":{"rendered":"<p>Den <strong>Bang 32000<\/strong> Engangsvape leverer op til <strong>32.000 pust<\/strong> med en <strong>Design med h\u00f8j kapacitet<\/strong> og <strong>0,5\u03a9 dobbeltmaskede spoler<\/strong> for rig smag og damp. Tilbyder nikotinniveauer fra <strong>0% til 5%<\/strong>har den en <strong>32 ml e-v\u00e6ske-kapacitet<\/strong> og <strong>650 mAh batteri<\/strong>.<br \/>Nyd over 12 forfriskende <strong>Vape-smagsvarianter<\/strong> for en overlegen dampoplevelse.<\/p>","protected":false},"featured_media":5897,"comment_status":"open","ping_status":"closed","template":"","meta":[],"product_brand":[107],"product_cat":[1072],"product_tag":[601,600,112,346,77,155],"class_list":{"0":"post-5905","1":"product","2":"type-product","3":"status-publish","4":"has-post-thumbnail","6":"product_brand-bang","7":"product_cat-bang","8":"product_tag-32000-puffs","9":"product_tag-bang-32000","10":"product_tag-disposable-vape","11":"product_tag-high-capacity-vape","12":"product_tag-mesh-coil-vape","13":"product_tag-vape-flavors","15":"first","16":"instock","17":"sale","18":"shipping-taxable","19":"purchasable","20":"product-type-variable"},"jetpack_sharing_enabled":true,"tiered_pricing_type":"fixed","tiered_pricing_fixed_rules":[],"tiered_pricing_product_settings":{"layout":"default","base_unit_name":{"singular":null,"plural":null},"default_variation":null},"tiered_pricing_minimum_quantity":null,"tiered_pricing_roles_data":[],"tiered_pricing_percentage_rules":[],"tiered_pricing_maximum_quantity":null,"tiered_pricing_quantity_step":null,"_links":{"self":[{"href":"https:\/\/frvape.com\/da\/wp-json\/wp\/v2\/product\/5905","targetHints":{"allow":["GET"]}}],"collection":[{"href":"https:\/\/frvape.com\/da\/wp-json\/wp\/v2\/product"}],"about":[{"href":"https:\/\/frvape.com\/da\/wp-json\/wp\/v2\/types\/product"}],"replies":[{"embeddable":true,"href":"https:\/\/frvape.com\/da\/wp-json\/wp\/v2\/comments?post=5905"}],"wp:featuredmedia":[{"embeddable":true,"href":"https:\/\/frvape.com\/da\/wp-json\/wp\/v2\/media\/5897"}],"wp:attachment":[{"href":"https:\/\/frvape.com\/da\/wp-json\/wp\/v2\/media?parent=5905"}],"wp:term":[{"taxonomy":"product_brand","embeddable":true,"href":"https:\/\/frvape.com\/da\/wp-json\/wp\/v2\/product_brand?post=5905"},{"taxonomy":"product_cat","embeddable":true,"href":"https:\/\/frvape.com\/da\/wp-json\/wp\/v2\/product_cat?post=5905"},{"taxonomy":"product_tag","embeddable":true,"href":"https:\/\/frvape.com\/da\/wp-json\/wp\/v2\/product_tag?post=5905"}],"curies":[{"name":"wp","href":"https:\/\/api.w.org\/{rel}","templated":true}]}}