{"id":7709,"date":"2025-10-13T09:47:26","date_gmt":"2025-10-13T09:47:26","guid":{"rendered":"https:\/\/frvape.com\/product\/jnr-alien-10000-disposable-vape-10k-puffs-20ml-e-liquid-50-flavors\/"},"modified":"2025-12-16T08:45:11","modified_gmt":"2025-12-16T08:45:11","slug":"jnr-alien-10000-engangs-vape-10k-puffs-20ml-e-vaeske-50-smagsvarianter","status":"publish","type":"product","link":"https:\/\/frvape.com\/da\/product\/jnr-alien-10000-engangs-vape-10k-puffs-20ml-e-vaeske-50-smagsvarianter\/","title":{"rendered":"Jnr Alien 10000 Engangsdamp - 10K pust, 20 ml e-v\u00e6ske, 50 smagsvarianter"},"content":{"rendered":"<h3>Revolutionerende dampoplevelse<\/h3>\n<p>Den <strong>Jnr Alien 10000<\/strong> omdefinerer engangsdampning med en ekstraordin\u00e6r <strong>10.000 puffers kapacitet<\/strong> pakket i en kompakt enhed. Forudfyldt med <strong>20 ml premium e-v\u00e6ske<\/strong> og drives af en genopladelig <strong>850 mAh batteri<\/strong>Den giver l\u00e6ngerevarende sessioner uden kompromis. Oplev hidtil uset bekvemmelighed med hurtig opladning af Type-C og justerbar luftstr\u00f8mskontrol for personlig dampt\u00e6thed.<\/p>\n<h3>Uovertrufne pr\u00e6stationsfunktioner<\/h3>\n<p>Udstyret med avanceret <strong>1.2\u03a9 mesh coil-teknologi<\/strong>Alien 10000 producerer us\u00e6dvanlig j\u00e6vn damp, samtidig med at den forbedrer smagsrenheden. Det sporty design integrerer levende RGB-lyseffekter og inkluderer en praktisk b\u00e6resele til b\u00e6rbar brug. V\u00e6lg mellem <strong>tre nikotinstyrker<\/strong> (0 mg, 20 mg, 50 mg) for at matche dine pr\u00e6ferencer og nyde ensartet tilfredshed med halshullet.<\/p>\n<h3>50 uds\u00f8gte smagsmuligheder<\/h3>\n<p>Oplev vores mangfoldige smagskollektion, der er skabt til enhver gane:<br \/><strong>Hindb\u00e6r vandmelon<\/strong> | <strong>Jordb\u00e6r-slik-is<\/strong> | <strong>Vingummibamse<\/strong> | <strong>Jordb\u00e6r og banan<\/strong><br \/><strong>Vandmelon Brazz Ice<\/strong> | <strong>Jordb\u00e6r og granat\u00e6ble<\/strong> | <strong>Banan-is<\/strong> | <strong>Brusende kirseb\u00e6r-cola<\/strong><br \/><strong>Mr. Blue<\/strong> | <strong>Fersken og b\u00e6r<\/strong> | <strong>Sort drage-is<\/strong> | <strong>Kirseb\u00e6rb\u00e6r<\/strong><br \/><strong>Passionsfrugt<\/strong> | <strong>Bl\u00e5b\u00e6r Kiwi<\/strong> | <strong>Blandede b\u00e6r<\/strong> | <strong>Fersken-bl\u00e5b\u00e6r-slik<\/strong><br \/><strong>Jordb\u00e6r-is<\/strong> | <strong>Dobbelt \u00e6ble<\/strong> | <strong>Vandmelon tyggegummi<\/strong> | <strong>Guava-is<\/strong><br \/><strong>Bl\u00e5b\u00e6r tyggegummi<\/strong> | <strong>Jordb\u00e6r-hindb\u00e6r-is<\/strong> | <strong>Frodig is<\/strong> | <strong>Blue Razz Ice<\/strong><br \/><strong>Bl\u00e5b\u00e6r p\u00e5 is<\/strong> | <strong>Kiwi Passionsfrugt Guava<\/strong> | <strong>Jordb\u00e6r Pinacolada<\/strong><br \/><strong>Jordb\u00e6r-hindb\u00e6r-kirseb\u00e6r-is<\/strong> | <strong>Bl\u00e5b\u00e6r sur hindb\u00e6r<\/strong> | <strong>Cool Mint<\/strong><br \/><strong>Jordb\u00e6r-vandmelon-limonade<\/strong> | <strong>Vandmelon og litchi<\/strong> | <strong>Fersken Mango Ananas<\/strong><br \/><strong>Bl\u00e5b\u00e6r Kirseb\u00e6r Traneb\u00e6r<\/strong> | <strong>Bl\u00e5 Razz Kirseb\u00e6r<\/strong> | <strong>Vandmelon-is<\/strong><br \/><strong>Fersken-is<\/strong> | <strong>Drue-is<\/strong> | <strong>Cola Is<\/strong> | <strong>Tropisk punch<\/strong><br \/><strong>Jordb\u00e6r-vandmelon-is<\/strong> | <strong>Jordb\u00e6r Kiwi<\/strong> | <strong>Surt \u00e6ble<\/strong><\/p>\n<h3>Tekniske specifikationer for Premium<\/h3>\n<p>- Nikotinniveauer: <strong>0%\/2%\/5%<\/strong> muligheder for nikotin<br \/>- Antal pust: Omkring <strong>10.000 tilfredsstillende pust<\/strong><br \/>- E-v\u00e6ske kapacitet: Gener\u00f8s <strong>20 ml forudfyldt tank<\/strong><br \/>- Valg af smag: 50 forskellige <strong>Premium smagsvarianter tilg\u00e6ngelige<\/strong><br \/>- Batteri: Indbygget <strong>850 mAh genopladeligt batteri<\/strong><br \/>- Spoleteknologi: <strong>1,2\u03a9 netspole<\/strong> for optimeret smagsudvinding<br \/>- Opladning: Hurtig opladning <strong>Type-C opladningsport<\/strong><br \/>- Luftstr\u00f8m: <strong>Justerbar luftstr\u00f8mskontrol<\/strong> Dial<br \/>- Dimensioner: Kompakt profil p\u00e5 36\u00d736\u00d7130 mm<\/p>\n<h3>Hvorfor v\u00e6lge Alien 10000?<\/h3>\n<p>Denne innovative engangsenhed kombinerer massiv kapacitet med banebrydende funktioner, der ikke er set i traditionelle dampere. Den <strong>Mesh-spole sikrer rig smagsafgivelse<\/strong> i hele dens levetid, mens den overdimensionerede <strong>20 ml reservoir til e-v\u00e6ske<\/strong> giver gl\u00e6de i ugevis. Med lynopladning af Type-C-teknologi og <strong>Luftstr\u00f8m, der kan tilpasses<\/strong>Den bygger bro over kl\u00f8ften mellem engangsdampere og mod-systemer. Alien 10000 er din ultimative alt-i-en vaping-l\u00f8sning til varig tilfredshed.<\/p>","protected":false},"excerpt":{"rendered":"<p><strong>Jnr Alien 10000<\/strong> Engangsvape leverer cirka <strong>10000 pust<\/strong> med 20 ml e-v\u00e6ske-kapacitet. Indeholder 50 smagsvarianter, <strong>850 mAh genopladeligt batteri<\/strong>justerbar luftstr\u00f8m og Type-C-opladning. Muligheder for nikotin: <strong>0%\/2%\/5%<\/strong>.<\/p>","protected":false},"featured_media":7704,"comment_status":"open","ping_status":"closed","template":"","meta":[],"product_brand":[88],"product_cat":[1089],"product_tag":[694,634,112,401,115,402],"class_list":{"0":"post-7709","1":"product","2":"type-product","3":"status-publish","4":"has-post-thumbnail","6":"product_brand-jnr","7":"product_cat-jnr","8":"product_tag-10000-puff-vape","9":"product_tag-20ml-e-cigarette","10":"product_tag-disposable-vape","11":"product_tag-jnr-alien-10000","12":"product_tag-rechargeable-vape","13":"product_tag-type-c-vaping-device","15":"first","16":"instock","17":"sale","18":"shipping-taxable","19":"purchasable","20":"product-type-variable"},"jetpack_sharing_enabled":true,"tiered_pricing_type":"fixed","tiered_pricing_fixed_rules":[],"tiered_pricing_product_settings":{"layout":"default","base_unit_name":{"singular":null,"plural":null},"default_variation":null},"tiered_pricing_minimum_quantity":null,"tiered_pricing_roles_data":[],"tiered_pricing_percentage_rules":[],"tiered_pricing_maximum_quantity":null,"tiered_pricing_quantity_step":null,"_links":{"self":[{"href":"https:\/\/frvape.com\/da\/wp-json\/wp\/v2\/product\/7709","targetHints":{"allow":["GET"]}}],"collection":[{"href":"https:\/\/frvape.com\/da\/wp-json\/wp\/v2\/product"}],"about":[{"href":"https:\/\/frvape.com\/da\/wp-json\/wp\/v2\/types\/product"}],"replies":[{"embeddable":true,"href":"https:\/\/frvape.com\/da\/wp-json\/wp\/v2\/comments?post=7709"}],"wp:featuredmedia":[{"embeddable":true,"href":"https:\/\/frvape.com\/da\/wp-json\/wp\/v2\/media\/7704"}],"wp:attachment":[{"href":"https:\/\/frvape.com\/da\/wp-json\/wp\/v2\/media?parent=7709"}],"wp:term":[{"taxonomy":"product_brand","embeddable":true,"href":"https:\/\/frvape.com\/da\/wp-json\/wp\/v2\/product_brand?post=7709"},{"taxonomy":"product_cat","embeddable":true,"href":"https:\/\/frvape.com\/da\/wp-json\/wp\/v2\/product_cat?post=7709"},{"taxonomy":"product_tag","embeddable":true,"href":"https:\/\/frvape.com\/da\/wp-json\/wp\/v2\/product_tag?post=7709"}],"curies":[{"name":"wp","href":"https:\/\/api.w.org\/{rel}","templated":true}]}}