{"id":802,"date":"2025-10-11T15:42:57","date_gmt":"2025-10-11T15:42:57","guid":{"rendered":"https:\/\/frvape.com\/product\/bang-9000-18000-disposable-vape-rechargeable-18000-puffs-0-5-nicotine-12-flavors\/"},"modified":"2025-11-26T09:19:36","modified_gmt":"2025-11-26T09:19:36","slug":"bang-9000-18000-engangs-vape-genopladelig-18000-pust-0-5-nikotin-12-smagsvarianter","status":"publish","type":"product","link":"https:\/\/frvape.com\/da\/product\/bang-9000-18000-engangs-vape-genopladelig-18000-pust-0-5-nikotin-12-smagsvarianter\/","title":{"rendered":"Bang 9000-18000 Engangs-vape, genopladelig, 18000 pust, 0\/5% nikotin, 12 smagsvarianter"},"content":{"rendered":"<h3>Hvorfor er Bang 9000-18000 dit ultimative dampvalg?<\/h3>\n<p>Introduktion til <strong>Bang 9000-18000<\/strong>en banebrydende <strong>Vape til engangsbrug<\/strong> designet til overlegen <strong>tilfredshed med dampning<\/strong>. Denne enhed er perfekt til en travl livsstil og tilbyder en imponerende <strong>18.000 pust<\/strong> pr. enhed, takket v\u00e6re dens store <strong>16 ml e-v\u00e6ske<\/strong> reservoir og robust <strong>650 mAh batteri<\/strong>. Du kan tilpasse din <strong>nikotinstyrke<\/strong> med muligheder, der sp\u00e6nder fra <strong>0% (nikotinfri)<\/strong> til <strong>5% styrke<\/strong>hvilket g\u00f8r den ideel til dem, der s\u00f8ger en <strong>sundere alternativ til tobak<\/strong>. Omfavn innovation med vores <strong>Type-C-opladning<\/strong> port, der sikrer hurtig og bekvem opladning n\u00e5r som helst og hvor som helst.<\/p>\n<h3>Vigtige funktioner og specifikationer<\/h3>\n<p>Den <strong>Bang 9000-18000<\/strong> skiller sig ud med f\u00f8rsteklasses <strong>Engangs-dampteknologi<\/strong>. N\u00f8glespecifikationerne omfatter en <strong>Batteri: 650 mAh<\/strong> til langvarig brug, <strong>E-v\u00e6ske: 16,0 ml<\/strong> for maksimal nydelse, og <strong>Puffs: 18.000<\/strong> for at sikre uafbrudt dampning i ugevis. Som en fuldt <strong>Til engangsbrug<\/strong> enhed, den eliminerer vedligeholdelsesbesv\u00e6r, mens den giver f\u00f8rsteklasses <strong>E-cigarettens ydeevne<\/strong>. Med <strong>12 forskellige smagsvarianter<\/strong> tilg\u00e6ngelig, bliver hver session en <strong>aromatisk eventyr<\/strong>. Vores design prioriterer j\u00e6vn luftstr\u00f8m og ensartet dampproduktion, hvilket giver brugerne mulighed for at nyde en <strong>r\u00f8gfri livsstil<\/strong> uden at g\u00e5 p\u00e5 kompromis.<\/p>\n<h3>Vores forpligtelse til ekspertise inden for vaping<\/h3>\n<p>Vores kerne er dedikeret til <strong>producere innovation<\/strong> og skabe ekstraordin\u00e6re brugeroplevelser for den globale <strong>Vape-industrien<\/strong>. Vi specialiserer os i forskning, udvikling og verdensomsp\u00e6ndende salg af <strong>Engangs-dampere<\/strong>og d\u00e6kker markeder fra Asien til Europa og Nord- og Sydamerika. Gennem kontinuerlig innovation er vores produkter som <strong>Bang 9000-18000<\/strong> har tiltrukket millioner af forbrugere og etableret os som en <strong>F\u00f8rsteklasses global producent<\/strong> i <strong>elektronisk cigaret<\/strong> sektor. Vores omfattende sortiment omfatter vaporizers fra entry-level til ultimate-level, alle konstrueret til at <strong>styrke sundhedsbevidste dampere<\/strong> som \u00f8nsker et gladere og mere sikkert alternativ til cigaretter. <strong>Vaping-teknologi<\/strong> er i konstant udvikling med ubegr\u00e6nsede muligheder, og vi er p\u00e5 forkant med at skabe bedre m\u00e5der for dig at dampe p\u00e5. Desuden sikrer vores komplette kundeservicesystem et problemfrit og effektivt samarbejde, hvor vi ikke kun fokuserer p\u00e5 design og kvalitet, men ogs\u00e5 p\u00e5 at levere <strong>F\u00f8rsteklasses kundesupport<\/strong>. Vi accepterer <strong>Krav til OEM og ODM<\/strong>s\u00e5 t\u00f8v ikke med at bes\u00f8ge vores fabrik n\u00e5r som helst for at se vores <strong>Produktionsprocessen i aktion<\/strong>-handler det om at opn\u00e5 en <strong>win-win-samarbejde<\/strong>.<\/p>\n<h3>Smagsprofiler: Udforsk 12 uds\u00f8gte muligheder for e-v\u00e6ske<\/h3>\n<p>Fork\u00e6l dig selv med vores mangfoldige <strong>Smagsvarianter til e-cigaretter<\/strong> liste, der er lavet af eksperter til at gl\u00e6de dine sanser og l\u00f8fte din <strong>Vaping-rejse<\/strong>. Hver smag bruger ingredienser af h\u00f8j kvalitet til en bl\u00f8d, forfriskende smag. Nedenfor er en komplet <strong>smagssortiment<\/strong> til Bang 9000-18000, med korte beskrivelser, der kan hj\u00e6lpe dig med at v\u00e6lge:<\/p>\n<p>1. <strong>Sur \u00e6ble-is<\/strong>: Et syrligt, spr\u00f8dt \u00e6bleudbrud efterfulgt af en k\u00f8lig, iskold finish - perfekt til opkvikkende \u00f8jeblikke.<br \/>2. <strong>Saftig fersken-is<\/strong>: S\u00f8d, saftig ferskenessens forst\u00e6rket af en k\u00f8lig is-undertone, der giver sommervibes \u00e5ret rundt.<br \/>3. <strong>Tredobbelt b\u00e6r-is<\/strong>: En forfriskende blanding af blandede b\u00e6r med et iskoldt kick, der giver fed s\u00f8dme og bl\u00f8d damp.<br \/>4. <strong>Kirseb\u00e6rbombe<\/strong>: Intense, s\u00f8de kirseb\u00e6rnoter, der eksploderer af smag, ideel til dem, der elsker robuste, frugtagtige profiler.<br \/>5. <strong>Jordb\u00e6r og vandmelon<\/strong>: Saftig vandmelon parret med modne jordb\u00e6r giver en forfriskende, t\u00f8rstslukkende kombination.<br \/>6. <strong>Blue Razz Ice<\/strong>: Syrlige bl\u00e5 hindb\u00e6r smeltet sammen med en k\u00f8lig isfornemmelse, der skaber en pikant og forfriskende vape.<br \/>7. <strong>Drue-is<\/strong>: Dyb drues\u00f8dme tempereret af et forfriskende, iskoldt lag, der fremkalder en nostalgisk, k\u00f8lig smag.<br \/>8. <strong>Jordb\u00e6r og banan<\/strong>: Cremet banan blandet med friske jordb\u00e6r, hvilket giver en bl\u00f8d, dessertlignende oplevelse.<br \/>9. <strong>Jordb\u00e6r og mango<\/strong>: Tropisk mango blandet med jordb\u00e6rs\u00f8dme for eksotisk, solkysset nydelse.<br \/>10. <strong>Vandmelon-is<\/strong>: Spr\u00f8d vandmelonsmag fordoblet af en iskold eftersmag, perfekt til forfriskninger p\u00e5 varme dage.<br \/>11. <strong>Mango Fersken<\/strong>: Fyldig mango smeltet sammen med saftig fersken, hvilket giver et glat og tilfredsstillende tropisk twist.<br \/>12. <strong>Blandet frugt<\/strong>: En livlig blanding af forskellige frugter med afbalanceret s\u00f8dme, der giver en alsidig og tilfredsstillende vape hele dagen.<\/p>\n<h3>Fordele ved Bang 9000-18000<\/h3>\n<p>At v\u00e6lge den <strong>Bang 9000-18000<\/strong> betyder at investere i en smartere <strong>alternativ til dampning<\/strong>. Det reducerer trangen til tobak ved at tilbyde kontrolleret <strong>Nikotinniveauer<\/strong> (0% eller 5%), hvilket hj\u00e6lper brugerne med at tage skridt mod en <strong>sundere livsstil<\/strong>. Den langtidsholdbare <strong>18.000 pust<\/strong> sikrer f\u00e6rre udskiftninger og omkostningsbesparelser, mens <strong>genopladeligt design<\/strong> via Type-C-port fremmer milj\u00f8venlighed ved at minimere affald. Som en <strong>F\u00f8rsteklasses engangsvape<\/strong>Den er konstrueret til at v\u00e6re diskret, b\u00e6rbar og l\u00e6kagesikker - perfekt til rejser eller daglig brug. Desuden garanterer vores globale certificeringer sikkerhed og kvalitet, hvilket g\u00f8r os til en p\u00e5lidelig partner p\u00e5 din rejse mod et r\u00f8gfrit liv. Bes\u00f8g vores hjemmeside for at udforske modeller og smagsvarianter; vi er her for at levere <strong>enest\u00e5ende kundeservice<\/strong> og st\u00f8tte dine dampbehov.<\/p>","protected":false},"excerpt":{"rendered":"<p>Oplev den kraftfulde <strong>Bang 9000-18000 engangs vape<\/strong>fyldt med <strong>18.000 pust<\/strong> og en massiv <strong>16 ml e-v\u00e6ske<\/strong> kapacitet.<br \/>V\u00e6lg din foretrukne <strong>Nikotinniveau: 0% eller 5%<\/strong>og nyd en af de <strong>12 forfriskende smagsvarianter<\/strong>.<br \/>Med <strong>Type-C-opladning<\/strong> og en <strong>650 mAh batteri<\/strong>Det er den ultimative <strong>b\u00e6rbar e-cigaret<\/strong> erfaring.<\/p>","protected":false},"featured_media":797,"comment_status":"open","ping_status":"closed","template":"","meta":[],"product_brand":[97],"product_cat":[17,860],"product_tag":[152,112,153,154,156,155],"class_list":{"0":"post-802","1":"product","2":"type-product","3":"status-publish","4":"has-post-thumbnail","6":"product_brand-zooy","7":"product_cat-uncategorized","8":"product_cat-zooy","9":"product_tag-bang-vape","10":"product_tag-disposable-vape","11":"product_tag-e-cigarette","12":"product_tag-high-puff-vape","13":"product_tag-rechargeable-e-cig","14":"product_tag-vape-flavors","16":"first","17":"instock","18":"sale","19":"shipping-taxable","20":"purchasable","21":"product-type-variable"},"jetpack_sharing_enabled":true,"tiered_pricing_type":"fixed","tiered_pricing_fixed_rules":[],"tiered_pricing_product_settings":{"layout":"default","base_unit_name":{"singular":null,"plural":null},"default_variation":null},"tiered_pricing_minimum_quantity":null,"tiered_pricing_roles_data":[],"tiered_pricing_percentage_rules":[],"tiered_pricing_maximum_quantity":null,"tiered_pricing_quantity_step":null,"_links":{"self":[{"href":"https:\/\/frvape.com\/da\/wp-json\/wp\/v2\/product\/802","targetHints":{"allow":["GET"]}}],"collection":[{"href":"https:\/\/frvape.com\/da\/wp-json\/wp\/v2\/product"}],"about":[{"href":"https:\/\/frvape.com\/da\/wp-json\/wp\/v2\/types\/product"}],"replies":[{"embeddable":true,"href":"https:\/\/frvape.com\/da\/wp-json\/wp\/v2\/comments?post=802"}],"wp:featuredmedia":[{"embeddable":true,"href":"https:\/\/frvape.com\/da\/wp-json\/wp\/v2\/media\/797"}],"wp:attachment":[{"href":"https:\/\/frvape.com\/da\/wp-json\/wp\/v2\/media?parent=802"}],"wp:term":[{"taxonomy":"product_brand","embeddable":true,"href":"https:\/\/frvape.com\/da\/wp-json\/wp\/v2\/product_brand?post=802"},{"taxonomy":"product_cat","embeddable":true,"href":"https:\/\/frvape.com\/da\/wp-json\/wp\/v2\/product_cat?post=802"},{"taxonomy":"product_tag","embeddable":true,"href":"https:\/\/frvape.com\/da\/wp-json\/wp\/v2\/product_tag?post=802"}],"curies":[{"name":"wp","href":"https:\/\/api.w.org\/{rel}","templated":true}]}}