{"id":864,"date":"2025-10-11T15:49:11","date_gmt":"2025-10-11T15:49:11","guid":{"rendered":"https:\/\/frvape.com\/product\/zooy-zero-45000-puffs-vape-ice-nic-control-adjustable-airflow\/"},"modified":"2025-11-26T09:12:49","modified_gmt":"2025-11-26T09:12:49","slug":"zooy-zero-45000-puffs-vape-ice-nic-control-justerbar-luftstrom","status":"publish","type":"product","link":"https:\/\/frvape.com\/da\/product\/zooy-zero-45000-puffs-vape-ice-nic-control-justerbar-luftstrom\/","title":{"rendered":"Zooy Zero 45000 Puffs Vape: ICE-NIC-kontrol og justerbar luftstr\u00f8m"},"content":{"rendered":"<h3>Revolution\u00e9r din dampoplevelse<\/h3>\n<p>Den <strong>Zooy Zero 45000 Puffs<\/strong> omdefinerer engangs e-cigaret-teknologi med banebrydende funktioner, der aldrig f\u00f8r er set p\u00e5 markedet. I mods\u00e6tning til almindelige engangsbrugere har denne revolutionerende enhed den eksklusive <strong>ICE-NIC-kontrol<\/strong> system, der giver dig mulighed for \u00f8jeblikkeligt at \u00e6ndre nikotinintensiteten (2% eller 5%) og niveauet for den k\u00f8lende fornemmelse med fingerspidserne.<\/p>\n<h3>Smart kontrol lige ved h\u00e5nden<\/h3>\n<p>Den integrerede <strong>ber\u00f8ringsf\u00f8lsom sk\u00e6rm<\/strong> sidder tydeligt p\u00e5 enhedens frontpanel og giver realtidsoverv\u00e5gning af batteristatus, e-juice-niveauer og aktuelle ICE\/NIC-indstillinger. Med tre justerbare nikotinudgange og tre niveauer af isintensitet skal du blot trykke p\u00e5 den intuitive smartsk\u00e6rm for at tilpasse hvert sug til dine n\u00f8jagtige pr\u00e6ferencer.<\/p>\n<h3>Udviklet til ydeevne<\/h3>\n<p>Drevet af avanceret <strong>0,6+1,5 dobbeltmasket spole<\/strong> Zooy Zero leverer uovertruffen smagskonsistens fra f\u00f8rste til sidste pust. Den <strong>justerbar luftstr\u00f8m<\/strong> Dial muligg\u00f8r en problemfri overgang mellem stramme Mouth-To-Lung- og Direct-To-Lung-tr\u00e6k. Kombineret med den massive <strong>1000 mAh genopladeligt batteri<\/strong> (Type-C-opladning), holder dette mesterv\u00e6rk en utrolig <strong>45.000 pust<\/strong> levetid.<\/p>\n<h3>Premium smagsspektrum<\/h3>\n<p>Oplev f\u00f8rsteklasses e-v\u00e6sker fra Pod Juice i 10 specialfremstillede smagsvarianter: <br \/><strong>Blue Razz Ice<\/strong><br \/><strong>Drue \u00c6ble<\/strong><br \/><strong>Bl\u00e5b\u00e6r-is<\/strong><br \/><strong>Bl\u00e5b\u00e6r-vandmelon<\/strong><br \/><strong>Vandmelon-is<\/strong><br \/><strong>Jordb\u00e6r og vandmelon<\/strong><br \/><strong>Mango Passion Guava<\/strong><br \/><strong>Citron-cola<\/strong><br \/><strong>Jordb\u00e6r Kiwi<\/strong><br \/><strong>Jordb\u00e6r-appelsin-pop<\/strong><br \/>Hver smag indeholder 5% nikotinkoncentration for tilfredsstillende throat hits.<\/p>\n<h3>Ergonomisk innovation<\/h3>\n<p>Kun vejning <strong>90g<\/strong> med dimensioner p\u00e5 <strong>51,1*21,5*106,96 mm<\/strong>Den blankpolerede enhed kombinerer massiv kapacitet med lommevenlig b\u00e6rbarhed. Den avancerede spolearkitektur (<strong>130G 0,6+1,5 dobbeltmasket<\/strong>) sikrer optimal dampproduktion, mens <strong>indbygget smart display<\/strong> leverer kompromisl\u00f8s funktionalitet i et engangsformat.<\/p>\n<h3>Tekniske specifikationer<\/h3>\n<p><strong>NIC&amp;ICE-kontrol:<\/strong> 3-trins justering for begge funktioner<br \/><strong>Antal pust:<\/strong> 45.000 pust pr. enhed<br \/><strong>Spoleteknologi:<\/strong> Dual Mesh 0,6 ohm + 1,5 ohm<br \/><strong>Batteri:<\/strong> Integreret 1000mAh genopladelig<br \/><strong>Opladning:<\/strong> Type-C hurtig opladningsport<br \/><strong>Sk\u00e6rm:<\/strong> Touch-aktiveret smart sk\u00e6rm<br \/><strong>Luftstr\u00f8mssystem:<\/strong> Justerbar ringkontrol<br \/><strong>Dimensioner:<\/strong> 51,1 \u00d7 21,5 \u00d7 106,96 mm<br \/><strong>V\u00e6gt:<\/strong> 90 g (letv\u00e6gtsdesign)<\/p>\n<h3>Branchef\u00f8rende innovation<\/h3>\n<p>Zooy Zero st\u00e5r alene som det eneste engangstilbud i realtid. <strong>Tilpasning af nikotin og is<\/strong> - et paradigmeskift fra alternativer med en enkelt indstilling. Enhedens plastikhus udstr\u00e5ler f\u00f8rsteklasses \u00e6stetik gennem levende farvekodede designs, der svarer til hver unik smagsprofil. Kombineret med dens hidtil usete puff-kapacitet og intelligente diagnostik repr\u00e6senterer denne enhed det ypperste inden for dampbekvemmelighed.<\/p>\n<p>Hvert element - fra den pr\u00e6cist kalibrerede <strong>dobbelte netspoler<\/strong> til det sofistikerede chips\u00e6t, der regulerer dampudbyttet - er blevet forfinet for at opn\u00e5 maksimal tilfredshed. Den <strong>justerbar luftstr\u00f8m<\/strong> Dial transformerer fysisk tr\u00e6kmodstanden og giver tilpasset t\u00e6thed, uanset om du foretr\u00e6kker diskret MTL eller volumin\u00f8se DTL-skyer. Glem almindelige engangsartikler; Zooy Zero 45000 med <strong>ICE-NIC-kontrol<\/strong> leverer pr\u00e6cision i laboratoriekvalitet i din h\u00e5ndflade.<\/p>","protected":false},"excerpt":{"rendered":"<p>Oplev den revolutionerende <strong>Zooy Zero 45000<\/strong> engangs vape med branchens f\u00f8rste <strong>ICE-NIC-kontrol<\/strong> teknologi.<br \/>Juster nikotinstyrke (2%\/5%) og isniveauer via <strong>ber\u00f8ringsf\u00f8lsom sk\u00e6rm<\/strong> med en levetid p\u00e5 45.000 pust.<br \/>Har dobbelte netspoler og <strong>justerbar luftstr\u00f8m<\/strong> til skr\u00e6ddersyet dampning.<\/p>","protected":false},"featured_media":858,"comment_status":"open","ping_status":"closed","template":"","meta":[],"product_brand":[97],"product_cat":[860],"product_tag":[162,163,112,161,164],"class_list":{"0":"post-864","1":"product","2":"type-product","3":"status-publish","4":"has-post-thumbnail","6":"product_brand-zooy","7":"product_cat-zooy","8":"product_tag-45000-puffs","9":"product_tag-adjustable-airflow","10":"product_tag-disposable-vape","11":"product_tag-ice-nic-control","12":"product_tag-touchscreen-vape","14":"first","15":"instock","16":"sale","17":"shipping-taxable","18":"purchasable","19":"product-type-variable"},"jetpack_sharing_enabled":true,"tiered_pricing_type":"fixed","tiered_pricing_fixed_rules":[],"tiered_pricing_product_settings":{"layout":"default","base_unit_name":{"singular":null,"plural":null},"default_variation":null},"tiered_pricing_minimum_quantity":null,"tiered_pricing_roles_data":[],"tiered_pricing_percentage_rules":[],"tiered_pricing_maximum_quantity":null,"tiered_pricing_quantity_step":null,"_links":{"self":[{"href":"https:\/\/frvape.com\/da\/wp-json\/wp\/v2\/product\/864","targetHints":{"allow":["GET"]}}],"collection":[{"href":"https:\/\/frvape.com\/da\/wp-json\/wp\/v2\/product"}],"about":[{"href":"https:\/\/frvape.com\/da\/wp-json\/wp\/v2\/types\/product"}],"replies":[{"embeddable":true,"href":"https:\/\/frvape.com\/da\/wp-json\/wp\/v2\/comments?post=864"}],"wp:featuredmedia":[{"embeddable":true,"href":"https:\/\/frvape.com\/da\/wp-json\/wp\/v2\/media\/858"}],"wp:attachment":[{"href":"https:\/\/frvape.com\/da\/wp-json\/wp\/v2\/media?parent=864"}],"wp:term":[{"taxonomy":"product_brand","embeddable":true,"href":"https:\/\/frvape.com\/da\/wp-json\/wp\/v2\/product_brand?post=864"},{"taxonomy":"product_cat","embeddable":true,"href":"https:\/\/frvape.com\/da\/wp-json\/wp\/v2\/product_cat?post=864"},{"taxonomy":"product_tag","embeddable":true,"href":"https:\/\/frvape.com\/da\/wp-json\/wp\/v2\/product_tag?post=864"}],"curies":[{"name":"wp","href":"https:\/\/api.w.org\/{rel}","templated":true}]}}