{"id":8651,"date":"2025-10-14T08:10:12","date_gmt":"2025-10-14T08:10:12","guid":{"rendered":"https:\/\/frvape.com\/product\/vapsolo-dg18000-rechargeable-disposable-vape-with-lcd-screen-18000-puffs\/"},"modified":"2025-12-16T08:39:36","modified_gmt":"2025-12-16T08:39:36","slug":"vapsolo-dg18000-genopladelig-engangs-vape-med-lcd-skaerm-18000-pust","status":"publish","type":"product","link":"https:\/\/frvape.com\/da\/product\/vapsolo-dg18000-genopladelig-engangs-vape-med-lcd-skaerm-18000-pust\/","title":{"rendered":"Vapsolo DG18000 Genopladelig engangs-vape med LCD-sk\u00e6rm | 18.000 pust"},"content":{"rendered":"<h3>Vi pr\u00e6senterer Vapsolo DG18000: En revolutionerende engangs-vape<\/h3>\n<p>Den <strong>Vapsolo DG18000<\/strong> er konstrueret til uovertruffen bekvemmelighed og ydeevne med en slank krop, der er fremstillet af to harmonisk syede farver. Med en massiv <strong>28 ml forudfyldt e-v\u00e6ske<\/strong> kapacitet og en kraftig <strong>650 mAh genopladeligt batteri<\/strong>leverer denne vape op til <strong>18.000 pust<\/strong>og sikrer langvarig gl\u00e6de. Den er designet med en brugerfokuseret tilgang og indeholder en <strong>Luftstr\u00f8mskontrolsystem<\/strong> og fungerer med to valgbare tilstande-<strong>smart-tilstand<\/strong> og <strong>boost-tilstand<\/strong>-for en skr\u00e6ddersyet oplevelse. Uanset om du er nybegynder eller en skyj\u00e6ger, kombinerer Vapsolo DG18000 f\u00f8rsteklasses \u00e6stetik med banebrydende teknologi for at give en problemfri, bekymringsfri dampoplevelse.<\/p>\n<h3>N\u00f8glefunktioner og innovationer<\/h3>\n<p>Vapsolo DG18000 skiller sig ud med sine avancerede funktioner, der optimerer brugervenlighed og tilfredshed. Den <strong>LCD-sk\u00e6rm<\/strong> sporer omhyggeligt b\u00e5de <strong>Batteriets levetid<\/strong> og <strong>v\u00e6skeniveauer<\/strong> i realtid ved hj\u00e6lp af et ikon-display med fire niveauer, der holder dig fuldt informeret under hver brug. En <strong>LED-indikatorlys<\/strong> forbedrer kontrollen yderligere ved at styre skift af tilstand og advare om brugsstatus. Skift ubesv\u00e6ret mellem <strong>j\u00e6vn tilstand<\/strong> for en ensartet, blid dampning (angivet med et gr\u00f8nt ikon) og <strong>Str\u00f8mtilstand<\/strong> for intensiveret smag og aroma (angivet med et r\u00f8dt ikon). Denne vape indeholder en <strong>Ikke-genopfyldeligt design<\/strong> for l\u00e6kagesikker p\u00e5lidelighed og en <strong>Dobbeltmasket spole<\/strong> for at sikre en rig dampproduktion. Plus, dens inkludering af en <strong>Type-C opladningsport<\/strong> garanterer hurtig opladning, hvilket g\u00f8r den til det bedste valg til en livsstil p\u00e5 farten.<\/p>\n<h3>Smagsmuligheder<\/h3>\n<p>V\u00e6lg mellem vores mangfoldige palet af 10 l\u00e6kre smagsvarianter, der hver is\u00e6r er skabt til enest\u00e5ende smag og tilfredshed:<br \/>\n- Jordb\u00e6r Kiwi<br \/>\n- Blandede b\u00e6r<br \/>\n- Fersken Mango Ananas<br \/>\n- Passionsfrugt Kiwi Is<br \/>\n- Citron Lime<br \/>\n- Vandmelon-is<br \/>\n- Jordb\u00e6r og banan<br \/>\n- Prime Jordb\u00e6r Vandmelon<br \/>\n- Red Bull<br \/>\n- Bl\u00e5b\u00e6r Kirseb\u00e6r Traneb\u00e6r<\/p>\n<h3>Kompakt og rejseklar design<\/h3>\n<p>Omfavn en vape, der udm\u00e6rker sig i b\u00e5de form og funktion. Den kompakte, lette struktur, der kun vejer <strong>95 g pr. stk.<\/strong>sikrer et behageligt greb og ubesv\u00e6ret b\u00e6rbarhed. Oplev op til <strong>18.000 pust<\/strong> med tillid til, at dens holdbare konstruktion t\u00e5ler daglig brug. Denne model er designet til bekymringsfri nydelse overalt og l\u00e6gger v\u00e6gt p\u00e5 sikker h\u00e5ndtering, der forbedrer hvert eneste damp\u00f8jeblik.<\/p>\n<h3>Detaljerede specifikationer<\/h3>\n<p>Vapsolo DG18000 er sp\u00e6kket med h\u00f8jtydende specifikationer til en uovertruffen v\u00e6rdi. N\u00f8glespecifikationer inkluderer: <strong>Kontrol af luftstr\u00f8m<\/strong> system til justerbart tr\u00e6k; en ekspansiv <strong>E-v\u00e6ske-kapacitet p\u00e5 28 ml<\/strong>; en p\u00e5lidelig <strong>Batterikapacitet p\u00e5 650 mAh<\/strong>; a <strong>netspole<\/strong> med <strong>0,6\u03a9 modstand<\/strong> for j\u00e6vne hits; hurtig opladning via en <strong>Type-C-port<\/strong>Kan ikke genopfyldes for \u00f8get sikkerhed. Emballagelogistikken sikrer effektivitet: Hver karton indeholder 200 stykker, pakket i 10 kasser pr. karton; med m\u00e5lene 44*43*26,5 cm og en samlet v\u00e6gt p\u00e5 18,6 kg pr. karton. Dette g\u00f8r bulkbestilling ideel for distribut\u00f8rer, der \u00f8nsker konkurrencedygtige priser og hurtig levering.<\/p>","protected":false},"excerpt":{"rendered":"<p>Oplev den f\u00f8rsteklasses Vapsolo DG18000 med <strong>digital LCD-sk\u00e6rm<\/strong> til overv\u00e5gning i realtid. Op til <strong>18.000 pust<\/strong>, <strong>28 ml e-v\u00e6ske-kapacitet<\/strong>og <strong>genopladeligt batteri p\u00e5 650 mAh<\/strong>. Funktioner <strong>luftstr\u00f8mskontrol<\/strong> og dobbelte tilstande. F\u00e5s i 10 l\u00e6kre smagsvarianter.<br \/>\nMassebestillinger giver de bedste priser og hurtig levering.<\/p>","protected":false},"featured_media":8645,"comment_status":"open","ping_status":"closed","template":"","meta":[],"product_brand":[408],"product_cat":[863],"product_tag":[383,308,112,372,115,710],"class_list":{"0":"post-8651","1":"product","2":"type-product","3":"status-publish","4":"has-post-thumbnail","6":"product_brand-vapsolo","7":"product_cat-vapsolo","8":"product_tag-18000-puffs","9":"product_tag-digital-screen-vape","10":"product_tag-disposable-vape","11":"product_tag-mesh-coil","12":"product_tag-rechargeable-vape","13":"product_tag-vapsolo-dg18000","15":"first","16":"instock","17":"sale","18":"shipping-taxable","19":"purchasable","20":"product-type-variable"},"jetpack_sharing_enabled":true,"tiered_pricing_type":"fixed","tiered_pricing_fixed_rules":[],"tiered_pricing_product_settings":{"layout":"default","base_unit_name":{"singular":null,"plural":null},"default_variation":null},"tiered_pricing_minimum_quantity":null,"tiered_pricing_roles_data":[],"tiered_pricing_percentage_rules":[],"tiered_pricing_maximum_quantity":null,"tiered_pricing_quantity_step":null,"_links":{"self":[{"href":"https:\/\/frvape.com\/da\/wp-json\/wp\/v2\/product\/8651","targetHints":{"allow":["GET"]}}],"collection":[{"href":"https:\/\/frvape.com\/da\/wp-json\/wp\/v2\/product"}],"about":[{"href":"https:\/\/frvape.com\/da\/wp-json\/wp\/v2\/types\/product"}],"replies":[{"embeddable":true,"href":"https:\/\/frvape.com\/da\/wp-json\/wp\/v2\/comments?post=8651"}],"wp:featuredmedia":[{"embeddable":true,"href":"https:\/\/frvape.com\/da\/wp-json\/wp\/v2\/media\/8645"}],"wp:attachment":[{"href":"https:\/\/frvape.com\/da\/wp-json\/wp\/v2\/media?parent=8651"}],"wp:term":[{"taxonomy":"product_brand","embeddable":true,"href":"https:\/\/frvape.com\/da\/wp-json\/wp\/v2\/product_brand?post=8651"},{"taxonomy":"product_cat","embeddable":true,"href":"https:\/\/frvape.com\/da\/wp-json\/wp\/v2\/product_cat?post=8651"},{"taxonomy":"product_tag","embeddable":true,"href":"https:\/\/frvape.com\/da\/wp-json\/wp\/v2\/product_tag?post=8651"}],"curies":[{"name":"wp","href":"https:\/\/api.w.org\/{rel}","templated":true}]}}