{"id":9441,"date":"2025-10-31T15:39:56","date_gmt":"2025-10-31T15:39:56","guid":{"rendered":"https:\/\/frvape.com\/product\/irex-quadra-4-in-1-disposable-vape-100k-puffs-100ml-e-liquid-rechargeable\/"},"modified":"2025-11-04T02:28:47","modified_gmt":"2025-11-04T02:28:47","slug":"irex-quadra-4-i-1-engangs-vape-100k-puffs-100ml-e-vaeske-genopladelig","status":"publish","type":"product","link":"https:\/\/frvape.com\/da\/product\/irex-quadra-4-i-1-engangs-vape-100k-puffs-100ml-e-vaeske-genopladelig\/","title":{"rendered":"IREX QUADRA 4-i-1 engangs-vape - 100K pust, 100mL e-v\u00e6ske, genopladelig"},"content":{"rendered":"<p>Den <strong>IREX QUADRA<\/strong> er en n\u00e6ste generations 4-i-1 engangsdamper, der er designet til dampere, som \u00f8nsker variation, lang levetid og bekvemmelighed. Denne damp kombinerer fire uafh\u00e6ngige pods i en enkelt enhed og leverer op til 100.000 pust med 100 ml forudfyldt e-v\u00e6ske, hvilket g\u00f8r den til en af de mest langtidsholdbare og alsidige engangsdampere p\u00e5 markedet.<\/p>\n<p>Med et kraftigt genopladeligt batteri p\u00e5 1000 mAh og hurtig Type-C-opladning er <strong>IREX QUADRA<\/strong> sikrer kontinuerlig dampning uden afbrydelser. Hver af de fire dobbelte netspoler (1,0\u03a9 modstand) garanterer j\u00e6vn, t\u00e6t og smagfuld damp p\u00e5 tv\u00e6rs af alle pods. Det er nemt <strong>Drej for at skifte<\/strong> mellem fire forskellige smagsvarianter via den intuitive v\u00e6lger, der giver flere smagsoplevelser i \u00e9n kompakt enhed.<\/p>\n<h3>Specifikationer for enheden<\/h3>\n<p>Den <strong>IREX QUADRA<\/strong> indeholder 1 enhed + 4 pods, der giver 4\u00d725 ml til en samlet kapacitet p\u00e5 100 ml e-v\u00e6ske. Den har et 1000 mAh batteri med <strong>Type-C-opladning<\/strong>op til 100.000 pust og en modstand p\u00e5 1,0 ohm med 4\u00d7dual mesh coils for ensartet ydeevne. Den 4-i-1 engangs vape-pen har 4 tanke i \u00e9n, s\u00e5 du nemt kan skifte smag, og den har en sk\u00e6rm med kapacitet og batteri til overv\u00e5gning i realtid, s\u00e5 du kan holde dine sessioner problemfri.<\/p>\n<h3>Vigtige funktioner<\/h3>\n<p>Nyd en <strong>Langvarig dampning<\/strong> med f\u00f8rsteklasses smagskvalitet fra de dobbelte netspoler, der er perfekte til udskiftning af flere enheder. Det kompakte, men kraftfulde design g\u00f8r den ideel til personlig brug, gaver eller engroshandel. Hvorfor v\u00e6lge <strong>IREX QUADRA<\/strong>? Den giver maksimal variation og vedvarende ydeevne med 4 smagsvarianter i \u00e9n pen.<\/p>\n<h3>Smagsmuligheder<\/h3>\n<p>Udforsk en bred vifte af l\u00e6kre smagskombinationer i denne <strong>4-i-1-vape<\/strong> pen:<\/p>\n<p><strong>Red Bull &amp; Kirseb\u00e6r Granat\u00e6ble &amp; Hindb\u00e6r<\/strong><br \/><strong>Vandmelon-is &amp; tropisk frugt &amp; jordb\u00e6r-hindb\u00e6r &amp; \u00e6ble-kiwi-is<\/strong><br \/><strong>Ferskenis &amp; bl\u00e5b\u00e6r Mynte &amp; jordb\u00e6r Vandmelon &amp; bl\u00e5b\u00e6r Kirseb\u00e6r Traneb\u00e6r<\/strong><br \/><strong>Strawberry Watermelon &amp; Pineapple Coconut Ice &amp; Kiwi Passion Fruit Guava &amp; Grape Burst<\/strong><br \/><strong>Vandmelon &amp; Citron Lime<\/strong><br \/><strong>Strawberry Ice &amp; Red Bull &amp; Strawberry Grape &amp; Double Apple<\/strong><br \/><strong>Bl\u00e5b\u00e6r-is &amp; \u00e6ble-kiwi-is &amp; Blue Razz-kirseb\u00e6r &amp; tropisk frugt<\/strong><br \/><strong>Kiwi Dragon Berry &amp; Blueberry Watermelon &amp; Strawberry Banana &amp; Cherry Ice<\/strong><br \/><strong>Passionsfrugt<\/strong><br \/><strong>Blue Razz Ice &amp; Watermelon Ice &amp; Strawberry Ice &amp; Lemon Lime<\/strong><br \/><strong>Cherry Cola &amp; Lemon Peach &amp; Pink Lemonade &amp; Mango<\/strong><br \/><strong>Jordb\u00e6r Kiwi &amp; Bl\u00e5b\u00e6r Mynte &amp; Sur Mango Ananas &amp; Jordb\u00e6r Vandmelon Is<\/strong><\/p>\n<p>Perfekt til at dampe hele dagen, den <strong>IREX QUADRA<\/strong> Tilbud <strong>Roterende smagsvarianter<\/strong> og enest\u00e5ende byggekvalitet. Overv\u00e5g batteri- og e-v\u00e6skeniveauet, mens du er p\u00e5 farten, og f\u00e5 en problemfri oplevelse. Denne alsidige vape er din ultimative l\u00f8sning til endel\u00f8s nydelse uden at skulle b\u00e6re rundt p\u00e5 ekstra enheder.<\/p>","protected":false},"excerpt":{"rendered":"<p>Oplev uovertruffen variation med <strong>IREX QUADRA 4in1<\/strong> Engangsvape med 100.000 pust, en massiv kapacitet p\u00e5 100 ml e-v\u00e6ske og et batteri p\u00e5 1000 mAh. <strong>Drej for at skifte<\/strong> Skift ubesv\u00e6ret mellem fire smagsvarianter og nyd langvarig nydelse.<\/p>","protected":false},"featured_media":9435,"comment_status":"open","ping_status":"closed","template":"","meta":[],"product_brand":[736],"product_cat":[1016,896],"product_tag":[779,778,112,777,115,780],"class_list":{"0":"post-9441","1":"product","2":"type-product","3":"status-publish","4":"has-post-thumbnail","6":"product_brand-irex","7":"product_cat-big-puffs-vapes","8":"product_cat-irex","9":"product_tag-100000-puffs","10":"product_tag-4in1-vape","11":"product_tag-disposable-vape","12":"product_tag-irex-quadra","13":"product_tag-rechargeable-vape","14":"product_tag-rotating-flavors","16":"first","17":"instock","18":"sale","19":"shipping-taxable","20":"purchasable","21":"product-type-variable"},"jetpack_sharing_enabled":true,"tiered_pricing_type":"fixed","tiered_pricing_fixed_rules":[],"tiered_pricing_product_settings":{"layout":"default","base_unit_name":{"singular":null,"plural":null},"default_variation":null},"tiered_pricing_minimum_quantity":null,"tiered_pricing_roles_data":[],"tiered_pricing_percentage_rules":[],"tiered_pricing_maximum_quantity":null,"tiered_pricing_quantity_step":null,"_links":{"self":[{"href":"https:\/\/frvape.com\/da\/wp-json\/wp\/v2\/product\/9441","targetHints":{"allow":["GET"]}}],"collection":[{"href":"https:\/\/frvape.com\/da\/wp-json\/wp\/v2\/product"}],"about":[{"href":"https:\/\/frvape.com\/da\/wp-json\/wp\/v2\/types\/product"}],"replies":[{"embeddable":true,"href":"https:\/\/frvape.com\/da\/wp-json\/wp\/v2\/comments?post=9441"}],"wp:featuredmedia":[{"embeddable":true,"href":"https:\/\/frvape.com\/da\/wp-json\/wp\/v2\/media\/9435"}],"wp:attachment":[{"href":"https:\/\/frvape.com\/da\/wp-json\/wp\/v2\/media?parent=9441"}],"wp:term":[{"taxonomy":"product_brand","embeddable":true,"href":"https:\/\/frvape.com\/da\/wp-json\/wp\/v2\/product_brand?post=9441"},{"taxonomy":"product_cat","embeddable":true,"href":"https:\/\/frvape.com\/da\/wp-json\/wp\/v2\/product_cat?post=9441"},{"taxonomy":"product_tag","embeddable":true,"href":"https:\/\/frvape.com\/da\/wp-json\/wp\/v2\/product_tag?post=9441"}],"curies":[{"name":"wp","href":"https:\/\/api.w.org\/{rel}","templated":true}]}}