{"id":6833,"date":"2025-10-13T02:15:51","date_gmt":"2025-10-13T02:15:51","guid":{"rendered":"https:\/\/frvape.com\/?page_id=6833"},"modified":"2025-10-13T06:28:40","modified_gmt":"2025-10-13T06:28:40","slug":"uber-uns","status":"publish","type":"page","link":"https:\/\/frvape.com\/de\/uber-uns\/","title":{"rendered":"\u00dcber uns"},"content":{"rendered":"<div data-elementor-type=\"wp-page\" data-elementor-id=\"6833\" class=\"elementor elementor-6833\">\n\t\t\t\t<div class=\"elementor-element elementor-element-572db281 e-flex e-con-boxed e-con e-parent\" data-id=\"572db281\" data-element_type=\"container\">\n\t\t\t\t\t<div class=\"e-con-inner\">\n\t\t\t\t<div class=\"elementor-element elementor-element-21637a1a elementor-widget elementor-widget-text-editor\" data-id=\"21637a1a\" data-element_type=\"widget\" data-widget_type=\"text-editor.default\">\n\t\t\t\t\t\t\t\t\t<div style=\"width: 755px; max-width: 1570px; color: #232323; font-family: Lato, sans-serif;\">\n<h3 style=\"color: #0a0a0a; width: 755px;\">Gro\u00dfeinkauf von Einweg-Vapes online bei FR VAPE<\/h3>\n<\/div>\n<p dir=\"auto\" style=\"color: #232323; font-family: Lato, sans-serif;\">Willkommen bei<a href=\"https:\/\/frvape.com\/de\/\"><span style=\"color: #00aae7;\"> FR vape<\/span><\/a>, Ihre erste Online-Adresse f\u00fcr <span style=\"color: #00ccff;\">FR<a style=\"background-color: rgba(255, 255, 255, 0); color: #00ccff;\" href=\"https:\/\/frvape.com\/de\/\">\u00a0vapes<\/a><\/span>. Mit einer reichen Geschichte, die sich \u00fcber 5 Jahre in der Branche erstreckt, sind wir stolz darauf, ein vielf\u00e4ltiges Angebot an erstklassigen Marken wie Bang King, Al Fakher Vape, Vapeme, Waspe, RandM Tornado, Bang Box und mehr anzubieten.<\/p>\n<p dir=\"auto\" style=\"color: #232323; font-family: Lato, sans-serif;\">Wir von FR Vapes sind ein Leuchtturm der Exzellenz in der Welt des elektronischen Dampfens. Unsere Produkte haben zahlreiche L\u00e4nder weltweit erreicht, ein Beweis f\u00fcr unser Engagement f\u00fcr Qualit\u00e4t und Kundenzufriedenheit. Als erfahrene Fachleute im Bereich des E-Zigarettenvertriebs bedienen wir sowohl die Bed\u00fcrfnisse des Einzel- als auch des Gro\u00dfhandels und stellen sicher, dass unsere Kunden die besten Produkte und Dienstleistungen auf dem Markt erhalten.<\/p>\n<p dir=\"auto\" style=\"color: #232323; font-family: Lato, sans-serif;\">Unsere Website,<a href=\"https:\/\/frvape.com\/de\/\"> FR vape.com,<\/a> dient als Drehscheibe f\u00fcr Enthusiasten und Neulinge gleicherma\u00dfen und bietet ein nahtloses Einkaufserlebnis und eine gro\u00dfe Auswahl an\u00a0<a style=\"background-color: rgba(255, 255, 255, 0); color: #1e73be;\" href=\"https:\/\/frvape.com\/de\/\">Einweg-E-Zigarette<\/a>\u00a0Optionen. Egal, ob Sie auf der Suche nach den neuesten Innovationen oder zeitlosen Klassikern sind, FR vape ist Ihr zuverl\u00e4ssiger Partner in der Welt des Vapings.<\/p>\n<p dir=\"auto\" style=\"color: #232323; font-family: Lato, sans-serif;\">Begleiten Sie uns auf dieser Reise, w\u00e4hrend wir die Standards f\u00fcr Spitzenleistungen in der Branche neu definieren.\u00a0<a style=\"background-color: rgba(255, 255, 255, 0); color: #1e73be;\" href=\"https:\/\/frvape.com\/de\/\">Einweg-Vape<\/a>\u00a0Industrie. Erleben Sie den Unterschied mit Aiviouvapes - wo Qualit\u00e4t, Vielfalt und Kundenzufriedenheit nahtlos zusammenlaufen.<\/p>\n<p>\u00a0<\/p>\n<p style=\"color: #232323; font-family: Lato, sans-serif;\"><span style=\"font-weight: bolder;\">WhatsApp:<\/span> +86 133 6063 1532<\/p>\t\t\t\t\t\t\t\t<\/div>\n\t\t\t\t\t<\/div>\n\t\t\t\t<\/div>\n\t\t\t\t<\/div>","protected":false},"excerpt":{"rendered":"<p>Bulk Buy Disposable Vapes Online from FR VAPE Welcome to FR vape, your premier online destination for FR\u00a0vapes. With a rich history spanning over 5 years in the industry, we take pride in offering a diverse range of top-tier brands such as Bang King, Al Fakher Vape, Vapeme, Waspe, RandM Tornado, Bang Box, and more. [&#8230;]","protected":false},"author":1,"featured_media":0,"parent":0,"menu_order":0,"comment_status":"closed","ping_status":"closed","template":"","meta":{"footnotes":""},"class_list":["post-6833","page","type-page","status-publish","hentry"],"jetpack_sharing_enabled":true,"_links":{"self":[{"href":"https:\/\/frvape.com\/de\/wp-json\/wp\/v2\/pages\/6833","targetHints":{"allow":["GET"]}}],"collection":[{"href":"https:\/\/frvape.com\/de\/wp-json\/wp\/v2\/pages"}],"about":[{"href":"https:\/\/frvape.com\/de\/wp-json\/wp\/v2\/types\/page"}],"author":[{"embeddable":true,"href":"https:\/\/frvape.com\/de\/wp-json\/wp\/v2\/users\/1"}],"replies":[{"embeddable":true,"href":"https:\/\/frvape.com\/de\/wp-json\/wp\/v2\/comments?post=6833"}],"version-history":[{"count":12,"href":"https:\/\/frvape.com\/de\/wp-json\/wp\/v2\/pages\/6833\/revisions"}],"predecessor-version":[{"id":7106,"href":"https:\/\/frvape.com\/de\/wp-json\/wp\/v2\/pages\/6833\/revisions\/7106"}],"wp:attachment":[{"href":"https:\/\/frvape.com\/de\/wp-json\/wp\/v2\/media?parent=6833"}],"curies":[{"name":"wp","href":"https:\/\/api.w.org\/{rel}","templated":true}]}}