{"id":6910,"date":"2025-10-13T03:29:02","date_gmt":"2025-10-13T03:29:02","guid":{"rendered":"https:\/\/frvape.com\/?page_id=6910"},"modified":"2025-10-13T13:23:47","modified_gmt":"2025-10-13T13:23:47","slug":"faqs","status":"publish","type":"page","link":"https:\/\/frvape.com\/de\/faqs\/","title":{"rendered":"FAQs"},"content":{"rendered":"<div data-elementor-type=\"wp-page\" data-elementor-id=\"6910\" class=\"elementor elementor-6910\">\n\t\t\t\t<div class=\"elementor-element elementor-element-7160fb7f e-flex e-con-boxed e-con e-parent\" data-id=\"7160fb7f\" data-element_type=\"container\">\n\t\t\t\t\t<div class=\"e-con-inner\">\n\t\t\t\t<div class=\"elementor-element elementor-element-2c88839a elementor-widget elementor-widget-text-editor\" data-id=\"2c88839a\" data-element_type=\"widget\" data-widget_type=\"text-editor.default\">\n\t\t\t\t\t\t\t\t\t\t\t\t\t\t\t\t\t<\/div>\n\t\t\t\t\t<\/div>\n\t\t\t\t<\/div>\n\t\t<div class=\"elementor-element elementor-element-e89950c e-flex e-con-boxed e-con e-parent\" data-id=\"e89950c\" data-element_type=\"container\">\n\t\t\t\t\t<div class=\"e-con-inner\">\n\t\t\t\t<div class=\"elementor-element elementor-element-6e3cd73 elementor-widget elementor-widget-heading\" data-id=\"6e3cd73\" data-element_type=\"widget\" data-widget_type=\"heading.default\">\n\t\t\t\t\t<h1 class=\"elementor-heading-title elementor-size-default\"><b>FAQs<\/b><\/h1>\t\t\t\t<\/div>\n\t\t\t\t\t<\/div>\n\t\t\t\t<\/div>\n\t\t<div class=\"elementor-element elementor-element-87cee18 e-flex e-con-boxed e-con e-parent\" data-id=\"87cee18\" data-element_type=\"container\">\n\t\t\t\t\t<div class=\"e-con-inner\">\n\t\t\t\t<div class=\"elementor-element elementor-element-9ea1ab8 elementor-widget elementor-widget-text-editor\" data-id=\"9ea1ab8\" data-element_type=\"widget\" data-widget_type=\"text-editor.default\">\n\t\t\t\t\t\t\t\t\t<p><strong>1. wann wird es verschickt?<\/strong><br \/>Die Vorbereitungszeit f\u00fcr die Bestellung betr\u00e4gt 2-3 Arbeitstage nach der Vorbereitung<\/p>\n<p><strong>2. die Versandzeit<\/strong><br \/>Der Versand an Ihre Adresse dauert etwa 3-8 Arbeitstage. Die Standardversandlogistik in Europa ist DHL.<\/p>\n<p><strong>3. \u00fcber Geschmack<\/strong><br \/>10pcs\/Kasten\/Geschmack, k\u00f6nnen Sie den Geschmack w\u00e4hlen, den Sie w\u00fcnschen, wenn irgendein Geschmack, den Sie w\u00e4hlen, nicht instock ist, ich contactyou, um zu \u00e4ndern<\/p>\n<p><strong>4. welche Zahlungsarten akzeptieren Sie?<\/strong><br \/>Wir unterst\u00fctzen die folgenden Zahlungsarten: Kredit-\/Debitkarte, Direkt\u00fcberweisung, Bezahlen mit Krypto, BLIK, Bancontact, iDEAL, Multibanco, MyBank, Przelewy24, Trustly und EPS und mehr. Sie k\u00f6nnen die verf\u00fcgbaren Zahlungsoptionen auf der Kassenseite einsehen.<\/p>\n<p><strong>5. warum wurde meine Zahlung abgelehnt?<\/strong><br \/><strong>Zahlungen k\u00f6nnen abgelehnt werden f\u00fcr<\/strong> verschiedene Gr\u00fcnde, wie z. B. falsche Kreditkarteninformationen, unzureichende Geldmittel oder Probleme mit dem Zahlungsanbieter. Bitte vergewissern Sie sich, dass die von Ihnen angegebenen Zahlungsinformationen korrekt sind, oder kontaktieren Sie Ihren Zahlungsanbieter, um das Problem zu l\u00f6sen.<\/p>\n<p><strong>6. ist die Zahlung sicher?<\/strong><br \/>Wir ergreifen mehrere Ma\u00dfnahmen, um die Sicherheit von Zahlungen zu gew\u00e4hrleisten, darunter Verschl\u00fcsselungstechnologie und eine Zahlungsabwicklung, die den PCI-Standards entspricht.<\/p>\n<p><strong>7 Wie kann ich nach einer Zahlung eine Auftragsbest\u00e4tigung erhalten?<\/strong><br \/>Unmittelbar nach erfolgreicher Zahlung erhalten Sie eine Bestellbest\u00e4tigung per E-Mail mit detaillierten Bestellinformationen.<\/p>\n<p><strong>8. wie kann ich eine R\u00fcckerstattung beantragen?<\/strong><br \/>Wenn Sie eine R\u00fcckerstattung ben\u00f6tigen, wenden Sie sich bitte unter Angabe der Bestelldaten an unser Kundendienstteam. Wir helfen Ihnen bei der Bearbeitung von R\u00fcckerstattungsantr\u00e4gen in \u00dcbereinstimmung mit unseren R\u00fcckerstattungsrichtlinien.<\/p>\t\t\t\t\t\t\t\t<\/div>\n\t\t\t\t\t<\/div>\n\t\t\t\t<\/div>\n\t\t\t\t<\/div>","protected":false},"excerpt":{"rendered":"<p>FAQs 1.When will it be shipped?Order prepare time is 2-3 working daysafter prepare 2.Shipping timeIt will take about 3-8working days to ship to your address.. The default shipping logistics in Europe is DHL. 3.About taste10pcs\/box\/flavor, you can choose theflavor you want, if some flavor whichyou choose is not instock,i will contactyou to chang 4.Which payment [&#8230;]","protected":false},"author":1,"featured_media":0,"parent":0,"menu_order":0,"comment_status":"closed","ping_status":"closed","template":"","meta":{"footnotes":""},"class_list":["post-6910","page","type-page","status-publish","hentry"],"jetpack_sharing_enabled":true,"_links":{"self":[{"href":"https:\/\/frvape.com\/de\/wp-json\/wp\/v2\/pages\/6910","targetHints":{"allow":["GET"]}}],"collection":[{"href":"https:\/\/frvape.com\/de\/wp-json\/wp\/v2\/pages"}],"about":[{"href":"https:\/\/frvape.com\/de\/wp-json\/wp\/v2\/types\/page"}],"author":[{"embeddable":true,"href":"https:\/\/frvape.com\/de\/wp-json\/wp\/v2\/users\/1"}],"replies":[{"embeddable":true,"href":"https:\/\/frvape.com\/de\/wp-json\/wp\/v2\/comments?post=6910"}],"version-history":[{"count":7,"href":"https:\/\/frvape.com\/de\/wp-json\/wp\/v2\/pages\/6910\/revisions"}],"predecessor-version":[{"id":8122,"href":"https:\/\/frvape.com\/de\/wp-json\/wp\/v2\/pages\/6910\/revisions\/8122"}],"wp:attachment":[{"href":"https:\/\/frvape.com\/de\/wp-json\/wp\/v2\/media?parent=6910"}],"curies":[{"name":"wp","href":"https:\/\/api.w.org\/{rel}","templated":true}]}}