{"id":7125,"date":"2025-10-13T06:48:19","date_gmt":"2025-10-13T06:48:19","guid":{"rendered":"https:\/\/frvape.com\/?page_id=7125"},"modified":"2025-10-13T13:26:19","modified_gmt":"2025-10-13T13:26:19","slug":"coupons-angebote","status":"publish","type":"page","link":"https:\/\/frvape.com\/de\/coupons-angebote\/","title":{"rendered":"Coupons &#038; Offer"},"content":{"rendered":"<div data-elementor-type=\"wp-page\" data-elementor-id=\"7125\" class=\"elementor elementor-7125\">\n\t\t\t\t<div class=\"elementor-element elementor-element-7d519ebb e-flex e-con-boxed e-con e-parent\" data-id=\"7d519ebb\" data-element_type=\"container\">\n\t\t\t\t\t<div class=\"e-con-inner\">\n\t\t\t\t<div class=\"elementor-element elementor-element-4672ad55 elementor-widget elementor-widget-text-editor\" data-id=\"4672ad55\" data-element_type=\"widget\" data-widget_type=\"text-editor.default\">\n\t\t\t\t\t\t\t\t\t\t\t\t\t\t\t\t\t<\/div>\n\t\t\t\t\t<\/div>\n\t\t\t\t<\/div>\n\t\t<div class=\"elementor-element elementor-element-f5a1dac e-flex e-con-boxed e-con e-parent\" data-id=\"f5a1dac\" data-element_type=\"container\">\n\t\t\t\t\t<div class=\"e-con-inner\">\n\t\t\t\t<div class=\"elementor-element elementor-element-8c5601b elementor-widget elementor-widget-text-editor\" data-id=\"8c5601b\" data-element_type=\"widget\" data-widget_type=\"text-editor.default\">\n\t\t\t\t\t\t\t\t\t<h3 data-start=\"108\" data-end=\"153\"><strong data-start=\"112\" data-end=\"153\">Exklusive Gutscheine &amp; Angebote bei FR Vape<\/strong><\/h3><p data-start=\"155\" data-end=\"305\"><strong data-start=\"155\" data-end=\"305\">Willkommen bei FR Vape - Ihrem One-Stop-Shop f\u00fcr hochwertige Vaping-Produkte. Genie\u00dfen Sie erstaunliche Einsparungen bei Ihrer n\u00e4chsten Bestellung mit unseren speziellen Gutscheinen und Angeboten!<\/strong><\/p><hr data-start=\"307\" data-end=\"310\"><h4 data-start=\"312\" data-end=\"336\"><strong data-start=\"317\" data-end=\"336\">Aktuelle Angebote:<\/strong><\/h4><hr data-start=\"338\" data-end=\"341\"><p data-start=\"343\" data-end=\"390\"><strong data-start=\"343\" data-end=\"390\">1. Willkommensangebot - 10% Rabatt auf Ihre erste Bestellung<\/strong><\/p><p data-start=\"392\" data-end=\"499\">Neu bei FR Vape? Genie\u00dfen Sie <strong data-start=\"414\" data-end=\"425\">10% AUS<\/strong> bei Ihrem ersten Kauf!<br data-start=\"449\" data-end=\"452\">\nVerwenden Sie einfach den Code: <strong data-start=\"473\" data-end=\"486\">WILLKOMMEN10<\/strong> an der Kasse.<\/p><hr data-start=\"501\" data-end=\"504\"><p data-start=\"506\" data-end=\"553\"><strong data-start=\"506\" data-end=\"553\">2. Kaufen Sie 2, erhalten Sie 1 kostenlos auf ausgew\u00e4hlte E-Fl\u00fcssigkeiten!<\/strong><\/p><p data-start=\"555\" data-end=\"720\">Decken Sie sich mit Ihren Lieblings-E-Liquids ein und sparen Sie!<br data-start=\"600\" data-end=\"603\">\nKaufen Sie zwei Flaschen ausgew\u00e4hlter E-Liquids und erhalten Sie eine absolut GRATIS!<br data-start=\"669\" data-end=\"672\">\nKein Code erforderlich, das Angebot gilt automatisch.<\/p><hr data-start=\"722\" data-end=\"725\"><p data-start=\"727\" data-end=\"766\"><strong data-start=\"727\" data-end=\"766\">3. Kostenloser Versand bei Bestellungen \u00fcber $50<\/strong><\/p><p data-start=\"768\" data-end=\"917\">Kostenloser Versand f\u00fcr alle Bestellungen \u00fcber <strong data-start=\"805\" data-end=\"812\">$50<\/strong>!<br data-start=\"813\" data-end=\"816\">\nSie ben\u00f6tigen keinen Promo-Code, f\u00fcllen Sie einfach Ihren Warenkorb und der Rabatt wird automatisch an der Kasse angewendet.<\/p><hr data-start=\"919\" data-end=\"922\"><p data-start=\"924\" data-end=\"963\"><strong data-start=\"924\" data-end=\"963\">4. Flash Sale - 25% Rabatt auf alle Ger\u00e4te<\/strong><\/p><p data-start=\"965\" data-end=\"1114\">F\u00fcr eine begrenzte Zeit k\u00f6nnen Sie sparen <strong data-start=\"990\" data-end=\"1001\">25% AUS<\/strong> f\u00fcr alle Vape-Ger\u00e4te, einschlie\u00dflich Kits, Mods und Einwegprodukte.<br data-start=\"1061\" data-end=\"1064\">\nBeeilen Sie sich, dieses Angebot endet bald! Verwenden Sie den Code: <strong data-start=\"1102\" data-end=\"1113\">FLASH25<\/strong>.<\/p><hr data-start=\"1116\" data-end=\"1119\"><h4 data-start=\"1121\" data-end=\"1150\"><strong data-start=\"1126\" data-end=\"1150\">Exklusives VIP-Angebot:<\/strong><\/h4><p data-start=\"1152\" data-end=\"1186\"><strong data-start=\"1152\" data-end=\"1186\">5. 15% AUS f\u00fcr FR Vape Mitglieder<\/strong><\/p><p data-start=\"1188\" data-end=\"1340\">Melden Sie sich f\u00fcr unsere VIP-Mitgliedschaft an und erhalten Sie <strong data-start=\"1227\" data-end=\"1238\">15% AUS<\/strong> jede Bestellung, die Sie aufgeben!<br data-start=\"1260\" data-end=\"1263\">\nErhalten Sie exklusive Angebote, fr\u00fchzeitigen Zugang zu neuen Produkten und Sonderaktionen.<\/p><p>\n\n\n\n\n\n\n\n\n\n\n\n\n\n\n\n\n\n\n\n<\/p><p data-start=\"1342\" data-end=\"1369\">[Jetzt am VIP-Programm teilnehmen!]\t\t\t\t\t\t\t\t<\/div>\n\t\t\t\t\t<\/div>\n\t\t\t\t<\/div>\n\t\t\t\t<\/div>","protected":false},"excerpt":{"rendered":"<p>Exclusive Coupons &amp; Offers at FR Vape Welcome to FR Vape \u2013 your one-stop shop for premium vaping products. Enjoy amazing savings on your next order with our special coupons and offers! Current Offers: 1. Welcome Offer \u2013 10% Off Your First Order New to FR Vape? Enjoy 10% OFF on your first purchase! Simply [&#8230;]","protected":false},"author":1,"featured_media":0,"parent":0,"menu_order":0,"comment_status":"closed","ping_status":"closed","template":"","meta":{"footnotes":""},"class_list":["post-7125","page","type-page","status-publish","hentry"],"jetpack_sharing_enabled":true,"_links":{"self":[{"href":"https:\/\/frvape.com\/de\/wp-json\/wp\/v2\/pages\/7125","targetHints":{"allow":["GET"]}}],"collection":[{"href":"https:\/\/frvape.com\/de\/wp-json\/wp\/v2\/pages"}],"about":[{"href":"https:\/\/frvape.com\/de\/wp-json\/wp\/v2\/types\/page"}],"author":[{"embeddable":true,"href":"https:\/\/frvape.com\/de\/wp-json\/wp\/v2\/users\/1"}],"replies":[{"embeddable":true,"href":"https:\/\/frvape.com\/de\/wp-json\/wp\/v2\/comments?post=7125"}],"version-history":[{"count":5,"href":"https:\/\/frvape.com\/de\/wp-json\/wp\/v2\/pages\/7125\/revisions"}],"predecessor-version":[{"id":7130,"href":"https:\/\/frvape.com\/de\/wp-json\/wp\/v2\/pages\/7125\/revisions\/7130"}],"wp:attachment":[{"href":"https:\/\/frvape.com\/de\/wp-json\/wp\/v2\/media?parent=7125"}],"curies":[{"name":"wp","href":"https:\/\/api.w.org\/{rel}","templated":true}]}}