{"id":7167,"date":"2025-10-13T07:12:26","date_gmt":"2025-10-13T07:12:26","guid":{"rendered":"https:\/\/frvape.com\/?page_id=7167"},"modified":"2025-10-13T07:13:43","modified_gmt":"2025-10-13T07:13:43","slug":"schifffahrtspolitik","status":"publish","type":"page","link":"https:\/\/frvape.com\/de\/schifffahrtspolitik\/","title":{"rendered":"Versandpolitik"},"content":{"rendered":"<div data-elementor-type=\"wp-page\" data-elementor-id=\"7167\" class=\"elementor elementor-7167\">\n\t\t\t\t<div class=\"elementor-element elementor-element-60995797 e-flex e-con-boxed e-con e-parent\" data-id=\"60995797\" data-element_type=\"container\">\n\t\t\t\t\t<div class=\"e-con-inner\">\n\t\t\t\t<div class=\"elementor-element elementor-element-2b1c4b14 elementor-widget elementor-widget-text-editor\" data-id=\"2b1c4b14\" data-element_type=\"widget\" data-widget_type=\"text-editor.default\">\n\t\t\t\t\t\t\t\t\t\t\t\t\t\t\t\t\t<\/div>\n\t\t\t\t\t<\/div>\n\t\t\t\t<\/div>\n\t\t<div class=\"elementor-element elementor-element-90603f5 e-flex e-con-boxed e-con e-parent\" data-id=\"90603f5\" data-element_type=\"container\">\n\t\t\t\t\t<div class=\"e-con-inner\">\n\t\t\t\t<div class=\"elementor-element elementor-element-9aec96a elementor-widget elementor-widget-text-editor\" data-id=\"9aec96a\" data-element_type=\"widget\" data-widget_type=\"text-editor.default\">\n\t\t\t\t\t\t\t\t\t<h3 data-start=\"77\" data-end=\"100\"><strong data-start=\"81\" data-end=\"100\">Versandpolitik<\/strong><\/h3>\n<p data-start=\"102\" data-end=\"289\">Bei FR Vape sind wir bestrebt, Ihre Vaping-Produkte schnell und sicher zu liefern. Bitte lesen Sie unsere Versandrichtlinien f\u00fcr weitere Details \u00fcber unsere Versandabwicklung, Lieferzeiten und mehr.<\/p>\n<hr data-start=\"291\" data-end=\"294\" \/>\n<h4 data-start=\"296\" data-end=\"320\"><strong data-start=\"301\" data-end=\"320\">Bearbeitungszeit<\/strong><\/h4>\n<ul data-start=\"322\" data-end=\"725\">\n<li data-start=\"322\" data-end=\"505\">\n<p data-start=\"324\" data-end=\"505\"><strong data-start=\"324\" data-end=\"345\">Auftragsabwicklung:<\/strong> Alle Bestellungen werden innerhalb von <strong data-start=\"378\" data-end=\"399\">1-2 Arbeitstage<\/strong> (Montag bis Freitag). Bestellungen, die an Wochenenden oder Feiertagen aufgegeben werden, werden am n\u00e4chsten Arbeitstag bearbeitet.<\/p>\n<\/li>\n<li data-start=\"509\" data-end=\"725\">\n<p data-start=\"511\" data-end=\"725\"><strong data-start=\"511\" data-end=\"534\">Auftragsbest\u00e4tigung:<\/strong> Sobald Ihre Bestellung eingegangen ist, erhalten Sie eine <strong data-start=\"582\" data-end=\"604\">Best\u00e4tigung der Bestellung<\/strong> E-Mail. Sobald Ihre Bestellung bearbeitet und versandt wurde, erhalten Sie eine <strong data-start=\"671\" data-end=\"696\">Versandbest\u00e4tigung<\/strong> E-Mail mit Angaben zur Sendungsverfolgung.<\/p>\n<\/li>\n<\/ul>\n<hr data-start=\"727\" data-end=\"730\" \/>\n<h4 data-start=\"732\" data-end=\"773\"><strong data-start=\"737\" data-end=\"773\">Versandmethoden &amp; Lieferzeiten<\/strong><\/h4>\n<p data-start=\"775\" data-end=\"946\">Wir bieten eine Vielzahl von Versandmethoden an, um die beste Lieferung zu gew\u00e4hrleisten. Die Versandzeiten h\u00e4ngen von Ihrem Standort und der an der Kasse gew\u00e4hlten Versandoption ab.<\/p>\n<ul data-start=\"948\" data-end=\"1410\">\n<li data-start=\"948\" data-end=\"1089\">\n<p data-start=\"950\" data-end=\"1089\"><strong data-start=\"950\" data-end=\"999\">Standardversand (kostenlos f\u00fcr Bestellungen \u00fcber $50):<\/strong><br data-start=\"999\" data-end=\"1002\" \/>Voraussichtliche Lieferung: <strong data-start=\"1024\" data-end=\"1045\">3-7 Arbeitstage<\/strong><br data-start=\"1045\" data-end=\"1048\" \/>Verf\u00fcgbar f\u00fcr alle Inlandsbestellungen in den USA.<\/p>\n<\/li>\n<li data-start=\"1093\" data-end=\"1222\">\n<p data-start=\"1095\" data-end=\"1222\"><strong data-start=\"1095\" data-end=\"1118\">Expeditiver Versand:<\/strong><br data-start=\"1118\" data-end=\"1121\" \/>Voraussichtliche Lieferung: <strong data-start=\"1143\" data-end=\"1164\">2-3 Arbeitstage<\/strong><br data-start=\"1164\" data-end=\"1167\" \/>Verf\u00fcgbar f\u00fcr Inlandsbestellungen. Es fallen zus\u00e4tzliche Geb\u00fchren an.<\/p>\n<\/li>\n<li data-start=\"1224\" data-end=\"1410\">\n<p data-start=\"1226\" data-end=\"1410\"><strong data-start=\"1226\" data-end=\"1253\">Internationaler Versand:<\/strong><br data-start=\"1253\" data-end=\"1256\" \/>Wir versenden auch international. Die Lieferzeiten f\u00fcr internationale Bestellungen h\u00e4ngen von Ihrem Standort ab, aber im Allgemeinen kommen sie innerhalb von <strong data-start=\"1387\" data-end=\"1409\">7-21 Arbeitstage<\/strong>.<\/p>\n<\/li>\n<\/ul>\n<hr data-start=\"1412\" data-end=\"1415\" \/>\n<h4 data-start=\"1417\" data-end=\"1440\"><strong data-start=\"1422\" data-end=\"1440\">Kosten f\u00fcr den Versand<\/strong><\/h4>\n<ul data-start=\"1442\" data-end=\"1705\">\n<li data-start=\"1442\" data-end=\"1572\">\n<p data-start=\"1444\" data-end=\"1473\"><strong data-start=\"1444\" data-end=\"1471\">Inlandsversand in den USA:<\/strong><\/p>\n<ul data-start=\"1476\" data-end=\"1572\">\n<li data-start=\"1476\" data-end=\"1535\">\n<p data-start=\"1478\" data-end=\"1535\">Standard-Versand: <strong data-start=\"1497\" data-end=\"1506\">$5.99<\/strong> (Kostenlos f\u00fcr Bestellungen \u00fcber $50)<\/p>\n<\/li>\n<li data-start=\"1538\" data-end=\"1572\">\n<p data-start=\"1540\" data-end=\"1572\">Expeditiver Versand: <strong data-start=\"1560\" data-end=\"1570\">$15.99<\/strong><\/p>\n<\/li>\n<\/ul>\n<\/li>\n<li data-start=\"1573\" data-end=\"1705\">\n<p data-start=\"1575\" data-end=\"1604\"><strong data-start=\"1575\" data-end=\"1602\">Internationaler Versand:<\/strong><\/p>\n<ul data-start=\"1607\" data-end=\"1705\">\n<li data-start=\"1607\" data-end=\"1705\">\n<p data-start=\"1609\" data-end=\"1705\">Die Preise variieren je nach Standort und Gewicht der Bestellung. Sie k\u00f6nnen die Versandkosten an der Kasse sehen.<\/p>\n<\/li>\n<\/ul>\n<\/li>\n<\/ul>\n<hr data-start=\"1707\" data-end=\"1710\" \/>\n<h4 data-start=\"1712\" data-end=\"1740\"><strong data-start=\"1717\" data-end=\"1740\">Verfolgung Ihrer Bestellung<\/strong><\/h4>\n<p data-start=\"1742\" data-end=\"1931\">Sobald Ihre Bestellung versandt wurde, erhalten Sie eine <strong data-start=\"1798\" data-end=\"1817\">Verfolgungsnummer<\/strong> per E-Mail. Sie k\u00f6nnen den Verlauf Ihrer Bestellung auf der Website des Transportunternehmens oder auf unserer <strong data-start=\"1905\" data-end=\"1925\">Ihre Bestellung verfolgen<\/strong> Seite.<\/p>\n<hr data-start=\"1933\" data-end=\"1936\" \/>\n<h4 data-start=\"1938\" data-end=\"1968\"><strong data-start=\"1943\" data-end=\"1968\">Versandbeschr\u00e4nkungen<\/strong><\/h4>\n<ul data-start=\"1970\" data-end=\"2391\">\n<li data-start=\"1970\" data-end=\"2174\">\n<p data-start=\"1972\" data-end=\"2174\"><strong data-start=\"1972\" data-end=\"1997\">Eingeschr\u00e4nkte Standorte:<\/strong> Aufgrund lokaler Vorschriften k\u00f6nnen wir nicht an bestimmte Orte liefern. Bitte pr\u00fcfen Sie die Liste der eingeschr\u00e4nkten Standorte auf unserer <strong data-start=\"2121\" data-end=\"2137\">Versand FAQ<\/strong> Seite oder kontaktieren Sie uns f\u00fcr weitere Informationen.<\/p>\n<\/li>\n<li data-start=\"2178\" data-end=\"2391\">\n<p data-start=\"2180\" data-end=\"2391\"><strong data-start=\"2180\" data-end=\"2201\">Alters\u00fcberpr\u00fcfung:<\/strong> Alle Bestellungen erfordern <strong data-start=\"2221\" data-end=\"2241\">Altersverifikation<\/strong> bei Lieferung. Sie m\u00fcssen 21 Jahre oder \u00e4lter sein, um Vaping-Produkte von FR Vape zu kaufen. Bitte stellen Sie sicher, dass eine Person \u00fcber 21 Jahren zur Verf\u00fcgung steht, um die Lieferung zu unterschreiben.<\/p>\n<\/li>\n<\/ul>\n<hr data-start=\"2393\" data-end=\"2396\" \/>\n<h4 data-start=\"2398\" data-end=\"2431\"><strong data-start=\"2403\" data-end=\"2431\">Verlorene oder besch\u00e4digte Pakete<\/strong><\/h4>\n<ul data-start=\"2433\" data-end=\"2842\">\n<li data-start=\"2433\" data-end=\"2645\">\n<p data-start=\"2435\" data-end=\"2645\"><strong data-start=\"2435\" data-end=\"2453\">Verlorene Pakete:<\/strong> Wenn Ihr Paket als zugestellt markiert ist, Sie es aber nicht erhalten haben, wenden Sie sich bitte umgehend an unser Support-Team unter <strong data-start=\"2570\" data-end=\"2592\"><a class=\"decorated-link cursor-pointer\" rel=\"noopener\" data-start=\"2572\" data-end=\"2590\">support@frvape.com<\/a><\/strong>. Wir werden mit dem Spediteur zusammenarbeiten, um das Problem zu l\u00f6sen.<\/p>\n<\/li>\n<li data-start=\"2649\" data-end=\"2842\">\n<p data-start=\"2651\" data-end=\"2842\"><strong data-start=\"2651\" data-end=\"2669\">Besch\u00e4digte Gegenst\u00e4nde:<\/strong> Wenn Sie einen besch\u00e4digten Artikel erhalten, kontaktieren Sie uns bitte innerhalb von <strong data-start=\"2726\" data-end=\"2736\">7 Tage<\/strong> nach Erhalt Ihres Pakets. Legen Sie Fotos des Schadens bei, und wir werden einen Ersatz oder eine R\u00fcckerstattung veranlassen.<\/p>\n<\/li>\n<\/ul>\n<hr data-start=\"2844\" data-end=\"2847\" \/>\n<h4 data-start=\"2849\" data-end=\"2877\"><strong data-start=\"2854\" data-end=\"2877\">R\u00fcckgabe und Umtausch<\/strong><\/h4>\n<p data-start=\"2879\" data-end=\"3002\">Bitte beachten Sie unser <strong data-start=\"2899\" data-end=\"2927\">R\u00fcckgabe- und Umtauschbestimmungen<\/strong> f\u00fcr Informationen \u00fcber die R\u00fcckgabe oder den Umtausch von bei FR Vape gekauften Artikeln.<\/p>\t\t\t\t\t\t\t\t<\/div>\n\t\t\t\t\t<\/div>\n\t\t\t\t<\/div>\n\t\t\t\t<\/div>","protected":false},"excerpt":{"rendered":"<p>Shipping Policy At FR Vape, we are committed to delivering your vaping products quickly and securely. Please read our shipping policy for more details on how we handle shipping, delivery times, and more. Processing Time Order Processing: All orders are processed within 1\u20132 business days (Monday to Friday). Orders placed on weekends or public holidays [&#8230;]","protected":false},"author":1,"featured_media":0,"parent":0,"menu_order":0,"comment_status":"closed","ping_status":"closed","template":"","meta":{"footnotes":""},"class_list":["post-7167","page","type-page","status-publish","hentry"],"jetpack_sharing_enabled":true,"_links":{"self":[{"href":"https:\/\/frvape.com\/de\/wp-json\/wp\/v2\/pages\/7167","targetHints":{"allow":["GET"]}}],"collection":[{"href":"https:\/\/frvape.com\/de\/wp-json\/wp\/v2\/pages"}],"about":[{"href":"https:\/\/frvape.com\/de\/wp-json\/wp\/v2\/types\/page"}],"author":[{"embeddable":true,"href":"https:\/\/frvape.com\/de\/wp-json\/wp\/v2\/users\/1"}],"replies":[{"embeddable":true,"href":"https:\/\/frvape.com\/de\/wp-json\/wp\/v2\/comments?post=7167"}],"version-history":[{"count":4,"href":"https:\/\/frvape.com\/de\/wp-json\/wp\/v2\/pages\/7167\/revisions"}],"predecessor-version":[{"id":7171,"href":"https:\/\/frvape.com\/de\/wp-json\/wp\/v2\/pages\/7167\/revisions\/7171"}],"wp:attachment":[{"href":"https:\/\/frvape.com\/de\/wp-json\/wp\/v2\/media?parent=7167"}],"curies":[{"name":"wp","href":"https:\/\/api.w.org\/{rel}","templated":true}]}}