{"id":7204,"date":"2025-10-13T07:27:19","date_gmt":"2025-10-13T07:27:19","guid":{"rendered":"https:\/\/frvape.com\/?page_id=7204"},"modified":"2025-10-13T07:29:31","modified_gmt":"2025-10-13T07:29:31","slug":"alterspolitik","status":"publish","type":"page","link":"https:\/\/frvape.com\/de\/alterspolitik\/","title":{"rendered":"Alterspolitik"},"content":{"rendered":"<div data-elementor-type=\"wp-page\" data-elementor-id=\"7204\" class=\"elementor elementor-7204\">\n\t\t\t\t<div class=\"elementor-element elementor-element-7db4835c e-flex e-con-boxed e-con e-parent\" data-id=\"7db4835c\" data-element_type=\"container\">\n\t\t\t\t\t<div class=\"e-con-inner\">\n\t\t\t\t<div class=\"elementor-element elementor-element-1cc1a384 elementor-widget elementor-widget-text-editor\" data-id=\"1cc1a384\" data-element_type=\"widget\" data-widget_type=\"text-editor.default\">\n\t\t\t\t\t\t\t\t\t\t\t\t\t\t\t\t\t<\/div>\n\t\t\t\t\t<\/div>\n\t\t\t\t<\/div>\n\t\t<div class=\"elementor-element elementor-element-aa8a800 e-flex e-con-boxed e-con e-parent\" data-id=\"aa8a800\" data-element_type=\"container\">\n\t\t\t\t\t<div class=\"e-con-inner\">\n\t\t\t\t<div class=\"elementor-element elementor-element-22a10a8 elementor-widget elementor-widget-text-editor\" data-id=\"22a10a8\" data-element_type=\"widget\" data-widget_type=\"text-editor.default\">\n\t\t\t\t\t\t\t\t\t<h3 data-start=\"73\" data-end=\"91\"><strong data-start=\"77\" data-end=\"91\">Alterspolitik<\/strong><\/h3>\n<p data-start=\"93\" data-end=\"368\">Unter <strong data-start=\"96\" data-end=\"107\">FR Vape<\/strong>haben wir uns verpflichtet, verantwortungsvolles Dampfen zu f\u00f6rdern. Aufgrund der Beschaffenheit unserer Produkte, die f\u00fcr Erwachsene bestimmt sind, haben wir strenge Altersverifizierungsprotokolle eingef\u00fchrt, um die Einhaltung der gesetzlichen Vorschriften zu gew\u00e4hrleisten und die Sicherheit unserer Kunden zu erhalten.<\/p>\n<hr data-start=\"370\" data-end=\"373\" \/>\n<h4 data-start=\"375\" data-end=\"402\"><strong data-start=\"380\" data-end=\"402\">1. Alterserfordernis<\/strong><\/h4>\n<ul data-start=\"404\" data-end=\"822\">\n<li data-start=\"404\" data-end=\"613\">\n<p data-start=\"406\" data-end=\"613\"><strong data-start=\"406\" data-end=\"422\">Mindestalter:<\/strong> Sie m\u00fcssen mindestens sein <strong data-start=\"444\" data-end=\"460\">21 Jahre alt<\/strong> alle Vaping-Produkte zu kaufen von <strong data-start=\"498\" data-end=\"509\">FR Vape<\/strong>. Dies steht im Einklang mit den Bundes- und Landesgesetzen \u00fcber den Verkauf von Tabak- und Nikotinprodukten.<\/p>\n<\/li>\n<li data-start=\"614\" data-end=\"822\">\n<p data-start=\"616\" data-end=\"822\"><strong data-start=\"616\" data-end=\"637\">Alters\u00fcberpr\u00fcfung:<\/strong> Indem Sie unsere Website nutzen und einen Kauf t\u00e4tigen, best\u00e4tigen Sie, dass Sie in Ihrer Gerichtsbarkeit vollj\u00e4hrig sind, um Vaping-Produkte zu kaufen. Wir k\u00f6nnen einen Altersnachweis verlangen, bevor wir Ihre Bestellung bearbeiten.<\/p>\n<\/li>\n<\/ul>\n<hr data-start=\"824\" data-end=\"827\" \/>\n<h4 data-start=\"829\" data-end=\"865\"><strong data-start=\"834\" data-end=\"865\">2. Prozess der Alters\u00fcberpr\u00fcfung<\/strong><\/h4>\n<p data-start=\"867\" data-end=\"1051\">Um die Einhaltung der Altersbeschr\u00e4nkungen zu gew\u00e4hrleisten, nutzen wir einen externen Altersverifizierungsdienst. Dieser Dienst pr\u00fcft, ob Sie vollj\u00e4hrig sind, bevor Sie Ihren Einkauf abschlie\u00dfen k\u00f6nnen.<\/p>\n<ul data-start=\"1053\" data-end=\"1432\">\n<li data-start=\"1053\" data-end=\"1186\">\n<p data-start=\"1055\" data-end=\"1186\"><strong data-start=\"1055\" data-end=\"1075\">Auftragserteilung:<\/strong> Wenn Sie eine Bestellung aufgeben <strong data-start=\"1103\" data-end=\"1117\">frvape.com<\/strong>m\u00fcssen Sie best\u00e4tigen, dass Sie mindestens 21 Jahre alt sind.<\/p>\n<\/li>\n<li data-start=\"1187\" data-end=\"1432\">\n<p data-start=\"1189\" data-end=\"1432\"><strong data-start=\"1189\" data-end=\"1217\">Zus\u00e4tzliche Verifizierung:<\/strong> Falls erforderlich, k\u00f6nnen wir Sie bitten, ein Foto Ihres amtlichen Ausweises hochzuladen, um Ihr Alter zu verifizieren, bevor wir Ihre Bestellung bearbeiten. Ihr Ausweis wird nur zu Verifizierungszwecken verwendet und nicht in unserem System gespeichert.<\/p>\n<\/li>\n<\/ul>\n<hr data-start=\"1434\" data-end=\"1437\" \/>\n<h4 data-start=\"1439\" data-end=\"1472\"><strong data-start=\"1444\" data-end=\"1472\">3. Beschr\u00e4nkungen beim Verkauf<\/strong><\/h4>\n<ul data-start=\"1474\" data-end=\"1991\">\n<li data-start=\"1474\" data-end=\"1658\">\n<p data-start=\"1476\" data-end=\"1658\"><strong data-start=\"1476\" data-end=\"1499\">Kein Verkauf an Minderj\u00e4hrige:<\/strong> Wir verkaufen keine Vaping-Produkte an Personen unter 21 Jahren. Wenn Sie minderj\u00e4hrig sind, unterlassen Sie bitte den Versuch, Artikel von unserer Website zu kaufen.<\/p>\n<\/li>\n<li data-start=\"1659\" data-end=\"1991\">\n<p data-start=\"1661\" data-end=\"1991\"><strong data-start=\"1661\" data-end=\"1691\">Geografische Beschr\u00e4nkungen:<\/strong> Bestimmte L\u00e4nder, Regionen oder Staaten k\u00f6nnen ihre eigenen Altersbeschr\u00e4nkungen f\u00fcr den Verkauf von Vaping-Produkten haben. Es liegt in Ihrer Verantwortung, sich zu vergewissern, dass Sie in Ihrer Region Vaping-Produkte kaufen und verwenden d\u00fcrfen. Wir behalten uns das Recht vor, Kunden aus eingeschr\u00e4nkten Regionen den Service zu verweigern.<\/p>\n<\/li>\n<\/ul>\n<hr data-start=\"1993\" data-end=\"1996\" \/>\n<h4 data-start=\"1998\" data-end=\"2041\"><strong data-start=\"2003\" data-end=\"2041\">4. Auswirkungen von Verst\u00f6\u00dfen gegen die Alterspolitik<\/strong><\/h4>\n<ul data-start=\"2043\" data-end=\"2514\">\n<li data-start=\"2043\" data-end=\"2202\">\n<p data-start=\"2045\" data-end=\"2202\"><strong data-start=\"2045\" data-end=\"2068\">Verweigerung der Zustellung:<\/strong> Wenn wir feststellen, dass ein Kunde minderj\u00e4hrig ist oder gegen unsere Altersbestimmungen versto\u00dfen hat, stornieren wir seine Bestellung sofort und erstatten den Kaufpreis.<\/p>\n<\/li>\n<li data-start=\"2203\" data-end=\"2370\">\n<p data-start=\"2205\" data-end=\"2370\"><strong data-start=\"2205\" data-end=\"2228\">Kontosperrung:<\/strong> Jeder Kunde, der falsche Angaben zu seinem Alter macht, kann sein Konto sperren lassen oder dauerhaft von unserer Website ausgeschlossen werden.<\/p>\n<\/li>\n<li data-start=\"2371\" data-end=\"2514\">\n<p data-start=\"2373\" data-end=\"2514\"><strong data-start=\"2373\" data-end=\"2396\">Rechtliche Konsequenzen:<\/strong> Verst\u00f6\u00dfe gegen altersbezogene Gesetze k\u00f6nnen zu rechtlichen Schritten in \u00dcbereinstimmung mit den geltenden Gesetzen Ihrer Gerichtsbarkeit f\u00fchren.<\/p>\n<\/li>\n<\/ul>\n<hr data-start=\"2516\" data-end=\"2519\" \/>\n<h4 data-start=\"2521\" data-end=\"2556\"><strong data-start=\"2526\" data-end=\"2556\">5. Elterliche Verantwortung<\/strong><\/h4>\n<p data-start=\"2558\" data-end=\"2815\">Wenn Sie als Erwachsener Vaping-Produkte f\u00fcr eine andere Person kaufen, sind Sie daf\u00fcr verantwortlich, dass der Empf\u00e4nger ebenfalls vollj\u00e4hrig ist und die Produkte verwenden darf. <strong data-start=\"2717\" data-end=\"2728\">FR Vape<\/strong> ist nicht verantwortlich f\u00fcr den Verkauf oder den Missbrauch von Produkten durch Personen, die noch nicht vollj\u00e4hrig sind.<\/p>\n<hr data-start=\"2817\" data-end=\"2820\" \/>\n<h4 data-start=\"2822\" data-end=\"2866\"><strong data-start=\"2827\" data-end=\"2866\">6. Engagement f\u00fcr verantwortungsvolles Dampfen<\/strong><\/h4>\n<p data-start=\"2868\" data-end=\"3111\">Unter <strong data-start=\"2871\" data-end=\"2882\">FR Vape<\/strong>Wir f\u00f6rdern einen verantwortungsvollen Umgang mit Vaping-Produkten. Wir ermutigen Erwachsene, unsere Produkte in \u00dcbereinstimmung mit den Gesundheits- und Sicherheitsrichtlinien zu verwenden. Die Verwendung von Vaping-Produkten durch Personen unter dem gesetzlichen Mindestalter wird von uns weder unterst\u00fctzt noch bef\u00fcrwortet.<\/p>\n<p>9. Kontakt<\/p>\n<p>Wenn Sie Fragen oder Bedenken bez\u00fcglich dieser Datenschutzrichtlinie haben, kontaktieren Sie uns bitte:<\/p>\n<p>Telefon: +86 133 6063 1532<\/p>\n<p>Adresse:Raum 312, Nr. 23, Wusha Xinle Road, Chang'an Town, Dongguan<\/p>\t\t\t\t\t\t\t\t<\/div>\n\t\t\t\t\t<\/div>\n\t\t\t\t<\/div>\n\t\t\t\t<\/div>","protected":false},"excerpt":{"rendered":"<p>Age Policy At FR Vape, we are committed to promoting responsible vaping. Due to the nature of our products, which are intended for adults, we have implemented strict age verification protocols to ensure compliance with legal requirements and to maintain the safety of our customers. 1. Age Requirement Minimum Age: You must be at least [&#8230;]","protected":false},"author":1,"featured_media":0,"parent":0,"menu_order":0,"comment_status":"closed","ping_status":"closed","template":"","meta":{"footnotes":""},"class_list":["post-7204","page","type-page","status-publish","hentry"],"jetpack_sharing_enabled":true,"_links":{"self":[{"href":"https:\/\/frvape.com\/de\/wp-json\/wp\/v2\/pages\/7204","targetHints":{"allow":["GET"]}}],"collection":[{"href":"https:\/\/frvape.com\/de\/wp-json\/wp\/v2\/pages"}],"about":[{"href":"https:\/\/frvape.com\/de\/wp-json\/wp\/v2\/types\/page"}],"author":[{"embeddable":true,"href":"https:\/\/frvape.com\/de\/wp-json\/wp\/v2\/users\/1"}],"replies":[{"embeddable":true,"href":"https:\/\/frvape.com\/de\/wp-json\/wp\/v2\/comments?post=7204"}],"version-history":[{"count":4,"href":"https:\/\/frvape.com\/de\/wp-json\/wp\/v2\/pages\/7204\/revisions"}],"predecessor-version":[{"id":7208,"href":"https:\/\/frvape.com\/de\/wp-json\/wp\/v2\/pages\/7204\/revisions\/7208"}],"wp:attachment":[{"href":"https:\/\/frvape.com\/de\/wp-json\/wp\/v2\/media?parent=7204"}],"curies":[{"name":"wp","href":"https:\/\/api.w.org\/{rel}","templated":true}]}}