{"id":7220,"date":"2025-10-13T07:34:00","date_gmt":"2025-10-13T07:34:00","guid":{"rendered":"https:\/\/frvape.com\/?page_id=7220"},"modified":"2025-10-13T07:43:13","modified_gmt":"2025-10-13T07:43:13","slug":"vapes-mit-sepa-qr-code-kaufen","status":"publish","type":"page","link":"https:\/\/frvape.com\/de\/vapes-mit-sepa-qr-code-kaufen\/","title":{"rendered":"Vapes kaufen mit SEPA QR Code"},"content":{"rendered":"<div data-elementor-type=\"wp-page\" data-elementor-id=\"7220\" class=\"elementor elementor-7220\">\n\t\t\t\t<div class=\"elementor-element elementor-element-5db7690e e-flex e-con-boxed e-con e-parent\" data-id=\"5db7690e\" data-element_type=\"container\">\n\t\t\t\t\t<div class=\"e-con-inner\">\n\t\t\t\t<div class=\"elementor-element elementor-element-4b5d9876 elementor-widget elementor-widget-text-editor\" data-id=\"4b5d9876\" data-element_type=\"widget\" data-widget_type=\"text-editor.default\">\n\t\t\t\t\t\t\t\t\t\t\t\t\t\t\t\t\t<\/div>\n\t\t\t\t\t<\/div>\n\t\t\t\t<\/div>\n\t\t<div class=\"elementor-element elementor-element-1551a70 e-flex e-con-boxed e-con e-parent\" data-id=\"1551a70\" data-element_type=\"container\">\n\t\t\t\t\t<div class=\"e-con-inner\">\n\t\t\t\t<div class=\"elementor-element elementor-element-d80f4e5 elementor-widget elementor-widget-text-editor\" data-id=\"d80f4e5\" data-element_type=\"widget\" data-widget_type=\"text-editor.default\">\n\t\t\t\t\t\t\t\t\t<h3 data-start=\"296\" data-end=\"342\"><strong data-start=\"300\" data-end=\"342\">Vapes kaufen mit SEPA QR Code bei FR Vape<\/strong><\/h3>\n<p data-start=\"344\" data-end=\"619\">Unter <strong data-start=\"347\" data-end=\"358\">FR Vape<\/strong>bieten wir Ihnen jetzt die M\u00f6glichkeit, Ihre bevorzugten Vaping-Produkte \u00fcber die bequeme und sichere <strong data-start=\"459\" data-end=\"490\">SEPA QR Code Zahlungsmethode<\/strong>. Diese Option ist f\u00fcr Kunden innerhalb der <strong data-start=\"541\" data-end=\"559\">Europ\u00e4ische Union<\/strong> f\u00fcr schnelle und einfache Zahlungen direkt von Ihrem Bankkonto.<\/p>\n<hr data-start=\"621\" data-end=\"624\" \/>\n<h4 data-start=\"626\" data-end=\"670\"><strong data-start=\"631\" data-end=\"670\">So kaufen Sie Vapes mit dem SEPA-QR-Code:<\/strong><\/h4>\n<ol data-start=\"672\" data-end=\"1699\">\n<li data-start=\"672\" data-end=\"827\">\n<p data-start=\"675\" data-end=\"827\"><strong data-start=\"675\" data-end=\"696\">St\u00f6bern Sie in unserem Shop:<\/strong><br data-start=\"696\" data-end=\"699\" \/>St\u00f6bern Sie in unserer gro\u00dfen Auswahl an Vapes, E-Liquids, Zubeh\u00f6r und mehr. Sobald Sie Ihre Artikel ausgew\u00e4hlt haben, klicken Sie auf <strong data-start=\"811\" data-end=\"826\">Zum Warenkorb hinzuf\u00fcgen<\/strong>.<\/p>\n<\/li>\n<li data-start=\"829\" data-end=\"992\">\n<p data-start=\"832\" data-end=\"992\"><strong data-start=\"832\" data-end=\"851\">Zur Kasse gehen:<\/strong><br data-start=\"851\" data-end=\"854\" \/>Nachdem Sie Ihre Artikel in den Warenkorb gelegt haben, klicken Sie auf die Schaltfl\u00e4che <strong data-start=\"904\" data-end=\"912\">Wagen<\/strong> Symbol und \u00fcberpr\u00fcfen Sie Ihre Produkte. Wenn alles gut aussieht, gehen Sie zur Kasse.<\/p>\n<\/li>\n<li data-start=\"994\" data-end=\"1165\">\n<p data-start=\"997\" data-end=\"1165\"><strong data-start=\"997\" data-end=\"1036\">W\u00e4hlen Sie die SEPA-QR-Code-Zahlungsmethode:<\/strong><br data-start=\"1036\" data-end=\"1039\" \/>W\u00e4hlen Sie auf der Kassenseite <strong data-start=\"1071\" data-end=\"1087\">SEPA-QR-Code<\/strong> als Ihre Zahlungsmethode. Dadurch wird ein eindeutiger QR-Code f\u00fcr Ihre Zahlung generiert.<\/p>\n<\/li>\n<li data-start=\"1167\" data-end=\"1356\">\n<p data-start=\"1170\" data-end=\"1356\"><strong data-start=\"1170\" data-end=\"1210\">Scannen Sie den QR-Code mit Ihrer Bank-App:<\/strong><br data-start=\"1210\" data-end=\"1213\" \/>\u00d6ffnen Sie Ihre mobile Banking-App, die SEPA-Zahlungen unterst\u00fctzt. Verwenden Sie die App <strong data-start=\"1288\" data-end=\"1307\">QR-Code-Scanner<\/strong> um den auf der Kassenseite angezeigten Code zu scannen.<\/p>\n<\/li>\n<li data-start=\"1358\" data-end=\"1531\">\n<p data-start=\"1361\" data-end=\"1531\"><strong data-start=\"1361\" data-end=\"1385\">Genehmigen Sie die Zahlung:<\/strong><br data-start=\"1385\" data-end=\"1388\" \/>Nachdem Sie den QR-Code gescannt haben, zeigt Ihre Bank-App die Zahlungsdetails an. Best\u00e4tigen Sie den Betrag und genehmigen Sie die \u00dcberweisung von Ihrem Bankkonto.<\/p>\n<\/li>\n<li data-start=\"1533\" data-end=\"1699\">\n<p data-start=\"1536\" data-end=\"1699\"><strong data-start=\"1536\" data-end=\"1559\">Auftragsbest\u00e4tigung:<\/strong><br data-start=\"1559\" data-end=\"1562\" \/>Sobald die Zahlung best\u00e4tigt ist, erhalten Sie eine <strong data-start=\"1616\" data-end=\"1638\">Best\u00e4tigung der Bestellung<\/strong> E-Mail, und wir werden mit der Bearbeitung und dem Versand Ihrer Bestellung beginnen.<\/p>\n<\/li>\n<\/ol>\n<hr data-start=\"1701\" data-end=\"1704\" \/>\n<h4 data-start=\"1706\" data-end=\"1747\"><strong data-start=\"1711\" data-end=\"1747\">Warum den SEPA-QR-Code bei FR Vape verwenden?<\/strong><\/h4>\n<ul data-start=\"1749\" data-end=\"2311\">\n<li data-start=\"1749\" data-end=\"1880\">\n<p data-start=\"1751\" data-end=\"1880\"><strong data-start=\"1751\" data-end=\"1777\">Sicher und bequem:<\/strong> Bei SEPA-\u00dcberweisungen handelt es sich um Zahlungen von Bank zu Bank, was sie sicher und frei von zwischengeschalteten Dritten macht.<\/p>\n<\/li>\n<li data-start=\"1881\" data-end=\"2010\">\n<p data-start=\"1883\" data-end=\"2010\"><strong data-start=\"1883\" data-end=\"1906\">Sofortige Verarbeitung:<\/strong> Zahlungen \u00fcber SEPA-QR-Codes werden schnell bearbeitet, so dass Sie Ihre Vaping-Produkte schneller erhalten k\u00f6nnen.<\/p>\n<\/li>\n<li data-start=\"2011\" data-end=\"2187\">\n<p data-start=\"2013\" data-end=\"2187\"><strong data-start=\"2013\" data-end=\"2036\">EU-weite Akzeptanz:<\/strong> Diese Zahlungsmethode ist f\u00fcr alle Kunden in der <strong data-start=\"2094\" data-end=\"2112\">Europ\u00e4ische Union<\/strong> die Zugang zu einem SEPA-kompatiblen Bankkonto und einer mobilen Banking-App haben.<\/p>\n<\/li>\n<li data-start=\"2188\" data-end=\"2311\">\n<p data-start=\"2190\" data-end=\"2311\"><strong data-start=\"2190\" data-end=\"2213\">Keine zus\u00e4tzlichen Geb\u00fchren:<\/strong> Bei der Verwendung von SEPA-Zahlungen m\u00fcssen Sie sich keine Gedanken \u00fcber Kreditkartengeb\u00fchren oder andere versteckte Kosten machen.<\/p>\n<\/li>\n<\/ul>\n<hr data-start=\"2313\" data-end=\"2316\" \/>\n<h4 data-start=\"2318\" data-end=\"2343\"><strong data-start=\"2323\" data-end=\"2343\">Wichtige Hinweise:<\/strong><\/h4>\n<ul data-start=\"2345\" data-end=\"2942\">\n<li data-start=\"2345\" data-end=\"2556\">\n<p data-start=\"2347\" data-end=\"2556\"><strong data-start=\"2347\" data-end=\"2369\">SEPA-Verf\u00fcgbarkeit:<\/strong> SEPA-QR-Zahlungen sind nur f\u00fcr Kunden in folgenden L\u00e4ndern verf\u00fcgbar <strong data-start=\"2423\" data-end=\"2439\">EU-L\u00e4nder<\/strong> die SEPA-Zahlungen unterst\u00fctzen. Dazu geh\u00f6ren L\u00e4nder wie Deutschland, Frankreich, Spanien, Italien und andere L\u00e4nder der Eurozone.<\/p>\n<\/li>\n<li data-start=\"2557\" data-end=\"2753\">\n<p data-start=\"2559\" data-end=\"2753\"><strong data-start=\"2559\" data-end=\"2587\">Dauer der Zahlungsabwicklung:<\/strong> SEPA-Zahlungen k\u00f6nnen je nach Ihrer Bank in Echtzeit oder innerhalb weniger Stunden bearbeitet werden. Achten Sie darauf, die Zahlung rechtzeitig abzuschlie\u00dfen, um Verz\u00f6gerungen bei Ihrer Bestellung zu vermeiden.<\/p>\n<\/li>\n<li data-start=\"2754\" data-end=\"2942\">\n<p data-start=\"2756\" data-end=\"2942\"><strong data-start=\"2756\" data-end=\"2777\">QR-Code-G\u00fcltigkeit:<\/strong> Der SEPA-QR-Code ist nur f\u00fcr eine begrenzte Zeit g\u00fcltig. Bitte stellen Sie sicher, dass Sie die Zahlung innerhalb des angegebenen Zeitrahmens scannen und freigeben, sonst muss die Zahlung erneut initiiert werden.<\/p>\n<\/li>\n<\/ul>\n<h4>Kontaktieren Sie uns:<\/h4>\n<p>Wenn Sie Fragen oder Bedenken bez\u00fcglich dieser Datenschutzrichtlinie haben, kontaktieren Sie uns bitte:<\/p>\n<p>Telefon: +86 133 6063 1532<\/p>\n<p>Adresse:Raum 312, Nr. 23, Wusha Xinle Road, Chang'an Town, Dongguan<\/p>\t\t\t\t\t\t\t\t<\/div>\n\t\t\t\t\t<\/div>\n\t\t\t\t<\/div>\n\t\t\t\t<\/div>","protected":false},"excerpt":{"rendered":"<p>Buy Vapes with SEPA QR Code at FR Vape At FR Vape, we now offer the ability to purchase your favorite vaping products using the convenient and secure SEPA QR Code payment method. This option is available to customers within the European Union for fast and easy payments directly from your bank account. How to [&#8230;]","protected":false},"author":1,"featured_media":0,"parent":0,"menu_order":0,"comment_status":"closed","ping_status":"closed","template":"","meta":{"footnotes":""},"class_list":["post-7220","page","type-page","status-publish","hentry"],"jetpack_sharing_enabled":true,"_links":{"self":[{"href":"https:\/\/frvape.com\/de\/wp-json\/wp\/v2\/pages\/7220","targetHints":{"allow":["GET"]}}],"collection":[{"href":"https:\/\/frvape.com\/de\/wp-json\/wp\/v2\/pages"}],"about":[{"href":"https:\/\/frvape.com\/de\/wp-json\/wp\/v2\/types\/page"}],"author":[{"embeddable":true,"href":"https:\/\/frvape.com\/de\/wp-json\/wp\/v2\/users\/1"}],"replies":[{"embeddable":true,"href":"https:\/\/frvape.com\/de\/wp-json\/wp\/v2\/comments?post=7220"}],"version-history":[{"count":4,"href":"https:\/\/frvape.com\/de\/wp-json\/wp\/v2\/pages\/7220\/revisions"}],"predecessor-version":[{"id":7240,"href":"https:\/\/frvape.com\/de\/wp-json\/wp\/v2\/pages\/7220\/revisions\/7240"}],"wp:attachment":[{"href":"https:\/\/frvape.com\/de\/wp-json\/wp\/v2\/media?parent=7220"}],"curies":[{"name":"wp","href":"https:\/\/api.w.org\/{rel}","templated":true}]}}