{"id":1042,"date":"2025-10-11T16:09:05","date_gmt":"2025-10-11T16:09:05","guid":{"rendered":"https:\/\/frvape.com\/product\/razz-bar-25000-puff-disposable-vape-25k-rechargeable-device-with-16-flavors\/"},"modified":"2025-11-25T03:00:30","modified_gmt":"2025-11-25T03:00:30","slug":"razz-bar-25000-puff-wegwerfbares-vape-25k-wiederaufladbares-gerat-mit-16-geschmacksrichtungen","status":"publish","type":"product","link":"https:\/\/frvape.com\/de\/produkt\/razz-bar-25000-puff-wegwerfbares-vape-25k-wiederaufladbares-gerat-mit-16-geschmacksrichtungen\/","title":{"rendered":"Razz Bar 25000 Puff Disposable Vape - 25K wiederaufladbare Ger\u00e4t mit 16 Aromen"},"content":{"rendered":"<h3>Unerreichte Vaping-Langlebigkeit<\/h3>\n<p>Die <strong>Razz Bar 25000 Puff 25K Vape<\/strong> revolutioniert das Einweg-Vaping mit einer branchenf\u00fchrenden <strong>25.000 Puffs Kapazit\u00e4t<\/strong>. Mit den Ma\u00dfen 30x30x107,5 mm kombiniert dieses Ger\u00e4t enorme Leistung mit tragbarem Komfort. Anders als herk\u00f6mmliche Einwegprodukte bietet es <strong>\u00d6lbef\u00fcllbare Technik<\/strong> und eine <strong>austauschbare Patrone<\/strong> System, das die Nutzungsdauer verl\u00e4ngert und gleichzeitig den Abfall reduziert. Mit 200 Einheiten pro Karton ist es sowohl f\u00fcr Einzelanwender als auch f\u00fcr Einzelh\u00e4ndler perfekt geeignet.<\/p>\n<h3>Erweiterte technische Spezifikationen<\/h3>\n<p>Ausgestattet mit einem <strong>650mAh wiederaufladbare Batterie<\/strong> und <strong>USB-C-Laden<\/strong>Dieses Ger\u00e4t verf\u00fcgt \u00fcber eine konstante Leistung w\u00e4hrend seiner gesamten Lebensdauer. Die <strong>0.8ohm Mesh-Spule<\/strong> sorgt f\u00fcr eine optimale Verdampfung von E-Liquid bei einer Ausgangsspannung von 16 W, was zu einem reicheren Geschmack und dichteren Wolken f\u00fchrt. Die <strong>PCTG-Tankmaterial<\/strong> garantiert Langlebigkeit und Geschmacksreinheit, w\u00e4hrend die innovative Struktur die au\u00dfergew\u00f6hnliche E-Liquid-Kapazit\u00e4t unterst\u00fctzt, die f\u00fcr 25.000 Z\u00fcge erforderlich ist.<\/p>\n<h3>Technologie der Geschmackskonservierung<\/h3>\n<p>Erleben Sie <strong>Geschmackskonsistenz<\/strong> von der ersten bis zur letzten Puste mit unserem <strong>Doppelmaschiges Spulensystem<\/strong>. Die fortschrittliche Erhitzungstechnologie verhindert Geschmacksverschlechterung und trockene Schl\u00e4ge, wodurch der intensive Geschmack \u00fcber alle <strong>25.000 Z\u00fcge<\/strong>. Unsere propriet\u00e4re Spule Design maximiert e-Fl\u00fcssigkeit Kontakt und sorgt f\u00fcr glatte, gleichm\u00e4\u00dfige Dampfproduktion ohne verbrannten Nachgeschmack.<\/p>\n<h3>16 exquisite Geschmacksoptionen<\/h3>\n<p>Entdecken Sie unser vielf\u00e4ltiges Geschmacksangebot f\u00fcr anspruchsvolle Gaumen:<br \/>\n&#8211; <strong>Erdbeere-Banane<\/strong> &#8211; <strong>Blaubeere-Sauer-Himbeere<\/strong><br \/>\n&#8211; <strong>Erdbeer-Kiwi<\/strong> &#8211; <strong>Erdbeer-Wassermelone-Kaugummi<\/strong><br \/>\n&#8211; <strong>Saftiges Pfirsicheis<\/strong> &#8211; <strong>Liebe 66<\/strong><br \/>\n&#8211; <strong>Wassermelone Eis<\/strong> &#8211; <strong>Red Bull Traube<\/strong><br \/>\n&#8211; <strong>Kiwi Passionsfrucht Guave<\/strong> &#8211; <strong>Blaubeereis<\/strong><br \/>\n&#8211; <strong>Erdbeereis<\/strong> &#8211; <strong>Tropische Fr\u00fcchte<\/strong><br \/>\n&#8211; <strong>Gemischte Beeren<\/strong> &#8211; <strong>Schwarzer Drache Eis<\/strong><br \/>\n&#8211; <strong>Pfirsich-Eis<\/strong> &#8211; <strong>\u00dcppiges Eis<\/strong><br \/>\n&#8211; <strong>Zitrone-Limette<\/strong> &#8211; <strong>Erdbeer-Himbeer-Kirsch-Eis<\/strong><\/p>\n<h3>Nachhaltige Vaping-Innovation<\/h3>\n<p>Als umweltbewusste Pioniere entwickelt Razz Bar seit 2017 L\u00f6sungen, die die Umweltbelastung minimieren. Unser <strong>wiederaufladbares Design<\/strong> erm\u00f6glicht mehrere Ladezyklen vor der Entsorgung, w\u00e4hrend die <strong>nachf\u00fcllbares Kartuschensystem<\/strong> reduziert den Plastikm\u00fcll im Vergleich zu herk\u00f6mmlichen Einwegprodukten erheblich. Die verl\u00e4ngerte Lebensdauer des Ger\u00e4ts macht es zu einem <strong>Kosteng\u00fcnstig<\/strong> eine Wahl, die sowohl die Zufriedenheit der Nutzer als auch die Verantwortung f\u00fcr die Umwelt in den Vordergrund stellt.<\/p>\n<h3>Verbessertes Benutzererlebnis<\/h3>\n<p>Die <strong>Razz Bar 25000<\/strong> Merkmale <strong>einstellbarer Luftstrom<\/strong> Regler f\u00fcr individuelle Dampfdichte und Zugwiderstand. Wechseln Sie mit einfachen Einstellungen zwischen engen Mund-zu-Lunge-Z\u00fcgen und luftigem Inhalieren direkt in der Lunge. Die 5% Nikotinkonzentration sorgt f\u00fcr einen befriedigenden Kehlkopfschlag, w\u00e4hrend der gro\u00dfe E-Liquid-Tank h\u00e4ufiges Nachf\u00fcllen \u00fcberfl\u00fcssig macht - perfekt f\u00fcr Vielraucher.<\/p>\n<h3>Gewerbliche Leistung<\/h3>\n<p>Mit einem Standard-Einzelhandelskarton mit <strong>200 Einheiten<\/strong>Die Razz Bar 25000 kombiniert Gro\u00dfhandelseffizienz mit Premiumqualit\u00e4t. Jedes Ger\u00e4t wird einer strengen Qualit\u00e4tskontrolle unterzogen, um eine perfekte Spuleninstallation, Batteriesicherheit und eine auslaufsichere Konstruktion zu gew\u00e4hrleisten. Das auffallend kompakte Design mit sichtbarem E-Liquid-Fenster spricht die Verbraucher an und erleichtert gleichzeitig die Bestandsverwaltung f\u00fcr Einzelh\u00e4ndler.<\/p>\n<h3>Der Razz Bar Vorteil<\/h3>\n<p>Razz Bar wurde 2017 gegr\u00fcndet und ist durch kontinuierliche Innovation f\u00fchrend auf dem Einweg-Vape-Markt. Unser Engagement f\u00fcr Forschung und Entwicklung liefert Ger\u00e4te, die die Konkurrenz in <strong>Konsistenz des Puffs, Geschmacksintensit\u00e4t<\/strong> und <strong>Umweltvertr\u00e4glichkeit<\/strong>. Indem wir modernste Technologie mit benutzerfreundlichem Design verbinden, schaffen wir Produkte, die die Erwartungen \u00fcbertreffen.<\/p>\n<p>Erleben Sie die Revolution: Die <strong>Razz Bar 25000 Puff 25K Vape<\/strong> definiert Einwegstandards neu durch beispiellose Kapazit\u00e4t, Wiederaufladbarkeit und exzellenten Geschmack - alles in einem taschenfreundlichen Ger\u00e4t, das f\u00fcr den modernen Vaper entwickelt wurde.<\/p>","protected":false},"excerpt":{"rendered":"<p>Erleben Sie die ultimative Langlebigkeit beim Dampfen mit dem <strong>Razz Bar 25000 Puff<\/strong> Einweg-Vape mit einem <strong>wiederaufladbarer 650mAh-Akku<\/strong> und <strong>austauschbare Patrone<\/strong> System. Genie\u00dfen Sie <strong>25.000 Z\u00fcge<\/strong> reichhaltigen Geschmacks mit fortschrittlichen <strong>Netzspulen-Technologie<\/strong> und w\u00e4hle aus 16 erfrischenden Geschmacksrichtungen. USB-C wiederaufladbar &amp; umweltfreundliches Design.<\/p>","protected":false},"featured_media":1036,"comment_status":"open","ping_status":"closed","template":"","meta":[],"product_brand":[70],"product_cat":[893],"product_tag":[74,198,197,73,75,76],"class_list":{"0":"post-1042","1":"product","2":"type-product","3":"status-publish","4":"has-post-thumbnail","6":"product_brand-razzbar","7":"product_cat-razzbar","8":"product_tag-25000-puff-vape","9":"product_tag-25k-vape-flavors","10":"product_tag-mesh-coil-e-cigarette","11":"product_tag-razz-bar-25000","12":"product_tag-rechargeable-disposable-vape","13":"product_tag-refillable-vape","15":"first","16":"instock","17":"sale","18":"shipping-taxable","19":"purchasable","20":"product-type-variable"},"jetpack_sharing_enabled":true,"tiered_pricing_type":"fixed","tiered_pricing_fixed_rules":[],"tiered_pricing_product_settings":{"layout":"default","base_unit_name":{"singular":null,"plural":null},"default_variation":null},"tiered_pricing_minimum_quantity":null,"tiered_pricing_roles_data":[],"tiered_pricing_percentage_rules":[],"tiered_pricing_maximum_quantity":null,"tiered_pricing_quantity_step":null,"_links":{"self":[{"href":"https:\/\/frvape.com\/de\/wp-json\/wp\/v2\/product\/1042","targetHints":{"allow":["GET"]}}],"collection":[{"href":"https:\/\/frvape.com\/de\/wp-json\/wp\/v2\/product"}],"about":[{"href":"https:\/\/frvape.com\/de\/wp-json\/wp\/v2\/types\/product"}],"replies":[{"embeddable":true,"href":"https:\/\/frvape.com\/de\/wp-json\/wp\/v2\/comments?post=1042"}],"wp:featuredmedia":[{"embeddable":true,"href":"https:\/\/frvape.com\/de\/wp-json\/wp\/v2\/media\/1036"}],"wp:attachment":[{"href":"https:\/\/frvape.com\/de\/wp-json\/wp\/v2\/media?parent=1042"}],"wp:term":[{"taxonomy":"product_brand","embeddable":true,"href":"https:\/\/frvape.com\/de\/wp-json\/wp\/v2\/product_brand?post=1042"},{"taxonomy":"product_cat","embeddable":true,"href":"https:\/\/frvape.com\/de\/wp-json\/wp\/v2\/product_cat?post=1042"},{"taxonomy":"product_tag","embeddable":true,"href":"https:\/\/frvape.com\/de\/wp-json\/wp\/v2\/product_tag?post=1042"}],"curies":[{"name":"wp","href":"https:\/\/api.w.org\/{rel}","templated":true}]}}