{"id":10873,"date":"2025-11-02T04:18:11","date_gmt":"2025-11-02T04:18:11","guid":{"rendered":"https:\/\/frvape.com\/product\/mr-goodie-vm008-disposable-vape-20000-puffs-dual-pod-system\/"},"modified":"2025-12-16T09:18:49","modified_gmt":"2025-12-16T09:18:49","slug":"mr-goodie-vm008-einweg-vape-20000-puffs-dual-pod-system","status":"publish","type":"product","link":"https:\/\/frvape.com\/de\/produkt\/mr-goodie-vm008-einweg-vape-20000-puffs-dual-pod-system\/","title":{"rendered":"Mr. Goodie VM008 Einweg-Vape - 20.000 Z\u00fcge, Dual-Pod-System"},"content":{"rendered":"<h3>Einf\u00fchrung<\/h3>\n<p>Die <strong>Mr. Goodie VM008<\/strong> ist eine hochmoderne <strong>Einweg-Vape<\/strong>wurde f\u00fcr Dampfer entwickelt, die Wert auf intensiven Geschmack, Komfort und unvergleichliche Langlebigkeit legen. Ausgestattet mit einem <strong>Doppelgondel<\/strong> System und einem robusten 650mAh-Akku sorgt er f\u00fcr ausgedehnte Dampferlebnisse mit minimalen Unterbrechungen. Perfekt f\u00fcr den Einsatz unterwegs aufgrund seiner kompakten Gr\u00f6\u00dfe von 52,6 x 22,6 x 92 mm, dieses Ger\u00e4t neu definiert Tragbarkeit und Leistung.<\/p>\n<h3>Wesentliche Merkmale<\/h3>\n<p><strong>Puffs:<\/strong> Bis zu <strong>20.000 Z\u00fcge<\/strong>und bietet eine au\u00dfergew\u00f6hnliche Lebensdauer f\u00fcr starke Beanspruchung.<br \/><strong>E-liguid Kapazit\u00e4t:<\/strong> 20ml + 20ml mit dem innovativen Dual-Pod-System, das h\u00e4ufiges Nachf\u00fcllen \u00fcberfl\u00fcssig macht.<br \/><strong>Spule:<\/strong> Die Dual Sub 1.00 Mesh Coil Technologie garantiert eine reichhaltige, gleichm\u00e4\u00dfige Dampfproduktion.<br \/><strong>Batterie:<\/strong> 650mAh wiederaufladbares Design, das eine zuverl\u00e4ssige Energieversorgung und gleichbleibende Leistung gew\u00e4hrleistet.<br \/><strong>Aufladen:<\/strong> Schnell und effizient mit einem Typ-C-Anschluss f\u00fcr einfaches Aufladen ohne Kabel.<br \/><strong>Nikotinst\u00e4rke:<\/strong> Wahlweise 20mg oder 50mg Salznikotin, f\u00fcr alle Vorlieben geeignet.<br \/><strong>Geschm\u00e4cker:<\/strong> 12 verschiedene Sorten, die f\u00fcr jedes Geschmacksprofil geeignet sind.<br \/><strong>Gr\u00f6\u00dfe:<\/strong> Ultra-portable Abmessungen von 52,6 x 22,6 x 92 mm f\u00fcr m\u00fcheloses Tragen.<\/p>\n<h3>Verf\u00fcgbare Geschmacksrichtungen<\/h3>\n<p>Verw\u00f6hnen Sie sich mit unserem breiten Angebot an <strong>Geschm\u00e4cker<\/strong>: Lemon Rainbow, Gummy Bear, Honeydew Melon Mint, Strawberry Ice Cream, Juicy Peach, Strawberry Banana, Fuji Apple, Purple Grape, Blue Razz, Strawberry Kiwi, Spearmint, Frozen Watermelon. Jeder Geschmack ist fachm\u00e4nnisch hergestellt, um eine befriedigende und konsistente vaping Erfahrung zu liefern.<\/p>\n<h3>Warum Mr. Goodie VM008 w\u00e4hlen?<\/h3>\n<p>Das VM008 ist ideal f\u00fcr alle, die erstklassige Leistung und Vielseitigkeit suchen. Sein <strong>Doppelgondel<\/strong> System und <strong>Netzspule<\/strong> Technologie produzieren geschmackvollen Dampf ohne jegliche Abnahme, w\u00e4hrend die lang anhaltende <strong>20.000 Z\u00fcge<\/strong> F\u00e4higkeit macht ihn perfekt f\u00fcr den t\u00e4glichen Gebrauch. Mit einem wiederaufladbaren Akku, der die Ausfallzeiten minimiert, vereint er Leistung, Komfort und ein elegantes Design. Egal, ob Sie die VM008 f\u00fcr den pers\u00f6nlichen Gebrauch, als Geschenk oder f\u00fcr den Einzelhandel kaufen, sie zeichnet sich durch ihre Zuverl\u00e4ssigkeit und ihr breites Geschmacksspektrum aus.<\/p>","protected":false},"excerpt":{"rendered":"<p>Die <strong>Mr. Goodie VM008<\/strong> <strong>Einweg-Vape<\/strong> liefert bis zu <strong>20.000 Z\u00fcge<\/strong> mit doppelten H\u00fclsen und reichhaltigen Aromen.<br \/>Angetrieben von einem 650mAh-Akku, Typ-C-Schnellladung und 20mg\/50mg Salz Nikotin.<br \/>W\u00e4hlen Sie aus 12 Premium <strong>Geschm\u00e4cker<\/strong> f\u00fcr ein reibungsloses, lang anhaltendes Erlebnis.<\/p>","protected":false},"featured_media":10867,"comment_status":"open","ping_status":"closed","template":"","meta":[],"product_brand":[769],"product_cat":[873],"product_tag":[877,112,876,400,874,875],"class_list":{"0":"post-10873","1":"product","2":"type-product","3":"status-publish","4":"has-post-thumbnail","6":"product_brand-mr-goodie","7":"product_cat-mr-goodie","8":"product_tag-20000-puffs-2","9":"product_tag-disposable-vape","10":"product_tag-dual-pod-vape","11":"product_tag-long-lasting-vape","12":"product_tag-mr-goodie-vape","13":"product_tag-vm008","15":"first","16":"instock","17":"sale","18":"shipping-taxable","19":"purchasable","20":"product-type-variable"},"jetpack_sharing_enabled":true,"tiered_pricing_type":"fixed","tiered_pricing_fixed_rules":[],"tiered_pricing_product_settings":{"layout":"default","base_unit_name":{"singular":null,"plural":null},"default_variation":null},"tiered_pricing_minimum_quantity":null,"tiered_pricing_roles_data":[],"tiered_pricing_percentage_rules":[],"tiered_pricing_maximum_quantity":null,"tiered_pricing_quantity_step":null,"_links":{"self":[{"href":"https:\/\/frvape.com\/de\/wp-json\/wp\/v2\/product\/10873","targetHints":{"allow":["GET"]}}],"collection":[{"href":"https:\/\/frvape.com\/de\/wp-json\/wp\/v2\/product"}],"about":[{"href":"https:\/\/frvape.com\/de\/wp-json\/wp\/v2\/types\/product"}],"replies":[{"embeddable":true,"href":"https:\/\/frvape.com\/de\/wp-json\/wp\/v2\/comments?post=10873"}],"wp:featuredmedia":[{"embeddable":true,"href":"https:\/\/frvape.com\/de\/wp-json\/wp\/v2\/media\/10867"}],"wp:attachment":[{"href":"https:\/\/frvape.com\/de\/wp-json\/wp\/v2\/media?parent=10873"}],"wp:term":[{"taxonomy":"product_brand","embeddable":true,"href":"https:\/\/frvape.com\/de\/wp-json\/wp\/v2\/product_brand?post=10873"},{"taxonomy":"product_cat","embeddable":true,"href":"https:\/\/frvape.com\/de\/wp-json\/wp\/v2\/product_cat?post=10873"},{"taxonomy":"product_tag","embeddable":true,"href":"https:\/\/frvape.com\/de\/wp-json\/wp\/v2\/product_tag?post=10873"}],"curies":[{"name":"wp","href":"https:\/\/api.w.org\/{rel}","templated":true}]}}