{"id":11223,"date":"2025-11-02T04:37:59","date_gmt":"2025-11-02T04:37:59","guid":{"rendered":"https:\/\/frvape.com\/product\/irex-astral-80000-disposable-vape-with-80k-puffs-adjustable-nicotine\/"},"modified":"2025-11-04T02:51:25","modified_gmt":"2025-11-04T02:51:25","slug":"irex-astral-80000-einweg-vape-mit-80k-puffs-einstellbarem-nikotin","status":"publish","type":"product","link":"https:\/\/frvape.com\/de\/produkt\/irex-astral-80000-einweg-vape-mit-80k-puffs-einstellbarem-nikotin\/","title":{"rendered":"IREX Astral 80000 Disposable Vape mit 80K Puffs &amp; einstellbarem Nikotin"},"content":{"rendered":"<h3>Erstklassiges, lang anhaltendes Vaping-Erlebnis<\/h3>\n<p>Die <strong>IREX Astral 80000<\/strong> definiert das Einwegdampfen mit au\u00dfergew\u00f6hnlicher Ausdauer und Leistung neu. Entwickelt f\u00fcr ernsthafte Verdampfer, liefert dieses Ger\u00e4t eine bemerkenswerte <strong>80.000 Z\u00fcge<\/strong> von seinem massiven <strong>48ml vorgef\u00fcllte e-Fl\u00fcssigkeit<\/strong> Stausee. Mit <strong>regulierbares Nikotin<\/strong> Stufen (20mg oder 50mg Nikotinsalz) und w\u00e4hlbarer Eisintensit\u00e4t bietet sie individuelle Befriedigung in einem schlanken Paket.<\/p>\n<h3>Erweiterte technische Spezifikationen<\/h3>\n<p>Gebaut mit Premium <strong>Polycarbonat<\/strong> Mit einem Gewicht von nur 98 g bietet der Astral ein ausgewogenes Verh\u00e4ltnis zwischen Haltbarkeit und Tragbarkeit (97 x 59 x 25 mm). Sein intelligentes <strong>Smart-Display<\/strong> \u00fcberwacht kontinuierlich den F\u00fcllstand von E-Liquid und Akku. Die integrierte <strong>1.000mAh wiederaufladbare Batterie<\/strong> unterst\u00fctzt erweiterte Sitzungen, w\u00e4hrend die <strong>USB Typ-C<\/strong> Anschluss (0,5 A) erm\u00f6glicht ein bequemes Aufladen.<br \/>Die <strong>zeichnungsaktiviert<\/strong> Mechanismus erm\u00f6glicht eine m\u00fchelose Bedienung ohne komplizierte Tasten und ist daher sowohl f\u00fcr Anf\u00e4nger als auch f\u00fcr erfahrene Benutzer geeignet.<\/p>\n<h3>Vielf\u00e4ltige Geschmacksauswahl<\/h3>\n<p>Entdecken Sie 15 fachm\u00e4nnisch gefertigte <strong>Einweg-Vape<\/strong> Geschmacksrichtungen f\u00fcr jede Vorliebe:<br \/>Wassermelone Eis, Saure Cranapple, Saftiger Pfirsich, Doppelter Apfel, Erdbeer-Kiwi,<br \/>Pfirsich-Beere, Kirsch-Bombe, Saure Erdbeere, Ananas-Mango, Orange-Beere,<br \/>Miami Mint, Blueberry Watermelon, Berry Bliss, Blue Razz Ice, Grape Lemon.<\/p>\n<h3>Verpackung und Vertrieb<\/h3>\n<p>Optimiert f\u00fcr den Einzel- und Gro\u00dfhandel, enth\u00e4lt jeder Karton 200 Einheiten mit einem Bruttogewicht von 24,96 kg. Abmessungen: 665x330x260mm Au\u00dfenkarton.<\/p>\n<h3>Warum Astral 80K w\u00e4hlen?<\/h3>\n<p>Erleben Sie ununterbrochenes Dampfen mit einer noch nie dagewesenen Puffkapazit\u00e4t in Kombination mit einstellbaren Funktionen. Diese Premium <strong>wiederaufladbares Vape<\/strong> liefert gleichbleibende Geschmacksqualit\u00e4t \u00fcber alle 80.000 Z\u00fcge hinweg. Holen Sie sich kommerzielle Leistung in einem tragbaren Ger\u00e4t ideal f\u00fcr den pers\u00f6nlichen Gebrauch und Geschenk gleicherma\u00dfen - der H\u00f6hepunkt der <strong>Einweg-Vape<\/strong> Technologie.<\/p>","protected":false},"excerpt":{"rendered":"<p>Erleben Sie den ultimativen Vaping-Komfort mit dem <strong>IREX Astral 80000<\/strong> Einweg-Vape. Das Angebot <strong>80.000 Z\u00fcge<\/strong> und <strong>48ml vorgef\u00fcllt<\/strong> Kapazit\u00e4t plus <strong>regulierbares Nikotin<\/strong> und Eismengen. Genie\u00dfen Sie <strong>15 Premium-Geschmacksrichtungen<\/strong> mit Typ-C-Ladung.<\/p>","protected":false},"featured_media":11217,"comment_status":"open","ping_status":"closed","template":"","meta":[],"product_brand":[736],"product_cat":[1016,896],"product_tag":[899,898,897,246,112,115],"class_list":{"0":"post-11223","1":"product","2":"type-product","3":"status-publish","4":"has-post-thumbnail","6":"product_brand-irex","7":"product_cat-big-puffs-vapes","8":"product_cat-irex","9":"product_tag-15-flavors","10":"product_tag-48ml-e-liquid","11":"product_tag-80k-puffs","12":"product_tag-adjustable-nicotine","13":"product_tag-disposable-vape","14":"product_tag-rechargeable-vape","16":"first","17":"instock","18":"sale","19":"shipping-taxable","20":"purchasable","21":"product-type-variable"},"jetpack_sharing_enabled":true,"tiered_pricing_type":"fixed","tiered_pricing_fixed_rules":[],"tiered_pricing_product_settings":{"layout":"default","base_unit_name":{"singular":null,"plural":null},"default_variation":null},"tiered_pricing_minimum_quantity":null,"tiered_pricing_roles_data":[],"tiered_pricing_percentage_rules":[],"tiered_pricing_maximum_quantity":null,"tiered_pricing_quantity_step":null,"_links":{"self":[{"href":"https:\/\/frvape.com\/de\/wp-json\/wp\/v2\/product\/11223","targetHints":{"allow":["GET"]}}],"collection":[{"href":"https:\/\/frvape.com\/de\/wp-json\/wp\/v2\/product"}],"about":[{"href":"https:\/\/frvape.com\/de\/wp-json\/wp\/v2\/types\/product"}],"replies":[{"embeddable":true,"href":"https:\/\/frvape.com\/de\/wp-json\/wp\/v2\/comments?post=11223"}],"wp:featuredmedia":[{"embeddable":true,"href":"https:\/\/frvape.com\/de\/wp-json\/wp\/v2\/media\/11217"}],"wp:attachment":[{"href":"https:\/\/frvape.com\/de\/wp-json\/wp\/v2\/media?parent=11223"}],"wp:term":[{"taxonomy":"product_brand","embeddable":true,"href":"https:\/\/frvape.com\/de\/wp-json\/wp\/v2\/product_brand?post=11223"},{"taxonomy":"product_cat","embeddable":true,"href":"https:\/\/frvape.com\/de\/wp-json\/wp\/v2\/product_cat?post=11223"},{"taxonomy":"product_tag","embeddable":true,"href":"https:\/\/frvape.com\/de\/wp-json\/wp\/v2\/product_tag?post=11223"}],"curies":[{"name":"wp","href":"https:\/\/api.w.org\/{rel}","templated":true}]}}