{"id":11988,"date":"2025-11-02T09:23:11","date_gmt":"2025-11-02T09:23:11","guid":{"rendered":"https:\/\/frvape.com\/product\/mr-goodie-uwake-disposable-vape-dual-tank-smart-screen-30000-puffs\/"},"modified":"2025-12-16T09:23:18","modified_gmt":"2025-12-16T09:23:18","slug":"mr-goodie-uwake-einweg-vape-dual-tank-intelligente-bildschirm-30000-puffs","status":"publish","type":"product","link":"https:\/\/frvape.com\/de\/produkt\/mr-goodie-uwake-einweg-vape-dual-tank-intelligente-bildschirm-30000-puffs\/","title":{"rendered":"Mr.Goodie UWAKE Einweg Vape - Dual Tank, Smart Screen, 30.000 Z\u00fcge"},"content":{"rendered":"<h3>Revolution\u00e4res Dual Tank Vaping Erlebnis<\/h3>\n<p>Die <strong>Herr Goodie UWAKE<\/strong> definiert Einweg-Vaping mit modernster Technik neu <strong>Doppelmaschige Spulentechnologie<\/strong> (1,10\u03a9) und separaten E-Liquid-Beh\u00e4ltern. Entwickelt f\u00fcr beide <strong>nasal &amp; Mund Inhalation<\/strong>liefert er eine unvergleichliche Dampff\u00fclle und Geschmackskonsistenz. Dieses innovative Design eliminiert trockene Treffer und maximiert die Nutzung von E-Liquid w\u00e4hrend seiner au\u00dfergew\u00f6hnlichen Lebensdauer.<\/p>\n<h3>Intelligente Funktionen f\u00fcr moderne Vaper<\/h3>\n<p>\u00dcberwachen Sie Ihre Sitzung m\u00fchelos \u00fcber die integrierte <strong>intelligente Bildschirmdarstellung<\/strong>und bietet Live-Updates \u00fcber <strong>E-Liquid-F\u00fcllst\u00e4nde<\/strong>Batteriestatus und die Anzahl der Z\u00fcge. Dieses Erlebnis wird von einem zuverl\u00e4ssigen <strong>550mAh wiederaufladbare Batterie<\/strong> mit <strong>Typ-C-Schnellladung<\/strong>und sorgt f\u00fcr minimale Ausfallzeiten zwischen den Eins\u00e4tzen. Seine kompakten Abmessungen (53x26x93mm) machen ihn zum ultimativen Reisebegleiter.<\/p>\n<h3>Kompromisslose Leistungsspezifikationen<\/h3>\n<p><strong>Kapazit\u00e4t:<\/strong> Massive 23ml e-Fl\u00fcssigkeit Vorf\u00fcllung<br \/>\n<strong>Ausgabe:<\/strong> 20mg sanftes Salz Nikotin Zufriedenheit<br \/>\n<strong>Anzahl der Puffs:<\/strong> Branchenf\u00fchrend <strong>30.000 Z\u00fcge<\/strong><br \/>\n<strong>Spulensystem:<\/strong> Dual-Mesh-Spulen (1,10\u03a9) f\u00fcr maximale Dampfproduktion<\/p>\n<h3>Exquisite Geschmacksauswahl<\/h3>\n<p>Tauchen Sie ein in 12 fachm\u00e4nnisch hergestellte Geschmacksprofile:<br \/>\n- Avocado-Osmanthus<br \/>\n- Vanillepudding<br \/>\n- Latte<br \/>\n- Meloneneis<br \/>\n- Rose Lychee<br \/>\n- Doppelter Apfel<br \/>\n- Jasmin-Rose<br \/>\n- Erdbeereis<br \/>\n- Bananeneis<br \/>\n- Kokosnuss-Eis<br \/>\n- Wei\u00dfer Pfirsich Sakura Ice<br \/>\n- Minzblatt<\/p>\n<h3>Warum das UWAKE Vape w\u00e4hlen?<\/h3>\n<p>Dieses hochwertige Einwegprodukt verbindet Ausdauer mit Eleganz - mit <strong>Doppeltanks<\/strong> die die <strong>geschmackliche Integrit\u00e4t<\/strong> vom ersten bis zum letzten Zug. Die <strong>Netzspulen-Technologie<\/strong> sorgt f\u00fcr optimale Dampfdichte und Pr\u00e4zision im Halsbereich, w\u00e4hrend das intelligente Display eine noch nie dagewesene Ger\u00e4testeuerung erm\u00f6glicht. Der UWAKE wurde f\u00fcr Geschmackskenner und Hochleistungssuchende entwickelt und bietet verl\u00e4ngerten Genuss ohne Kompromisse in einer schlanken, tragbaren Form.<\/p>","protected":false},"excerpt":{"rendered":"<p><strong>Mr. Goodie UWAKE<\/strong> Einweg-Vape mit <strong>Doppeltanks<\/strong> und <strong>intelligente Bildschirmdarstellung<\/strong>.<br \/>\nGenie\u00dfen Sie bis zu <strong>30.000 Z\u00fcge<\/strong>20mg Salz-Nikotin und 12 exotische Geschmacksrichtungen im Taschenformat.<\/p>","protected":false},"featured_media":11982,"comment_status":"open","ping_status":"closed","template":"","meta":[],"product_brand":[769],"product_cat":[873],"product_tag":[270,112,939,940,909,233],"class_list":{"0":"post-11988","1":"product","2":"type-product","3":"status-publish","4":"has-post-thumbnail","6":"product_brand-mr-goodie","7":"product_cat-mr-goodie","8":"product_tag-30000-puffs","9":"product_tag-disposable-vape","10":"product_tag-dual-tank-vape","11":"product_tag-mr-goodie-uwake","12":"product_tag-salt-nicotine","13":"product_tag-smart-screen-vape","15":"first","16":"instock","17":"sale","18":"shipping-taxable","19":"purchasable","20":"product-type-variable"},"jetpack_sharing_enabled":true,"tiered_pricing_type":"fixed","tiered_pricing_fixed_rules":[],"tiered_pricing_product_settings":{"layout":"default","base_unit_name":{"singular":null,"plural":null},"default_variation":null},"tiered_pricing_minimum_quantity":null,"tiered_pricing_roles_data":[],"tiered_pricing_percentage_rules":[],"tiered_pricing_maximum_quantity":null,"tiered_pricing_quantity_step":null,"_links":{"self":[{"href":"https:\/\/frvape.com\/de\/wp-json\/wp\/v2\/product\/11988","targetHints":{"allow":["GET"]}}],"collection":[{"href":"https:\/\/frvape.com\/de\/wp-json\/wp\/v2\/product"}],"about":[{"href":"https:\/\/frvape.com\/de\/wp-json\/wp\/v2\/types\/product"}],"replies":[{"embeddable":true,"href":"https:\/\/frvape.com\/de\/wp-json\/wp\/v2\/comments?post=11988"}],"wp:featuredmedia":[{"embeddable":true,"href":"https:\/\/frvape.com\/de\/wp-json\/wp\/v2\/media\/11982"}],"wp:attachment":[{"href":"https:\/\/frvape.com\/de\/wp-json\/wp\/v2\/media?parent=11988"}],"wp:term":[{"taxonomy":"product_brand","embeddable":true,"href":"https:\/\/frvape.com\/de\/wp-json\/wp\/v2\/product_brand?post=11988"},{"taxonomy":"product_cat","embeddable":true,"href":"https:\/\/frvape.com\/de\/wp-json\/wp\/v2\/product_cat?post=11988"},{"taxonomy":"product_tag","embeddable":true,"href":"https:\/\/frvape.com\/de\/wp-json\/wp\/v2\/product_tag?post=11988"}],"curies":[{"name":"wp","href":"https:\/\/api.w.org\/{rel}","templated":true}]}}