{"id":1241,"date":"2025-10-12T00:44:20","date_gmt":"2025-10-12T00:44:20","guid":{"rendered":"https:\/\/frvape.com\/product\/bang-36000-ice-blending-disposable-vape-adjustable-ice-level-36000-puffs-nicotine-options\/"},"modified":"2025-11-26T09:19:58","modified_gmt":"2025-11-26T09:19:58","slug":"bang-36000-eis-mischen-einweg-vape-einstellbare-eis-ebene-36000-zuge-nikotin-optionen","status":"publish","type":"product","link":"https:\/\/frvape.com\/de\/produkt\/bang-36000-eis-mischen-einweg-vape-einstellbare-eis-ebene-36000-zuge-nikotin-optionen\/","title":{"rendered":"Bang 36000 Ice Blending Disposable Vape - Einstellbare Eisstufe, 36000 Z\u00fcge, Nikotinoptionen"},"content":{"rendered":"<p>Entdecken Sie die revolution\u00e4re <strong>Bang 36000 Ice Blending Einweg-E-Zigarette<\/strong>mit un\u00fcbertroffener Flexibilit\u00e4t und Langlebigkeit neu zu definieren. Dieses hochmoderne Ger\u00e4t kombiniert fortschrittliche Technologie mit benutzerfreundlichen Funktionen, die ein individuelles, auf Ihre Vorlieben zugeschnittenes Erlebnis gew\u00e4hrleisten. Egal, ob Sie ein Wolkenj\u00e4ger oder ein Geschmacksenthusiast sind, dieser Verdampfer liefert auf jeder Ebene, bietet einstellbare K\u00fchlung, massive Puffzahlen und verschiedene Nikotinoptionen f\u00fcr ultimative Zufriedenheit.<br \/>Der auf Tragbarkeit und Zuverl\u00e4ssigkeit ausgelegte <strong>Bang 36000 Ice Blending<\/strong> zeichnet sich auf dem Markt durch sein schlankes Design und seine robuste Bauweise aus. Kein Nachf\u00fcllen oder kompliziertes Einrichten mehr - einfach auspacken und ununterbrochenes Dampfvergn\u00fcgen genie\u00dfen.<br \/>Entdecken Sie, warum dieses Ger\u00e4t ein Favorit unter den Vapern weltweit geworden ist und Komfort mit erstklassiger Leistung kombiniert.<\/p>\n<h3>Warum der Eisstand von Bang 36000 ein Wendepunkt ist<\/h3>\n<p>Die <strong>Bang 36000 Ice Blending<\/strong> verwandelt das Dampfen in ein anpassbares Abenteuer. Sein <strong>einstellbare Eismenge<\/strong> Funktion erm\u00f6glicht Ihnen die Feinabstimmung der K\u00fchlintensit\u00e4t von einer subtilen Abk\u00fchlung bis hin zu einer arktischen Explosion, die zu jeder Stimmung und jedem Moment passt. Diese Innovation stellt sicher, dass Dein Vape niemals Kompromisse bei der Frische eingeht und mit jedem Zug einen belebenden Hit liefert.<br \/>Mit seinem <strong>leistungsstarker 850mAh-Akku<\/strong>Das Ger\u00e4t unterst\u00fctzt l\u00e4ngere Vaping-Sessions ohne st\u00e4ndiges Aufladen - ideal f\u00fcr den mobilen Lebensstil.<br \/>Und mit einer <strong>Beeindruckende 36ml e-liquid Kapazit\u00e4t<\/strong>garantiert sie <strong>36000 Z\u00fcge<\/strong> von reinem, reichhaltigem Dampf. Das bedeutet, dass Du jeden Moment genie\u00dfen wirst, bevor Du \u00fcberhaupt \u00fcber einen Ersatz nachdenkst.<\/p>\n<h3>Vollst\u00e4ndige Produktspezifikationen<\/h3>\n<p><strong>PUFFS: 36000<\/strong><br \/><strong>E-Fl\u00fcssigkeit: 36ml<\/strong><br \/><strong>Widerstand: 1,0 Ohm<\/strong><br \/><strong>Akku: 850mAh<\/strong><br \/><strong>Aufladen: USB-Anschluss Typ C<\/strong><br \/><strong>Nikotin-Optionen: 0%, 2%, 3%, oder 5%<\/strong><br \/>Diese Spezifikationen gew\u00e4hrleisten eine au\u00dfergew\u00f6hnliche Langlebigkeit und Leistung: Die <strong>1,0 Ohm Widerstand<\/strong> sorgt f\u00fcr eine sanfte, gleichm\u00e4\u00dfige Dampfproduktion, w\u00e4hrend die <strong>Typ-C-Ladung<\/strong> bietet schnelle, zuverl\u00e4ssige Power-Ups. W\u00e4hlen Sie Ihren Nikotingehalt f\u00fcr ein ma\u00dfgeschneidertes Erlebnis, von Null Nikotin f\u00fcr reine Geschmackssucher bis zu h\u00f6heren St\u00e4rken f\u00fcr einen kr\u00e4ftigen Kehlkopfschlag.<\/p>\n<h3>Hauptmerkmale, die diese Vape abheben<\/h3>\n<h3>Einstellbare Eismenge f\u00fcr individuelle K\u00fchlung<\/h3>\n<p>Mit dem innovativen <strong>Eisanpassung<\/strong> Feature bist du der Boss deiner Vaping-Vibes. Stelle eine subtile K\u00fchle ein oder drehe sie auf bis zu einer frostigen Explosion. Mit dieser unvergleichlichen Steuerung kannst Du die Intensit\u00e4t an Deinen Geschmack anpassen und sicherstellen, dass jede Session einzigartig erfrischend und belebend ist.<\/p>\n<h3>Leistungsstarker Akku f\u00fcr ganzt\u00e4giges Dampfen<\/h3>\n<p>Verabschieden Sie sich von den Stromproblemen mitten in der Sitzung. Die <strong>850mAh-Akku<\/strong> ist auf Ausdauer ausgelegt und erm\u00f6glicht stundenlangen Dauerbetrieb mit einer einzigen Ladung. Schnelles Aufladen \u00fcber Typ C - in weniger als einer Stunde - und sorgenfreies Dampfen, das mit Ihren gesch\u00e4ftigen Tagen Schritt h\u00e4lt.<\/p>\n<h3>Massive E-Liquid-Kapazit\u00e4t f\u00fcr endlosen Puff<\/h3>\n<p>Mit einem gro\u00dfz\u00fcgigen <strong>36ml e-Fl\u00fcssigkeit<\/strong>verspricht dieses Ger\u00e4t eine atemberaubende <strong>36000 Z\u00fcge<\/strong>. Das ist ein wochenlanger Genuss f\u00fcr den durchschnittlichen Benutzer, der den Bedarf an Nachf\u00fcllungen minimiert. Kombiniert mit einem auslaufsicheren Design, stellt es sicher, dass jeder Tropfen Premium-E-Liquid effizient verdampft wird, so dass Sie maximalen Nutzen und Genuss haben.<\/p>\n<h3>Individuelle Nikotinwerte f\u00fcr jeden Geschmack<\/h3>\n<p>Passen Sie Ihre Nikotinzufuhr ganz einfach an: von einem reinen, beruhigenden <strong>0% Nikotin<\/strong> f\u00fcr unverf\u00e4lschten Geschmack, zu <strong>2%, 3% oder 5%<\/strong> f\u00fcr unterschiedliche Intensit\u00e4ten von Treffern. Diese Flexibilit\u00e4t macht die <strong>Bang 36000 Ice Blending<\/strong> ideal f\u00fcr Anf\u00e4nger, erfahrene Raucher und diejenigen, die von traditionellem Tabak umsteigen. W\u00e4hlen Sie Ihre perfekte Balance und genie\u00dfen Sie die Konsistenz mit jedem Zug.<\/p>\n<h3>Premium E-Liquid-Geschmackskollektion<\/h3>\n<p>Tauchen Sie ein in eine Reihe von <strong>berauschende Geschmackserlebnisse<\/strong> f\u00fcr die unterschiedlichsten Gaumen geschaffen. Jede Option mischt nat\u00fcrliche Essenzen mit kreativen Wendungen und sorgt so f\u00fcr lebendige Geschmackserlebnisse. Hier ist die vollst\u00e4ndige Liste der E-Liquid-Geschmacksrichtungen f\u00fcr die <strong>Bang 36000 Ice Blending<\/strong>:<\/p>\n<ul>\n<li>Erdbeereis<\/li>\n<li>Erdbeer-Mango<\/li>\n<li>DREIFACHBEERE<\/li>\n<li>Erdbeere BANANA<\/li>\n<li>Ananas-Kokosnuss<\/li>\n<li>Blaubeereis<\/li>\n<li>Erdbeere Wassermelone<\/li>\n<li>Heidelbeere-Himbeere<\/li>\n<li>Red Bull<\/li>\n<li>LIEBE66<\/li>\n<li>Erdbeer-Mango<\/li>\n<li>Wassermelone Eis<\/li>\n<\/ul>\n<p>Mit Geschmacksrichtungen, die von fruchtigen Klassikern wie <strong>Wassermelone Eis<\/strong> bis hin zu gewagten Mischungen wie <strong>DREIFACHBEERE<\/strong> und anregend <strong>Red Bull<\/strong>ist f\u00fcr jeden etwas dabei. Erlebe vielschichtige Noten, die den einstellbaren Eisanteil verst\u00e4rken und eine multisensorische Vape-Reise schaffen.<\/p>\n<h3>Warum der Bang 36000 Ice Blender sich von anderen abhebt<\/h3>\n<p>Wenn Sie sich nach <strong>Kontrolle<\/strong>, <strong>Bequemlichkeit<\/strong>und <strong>Sorte<\/strong>ist dieses Ger\u00e4t Ihr ultimativer Begleiter. Seine Anpassungsf\u00e4higkeit gl\u00e4nzt mit der Eisanpassungsfunktion, w\u00e4hrend die <strong>36000 Puffs Kapazit\u00e4t<\/strong> und die robuste Bauweise machen ihn zu einer langfristigen Investition in das Vergn\u00fcgen. Egal, ob Du nach einem k\u00fchlenden Gef\u00fchl oder intensiven Aromen suchst, dieser Vape liefert zuverl\u00e4ssig, was ihn zu einer Top-Wahl f\u00fcr Vaper weltweit macht.<\/p>\n<h3>H\u00e4ufig gestellte Fragen<\/h3>\n<p><strong>Wie lange h\u00e4lt der Akku?<\/strong><br \/>Die <strong>850mAh-Akku<\/strong> bietet den meisten Nutzern genug Energie f\u00fcr einen ganzen Tag intensives Dampfen. Die Aufladezeiten sind dank des Typ-C-Anschlusses schnell und liegen im Durchschnitt unter einer Stunde f\u00fcr eine komplette Aufladung.<\/p>\n<p><strong>Kann ich den Eisstand w\u00e4hrend des Gebrauchs einstellen?<\/strong><br \/>Ja! Die <strong>Eisanpassung<\/strong> Funktion ist intuitiv und jederzeit zug\u00e4nglich. Halten Sie einfach die Taste des Ger\u00e4ts gedr\u00fcckt, um durch die K\u00fchlungsstufen zu schalten, was eine fliegende Anpassung ohne Unterbrechung des Verdampfungsflusses erm\u00f6glicht.<\/p>\n<p><strong>Welche Nikotinst\u00e4rke sollte ich w\u00e4hlen?<\/strong><br \/><strong>0% Nikotin<\/strong> ist perfekt, wenn Sie einen lebendigen Geschmack ohne s\u00fcchtig machendes Element w\u00fcnschen.<br \/><strong>2% oder 3% Nikotin<\/strong> bietet einen leichten, befriedigenden Zug, ideal f\u00fcr moderate Konsumenten.<br \/><strong>5% Nikotin<\/strong> bietet einen starken Kehlkopfschlag f\u00fcr diejenigen, die einen st\u00e4rkeren Kick brauchen, um das traditionelle Rauchen nachzuahmen.<\/p>\n<p><strong>Ist dieses Ger\u00e4t anf\u00e4ngerfreundlich?<\/strong><br \/>Unbedingt. Als vorgef\u00fcllter Einweg-Vape kommt er gebrauchsfertig an mit <strong>36ml e-Fl\u00fcssigkeit<\/strong>. Kein Nachf\u00fcllen, Mischen oder komplexe Einstellungen - einfach inhalieren und genie\u00dfen. Die Ein-Knopf-Bedienung und die \u00fcbersichtliche Ladeanzeige machen das Dampfen m\u00fchelos und angenehm f\u00fcr Neulinge.<\/p>\n<p><strong>Welche Geschmacksrichtung ist die beste?<\/strong><br \/>K\u00fchlgebl\u00e4se bewundern <strong>Wassermelone Eis<\/strong> oder <strong>Erdbeereis<\/strong> f\u00fcr ihre erfrischenden Profile. Wenn Sie mutige, reichhaltige Erfahrungen bevorzugen, <strong>DREIFACHBEERE<\/strong> und <strong>LIEBE66<\/strong> liefern komplexe, belebende Geschmackserlebnisse. Bei so vielen Optionen k\u00f6nnen Sie die Geschmacksrichtungen wechseln, um f\u00fcr Abwechslung zu sorgen.<\/p>\n<h3>Das endg\u00fcltige Urteil<\/h3>\n<p>Die <strong>Bang 36000 Ice Blending<\/strong> wurde entwickelt, um Ihr Dampfen mit innovativen Funktionen und dauerhafter Qualit\u00e4t zu verbessern. Es ist nicht nur ein Ger\u00e4t - es ist ein Lifestyle-Upgrade, das Stil, Substanz und Intelligenz vereint. Mit seinem <strong>einstellbare Eismenge<\/strong>Mit ihrer langen Lebensdauer und der vielseitigen Nikotinauswahl ist sie in jeder Hinsicht herausragend. W\u00e4hle noch heute aus unserem lebhaften Geschmackssortiment und erlebe ein k\u00fchleres, l\u00e4ngeres und individuelleres Dampferlebnis.<\/p>","protected":false},"excerpt":{"rendered":"<p>Erleben Sie ultimatives Dampfen mit dem <strong>Bang 36000 Ice Blending Einweg-Vape<\/strong>. Ausgestattet mit einem <strong>einstellbare Eismenge<\/strong> f\u00fcr individuelle K\u00fchlung, <strong>36000 Z\u00fcge<\/strong> von 36 ml e-Fl\u00fcssigkeit und w\u00e4hlbaren Nikotinst\u00e4rken von <strong>0%<\/strong>, <strong>2%<\/strong>, <strong>3%<\/strong>, oder <strong>5%<\/strong>. Perfekt f\u00fcr den ganzt\u00e4gigen, m\u00fchelosen Genuss mit einem leistungsstarken <strong>850mAh-Akku<\/strong>.<\/p>","protected":false},"featured_media":1235,"comment_status":"open","ping_status":"closed","template":"","meta":[],"product_brand":[107],"product_cat":[1072,17],"product_tag":[221,220,219,112,222,223],"class_list":{"0":"post-1241","1":"product","2":"type-product","3":"status-publish","4":"has-post-thumbnail","6":"product_brand-bang","7":"product_cat-bang","8":"product_cat-uncategorized","9":"product_tag-36000-puffs","10":"product_tag-adjustable-ice-level","11":"product_tag-bang-36000-ice-blending","12":"product_tag-disposable-vape","13":"product_tag-e-liquid-flavors","14":"product_tag-nicotine-vape","16":"first","17":"instock","18":"sale","19":"shipping-taxable","20":"purchasable","21":"product-type-variable"},"jetpack_sharing_enabled":true,"tiered_pricing_type":"fixed","tiered_pricing_fixed_rules":[],"tiered_pricing_product_settings":{"layout":"default","base_unit_name":{"singular":null,"plural":null},"default_variation":null},"tiered_pricing_minimum_quantity":null,"tiered_pricing_roles_data":[],"tiered_pricing_percentage_rules":[],"tiered_pricing_maximum_quantity":null,"tiered_pricing_quantity_step":null,"_links":{"self":[{"href":"https:\/\/frvape.com\/de\/wp-json\/wp\/v2\/product\/1241","targetHints":{"allow":["GET"]}}],"collection":[{"href":"https:\/\/frvape.com\/de\/wp-json\/wp\/v2\/product"}],"about":[{"href":"https:\/\/frvape.com\/de\/wp-json\/wp\/v2\/types\/product"}],"replies":[{"embeddable":true,"href":"https:\/\/frvape.com\/de\/wp-json\/wp\/v2\/comments?post=1241"}],"wp:featuredmedia":[{"embeddable":true,"href":"https:\/\/frvape.com\/de\/wp-json\/wp\/v2\/media\/1235"}],"wp:attachment":[{"href":"https:\/\/frvape.com\/de\/wp-json\/wp\/v2\/media?parent=1241"}],"wp:term":[{"taxonomy":"product_brand","embeddable":true,"href":"https:\/\/frvape.com\/de\/wp-json\/wp\/v2\/product_brand?post=1241"},{"taxonomy":"product_cat","embeddable":true,"href":"https:\/\/frvape.com\/de\/wp-json\/wp\/v2\/product_cat?post=1241"},{"taxonomy":"product_tag","embeddable":true,"href":"https:\/\/frvape.com\/de\/wp-json\/wp\/v2\/product_tag?post=1241"}],"curies":[{"name":"wp","href":"https:\/\/api.w.org\/{rel}","templated":true}]}}