{"id":13297,"date":"2025-11-02T12:41:25","date_gmt":"2025-11-02T12:41:25","guid":{"rendered":"https:\/\/frvape.com\/product\/bang-box-80000-disposable-vape-80000-puffs-triple-mesh-coil-60ml-juice\/"},"modified":"2025-11-04T02:51:23","modified_gmt":"2025-11-04T02:51:23","slug":"bang-box-80000-einweg-vape-80000-puffs-dreifache-mesh-spule-60ml-saft","status":"publish","type":"product","link":"https:\/\/frvape.com\/de\/produkt\/bang-box-80000-einweg-vape-80000-puffs-dreifache-mesh-spule-60ml-saft\/","title":{"rendered":"Bang Box 80000 Einweg Vape - 80000 Z\u00fcge, Triple Mesh Coil, 60ml Saft"},"content":{"rendered":"<h3>Unerreichte Langlebigkeit und Leistung<\/h3>\n<p>Die <strong>Bang Box 80000<\/strong> setzt mit seiner au\u00dfergew\u00f6hnlichen Kapazit\u00e4t von 80.000 Puffs einen neuen Industriestandard. Angetrieben von einem hochmodernen <strong>17350 Reiner Kobalt-Akku<\/strong> (850mAh, 5A Entladung), es h\u00e4lt stabile Spannung f\u00fcr konsistente Leistung von der ersten bis zur letzten puff. Genie\u00dfen Sie l\u00e4ngere Vaping-Sessions ohne Kompromisse.<\/p>\n<h3>Hochwertige Geschmackstechnologie<\/h3>\n<p>Ausgestattet mit einem <strong>einzelner 0,8\u03a9-Heizdraht<\/strong> gepaart mit einem fortschrittlichen <strong>Dreifach-Maschenspule<\/strong>Dieses Ger\u00e4t verwandelt jeden Zug in ein reichhaltiges, nuanciertes Geschmacksprofil mit au\u00dfergew\u00f6hnlich sanfter Dampfproduktion. Die optimierte Spule Design sorgt f\u00fcr eine effiziente e-Fl\u00fcssigkeit Nutzung bei der Erzeugung bemerkenswerte Wolke Dichte.<\/p>\n<h3>Geschmacksoptionen<\/h3>\n<p>Entdecken Sie unsere kuratierte Auswahl von 12 exotischen Geschmacksrichtungen mit verschiedenen Nikotinst\u00e4rken (0%, 2%, 3%, 5%):<br \/>Erdbeere Banane &amp; Himbeere Wassermelone &amp; Liebe 666<br \/>Lemon Cola Soda &amp; Wassermelone Kaugummi &amp; Black Dragon Ice<br \/>Double Grape &amp; Strawberry Mango &amp; Blueberry Sour Raspberry Ice<br \/>Ananas-Kokosnuss &amp; Erdbeer-Himbeer-Bonbon &amp; Blaues Razz-Eis<br \/>Wassermeloneneis &amp; Red Bull &amp; Erdbeer-Kiwi<br \/>Tropische Fr\u00fcchte &amp; Erdbeere Wassermelone &amp; Zitrone Pfirsich<br \/>Wassermeloneneis &amp; Erdbeereis &amp; Dreifach-Melone<br \/>Erdbeer-Kiwi &amp; Saure Mango-Ananas &amp; Erdbeer-Red Bull<br \/>Erdbeere Eis &amp; Erdbeere Wassermelone &amp; Ananas Mango Pfirsich<br \/>Dreifach-Beereneis &amp; Mango-Pfirsich &amp; Erdbeer-Kiwi<br \/>Zitrone-Limette-Mango-Pfirsich-Wassermelone-Blaubeereis<br \/>Erdbeere Vanille Cola &amp; Saurer Apfel Himbeere &amp; Zitrone Limette<\/p>\n<h3>Ergonomisches Design<\/h3>\n<p>F\u00fcr den Komfort bei l\u00e4ngerem Gebrauch entwickelt, ist die <strong>Bang Box 80000<\/strong> hat ein handfl\u00e4chenfreundliches Profil von 46\u00d746\u00d7128 mm mit ausgewogener Gewichtsverteilung (135 g). Die strukturierte Au\u00dfenseite bietet sicheren Halt, w\u00e4hrend das optimierte Luftstromsystem m\u00fcheloses Ziehen garantiert.<\/p>\n<h3>Gro\u00dfhandelstaugliche Verpackung<\/h3>\n<p>Einzelhandelsverpackung: Karton mit 10 Ger\u00e4ten (236\u00d795\u00d7131mm, 1,411kg)<br \/>Optionen f\u00fcr den Karton:<br \/>- 100St\u00fcck: 49,5\u00d730,5\u00d728,5cm (15kg Bruttogewicht)<br \/>- 200St\u00fcck: 49,5\u00d749,5\u00d728,5cm (29kg Bruttogewicht)<\/p>\n<h3>Professionelles Vaping<\/h3>\n<p>Ideal f\u00fcr H\u00e4ndler und anspruchsvolle Dampfer, die <strong>Bang Box 80000<\/strong> kombiniert Komponenten in Industriequalit\u00e4t mit einer sorgf\u00e4ltigen Geschmacksentwicklung. Der \u00fcbergro\u00dfe E-Fl\u00fcssigkeitsbeh\u00e4lter, das temperaturgesteuerte Spulensystem und die Nikotinoptionen in pharmazeutischer Qualit\u00e4t schaffen ein unschlagbares <strong>leistungsstarke Vaping-Erfahrung<\/strong> die den Geschmack \u00fcber alle 80.000 Z\u00fcge hinweg beibeh\u00e4lt.<\/p>","protected":false},"excerpt":{"rendered":"<p><strong>Bang Box 80000<\/strong> Einweg-Dampfger\u00e4t liefert eine erstaunliche <strong>80.000 Z\u00fcge<\/strong> mit seiner massiven <strong>60ml e-Fl\u00fcssigkeit Kapazit\u00e4t<\/strong> und <strong>850mAh reiner Kobalt-Akku<\/strong>.<br \/>Erleben Sie k\u00fchne Aromen durch seine fortschrittliche <strong>Dreifach-Maschenspule<\/strong> Technologie in 12 Premium-Sorten.<\/p>","protected":false},"featured_media":13291,"comment_status":"open","ping_status":"closed","template":"","meta":[],"product_brand":[108],"product_cat":[995,1016],"product_tag":[997,551,996,346,400,967],"class_list":{"0":"post-13297","1":"product","2":"type-product","3":"status-publish","4":"has-post-thumbnail","6":"product_brand-bangbox","7":"product_cat-bangbox","8":"product_cat-big-puffs-vapes","9":"product_tag-80000-puffs-disposable-vape","10":"product_tag-850mah-battery","11":"product_tag-bang-box-80000","12":"product_tag-high-capacity-vape","13":"product_tag-long-lasting-vape","14":"product_tag-triple-mesh-coil","16":"first","17":"instock","18":"sale","19":"shipping-taxable","20":"purchasable","21":"product-type-variable"},"jetpack_sharing_enabled":true,"tiered_pricing_type":"fixed","tiered_pricing_fixed_rules":[],"tiered_pricing_product_settings":{"layout":"default","base_unit_name":{"singular":null,"plural":null},"default_variation":null},"tiered_pricing_minimum_quantity":null,"tiered_pricing_roles_data":[],"tiered_pricing_percentage_rules":[],"tiered_pricing_maximum_quantity":null,"tiered_pricing_quantity_step":null,"_links":{"self":[{"href":"https:\/\/frvape.com\/de\/wp-json\/wp\/v2\/product\/13297","targetHints":{"allow":["GET"]}}],"collection":[{"href":"https:\/\/frvape.com\/de\/wp-json\/wp\/v2\/product"}],"about":[{"href":"https:\/\/frvape.com\/de\/wp-json\/wp\/v2\/types\/product"}],"replies":[{"embeddable":true,"href":"https:\/\/frvape.com\/de\/wp-json\/wp\/v2\/comments?post=13297"}],"wp:featuredmedia":[{"embeddable":true,"href":"https:\/\/frvape.com\/de\/wp-json\/wp\/v2\/media\/13291"}],"wp:attachment":[{"href":"https:\/\/frvape.com\/de\/wp-json\/wp\/v2\/media?parent=13297"}],"wp:term":[{"taxonomy":"product_brand","embeddable":true,"href":"https:\/\/frvape.com\/de\/wp-json\/wp\/v2\/product_brand?post=13297"},{"taxonomy":"product_cat","embeddable":true,"href":"https:\/\/frvape.com\/de\/wp-json\/wp\/v2\/product_cat?post=13297"},{"taxonomy":"product_tag","embeddable":true,"href":"https:\/\/frvape.com\/de\/wp-json\/wp\/v2\/product_tag?post=13297"}],"curies":[{"name":"wp","href":"https:\/\/api.w.org\/{rel}","templated":true}]}}