{"id":13940,"date":"2025-11-03T02:22:00","date_gmt":"2025-11-03T02:22:00","guid":{"rendered":"https:\/\/frvape.com\/product\/fumot-digital-monkey-disposable-vape-20k-40k-puffs-dual-engine-rechargeable\/"},"modified":"2026-03-25T07:11:27","modified_gmt":"2026-03-25T07:11:27","slug":"fumot-digitalen-affen-einweg-vape-20k-40k-puffs-doppelmotor-wiederaufladbar","status":"publish","type":"product","link":"https:\/\/frvape.com\/de\/produkt\/fumot-digitalen-affen-einweg-vape-20k-40k-puffs-doppelmotor-wiederaufladbar\/","title":{"rendered":"Fumot Digital Monkey Einweg-Vape - 20K\/40K Puffs, Dual Engine, wiederaufladbar"},"content":{"rendered":"<h3>Unerreichte Leistung und Vielseitigkeit<\/h3>\n<p>Die <strong>Fumot Digital Monkey Einweg-Vape<\/strong> definiert den Komfort neu mit bahnbrechenden Spezifikationen, die auf Langlebigkeit ausgelegt sind. W\u00e4hlen Sie zwischen monumentalen 20.000-Puff- oder massiven 40.000-Puff-Kapazit\u00e4ten, um Ihre Verdampfungsintensit\u00e4t anzupassen. Sein revolution\u00e4res <strong>Doppelmotorentechnik<\/strong> k\u00f6nnen Sie zwischen einer glatten <strong>Einzelner Motor<\/strong> Modus f\u00fcr subtile Zeichnungen oder aktivieren <strong>Doppelmotor<\/strong> Leistung f\u00fcr eine dichte Cloud-Produktion - alles in einem kompakten Ger\u00e4t.<\/p>\n<h3>Erweiterte technische Spezifikationen<\/h3>\n<p>Angetrieben von einem <strong>850mAh wiederaufladbare Batterie<\/strong> und <strong>Typ-C-Ladeanschluss<\/strong>Dieser Einweg-Vaporizer sorgt f\u00fcr eine schnelle Energier\u00fcckgewinnung. Die hochmoderne <strong>0,8\u03a9 Doppelmaschenspule<\/strong> liefert konstant reinen, ges\u00e4ttigten Geschmack vom ersten bis zum letzten Zug. Passen Sie Ihr Erlebnis mit mehreren Nikotinstufen an: <strong>0%<\/strong> (nikotinfrei), <strong>2%<\/strong> (hell), <strong>3%<\/strong> (mittel), und <strong>5%<\/strong> (starke) Optionen.<\/p>\n<h3>Berauschende Geschmacksauswahl<\/h3>\n<p>Verw\u00f6hnen Sie sich mit 16 professionell hergestellten Geschmacksrichtungen:<\/p>\n<ul>\n<li>Kirschbombe<\/li>\n<li>Miami Mint<\/li>\n<li>Schwarzes Eis<\/li>\n<li>Wassermelone Eis<\/li>\n<li>Rosa Limonade<\/li>\n<li>Tropische Regenbogenexplosion<\/li>\n<li>Erdbeer-Mango<\/li>\n<li>Saftiges Pfirsicheis<\/li>\n<li>Weintraube Zitrone<\/li>\n<li>Doppelter Apfel<\/li>\n<li>Erdbeer-Minze-Bonbon<\/li>\n<li>Pfirsich Mango Wassermelone<\/li>\n<li>Erdbeere Wassermelone<\/li>\n<li>Wei\u00dfes Gummieis<\/li>\n<li>Heidelbeere-Himbeere<\/li>\n<li>Bananeneis<\/li>\n<\/ul>\n<h3>Premium Vaping neu definiert<\/h3>\n<p>Der Digital Monkey wurde f\u00fcr Japans anspruchsvolle Gro\u00df- und Einzelh\u00e4ndler entwickelt und setzt neue Ma\u00dfst\u00e4be in der Einweg-Dampftechnologie. Sein intelligentes Airflow-System optimiert jeden Zug, w\u00e4hrend die robuste Konstruktion eine lange Leistung garantiert. Egal, ob Sie ein samtiges Mundgef\u00fchl, intensive Nikotinbefriedigung oder ein explosives Geschmacksprofil bevorzugen, dieses vielseitige Ger\u00e4t liefert eine <strong>Premium-Vaping-Erlebnis<\/strong> das die herk\u00f6mmlichen Alternativen \u00fcbertrifft.<\/p>","protected":false},"excerpt":{"rendered":"<p>Erleben Sie die <strong>Fumot Digital Monkey Einweg-Vape<\/strong> mit massiven 20.000 oder 40.000 Puffen Optionen.<br \/>\nUmschalten zwischen <strong>Einzelner Motor<\/strong> sanftes Ziehen oder <strong>Doppelmotor<\/strong> Leistungsmodus.<br \/>\nEigenschaften <strong>Typ-C-Laden<\/strong> und 16 verlockende Geschmacksrichtungen f\u00fcr eine erstklassige Dampfreise.<\/p>","protected":false},"featured_media":13934,"comment_status":"open","ping_status":"closed","template":"","meta":[],"product_brand":[186],"product_cat":[885],"product_tag":[512,349,112,1012,1011,115],"class_list":{"0":"post-13940","1":"product","2":"type-product","3":"status-publish","4":"has-post-thumbnail","6":"product_brand-fumot","7":"product_cat-fumot","8":"product_tag-20000-puffs","9":"product_tag-40000-puffs","10":"product_tag-disposable-vape","11":"product_tag-dual-engine-vape","12":"product_tag-fumot-digital-monkey","13":"product_tag-rechargeable-vape","15":"first","16":"instock","17":"sale","18":"shipping-taxable","19":"purchasable","20":"product-type-variable"},"jetpack_sharing_enabled":true,"tiered_pricing_type":"fixed","tiered_pricing_fixed_rules":[],"tiered_pricing_product_settings":{"layout":"default","base_unit_name":{"singular":null,"plural":null},"default_variation":null},"tiered_pricing_minimum_quantity":null,"tiered_pricing_roles_data":[],"tiered_pricing_percentage_rules":[],"tiered_pricing_maximum_quantity":null,"tiered_pricing_quantity_step":null,"_links":{"self":[{"href":"https:\/\/frvape.com\/de\/wp-json\/wp\/v2\/product\/13940","targetHints":{"allow":["GET"]}}],"collection":[{"href":"https:\/\/frvape.com\/de\/wp-json\/wp\/v2\/product"}],"about":[{"href":"https:\/\/frvape.com\/de\/wp-json\/wp\/v2\/types\/product"}],"replies":[{"embeddable":true,"href":"https:\/\/frvape.com\/de\/wp-json\/wp\/v2\/comments?post=13940"}],"wp:featuredmedia":[{"embeddable":true,"href":"https:\/\/frvape.com\/de\/wp-json\/wp\/v2\/media\/13934"}],"wp:attachment":[{"href":"https:\/\/frvape.com\/de\/wp-json\/wp\/v2\/media?parent=13940"}],"wp:term":[{"taxonomy":"product_brand","embeddable":true,"href":"https:\/\/frvape.com\/de\/wp-json\/wp\/v2\/product_brand?post=13940"},{"taxonomy":"product_cat","embeddable":true,"href":"https:\/\/frvape.com\/de\/wp-json\/wp\/v2\/product_cat?post=13940"},{"taxonomy":"product_tag","embeddable":true,"href":"https:\/\/frvape.com\/de\/wp-json\/wp\/v2\/product_tag?post=13940"}],"curies":[{"name":"wp","href":"https:\/\/api.w.org\/{rel}","templated":true}]}}