{"id":1782,"date":"2025-10-12T02:22:24","date_gmt":"2025-10-12T02:22:24","guid":{"rendered":"https:\/\/frvape.com\/product\/elfbox-digital-12000-puffs-disposable-vape-with-customizable-nicotine-digital-display\/"},"modified":"2025-11-02T03:50:44","modified_gmt":"2025-11-02T03:50:44","slug":"elfbox-digital-12000-puffs-wegwerfbares-vape-mit-anpassbarem-nikotin-digitalanzeige","status":"publish","type":"product","link":"https:\/\/frvape.com\/de\/produkt\/elfbox-digital-12000-puffs-wegwerfbares-vape-mit-anpassbarem-nikotin-digitalanzeige\/","title":{"rendered":"ElfBox Digital 12000 Puffs Einweg-Vape mit anpassbarem Nikotin &amp; Digitalanzeige"},"content":{"rendered":"<h3>Premium Vaping-Erlebnis<\/h3>\n<p>Die <strong>ELF Box Digital 12000 Puffs<\/strong> definiert Vaping mit seinem schlanken Metalldesign und der integrierten <strong>Apple-Technologie<\/strong>und bietet un\u00fcbertroffene Haltbarkeit und Eleganz f\u00fcr anspruchsvolle Dampfer. Er kombiniert Luxus mit Effizienz und bietet eine ma\u00dfgeschneiderte Erfahrung, die sowohl Gelegenheitsnutzer als auch Enthusiasten durch seine fortschrittlichen Funktionen anspricht.<\/p>\n<h3>Anpassbare Vaping-Optionen<\/h3>\n<p>Personalisieren Sie Ihre Vaping-Reise mit <strong>anpassbare Nikotinwerte<\/strong> bei 0%, 2%, 3% oder 5%, damit Sie die perfekte Intensit\u00e4t f\u00fcr Ihre Vorlieben erreichen. Gepaart mit einer raffinierten <strong>E-Liquid-System<\/strong>garantiert dieses Ger\u00e4t gleichbleibenden Geschmack und <strong>gleichm\u00e4\u00dfige Dampferzeugung<\/strong>Dadurch wird jeder Zug m\u00fchelos und zufriedenstellend.<\/p>\n<h3>Erweiterte technische Merkmale<\/h3>\n<p>Erleben Sie eine l\u00e4ngere Nutzung mit dem <strong>0,8-Ohm-Mesh-Spule<\/strong> das den Dampfstrom und die Geschmacksabgabe optimiert, w\u00e4hrend die <strong>25ml e-Fl\u00fcssigkeit Kapazit\u00e4t<\/strong> unterst\u00fctzt Tausende von Z\u00fcgen ohne Kompromisse. Die <strong>wiederaufladbare Batterie<\/strong> (13350-500mAh) mit Typ-C-Ladung erm\u00f6glicht schnelles Aufladen und lang anhaltende Leistung, gekoppelt mit einem <strong>digitale Anzeige<\/strong> die f\u00fcr eine l\u00fcckenlose \u00dcberwachung wichtige Daten wie Akkulaufzeit und Puffanzahl anzeigt.<\/p>\n<h3>Vielf\u00e4ltige Geschmacksauswahl<\/h3>\n<p>Verw\u00f6hnen Sie sich mit einem aufregenden Angebot an <strong>E-Liquid-Geschmacksrichtungen<\/strong> f\u00fcr alle Geschm\u00e4cker, von erfrischend fruchtigen Mischungen bis hin zu eisigen Sensationen. Zu den verf\u00fcgbaren Geschmacksoptionen geh\u00f6ren:<br \/>Strawberry Blast<br \/>Brombeereis<br \/>Pfirsich Beeren<br \/>Gemischtes Obst<br \/>Pfirsich-Eis<br \/>Erdbeereis<br \/>Erdbeere-Banane<br \/>Herr Blau<br \/>Erdbeere Wassermelone<br \/>Blaubeere-Sauer-Himbeere<br \/>Mango-Eis<br \/>Blaues Razzeis<br \/>Kirsche Cola<br \/>Kokosnuss Melone<br \/>Wassermelone Eis<br \/>Wassermelone Bubblegum<br \/>Traubeneis<br \/>Kiwi Passionsfrucht<br \/>Doppelter Apfel<br \/>Erdbeer-Kiwi-Frucht<\/p>\n<h3>Umfassende Produktspezifikationen<\/h3>\n<p>1. Puffs: 12.000 Puffs<br \/>2. Kern: <strong>Mesh-Spule 0.8ohm<\/strong><br \/>3. E-Fl\u00fcssigkeit: 25ml<br \/>4. Nikotin: <strong>Anpassbare Nikotinwerte<\/strong> von 0%\/2%\/3%\/5%<br \/>5. Akku: 13350-500mAh<br \/>6. Wiederaufladbar: Typ-C<br \/>7. Digitales Display<br \/>8. Produktgewicht: 82g<br \/>9. Produktgr\u00f6\u00dfe: 30*57*101mm<br \/>10. Gr\u00f6\u00dfe des Kartons: 615*223*330mm<br \/>11. QTY: 200pcs\/ctn, 10pcs\/box<br \/>12. Gewicht: 17,7 kg<\/p>\n<h3>Ideal f\u00fcr alle Benutzer<\/h3>\n<p>Mit seinem <strong>wiederaufladbares Design<\/strong> und langlebige Konstruktion ist dieser Vape perfekt f\u00fcr den t\u00e4glichen Gebrauch, w\u00e4hrend Einzelh\u00e4ndler die <strong>Massengro\u00dfhandel<\/strong> M\u00f6glichkeiten, die hohe Nachfrage zu befriedigen. Die Investition in die ELF Box Digital sichert die Kundenzufriedenheit durch den Fokus auf <strong>digitale Anzeige<\/strong> Aufwertung und <strong>E-Liquid-Vielfalt<\/strong>und etabliert ihn als eine der ersten Wahl auf dem Markt f\u00fcr Einwegdampfer.<\/p>\n<h3>Erh\u00f6hter Wert und Zuverl\u00e4ssigkeit<\/h3>\n<p>Die langlebige ELF Box Digital verbindet Innovation mit Praktikabilit\u00e4t und bietet eine <strong>Premiumprodukt<\/strong> die den Bedarf an h\u00e4ufigem Austausch reduziert. Seine kompakte Gr\u00f6\u00dfe und sein geringes Gewicht machen ihn tragbar, w\u00e4hrend das robuste Kartuschensystem f\u00fcr ununterbrochenen Genuss sorgt. Steigern Sie Ihre Rauchgewohnheiten noch heute mit diesem Ger\u00e4t f\u00fcr au\u00dfergew\u00f6hnliche Geschmackskonsistenz und benutzerzentrierte Technologie.<\/p>","protected":false},"excerpt":{"rendered":"<p><strong>ELF Box Digital 12000 Puffs Einweg-Vape<\/strong> bietet ein erstklassiges Vaping-Erlebnis mit fortschrittlichen <strong>Apple-Technologie<\/strong>, anpassbar <strong>Nikotingehalt<\/strong> von 0% bis 5% und eine elegante Digitalanzeige. Genie\u00dfen Sie bis zu 12.000 Z\u00fcge, angetrieben von einem <strong>wiederaufladbare Batterie<\/strong> und eine 0,8-Ohm-Mesh-Spule f\u00fcr sanften Dampf.<\/p>","protected":false},"featured_media":1776,"comment_status":"open","ping_status":"closed","template":"","meta":[],"product_brand":[206],"product_cat":[207],"product_tag":[287,288,112,222,286,103],"class_list":{"0":"post-1782","1":"product","2":"type-product","3":"status-publish","4":"has-post-thumbnail","6":"product_brand-elfbox","7":"product_cat-elfbox-vape","8":"product_tag-customizable-nicotine-vape","9":"product_tag-digital-display-vape","10":"product_tag-disposable-vape","11":"product_tag-e-liquid-flavors","12":"product_tag-elfbox-digital-12000","13":"product_tag-rechargeable-e-cigarette","15":"first","16":"instock","17":"sale","18":"shipping-taxable","19":"purchasable","20":"product-type-variable"},"jetpack_sharing_enabled":true,"tiered_pricing_type":"fixed","tiered_pricing_fixed_rules":[],"tiered_pricing_product_settings":{"layout":"default","base_unit_name":{"singular":null,"plural":null},"default_variation":null},"tiered_pricing_minimum_quantity":null,"tiered_pricing_roles_data":[],"tiered_pricing_percentage_rules":[],"tiered_pricing_maximum_quantity":null,"tiered_pricing_quantity_step":null,"_links":{"self":[{"href":"https:\/\/frvape.com\/de\/wp-json\/wp\/v2\/product\/1782","targetHints":{"allow":["GET"]}}],"collection":[{"href":"https:\/\/frvape.com\/de\/wp-json\/wp\/v2\/product"}],"about":[{"href":"https:\/\/frvape.com\/de\/wp-json\/wp\/v2\/types\/product"}],"replies":[{"embeddable":true,"href":"https:\/\/frvape.com\/de\/wp-json\/wp\/v2\/comments?post=1782"}],"wp:featuredmedia":[{"embeddable":true,"href":"https:\/\/frvape.com\/de\/wp-json\/wp\/v2\/media\/1776"}],"wp:attachment":[{"href":"https:\/\/frvape.com\/de\/wp-json\/wp\/v2\/media?parent=1782"}],"wp:term":[{"taxonomy":"product_brand","embeddable":true,"href":"https:\/\/frvape.com\/de\/wp-json\/wp\/v2\/product_brand?post=1782"},{"taxonomy":"product_cat","embeddable":true,"href":"https:\/\/frvape.com\/de\/wp-json\/wp\/v2\/product_cat?post=1782"},{"taxonomy":"product_tag","embeddable":true,"href":"https:\/\/frvape.com\/de\/wp-json\/wp\/v2\/product_tag?post=1782"}],"curies":[{"name":"wp","href":"https:\/\/api.w.org\/{rel}","templated":true}]}}