{"id":1985,"date":"2025-10-12T02:36:01","date_gmt":"2025-10-12T02:36:01","guid":{"rendered":"https:\/\/frvape.com\/product\/lavande-bm18000-disposable-vape-18000-puffs-20-flavors-rechargeable\/"},"modified":"2025-10-12T02:36:07","modified_gmt":"2025-10-12T02:36:07","slug":"lavande-bm18000-einweg-vape-18000-puffs-20-aromen-wiederaufladbar","status":"publish","type":"product","link":"https:\/\/frvape.com\/de\/produkt\/lavande-bm18000-einweg-vape-18000-puffs-20-aromen-wiederaufladbar\/","title":{"rendered":"Lavande BM18000 Einweg-Vape - 18000 Z\u00fcge, 20 Geschmacksrichtungen, wiederaufladbar"},"content":{"rendered":"<h3>Revolution\u00e4re Vaping-Leistung<\/h3>\n<p>Einf\u00fchrung in die <strong>Lavande BM18000<\/strong>, ein branchenf\u00fchrender Einweg-Vape Pen, der f\u00fcr eine unvergessliche Wolkenproduktion und Geschmacksintensit\u00e4t entwickelt wurde. Mit seiner atemberaubenden <strong>18.000 Puffs Kapazit\u00e4t<\/strong> unterst\u00fctzt durch eine <strong>24ml vorgef\u00fcllte e-Fl\u00fcssigkeit<\/strong> Reservoir \u00fcberdauert dieses Ger\u00e4t die Konkurrenz und sorgt f\u00fcr gleichbleibende Zufriedenheit. Der integrierte <strong>650mAh wiederaufladbare Batterie<\/strong> Schnelles Aufladen \u00fcber USB <strong>Typ-C<\/strong> Port, wodurch Ausfallzeiten zwischen den Sitzungen vermieden werden.<\/p>\n<h3>Hochmoderne technische Spezifikationen<\/h3>\n<p>Unsere fortschrittliche Technik erm\u00f6glicht eine noch nie dagewesene Kontrolle:<br \/>- Vierfache Leistung <strong>Netzspulen<\/strong> f\u00fcr eine intensivere Geschmacksextraktion<br \/>- Revolution\u00e4r <strong>einstellbarer Luftstrom<\/strong> Zifferblatt f\u00fcr personalisierten Zugwiderstand<br \/>- Dynamisch <strong>Normal\/Boost-Modus<\/strong> Umschalten - sanfte Hits oder intensive Wolken nach Bedarf<br \/>- Innovativ <strong>Full-HD-Mega-Display<\/strong> (3.0\u2033) zur \u00dcberwachung des Batterie- und Fl\u00fcssigkeitsstands<br \/>- Ausl\u00f6semechanismus mit Ziehfunktion f\u00fcr m\u00fchelose Bedienung<\/p>\n<h3>Exklusives Geschmacksspektrum<\/h3>\n<p>G\u00f6nnen Sie sich unsere Premium-Nikotinsalzformulierung (<strong>5% Nikotinkonzentration<\/strong>) in 20 sorgf\u00e4ltig hergestellten Geschmacksrichtungen:<br \/>Blaubeereis | Regenbogenkegeln | Erdbeereis | Chewy Mint<br \/>Wassermelone-Himbeere | Blaubeere-Minze | Love66 | Kaumasse Wassermelone<br \/>Wassermelonen-Eis | Beeren-Minze | Pfirsich-Eis | Zitronen-Minze<br \/>Grape Mint | Mango Ice | Double Apple | Double Grape<br \/>Schwarzes Johannisbeereis | Ananaseis | Mr. Blue | Mango-Drachenfrucht<\/p>\n<h3>Professionelle Konstruktion<\/h3>\n<p>Die <strong>Lavande BM18000<\/strong> definiert mit seiner auslaufsicheren Struktur, die Aerodynamik und Widerstandsf\u00e4higkeit kombiniert, die Haltbarkeit von Einwegprodukten neu. Im Gegensatz zu herk\u00f6mmlichen Einwegartikeln ist die <strong>Nachf\u00fcllbarkeit<\/strong> (1-2 Nachf\u00fcllungen m\u00f6glich) bietet au\u00dfergew\u00f6hnliche Wertbest\u00e4ndigkeit. Das ergonomische Mundst\u00fcck schmiegt sich nat\u00fcrlich an die Lippen an, w\u00e4hrend das matte \u00c4u\u00dfere f\u00fcr rutschfesten Halt sorgt - ideal f\u00fcr l\u00e4ngere Vaping-Sessions.<\/p>\n<h3>Gro\u00dfhandelsvorteil<\/h3>\n<p>Als der f\u00fchrende Gro\u00dfhandelspartner in den Niederlanden, Deutschland, Belgien und Spanien bietet Elfvaping unschlagbare Gro\u00dfhandelspreise. Jede Packung enth\u00e4lt <strong>200 Einheiten<\/strong>f\u00fcr logistische Effizienz und Bestandsoptimierung in Schrumpffolie verpackt. Maximieren Sie Ihre Gewinne im Einzelhandel mit dieser leistungsstarken SKU, die die Verbrauchernachfrage nach l\u00e4ngeren Nutzungszyklen erf\u00fcllt (<strong>18000 Z\u00fcge<\/strong>) mit h\u00e4ndlerfreundlichen <strong>Zuverl\u00e4ssigkeit der Netzspule<\/strong> die die Rendite minimiert.<\/p>\n<h3>Intelligentes Verwaltungssystem<\/h3>\n<p>Navigieren Sie m\u00fchelos zwischen den Modi: Einschalten <strong>Boost-Modus<\/strong> f\u00fcr dichte Dampfs\u00e4ttigung in sozialer Umgebung oder aktivieren <strong>Normalmodus<\/strong> f\u00fcr diskreten Gebrauch am Tag. Die Batterieschonungstechnologie reguliert intelligent die Leistung, w\u00e4hrend sichtbare Coil-Statusanzeigen trockene Treffer verhindern. Die optimierte Leistungskurve des Ger\u00e4ts liefert 30% eine gleichm\u00e4\u00dfigere Nikotinabgabe als herk\u00f6mmliche Einwegprodukte w\u00e4hrend seiner gesamten Lebensdauer.<\/p>","protected":false},"excerpt":{"rendered":"<p>Erleben Sie die Premium <strong>Lavande BM18000<\/strong> Einweg-Vape mit <strong>18.000 Z\u00fcge<\/strong>, <strong>wiederaufladbarer 650mAh-Akku<\/strong>und <strong>20 explosive Geschmacksrichtungen<\/strong>.<br \/>Ausgestattet mit einstellbarem Luftstrom, Digitalanzeige und zwei <strong>Normal-\/Boost-Modus<\/strong> f\u00fcr ultimative Individualisierung. Perfekt f\u00fcr Gro\u00dfhandel Gro\u00dfauftr\u00e4ge.<\/p>","protected":false},"featured_media":1979,"comment_status":"open","ping_status":"closed","template":"","meta":[],"product_brand":[298],"product_cat":[299],"product_tag":[302,303,132,301,197,75],"class_list":{"0":"post-1985","1":"product","2":"type-product","3":"status-publish","4":"has-post-thumbnail","6":"product_brand-lavande","7":"product_cat-lavande-vape","8":"product_tag-18000-puffs-vape-pen","9":"product_tag-20-flavors-vape-device","10":"product_tag-bulk-vape-wholesale","11":"product_tag-lavande-bm18000-disposable-vape","12":"product_tag-mesh-coil-e-cigarette","13":"product_tag-rechargeable-disposable-vape","15":"first","16":"instock","17":"sale","18":"shipping-taxable","19":"purchasable","20":"product-type-variable"},"jetpack_sharing_enabled":true,"tiered_pricing_type":"fixed","tiered_pricing_fixed_rules":[],"tiered_pricing_product_settings":{"layout":"default","base_unit_name":{"singular":null,"plural":null},"default_variation":null},"tiered_pricing_minimum_quantity":null,"tiered_pricing_roles_data":[],"tiered_pricing_percentage_rules":[],"tiered_pricing_maximum_quantity":null,"tiered_pricing_quantity_step":null,"_links":{"self":[{"href":"https:\/\/frvape.com\/de\/wp-json\/wp\/v2\/product\/1985","targetHints":{"allow":["GET"]}}],"collection":[{"href":"https:\/\/frvape.com\/de\/wp-json\/wp\/v2\/product"}],"about":[{"href":"https:\/\/frvape.com\/de\/wp-json\/wp\/v2\/types\/product"}],"replies":[{"embeddable":true,"href":"https:\/\/frvape.com\/de\/wp-json\/wp\/v2\/comments?post=1985"}],"wp:featuredmedia":[{"embeddable":true,"href":"https:\/\/frvape.com\/de\/wp-json\/wp\/v2\/media\/1979"}],"wp:attachment":[{"href":"https:\/\/frvape.com\/de\/wp-json\/wp\/v2\/media?parent=1985"}],"wp:term":[{"taxonomy":"product_brand","embeddable":true,"href":"https:\/\/frvape.com\/de\/wp-json\/wp\/v2\/product_brand?post=1985"},{"taxonomy":"product_cat","embeddable":true,"href":"https:\/\/frvape.com\/de\/wp-json\/wp\/v2\/product_cat?post=1985"},{"taxonomy":"product_tag","embeddable":true,"href":"https:\/\/frvape.com\/de\/wp-json\/wp\/v2\/product_tag?post=1985"}],"curies":[{"name":"wp","href":"https:\/\/api.w.org\/{rel}","templated":true}]}}