{"id":2013,"date":"2025-10-12T02:39:59","date_gmt":"2025-10-12T02:39:59","guid":{"rendered":"https:\/\/frvape.com\/product\/bang-king-50000-disposable-vape-50000-puffs-with-dual-favors-and-adjustable-airflow\/"},"modified":"2025-11-04T01:45:08","modified_gmt":"2025-11-04T01:45:08","slug":"bang-king-50000-einweg-vape-50000-puffs-mit-dual-favoriten-und-einstellbarem-luftstrom","status":"publish","type":"product","link":"https:\/\/frvape.com\/de\/produkt\/bang-king-50000-einweg-vape-50000-puffs-mit-dual-favoriten-und-einstellbarem-luftstrom\/","title":{"rendered":"Bang King 50000 Disposable Vape - 50.000 Z\u00fcge mit Dual Favors und einstellbarem Luftstrom"},"content":{"rendered":"<h3>Wir stellen vor: Bang King 50000<\/h3>\n<p>Die <strong>Bang King 50000<\/strong> ist ein revolution\u00e4res <strong>Einweg-Vape<\/strong> sowohl f\u00fcr einzelne Nutzer als auch f\u00fcr <strong>Gro\u00dfhandel vape<\/strong> Einzelh\u00e4ndler. Mit einer au\u00dfergew\u00f6hnlichen <strong>50.000 Z\u00fcge<\/strong> Kapazit\u00e4t und eine Reihe von <strong>Doppelgeschmack<\/strong> Kombinationen setzt er einen neuen Standard in der Vaping-Industrie. Mit fortschrittlichen Elementen wie einem <strong>digitale Anzeige<\/strong> und <strong>einstellbarer Luftstrom<\/strong>Es bietet Anpassungsm\u00f6glichkeiten und Langlebigkeit, was es zu einem der besten <strong>beste Einweg-Vape<\/strong> Optionen f\u00fcr 2024.<\/p>\n<h3>Produktmerkmale<\/h3>\n<p><strong>Gro\u00dfhandel Einweg-Vapes f\u00fcr Einzelh\u00e4ndler:<\/strong> Der Bang King 50000 ist ideal f\u00fcr <strong>Gro\u00dfhandel vape<\/strong> Verk\u00e4ufer, die hochwertige Einwegdampfer anbieten wollen. Mit bis zu 50.000 Z\u00fcgen und <strong>Doppelgeschmack<\/strong> M\u00f6glichkeiten bietet sie ein erweitertes Dampferlebnis, das Kunden anspricht, die leistungsstarke Ger\u00e4te suchen. Das macht sie perfekt f\u00fcr Einzelh\u00e4ndler oder Distributoren, die zuverl\u00e4ssige und angenehme Produkte anbieten wollen. <strong>Einweg-Vape<\/strong> Produkte, die den unterschiedlichsten Vorlieben gerecht werden.<\/p>\n<p><strong>Best Disposable Vape f\u00fcr lang anhaltenden Gebrauch:<\/strong> Als einer der f\u00fchrenden <strong>beste Einweg-Vape-Modelle<\/strong>Dieses Ger\u00e4t bietet mit seiner hohen Puffzahl einen au\u00dfergew\u00f6hnlichen Wert. Die innovative <strong>digitale Anzeige<\/strong> verfolgt Ihren Verdampfungsfortschritt und stellt sicher, dass Sie jeden Zug maximieren und gleichbleibende Zufriedenheit genie\u00dfen. Er ist auf Langlebigkeit ausgelegt, reduziert den Bedarf an h\u00e4ufigem Austausch und erh\u00f6ht den Benutzerkomfort.<\/p>\n<p><strong>Dual Flavor und einstellbarer Luftstrom:<\/strong> Erleben Sie eine reichhaltige, vielschichtige Vaping-Reise mit der <strong>Doppelgeschmack<\/strong> Funktion, die es Ihnen erm\u00f6glicht, m\u00fchelos zwischen zwei verschiedenen Geschmacksrichtungen zu wechseln. Die <strong>einstellbarer Luftstrom<\/strong> Funktion k\u00f6nnen Sie die Zugintensit\u00e4t f\u00fcr einen perfekten, personalisierten Treffer jedes Mal fein abstimmen. Diese Synergie schafft eine der besten <strong>gute Einweg-Vapes<\/strong> verf\u00fcgbar, die Vielseitigkeit und Kontrolle bieten.<\/p>\n<p><strong>Innovativer digitaler Anzeigebildschirm:<\/strong> Die eingebaute <strong>digitale Anzeige<\/strong> h\u00e4lt Sie auf dem Laufenden und zeigt Ihnen in Echtzeit die Anzahl der Z\u00fcge, den Akkustand und die Kapazit\u00e4t des E-Liquids an. Diese intelligente \u00dcberwachung verbessert Ihr Erlebnis, indem sie Ihnen hilft, die Nutzung effizient zu verwalten, Unterbrechungen zu reduzieren und einen zuverl\u00e4ssigen Betrieb zu gew\u00e4hrleisten. <strong>Einweg-Vape<\/strong> Leistung.<\/p>\n<h3>Produktvorteile<\/h3>\n<p><strong>50.000 Puffs f\u00fcr maximale Langlebigkeit:<\/strong> Die riesige <strong>50.000 Z\u00fcge<\/strong> des Bang King 50000 minimieren den Ersatzbedarf und bieten einen unglaublichen Wert. Es unterst\u00fctzt die langfristige Nutzung, perfekt f\u00fcr Vaper, die die <strong>beste Einweg-Vape<\/strong> Erfahrung mit un\u00fcbertroffener Ausdauer und Kosteneffizienz.<\/p>\n<p><strong>Zwei Geschmacksrichtungen zur individuellen Anpassung:<\/strong> Mit <strong>Doppelgeschmack<\/strong> Optionen k\u00f6nnen Sie Ihre Verdampfung Ihren Vorlieben anpassen, was zu einer dynamischeren und angenehmeren Session f\u00fchrt als bei herk\u00f6mmlichen Ger\u00e4ten mit nur einer Geschmacksrichtung. Diese Funktion unterstreicht, warum er zu den <strong>gute Einweg-Vapes<\/strong> f\u00fcr Liebhaber des Geschmacks.<\/p>\n<p><strong>Einstellbarer Luftstrom f\u00fcr perfekten Zug:<\/strong> Passen Sie Ihren Treffer genau an, indem Sie die <strong>einstellbarer Luftstrom<\/strong>die sich an die von Ihnen gew\u00fcnschte Enge oder Lockerheit anpasst. Dies sorgt f\u00fcr gleichbleibenden Komfort und Zufriedenheit und unterstreicht die Innovation in <strong>E-Zigarette mit zwei Geschmacksrichtungen<\/strong> Entw\u00fcrfe.<\/p>\n<p><strong>Intelligente Digitalanzeige f\u00fcr einfache \u00dcberwachung:<\/strong> Die <strong>digitale Anzeige<\/strong> liefert genaue Messwerte \u00fcber die Anzahl der Puffs und den Batteriestatus, vereinfacht die Ger\u00e4teverwaltung und reduziert unerwartete Ausfallzeiten. Diese Intelligenz macht ihn zur ersten Wahl <strong>Einweg-Vape<\/strong> f\u00fcr technisch versierte Nutzer, die Transparenz suchen.<\/p>\n<h3>Technische Daten<\/h3>\n<p>Der Bang King 50000 verf\u00fcgt \u00fcber die modernsten technischen Daten, um Ihr Dampfen zu verbessern: Nikotinst\u00e4rke-Optionen von 0%, 2%, 3% und 5% f\u00fcr ma\u00dfgeschneiderte Intensit\u00e4t; eine massive 50.000 Puffs Lebensdauer; 50ml e-Liquid-Kapazit\u00e4t f\u00fcr l\u00e4ngere Sitzungen; eine leistungsstarke 1,0 Ohm Mesh-Spule, die eine reibungslose Dampferzeugung gew\u00e4hrleistet; eine 850mAh wiederaufladbare Batterie f\u00fcr Zuverl\u00e4ssigkeit; ein intuitives digitales Display, das Batterie- und e-Liquid-St\u00e4nde anzeigt; voll einstellbare Luftstrom; 12 verschiedene Dual-Aromen zur Auswahl; ein Typ-C-USB-Anschluss f\u00fcr schnelles Aufladen; und praktische Verpackung mit 10 Einheiten pro Box und 200 Einheiten pro Karton.<\/p>\n<h3>Exquisite Geschmacksoptionen<\/h3>\n<p>W\u00e4hlen Sie aus unseren Premium-Doppelgeschmackskombinationen:<\/p>\n<p>Erdbeer-Mango\/Erdbeer-Kiwi<br \/>Red Bull\/Erdbeere-Banane<br \/>Wassermelone Eis\/Blaubeere Minze<br \/>Wassermelone-Eis\/Blaubeere-Kirsche<br \/>Erdbeer-Mango\/Wassermelone Kaugummi<br \/>Blaubeereis\/Pfirsicheis<br \/>Heidelbeere-Himbeere\/Mischbeere<br \/>Erdbeer-Wassermelone\/Schwarzer Drache Eis<br \/>Erdbeere Wassermelone\/Kiwi Passionsfrucht Guave<br \/>Heidelbeer-Himbeer-Trauben-Eis<br \/>Heidelbeere Eis\/Pfirsich Mango Wassermelone<br \/>Red Bull\/Blaubeere-Wassermelone<\/p>\n<h3>Warum Bang King 50000 w\u00e4hlen?<\/h3>\n<p>Upgrade auf die <strong>Bang King 50000<\/strong> f\u00fcr eine Elite <strong>Einweg-Vape<\/strong> ein Erlebnis, das Leistung, Personalisierung und Performance vereint. Ideal f\u00fcr <strong>Gro\u00dfhandel vape<\/strong> Betrieb und die t\u00e4glichen Nutzer, bietet es die <strong>beste Einweg-Vape<\/strong> Funktionen in einem schlanken, benutzerfreundlichen Design. Setzen Sie auf Innovation und Geschmacksvielfalt - bestellen Sie noch heute f\u00fcr unvergleichliche Zufriedenheit.<\/p>","protected":false},"excerpt":{"rendered":"<p>Die <strong>Bang King 50000<\/strong> liefert bis zu einer beeindruckenden <strong>50.000 Z\u00fcge<\/strong> mit <strong>Doppelgeschmack<\/strong> Optionen, perfekt f\u00fcr <strong>Gro\u00dfhandel vape<\/strong> Unternehmen. Merkmale einer <strong>einstellbarer Luftstrom<\/strong> und intelligent <strong>digitale Anzeige<\/strong> f\u00fcr eine verbesserte \u00dcberwachung.<br \/>Erleben Sie langanhaltendes Dampfen mit diesem erstklassigen Einwegger\u00e4t.<\/p>","protected":false},"featured_media":2007,"comment_status":"open","ping_status":"closed","template":"","meta":[],"product_brand":[133],"product_cat":[856],"product_tag":[305,307,309,308,306],"class_list":{"0":"post-2013","1":"product","2":"type-product","3":"status-publish","4":"has-post-thumbnail","6":"product_brand-bangking","7":"product_cat-bangking","8":"product_tag-50000-puffs-vape","9":"product_tag-adjustable-airflow-disposable","10":"product_tag-bang-king-vape","11":"product_tag-digital-screen-vape","12":"product_tag-dual-flavor-e-cigarette","14":"first","15":"instock","16":"sale","17":"shipping-taxable","18":"purchasable","19":"product-type-variable"},"jetpack_sharing_enabled":true,"tiered_pricing_type":"fixed","tiered_pricing_fixed_rules":[],"tiered_pricing_product_settings":{"layout":"default","base_unit_name":{"singular":null,"plural":null},"default_variation":null},"tiered_pricing_minimum_quantity":null,"tiered_pricing_roles_data":[],"tiered_pricing_percentage_rules":[],"tiered_pricing_maximum_quantity":null,"tiered_pricing_quantity_step":null,"_links":{"self":[{"href":"https:\/\/frvape.com\/de\/wp-json\/wp\/v2\/product\/2013","targetHints":{"allow":["GET"]}}],"collection":[{"href":"https:\/\/frvape.com\/de\/wp-json\/wp\/v2\/product"}],"about":[{"href":"https:\/\/frvape.com\/de\/wp-json\/wp\/v2\/types\/product"}],"replies":[{"embeddable":true,"href":"https:\/\/frvape.com\/de\/wp-json\/wp\/v2\/comments?post=2013"}],"wp:featuredmedia":[{"embeddable":true,"href":"https:\/\/frvape.com\/de\/wp-json\/wp\/v2\/media\/2007"}],"wp:attachment":[{"href":"https:\/\/frvape.com\/de\/wp-json\/wp\/v2\/media?parent=2013"}],"wp:term":[{"taxonomy":"product_brand","embeddable":true,"href":"https:\/\/frvape.com\/de\/wp-json\/wp\/v2\/product_brand?post=2013"},{"taxonomy":"product_cat","embeddable":true,"href":"https:\/\/frvape.com\/de\/wp-json\/wp\/v2\/product_cat?post=2013"},{"taxonomy":"product_tag","embeddable":true,"href":"https:\/\/frvape.com\/de\/wp-json\/wp\/v2\/product_tag?post=2013"}],"curies":[{"name":"wp","href":"https:\/\/api.w.org\/{rel}","templated":true}]}}