{"id":2697,"date":"2025-10-12T03:54:42","date_gmt":"2025-10-12T03:54:42","guid":{"rendered":"https:\/\/frvape.com\/product\/razz-bar-40000-puff-disposable-vape-rechargeable-dual-flavor-device\/"},"modified":"2025-12-16T08:45:39","modified_gmt":"2025-12-16T08:45:39","slug":"razz-bar-40000-puff-wegwerf-vape-wiederaufladbar-dual-flavor-gerat","status":"publish","type":"product","link":"https:\/\/frvape.com\/de\/produkt\/razz-bar-40000-puff-wegwerf-vape-wiederaufladbar-dual-flavor-gerat\/","title":{"rendered":"Razz Bar 40000 Puff Disposable Vape - wiederaufladbare Dual Flavor Ger\u00e4t"},"content":{"rendered":"<h3>Unerreichte Vaping-Ausdauer<\/h3>\n<p>Die bahnbrechende <strong>Razz Bar 40000 puff<\/strong> Einweg-Vape definiert die Langlebigkeit von Einwegger\u00e4ten neu. Dieses revolution\u00e4re Produkt wurde mit einer enormen E-Saft-Kapazit\u00e4t entwickelt und ist dennoch tragbar. Es liefert 40.000 zufriedenstellende Z\u00fcge pro Einheit und \u00fcbertrifft damit herk\u00f6mmliche Einwegger\u00e4te um bis zu 400%. Trotz seiner au\u00dfergew\u00f6hnlichen Leistungsf\u00e4higkeit sorgt unser ergonomisches Design f\u00fcr ein bequemes t\u00e4gliches Tragen ohne Sperrigkeit.<\/p>\n<h3>Fortschrittliche Innovation mit zwei Geschmacksrichtungen<\/h3>\n<p>Erleben Sie Geschmacksperfektion mit unserem bahnbrechenden <strong>Netzspule Doppeltank<\/strong> System. Diese hochmoderne Technologie trennt zwei unterschiedliche <strong>e-Fl\u00fcssigkeit<\/strong> Profile in isolierten Kammern, die bei jedem Zug abwechselnd aktiviert werden, um lebendige Geschmackskombinationen zu schaffen. Die High-Performance-Mesh-Coils zerst\u00e4uben E-Saft bei optimalen Temperaturen, die Freigabe beispiellose Geschmacksklarheit und Dampf Reichtum bei gleichzeitiger Beseitigung trockener Hits.<\/p>\n<h3>Kraft, die weitergeht<\/h3>\n<p>Nie wieder Frust wegen leerer Batterien! Unser integriertes <strong>650mAh wiederaufladbar<\/strong> Lithium-Batterie sorgt f\u00fcr eine konstante Energieversorgung w\u00e4hrend der gesamten 40.000-Puste-Zeit. Die praktische <strong>Typ-C<\/strong> Der USB-Schnellladeanschluss erm\u00f6glicht ein vollst\u00e4ndiges Aufladen in weniger als 60 Minuten und bietet damit echten Komfort f\u00fcr den mobilen Lebensstil.<\/p>\n<h3>Exquisite Geschmackskollektionen<\/h3>\n<p>Genie\u00dfen Sie unsere erstklassige Auswahl an 10 Geschmackskombinationen, die f\u00fcr anspruchsvolle Gaumen zusammengestellt wurden:<\/p>\n<p>Gemischte Beeren \/ Wassermeloneneis<br \/>Blaubeereis \/ Liebe 66<br \/>Blue Razz Ice \/ Erdbeer-Wassermelone-Kaugummi<br \/>Zitrone-Limette \/ Lush Ice<br \/>Erdbeereis \/ Gemischte Beeren<br \/>Erdbeer-Wassermelone\/Trauben-Eis<br \/>Pfirsich-Eis \/ Heidelbeer-Eis<br \/>Wassermelonen-Eis \/ Cola-Eis<br \/>Erdbeer-Banane\/Red Bull Ice<br \/>Erdbeer-Kiwi \/ Heidelbeer-Himbeer-Sauer<\/p>\n<h3>Premium-Spezifikationen<\/h3>\n<p>Jede <strong>Razz Bar 40000<\/strong> kommt pr\u00e4zisionsgefertigt mit: 40.000 konstante Z\u00fcge Kapazit\u00e4t; High-output 650mAh <strong>wiederaufladbare Batterie<\/strong>Propriet\u00e4r <strong>Netzspule<\/strong> Dual-Reservoir-System; Universelles Typ-C-Ladeger\u00e4t; Kompaktes und dennoch leistungsstarkes Geh\u00e4use; Mehrere Nikotinst\u00e4rken (2% &amp; 5%) f\u00fcr individuelle Zufriedenheit; Gro\u00dfkartonverpackung (200 Einheiten\/Karton) f\u00fcr gewerbliche Kunden.<\/p>\n<h3>Engagement f\u00fcr Spitzenleistungen<\/h3>\n<p>Als Innovatoren seit 2017, <strong>Razz bar vape<\/strong> widmet sein Fachwissen der Herstellung von hochwertigen <strong>elektronische Zigarette<\/strong> Erfahrungen f\u00fcr raffinierte erwachsene Dampfer. Wir mischen Premium-Aromen mit un\u00fcbertroffenem Komfort durch unsere <strong>Einweg-Vape<\/strong> Technologie und bieten taschenfreundliche L\u00f6sungen ohne Kompromisse bei der Wolkendichte oder der Geschmacksechtheit. Unser sorgf\u00e4ltiger Herstellungsprozess garantiert, dass jedes Ger\u00e4t die strengen Qualit\u00e4tsstandards erf\u00fcllt.<\/p>\n<h3>Benutzerzentrierte Design-Philosophie<\/h3>\n<p>Die <strong>Razzia Bar 40K<\/strong> ist ein Beispiel f\u00fcr m\u00fcheloses Dampfen mit seinem intuitiven, durch Ziehen aktivierten Mechanismus - einfach inhalieren und sofort reichhaltigen Dampf genie\u00dfen. Die auslaufsichere Konstruktion und der optimierte Luftstrom sorgen f\u00fcr eine reibungslose Leistung unter allen Bedingungen. Dieses Meisterwerk ist sowohl f\u00fcr Anf\u00e4nger als auch f\u00fcr erfahrene Dampfer geeignet und macht Coil-Wechsel, Nachf\u00fcllungen und technische Komplikationen \u00fcberfl\u00fcssig, w\u00e4hrend es gleichzeitig f\u00fcr h\u00f6chste Zufriedenheit sorgt.<\/p>\n<p>Erh\u00f6hen Sie jeden Moment des Dampfens mit unserem durchdachten Produkt. Durch die Integration von <strong>wiederaufladbar<\/strong> Funktionalit\u00e4t in einem Einwegformat haben wir die \u00f6konomisch und \u00f6kologisch ausgewogenste L\u00f6sung auf dem Markt geschaffen. Die <strong>40000 Pusteblumen<\/strong> Kapazit\u00e4t reduziert den Ger\u00e4teumsatz drastisch, w\u00e4hrend der erschwingliche Preis das Luxusdampfen wirklich demokratisch macht.<\/p>","protected":false},"excerpt":{"rendered":"<p>Erleben Sie langanhaltendes Dampfen mit dem <strong>Razz Bar 40000 Puff<\/strong> Einweg-Dampfger\u00e4t. Ausgestattet mit einem <strong>wiederaufladbar<\/strong> 650mAh Akku, innovativ <strong>Netzspule Doppeltank<\/strong>und 10 verlockende Optionen mit zwei Geschmacksrichtungen.<br \/>Genie\u00dfen Sie die branchenf\u00fchrenden Puffs in einem tragbaren Design mit <strong>Typ-C<\/strong> Aufladung.<\/p>","protected":false},"featured_media":2692,"comment_status":"open","ping_status":"closed","template":"","meta":[],"product_brand":[70],"product_cat":[893],"product_tag":[363,365,364,77,362,75],"class_list":{"0":"post-2697","1":"product","2":"type-product","3":"status-publish","4":"has-post-thumbnail","6":"product_brand-razzbar","7":"product_cat-razzbar","8":"product_tag-40000-puff-vape","9":"product_tag-650mah-vape","10":"product_tag-dual-flavor-vape-kit","11":"product_tag-mesh-coil-vape","12":"product_tag-razz-bar-40000-puff","13":"product_tag-rechargeable-disposable-vape","15":"first","16":"instock","17":"sale","18":"shipping-taxable","19":"purchasable","20":"product-type-variable"},"jetpack_sharing_enabled":true,"tiered_pricing_type":"fixed","tiered_pricing_fixed_rules":[],"tiered_pricing_product_settings":{"layout":"default","base_unit_name":{"singular":null,"plural":null},"default_variation":null},"tiered_pricing_minimum_quantity":null,"tiered_pricing_roles_data":[],"tiered_pricing_percentage_rules":[],"tiered_pricing_maximum_quantity":null,"tiered_pricing_quantity_step":null,"_links":{"self":[{"href":"https:\/\/frvape.com\/de\/wp-json\/wp\/v2\/product\/2697","targetHints":{"allow":["GET"]}}],"collection":[{"href":"https:\/\/frvape.com\/de\/wp-json\/wp\/v2\/product"}],"about":[{"href":"https:\/\/frvape.com\/de\/wp-json\/wp\/v2\/types\/product"}],"replies":[{"embeddable":true,"href":"https:\/\/frvape.com\/de\/wp-json\/wp\/v2\/comments?post=2697"}],"wp:featuredmedia":[{"embeddable":true,"href":"https:\/\/frvape.com\/de\/wp-json\/wp\/v2\/media\/2692"}],"wp:attachment":[{"href":"https:\/\/frvape.com\/de\/wp-json\/wp\/v2\/media?parent=2697"}],"wp:term":[{"taxonomy":"product_brand","embeddable":true,"href":"https:\/\/frvape.com\/de\/wp-json\/wp\/v2\/product_brand?post=2697"},{"taxonomy":"product_cat","embeddable":true,"href":"https:\/\/frvape.com\/de\/wp-json\/wp\/v2\/product_cat?post=2697"},{"taxonomy":"product_tag","embeddable":true,"href":"https:\/\/frvape.com\/de\/wp-json\/wp\/v2\/product_tag?post=2697"}],"curies":[{"name":"wp","href":"https:\/\/api.w.org\/{rel}","templated":true}]}}