{"id":3565,"date":"2025-10-12T05:01:25","date_gmt":"2025-10-12T05:01:25","guid":{"rendered":"https:\/\/frvape.com\/product\/fizzy-nova-20000-puffs-rechargeable-disposable-vape-pen-with-dual-mesh-tech\/"},"modified":"2025-11-26T03:59:08","modified_gmt":"2025-11-26T03:59:08","slug":"fizzy-nova-20000-puffs-wiederaufladbare-einweg-vape-pen-mit-dual-mesh-tech","status":"publish","type":"product","link":"https:\/\/frvape.com\/de\/produkt\/fizzy-nova-20000-puffs-wiederaufladbare-einweg-vape-pen-mit-dual-mesh-tech\/","title":{"rendered":"Fizzy Nova 20000 Puffs Wiederaufladbare Einweg Vape Pen mit Dual Mesh Tech"},"content":{"rendered":"<h3>Revolution\u00e4res Vaping-Erlebnis<\/h3>\n<p>Die <strong>Fizzy Nova 20000 Puffs Dual Mesh Wiederaufladbare Einweg Vape Pen<\/strong> definiert die Leistung von Einweg-E-Zigaretten neu. Entwickelt f\u00fcr Vaper, die Ausdauer und erstklassige Geschmacksabgabe suchen, kombiniert dieses Kraftpaket eine au\u00dfergew\u00f6hnliche Kapazit\u00e4t von 20.000 Z\u00fcgen mit <strong>fortschrittliche Doppelmaschenspulen-Technologie<\/strong>. Im Gegensatz zu gew\u00f6hnlichen Einwegprodukten sorgt unser innovatives Dual-Tank-System f\u00fcr eine konsistente Geschmacksintegrit\u00e4t. Mit seinem betr\u00e4chtlichen 28ML e-Fl\u00fcssigkeitsbeh\u00e4lter und professioneller Technik eliminiert der Fizzy Nova den st\u00e4ndigen Austausch und liefert gleichzeitig eine Dampfproduktion in Bar-Qualit\u00e4t.<\/p>\n<h3>Hochwertiges Design und Funktionalit\u00e4t<\/h3>\n<p>Mit seinem schlanken Metallgeh\u00e4use und den Ma\u00dfen 147,5*123*123 mm ist das <strong>Fizzy Nova<\/strong> zeichnet sich durch eine luxuri\u00f6se \u00c4sthetik mit verbesserter Haltbarkeit aus. Der integrierte 850-mAh-Akku - aufgeladen \u00fcber moderne <strong>Typ-C<\/strong> Anschluss - garantiert Non-Stop-Vaping-Sessions ohne Leistungsabfall. \u00dcberwachen Sie die Nutzung m\u00fchelos durch die intelligente <strong>LCD-Bildschirm<\/strong> die den F\u00fcllstand der E-S\u00e4fte und den Batteriestatus in Echtzeit anzeigt. Erleben Sie die perfekte Balance von Stil und Substanz, die dieses Ger\u00e4t abhebt in der wettbewerbsf\u00e4higen vaping Landschaft.<\/p>\n<h3>Dual Mesh Coil Technologie erkl\u00e4rt<\/h3>\n<p>Der Kern der au\u00dfergew\u00f6hnlichen Leistung des Fizzy Nova liegt in unserer bahnbrechenden <strong>Doppelmaschiges Spulensystem<\/strong>. Im Gegensatz zu Single-Coil-Einwegprodukten bietet diese innovative Konfiguration die doppelte Heizfl\u00e4che f\u00fcr eine verbesserte Verdampfung von E-Liquid. Das Ergebnis? Sp\u00fcrbar reichhaltigere Geschmacksprofile, dichtere Dampfwolken und minimierte Vorf\u00e4lle mit verbranntem Geschmack. Unsere wissenschaftliche W\u00e4rmetechnik sorgt f\u00fcr eine gleichm\u00e4\u00dfige W\u00e4rmeverteilung \u00fcber beide Coils und garantiert so <strong>20.000 gleichbleibend befriedigende Z\u00fcge<\/strong> von der ersten bis zur letzten Ziehung.<\/p>\n<h3>Intelligente Betriebsmodi<\/h3>\n<p>Personalisieren Sie Ihre Sitzung mit intelligenter Dual-Mode-Funktionalit\u00e4t:<br \/>\n<strong>- \u00d6ko-Modus<\/strong>: Optimiert die Akkulaufzeit f\u00fcr eine l\u00e4ngere Nutzung mit gleichm\u00e4\u00dfigerer, k\u00fchlerer Dampfabgabe<br \/>\n<strong>- Turbo-Modus<\/strong>: Aktiviert maximale Leistung f\u00fcr intensive Geschmacksausbr\u00fcche und volumin\u00f6se Wolken<br \/>\nSchalten Sie je nach Vorliebe einfach zwischen den Modi um - perfekt f\u00fcr den \u00dcbergang vom diskreten Dampfen am Tag zu abendlichen Cloud-Chasing-Sessions.<\/p>\n<h3>15 Premium-Geschmacksauswahl<\/h3>\n<p>Entdecken Sie unsere handgefertigten Salz-Nikotin-Geschmacksrichtungen (2%\/5% Nikotinoptionen):<br \/>\nGemischte Beere<br \/>\nZitrone-Limette<br \/>\nHeidelbeere-Kokosnuss<br \/>\nRosa Limonade<br \/>\nSaurer Apfel<br \/>\nPfirsich<br \/>\nKiwi Passionsfrucht Guave<br \/>\nKirsche mit Kohlens\u00e4ure<br \/>\nHimbeere-Zitrone<br \/>\nWassermelone<br \/>\nBlaubeere<br \/>\nErdbeer-Kiwi<br \/>\nWeintrauben<br \/>\nStrawberry<br \/>\nAnanas Pfirsich Passionsfrucht<\/p>\n<p>Jedes Aroma wird einer strengen Entwicklung unterzogen, um eine perfekte Kompatibilit\u00e4t mit unserem Dual-Mesh-System zu gew\u00e4hrleisten - so bleiben nuancierte Noten vom ersten bis zum 20.000sten Zug erhalten. Die <strong>Nikotinsalz-Formel<\/strong> liefert sanfte Kehlkopfschl\u00e4ge ohne H\u00e4rte.<\/p>\n<h3>Unschlagbare Spezifikationen<\/h3>\n<p>- Anzahl der Puffs: <strong>20.000 Garantierte Puffs<\/strong><br \/>\n- E-Liquid Kapazit\u00e4t: 28ML High-Capacity Tank<br \/>\n- Akku: 850mAh wiederaufladbar (Typ-C Aufladung)<br \/>\n- Spulen-System: Dual Mesh Spule Erweiterte Technologie<br \/>\n- Nikotin: 2% oder 5% Salz-Nikotin-Formel<br \/>\n- Abmessungen: Professionell 147.5*123*123mm Bauen<br \/>\n- Anzeige: Smart LCD Batterie-\/Saft-Monitor<br \/>\n- Karton-Verpackung: 180 Einheiten pro Gro\u00dfhandelskoffer<\/p>\n<h3>Warum Fachleute Fizzy Nova w\u00e4hlen<\/h3>\n<p>Als gro\u00dfhandelstaugliche L\u00f6sung mit <strong>180 Ger\u00e4te pro Karton<\/strong>Die Fizzy Nova 20000 bietet Einzelh\u00e4ndlern und Distributoren einen beispiellosen Mehrwert. Fachleute bevorzugen dieses Modell wegen seiner kommerziellen Zuverl\u00e4ssigkeit und minimalen Benutzerbeschwerden. Die verl\u00e4ngerte Lebensdauer \u00fcbertrifft die von Standard-Einwegartikeln um 400% und senkt die Kosten f\u00fcr den Lagerumschlag drastisch. In Kombination mit unseren erstklassigen Fl\u00fcssigkeitsrezepturen und <strong>Netzspulen in Wettbewerbsqualit\u00e4t<\/strong>Die Fizzy Nova setzt neue Ma\u00dfst\u00e4be f\u00fcr die Rentabilit\u00e4t der Einwegkategorie und die Kundenbindung. Erfahren Sie, warum die Fizzy Nova in ganz Nordamerika zum Ma\u00dfstab f\u00fcr Einwegdampfer geworden ist.<\/p>\n<p>Schlie\u00dfen Sie sich Tausenden von zufriedenen Dampfern an, die auf dieses langlebige, geschmacksintensive Ger\u00e4t umgestiegen sind. Bestelle dein <strong>Fizzy Nova 20000 Windbeutel Dual Mesh<\/strong> Gro\u00dfhandel Einheiten heute und neu zu definieren Einweg vaping Erwartungen!<\/p>","protected":false},"excerpt":{"rendered":"<p>Erleben Sie ultimatives Dampfen mit dem <strong>Fizzy Nova 20000 Windbeutel<\/strong> Einweg-Vape mit <strong>Doppelmaschige Spulentechnologie<\/strong> und 850mAh-Akku.<br \/>\nW\u00e4hlen Sie aus 15 Geschmacksrichtungen mit <strong>Eco\/Turbo-Modi<\/strong> f\u00fcr anpassbare Dampfintensit\u00e4t.<\/p>","protected":false},"featured_media":3559,"comment_status":"open","ping_status":"closed","template":"","meta":[],"product_brand":[124],"product_cat":[868,1016],"product_tag":[436,87,94,435,75,315],"class_list":{"0":"post-3565","1":"product","2":"type-product","3":"status-publish","4":"has-post-thumbnail","6":"product_brand-fizzy","7":"product_cat-fizzy","8":"product_cat-big-puffs-vapes","9":"product_tag-20000-puffs-vape-pen","10":"product_tag-disposable-e-cigarette","11":"product_tag-dual-mesh-coil-vape","12":"product_tag-fizzy-nova-20000-puffs","13":"product_tag-rechargeable-disposable-vape","14":"product_tag-salt-nicotine-vape","16":"first","17":"instock","18":"sale","19":"shipping-taxable","20":"purchasable","21":"product-type-variable"},"jetpack_sharing_enabled":true,"tiered_pricing_type":"fixed","tiered_pricing_fixed_rules":[],"tiered_pricing_product_settings":{"layout":"default","base_unit_name":{"singular":null,"plural":null},"default_variation":null},"tiered_pricing_minimum_quantity":null,"tiered_pricing_roles_data":[],"tiered_pricing_percentage_rules":[],"tiered_pricing_maximum_quantity":null,"tiered_pricing_quantity_step":null,"_links":{"self":[{"href":"https:\/\/frvape.com\/de\/wp-json\/wp\/v2\/product\/3565","targetHints":{"allow":["GET"]}}],"collection":[{"href":"https:\/\/frvape.com\/de\/wp-json\/wp\/v2\/product"}],"about":[{"href":"https:\/\/frvape.com\/de\/wp-json\/wp\/v2\/types\/product"}],"replies":[{"embeddable":true,"href":"https:\/\/frvape.com\/de\/wp-json\/wp\/v2\/comments?post=3565"}],"wp:featuredmedia":[{"embeddable":true,"href":"https:\/\/frvape.com\/de\/wp-json\/wp\/v2\/media\/3559"}],"wp:attachment":[{"href":"https:\/\/frvape.com\/de\/wp-json\/wp\/v2\/media?parent=3565"}],"wp:term":[{"taxonomy":"product_brand","embeddable":true,"href":"https:\/\/frvape.com\/de\/wp-json\/wp\/v2\/product_brand?post=3565"},{"taxonomy":"product_cat","embeddable":true,"href":"https:\/\/frvape.com\/de\/wp-json\/wp\/v2\/product_cat?post=3565"},{"taxonomy":"product_tag","embeddable":true,"href":"https:\/\/frvape.com\/de\/wp-json\/wp\/v2\/product_tag?post=3565"}],"curies":[{"name":"wp","href":"https:\/\/api.w.org\/{rel}","templated":true}]}}