{"id":3915,"date":"2025-10-12T05:39:29","date_gmt":"2025-10-12T05:39:29","guid":{"rendered":"https:\/\/frvape.com\/product\/bang-king-25000-puffs-dual-pod-disposable-vape-46ml-e-liquid-rechargeable\/"},"modified":"2025-11-04T01:45:06","modified_gmt":"2025-11-04T01:45:06","slug":"knall-konig-25000-puffs-dual-pod-einweg-vape-46ml-e-flussigkeit-wiederaufladbar","status":"publish","type":"product","link":"https:\/\/frvape.com\/de\/produkt\/knall-konig-25000-puffs-dual-pod-einweg-vape-46ml-e-flussigkeit-wiederaufladbar\/","title":{"rendered":"Bang King 25000 Puffs Dual Pod Einweg Vape | 46mL E-Liquid &amp; wiederaufladbar"},"content":{"rendered":"<h3>Branchenf\u00fchrende Einweg-Vape-Performance<\/h3>\n<p>Die <strong>Bang King 25000 Puffs<\/strong> definiert die Ma\u00dfst\u00e4be f\u00fcr Einwegdampfer mit einer beispiellosen Ausdauer neu. Dieses Dual-Pod-System wurde f\u00fcr diejenigen entwickelt, die eine l\u00e4ngere Zufriedenheit ohne Wartungsprobleme suchen. <strong>25.000 Z\u00fcge<\/strong> durch sein revolution\u00e4res <strong>23mL+23mL e-Fl\u00fcssigkeit<\/strong> Reservoir. <\/p>\n<h3>Erweiterte technische Spezifikationen<\/h3>\n<p>Angetrieben von einem <strong>650mAh wiederaufladbare Batterie<\/strong> und <strong>Typ-C-Laden<\/strong> Anschluss f\u00fcr schnelles Nachladen von Strom sorgt das Ger\u00e4t f\u00fcr ununterbrochenes Dampfen. Die integrierte <strong>1.2\u03a9 Dual Mesh Spule<\/strong> optimiert die Dampfdichte und bewahrt gleichzeitig feine Geschmacksprofile \u00fcber mehrere Sitzungen hinweg. Vier Nikotinoptionen (<strong>0%<\/strong>, <strong>2%<\/strong>, <strong>3%<\/strong>und <strong>5% St\u00e4rke<\/strong>) kommen unterschiedlichen Vorlieben entgegen, vom nikotinfreien Genuss bis hin zum kr\u00e4ftigen Kehlkopfschlag.<\/p>\n<h3>Geschmacksintensive Erfahrung<\/h3>\n<p>Zw\u00f6lf fachm\u00e4nnisch hergestellte Geschmacksrichtungen verwenden gefrierende Eisnoten und sonnengereifte Fr\u00fcchte, die durch die Mesh-Coil-Technologie f\u00fcr eine knackige, vielschichtige Geschmacksabgabe optimiert werden:<\/p>\n<p>Dreifach-Beereneis<br \/>Saftiges Pfirsicheis<br \/>Pfirsich-Mango<br \/>Tropische Fr\u00fcchte<br \/>Wassermelone Eis<br \/>Traubeneis<br \/>Erdbeere-Banane<br \/>Kirschbombe<br \/>Erdbeere Wassermelone<br \/>Saurer Apfel Eis<br \/>Erdbeer-Mango<br \/>Blaues Razzeis<\/p>\n<h3>Dual-Pod-Innovationsarchitektur<\/h3>\n<p>Das bahnbrechende Dual-Kartuschen-Design verf\u00fcgt \u00fcber zwei innen versiegelte H\u00fclsen, die jeweils Folgendes enthalten <strong>23mL e-Fl\u00fcssigkeit<\/strong> einen Beitrag zur <strong>46mL Gesamtkapazit\u00e4t<\/strong>. Diese strukturelle Innovation erm\u00f6glicht eine gleichbleibende Geschmacksreinheit \u00fcber 12.500 Z\u00fcge pro Kapsel und eliminiert das Risiko des Auslaufens. Die einwandfreie elektrische Verbindung zwischen den Kapseln sorgt f\u00fcr eine gleichm\u00e4\u00dfige Stromversorgung w\u00e4hrend der gesamten Lebensdauer des Ger\u00e4ts.<\/p>\n<h3>Kommerzielle Funktionalit\u00e4t<\/h3>\n<p>\u00dcber die individuelle Nutzung hinaus unterst\u00fctzt dieses Modell umfassende <strong>OEM\/ODM-Dienstleistungen<\/strong> f\u00fcr Einzelh\u00e4ndler. Das matte, ergonomische Geh\u00e4use beherbergt professionelle Schaltkreise, die von der Smart-Chip-Technologie \u00fcberwacht werden, um Trockenbrand zu verhindern und die Ausgabekonsistenz zu regulieren. Jeder Zug aktiviert eine optimierte Luftstromdynamik, die die Zirkulation von unten nach oben mit den Verdampferkammern der Spule f\u00fcr eine wolkenreiche Produktion kombiniert.<\/p>\n<h3>Ausdauertechnik<\/h3>\n<p>Durch rigorose technische Verfeinerung haben unsere Ingenieure den Meilenstein <strong>Kapazit\u00e4t von 25.000 Puffern<\/strong> \u00fcber propriet\u00e4re Dochtsysteme und Algorithmen f\u00fcr die Batterieeffizienz. Die <strong>Typ-C-Laden<\/strong> Anschluss erm\u00f6glicht vollst\u00e4ndige Aufladungen in weniger als 45 Minuten und \u00fcbertrifft damit vergleichbare Ger\u00e4te mit einer Dauerlaufzeit von 48 Stunden. Das mit Karbonfasern verst\u00e4rkte Geh\u00e4use ist sto\u00dffest und somit f\u00fcr den t\u00e4glichen Gebrauch geeignet.<\/p>\n<h3>Ma\u00dfgeschneiderte Nikotinkontrolle<\/h3>\n<p>Jede Charge wird einer spektrophotometrischen Nikotin\u00fcberpr\u00fcfung unterzogen, um eine genaue Konzentrationsgenauigkeit zu gew\u00e4hrleisten (<strong>0%\/2%\/3%\/5% strengths<\/strong>). Die Website <strong>20mg Nikotin vape<\/strong> Option (5%) verwendet Salze in pharmazeutischer Qualit\u00e4t f\u00fcr eine sanfte Absorption ohne H\u00e4rte in allen Geschmacksrichtungen, w\u00e4hrend die nikotinfreie Version rein pflanzlichen Genuss bietet.<\/p>\n<h3>\u00dcberlegenheit der Dual-Mesh-Spule<\/h3>\n<p>Die vertikal gestapelte Zweimaschenkonfiguration (<strong>1,2\u03a9 Widerstand<\/strong>) verdoppelt die Heizfl\u00e4che gegen\u00fcber herk\u00f6mmlichen Coils. Dieses Design erreicht 0,2 Sekunden Hochlaufzeit mit Dual-Fl\u00fcssigkeitskan\u00e4len, die beide Mesh-Schichten gleichzeitig s\u00e4ttigen - 40% produziert dichtere Dampfvolumina und verbessert die Verdampfung von Aromamolek\u00fclen bei niedrigeren Temperaturen.<\/p>\n<h3>Umweltbezogene \u00dcberlegungen<\/h3>\n<p>Auch wenn es als Einwegger\u00e4t eingestuft wird, so ist es doch eine durchdachte Konstruktion, die auf Nachhaltigkeit setzt. Die PCB-freie Konstruktion und die Lithium-Eisen-Phosphat-Batteriechemie minimieren die \u00f6kologischen Auswirkungen. Unsere Einrichtungen entsprechen den RoHS-Standards und verwenden recycelbare Materialien f\u00fcr alle nicht fl\u00fcssigen Komponenten.<\/p>\n<h3>Pr\u00e4zise Luftstromdynamik<\/h3>\n<p>Ein Dual-Venturi-Luftstromsystem bietet einen anpassbaren Zugwiderstand. Die pr\u00e4zise kalibrierten unteren Einl\u00e4sse regulieren die Dampftemperatur, w\u00e4hrend die oben angebrachten Abluftkan\u00e4le eine schnelle Wolkenexpansion erm\u00f6glichen. Diese wissenschaftliche Technik verhindert die Bildung von Kondenswasser, das herk\u00f6mmliche Einwegprodukte plagt.<\/p>","protected":false},"excerpt":{"rendered":"<p><strong>Bang King 25000 Puffs<\/strong> Dual-Pod Einweg-Vape mit <strong>46mL e-Fl\u00fcssigkeit<\/strong> Kapazit\u00e4t und <strong>650mAh wiederaufladbare Batterie<\/strong>.<br \/>Mit <strong>1.2\u03a9 Dual Mesh Spule<\/strong> Technologie f\u00fcr Spitzengeschmack in <strong>0%\/2%\/3%\/5% nicotine<\/strong> Optionen.<br \/>12 kuratierte Eis- und Fruchtgeschmacksrichtungen mit <strong>Typ-C-Laden<\/strong> Bequemlichkeit.<\/p>","protected":false},"featured_media":3909,"comment_status":"open","ping_status":"closed","template":"","meta":[],"product_brand":[133],"product_cat":[856],"product_tag":[471,87,472,473,77,115],"class_list":{"0":"post-3915","1":"product","2":"type-product","3":"status-publish","4":"has-post-thumbnail","6":"product_brand-bangking","7":"product_cat-bangking","8":"product_tag-25000-puffs-disposable-vape","9":"product_tag-disposable-e-cigarette","10":"product_tag-dual-pod-disposable-vape","11":"product_tag-high-nicotine-vape","12":"product_tag-mesh-coil-vape","13":"product_tag-rechargeable-vape","15":"first","16":"instock","17":"sale","18":"shipping-taxable","19":"purchasable","20":"product-type-variable"},"jetpack_sharing_enabled":true,"tiered_pricing_type":"fixed","tiered_pricing_fixed_rules":[],"tiered_pricing_product_settings":{"layout":"default","base_unit_name":{"singular":null,"plural":null},"default_variation":null},"tiered_pricing_minimum_quantity":null,"tiered_pricing_roles_data":[],"tiered_pricing_percentage_rules":[],"tiered_pricing_maximum_quantity":null,"tiered_pricing_quantity_step":null,"_links":{"self":[{"href":"https:\/\/frvape.com\/de\/wp-json\/wp\/v2\/product\/3915","targetHints":{"allow":["GET"]}}],"collection":[{"href":"https:\/\/frvape.com\/de\/wp-json\/wp\/v2\/product"}],"about":[{"href":"https:\/\/frvape.com\/de\/wp-json\/wp\/v2\/types\/product"}],"replies":[{"embeddable":true,"href":"https:\/\/frvape.com\/de\/wp-json\/wp\/v2\/comments?post=3915"}],"wp:featuredmedia":[{"embeddable":true,"href":"https:\/\/frvape.com\/de\/wp-json\/wp\/v2\/media\/3909"}],"wp:attachment":[{"href":"https:\/\/frvape.com\/de\/wp-json\/wp\/v2\/media?parent=3915"}],"wp:term":[{"taxonomy":"product_brand","embeddable":true,"href":"https:\/\/frvape.com\/de\/wp-json\/wp\/v2\/product_brand?post=3915"},{"taxonomy":"product_cat","embeddable":true,"href":"https:\/\/frvape.com\/de\/wp-json\/wp\/v2\/product_cat?post=3915"},{"taxonomy":"product_tag","embeddable":true,"href":"https:\/\/frvape.com\/de\/wp-json\/wp\/v2\/product_tag?post=3915"}],"curies":[{"name":"wp","href":"https:\/\/api.w.org\/{rel}","templated":true}]}}