{"id":4003,"date":"2025-10-12T05:44:48","date_gmt":"2025-10-12T05:44:48","guid":{"rendered":"https:\/\/frvape.com\/product\/uzy-tornado-20000-puffs-disposable-vape-28ml-e-liquid-rechargeable\/"},"modified":"2025-11-04T01:54:07","modified_gmt":"2025-11-04T01:54:07","slug":"uzy-tornado-20000-puffs-einweg-vape-28ml-e-flussigkeit-wiederaufladbar","status":"publish","type":"product","link":"https:\/\/frvape.com\/de\/produkt\/uzy-tornado-20000-puffs-einweg-vape-28ml-e-flussigkeit-wiederaufladbar\/","title":{"rendered":"Uzy Tornado 20000 Puffs Disposable Vape - 28ML E-Liquid &amp; wiederaufladbar"},"content":{"rendered":"<h3>Ultimatives Vaping-Kraftpaket<\/h3>\n<p>Einf\u00fchrung in die <strong>Uzy Tornado 20000 Z\u00fcge Vape<\/strong> - wo Spitzentechnologie auf au\u00dfergew\u00f6hnliche Ausdauer trifft. Entwickelt f\u00fcr Dampfer, die sich weigern, Kompromisse einzugehen, kombiniert dieses Premium-Einwegger\u00e4t massive Kapazit\u00e4t mit intelligentem Design, um das befriedigendste Erlebnis der Branche zu liefern. Mit seiner beispiellosen <strong>20.000 Z\u00fcge<\/strong> Bewertung steht der Tornado 20000 an der Spitze der Innovation im Bereich der Einwegdampfer.<\/p>\n<h3>Un\u00fcbertroffene technische Spezifikationen<\/h3>\n<p>Der Tornado 20000 dominiert den Markt f\u00fcr Einwegartikel und verf\u00fcgt \u00fcber eine integrierte <strong>850mAh wiederaufladbare Batterie<\/strong> die perfekt mit seiner enormen Leistungsf\u00e4higkeit zusammenspielt. <strong>28mL vorgef\u00fcllter e-Fl\u00fcssigkeitsbeh\u00e4lter<\/strong>. Dieses strategische Paarung beseitigt st\u00e4ndige Nachf\u00fcllen \u00c4ngste, w\u00e4hrend l\u00e4ngere vaping-Sitzungen bietet. Die Typ-C-Schnellladefunktion stellt sicher, dass Sie nie geerdet sind - eine f\u00fcnfzehnmin\u00fctige Aufladung liefert stundenlang gleichbleibende, geschmackvolle Leistung.<\/p>\n<h3>Ma\u00dfgeschneiderte Nikotinkontrolle<\/h3>\n<p>Personalisierung erreicht neue H\u00f6hen mit vier pr\u00e4zisen <strong>Optionen f\u00fcr die Nikotinst\u00e4rke<\/strong>: 0% f\u00fcr Geschmacksenthusiasten, 2% f\u00fcr moderate Nutzer, 3% f\u00fcr ausgewogene Befriedigung und zufriedenstellende 5% Nikotinsalzkonzentration. Egal, ob Sie von herk\u00f6mmlichen Zigaretten umsteigen oder die Dampfwolken erkunden, der Tornado passt sich Ihren individuellen Bed\u00fcrfnissen an.<\/p>\n<h3>Geschmacksrevolution: 16 exquisite Optionen<\/h3>\n<p>Tauchen Sie ein in unser fachm\u00e4nnisch hergestelltes Geschmacksspektrum, das f\u00fcr maximalen Genuss entwickelt wurde:<\/p>\n<p>Heidelbeere-Himbeere<br \/>Erdbeere Wassermelone<br \/>Traubeneis<br \/>MR Blau<br \/>Pfirsich Mango Ananas<br \/>Erdbeer-Kiwi<br \/>Erdbeer-Red Bull<br \/>Mango Freeze<br \/>Blue Razz Limonade<br \/>Kiwi Passionsfrucht Guave<br \/>Gemischte Beeren<br \/>Heidelbeere auf Eis<br \/>Pfirsich-Eis<br \/>Dreifaches Mango-Eis<br \/>Wassermelone Eis<\/p>\n<h3>Fortschrittliche Kerntechnologie<\/h3>\n<p>Erleben Sie intelligente Luftstromdynamik und Dampfpfadoptimierung, die die Geschmacksextraktion mit jedem Zug maximieren. Der Uzy Tornado verf\u00fcgt \u00fcber ein ausgekl\u00fcgeltes Mesh-Coil-System, das eine gleichm\u00e4\u00dfige Verdampfung des E-Liquids gew\u00e4hrleistet und gleichzeitig trockene Z\u00fcge eliminiert. Kombiniert mit Pr\u00e4zisions-Baumwolldochtwerk und auslaufsicherer Technik, garantiert unsere Technologie reine Geschmackskonsistenz bis zum letzten Zug.<\/p>\n<h3>Intelligentes Energiemanagement<\/h3>\n<p>Der Tornado 20000 ist mit intelligenten Schaltkreisen ausgestattet, die \u00fcber die \u00fcblichen Einwegprodukte hinausgehen. Batterieschutzsysteme verhindern eine \u00dcberladung, w\u00e4hrend die Echtzeit-Strom\u00fcberwachung die Lebensdauer der Spule verl\u00e4ngert. Wenn das Ger\u00e4t seinen nat\u00fcrlichen Endpunkt erreicht, schaltet das intelligente Abschaltsystem den Betrieb automatisch ab - ein Beweis f\u00fcr unser Engagement f\u00fcr Sicherheit und Qualit\u00e4tssicherung.<\/p>\n<h3>Ergonomische Exzellenz<\/h3>\n<p>Trotz seines gewaltigen Fassungsverm\u00f6gens bietet der Tornado dank seiner durchdachten Ergonomie eine au\u00dfergew\u00f6hnliche Tragbarkeit. Das pr\u00e4zise geformte Mundst\u00fcck sorgt f\u00fcr eine nat\u00fcrliche Ausrichtung des Luftstroms, w\u00e4hrend das strukturierte Geh\u00e4use eine sichere Griffkontrolle gew\u00e4hrleistet. LED-Stromanzeigen zeigen den Batteriestatus auf einen Blick an und vereinen Funktion mit intuitiver Bedienung.<\/p>\n<h3>Vorteil des erweiterten Lebenszyklus<\/h3>\n<p>Im Gegensatz zu herk\u00f6mmlichen Einwegger\u00e4ten mit 3000-7000 Puffs, die st\u00e4ndig nachgef\u00fcllt werden m\u00fcssen, bietet der Tornado 20000 einen dauerhaften Wert und eine geringere Umweltbelastung. Durch die Konsolidierung mehrerer Ger\u00e4te in einem langlebigen Ger\u00e4t mit Wiederaufladefunktion haben wir die Einweg\u00f6konomie revolutioniert und gleichzeitig die Abfallerzeugung minimiert.<\/p>\n<h3>Perfekte Zeichnungsanpassung<\/h3>\n<p>Der Tornado 20000 verf\u00fcgt \u00fcber einen reaktionsschnellen Drucksensormechanismus, der sich an Ihren Inhalationsstil anpasst. Leichte Z\u00fcge von Mund zu Lunge liefern eine klare Befriedigung f\u00fcr Ex-Raucher, w\u00e4hrend tiefere Lungeninhalationen substanzielle, geschmackvolle Wolken erzeugen, die perfekt f\u00fcr Dampfj\u00e4ger sind. Dank unserer propriet\u00e4ren Spannungsstabilisierungsschaltung wird unabh\u00e4ngig von der Technik eine gleichbleibende Leistung gew\u00e4hrleistet.<\/p>\n<h3>Premium-Geschmackskonstruktion<\/h3>\n<p>Unsere Aromen sind nicht nur vielf\u00e4ltig, sondern werden auch in ISO-zertifizierten Labors unter Verwendung von Zutaten in Lebensmittelqualit\u00e4t und Nikotin in pharmazeutischer Qualit\u00e4t hergestellt. Jedes Geschmacksprofil durchl\u00e4uft umfangreiche Testzyklen, um ausgewogene Noten vom ersten bis zum letzten Zug zu gew\u00e4hrleisten - egal, ob Sie saftige Fruchtmischungen oder eisige Mentholsensationen bevorzugen.<\/p>\n<h3>Schlussfolgerung: Die Wegwerf-Epoche neu definiert<\/h3>\n<p>Die <strong>Uzy Tornado 20000 Z\u00fcge Vape<\/strong> repr\u00e4sentiert den neuen Standard f\u00fcr die Vorherrschaft der Einwegverdampfer. Mit seinem monumentalen 28mL Fassungsverm\u00f6gen, den flexiblen Nikotinoptionen und der innovativen Konstruktion beseitigt er die wiederkehrenden Frustrationen herk\u00f6mmlicher Ger\u00e4te. Durch die Integration von fortschrittlicher Einwegtechnologie mit langfristigem Komfort haben wir ein Ger\u00e4t geschaffen, das sowohl Vieldampfer als auch Geschmackskenner zufriedenstellt.<\/p>\n<p>Verbessern Sie Ihre Vaping-Reise mit dem Uzy Tornado 20000 - wo <strong>20.000 Z\u00fcge<\/strong> bedeutet wochenlange, unvergleichliche Freiheit beim Dampfen ohne jegliche Wartung. Entdecken Sie noch heute die wahre Einwegfreiheit.<\/p>","protected":false},"excerpt":{"rendered":"<p>Erleben Sie die <strong>Uzy Tornado 20000<\/strong> Einweg-Vape mit massivem <strong>28mL e-Fl\u00fcssigkeit<\/strong> Kapazit\u00e4t und <strong>850mAh wiederaufladbare Batterie<\/strong> mit bis zu 20.000 Z\u00fcgen.<br \/>W\u00e4hlen Sie aus 16 Geschmacksrichtungen und w\u00e4hlen Sie <strong>0%\/2%\/3%\/5% Nikotinspiegel<\/strong> f\u00fcr individuelle Zufriedenheit.<\/p>","protected":false},"featured_media":3997,"comment_status":"open","ping_status":"closed","template":"","meta":[],"product_brand":[237],"product_cat":[1016,846],"product_tag":[480,481,482,103,271,479],"class_list":{"0":"post-4003","1":"product","2":"type-product","3":"status-publish","4":"has-post-thumbnail","6":"product_brand-uzy","7":"product_cat-big-puffs-vapes","8":"product_cat-uzy","9":"product_tag-20000-puffs-disposable-vape","10":"product_tag-28ml-vape-device","11":"product_tag-nicotine-strength-vape","12":"product_tag-rechargeable-e-cigarette","13":"product_tag-type-c-vape","14":"product_tag-uzy-tornado-20000","16":"first","17":"instock","18":"sale","19":"shipping-taxable","20":"purchasable","21":"product-type-variable"},"jetpack_sharing_enabled":true,"tiered_pricing_type":"fixed","tiered_pricing_fixed_rules":[],"tiered_pricing_product_settings":{"layout":"default","base_unit_name":{"singular":null,"plural":null},"default_variation":null},"tiered_pricing_minimum_quantity":null,"tiered_pricing_roles_data":[],"tiered_pricing_percentage_rules":[],"tiered_pricing_maximum_quantity":null,"tiered_pricing_quantity_step":null,"_links":{"self":[{"href":"https:\/\/frvape.com\/de\/wp-json\/wp\/v2\/product\/4003","targetHints":{"allow":["GET"]}}],"collection":[{"href":"https:\/\/frvape.com\/de\/wp-json\/wp\/v2\/product"}],"about":[{"href":"https:\/\/frvape.com\/de\/wp-json\/wp\/v2\/types\/product"}],"replies":[{"embeddable":true,"href":"https:\/\/frvape.com\/de\/wp-json\/wp\/v2\/comments?post=4003"}],"wp:featuredmedia":[{"embeddable":true,"href":"https:\/\/frvape.com\/de\/wp-json\/wp\/v2\/media\/3997"}],"wp:attachment":[{"href":"https:\/\/frvape.com\/de\/wp-json\/wp\/v2\/media?parent=4003"}],"wp:term":[{"taxonomy":"product_brand","embeddable":true,"href":"https:\/\/frvape.com\/de\/wp-json\/wp\/v2\/product_brand?post=4003"},{"taxonomy":"product_cat","embeddable":true,"href":"https:\/\/frvape.com\/de\/wp-json\/wp\/v2\/product_cat?post=4003"},{"taxonomy":"product_tag","embeddable":true,"href":"https:\/\/frvape.com\/de\/wp-json\/wp\/v2\/product_tag?post=4003"}],"curies":[{"name":"wp","href":"https:\/\/api.w.org\/{rel}","templated":true}]}}