{"id":4074,"date":"2025-10-12T05:47:02","date_gmt":"2025-10-12T05:47:02","guid":{"rendered":"https:\/\/frvape.com\/product\/zooy-twins-30000-puffs-disposable-vape-dual-flavor-rechargeable-e-cigarette\/"},"modified":"2025-11-04T01:57:07","modified_gmt":"2025-11-04T01:57:07","slug":"zooy-zwillinge-30000-puffs-einweg-vape-doppelten-geschmack-wiederaufladbare-e-zigarette","status":"publish","type":"product","link":"https:\/\/frvape.com\/de\/produkt\/zooy-zwillinge-30000-puffs-einweg-vape-doppelten-geschmack-wiederaufladbare-e-zigarette\/","title":{"rendered":"Zooy Twins 30000 Puffs Einweg Vape: Dual Flavor &amp; Wiederaufladbare E-Zigarette"},"content":{"rendered":"<h3>Unerreichte Langlebigkeit &amp; Dual-Flavor-Innovation<\/h3>\n<p>Entdecken Sie die bahnbrechenden <strong>ZOOY Twins 30000 Einweg-E-Zigarette<\/strong>entwickelt, um Ihren Weg zum Dampfen zu revolutionieren. Mit einer branchenf\u00fchrenden Kapazit\u00e4t von bis zu <strong>30.000 Z\u00fcge<\/strong> und ein starkes <strong>50mg (5%) Nikotinsalz<\/strong> Formulierung bietet dieses Ger\u00e4t anhaltende Zufriedenheit f\u00fcr Umsteiger und erfahrene Raucher gleicherma\u00dfen. Seine bahnbrechende <strong>Zwei-Tank-System<\/strong> k\u00f6nnen Sie sofort zwischen den Geschmacksrichtungen wechseln, ohne das Ger\u00e4t wechseln zu m\u00fcssen.<\/p>\n<h3>Fortschrittliche Technik f\u00fcr erstklassige Leistung<\/h3>\n<p>Angetrieben durch modernste <strong>Doppelmaschige Spulentechnik<\/strong>Jeder Zug erzeugt eine au\u00dfergew\u00f6hnliche Dampfdichte und reine, intensive Geschmacksprofile. Die integrierte <strong>650mAh wiederaufladbare Batterie<\/strong> unterst\u00fctzt die erweiterte Nutzung mit <strong>Typ-C-Schnellladung<\/strong> F\u00e4higkeit, w\u00e4hrend das transparente ergonomische Mundst\u00fcck die Wolkenproduktion verst\u00e4rkt. \u00dcberwachen Sie die Nutzung m\u00fchelos \u00fcber die <strong>integrierter HD-Bildschirm<\/strong> die den F\u00fcllstand des E-Liquids, den Batteriestatus und die Anzahl der Puffs anzeigt.<\/p>\n<h3>Reichhaltige Geschmacksrichtungen und unvergleichliche Vielseitigkeit<\/h3>\n<p>Entdecken Sie 10 k\u00f6stliche Geschmackskombinationen, die f\u00fcr unterschiedliche Vorlieben entwickelt wurden. Jede Paarung bietet einzigartige sensorische Erfahrungen:<\/p>\n<ul>\n<li><strong>Wassermeloneneis &amp; Blaue Himbeere-Zitrone<\/strong><\/li>\n<li><strong>Trauben-Minze &amp; Erdbeer-Banane<\/strong><\/li>\n<li><strong>Wassermelone Bubblegum &amp; Kaffee-Eis<\/strong><\/li>\n<li><strong>Blaubeereis &amp; Dreifach-Melone<\/strong><\/li>\n<li><strong>LOVE 66 &amp; Cola-Eis<\/strong><\/li>\n<li><strong>Erdbeereis &amp; Pfirsich-Mango-Milchshake<\/strong><\/li>\n<li><strong>Ananas-Kokosnuss-Apfel-Eis<\/strong><\/li>\n<li><strong>Red Bull &amp; Erdbeer-Kiwi<\/strong><\/li>\n<li><strong>Rotbeere, Kirsche und gemischte Beeren<\/strong><\/li>\n<li><strong>Erdbeer-Wassermelone &amp; Rosa Limonade<\/strong><\/li>\n<\/ul>\n<h3>Tragbares Kraftpaket mit intelligenten Funktionen<\/h3>\n<p>Trotz seiner massiven <strong>36ml e-Fl\u00fcssigkeit Kapazit\u00e4t<\/strong>Das Ger\u00e4t hat ein reisefreundliches Gewicht von 130 g bei kompakten Abmessungen (25*48*101 mm). Das robuste Polycarbonat-Geh\u00e4use h\u00e4lt dem t\u00e4glichen Gebrauch stand, und die <strong>Gitterheizschlange<\/strong> sorgt f\u00fcr 30.000 Z\u00fcge mit gleichbleibend reichem Geschmack ohne Qualit\u00e4tsverlust. Batterie Angst verschwindet mit Typ-C-Ladef\u00e4higkeiten-voll in Minuten f\u00fcr Wochen ununterbrochene vaping aufzuladen.<\/p>\n<h3>Technische Daten<\/h3>\n<p><strong>Anzahl der Puffs<\/strong>: Bis zu 30.000 Z\u00fcge<br \/><strong>E-Liquid<\/strong>: 36mL, vorgef\u00fcllt (20mg-50mg Salze)<br \/><strong>Batterie<\/strong>: 650mAh eingebaut (Typ-C aufladbar)<br \/><strong>Spule<\/strong>: Quad-Mesh 1.0\u03a9 System<br \/><strong>Nikotin<\/strong>: 0%\/2%\/5% Optionen<br \/><strong>Gewicht\/Einheit<\/strong>: 130g<br \/><strong>Anzeige<\/strong>: Smart HD Batterie-\/Fl\u00fcssigkeitsmonitor<br \/><strong>Wesentliche Merkmale<\/strong>: Doppelte Geschmackstanks, Luftstromkontrolle, sofortige Geschmacksumschaltung<\/p>\n<h3>Warum Zooy Twins 30000 w\u00e4hlen?<\/h3>\n<p>Mit diesem Ger\u00e4t gehen Sie keine Kompromisse ein: Genie\u00dfen Sie hohe Nikotinbefriedigung <strong>(50mg\/ml)<\/strong> ohne Nachf\u00fcllen oder Spulenwechsel. Die <strong>Zwei-Kammer-Design<\/strong> f\u00fcr Geschmacksentdecker, w\u00e4hrend die <strong>digitale Schnittstelle<\/strong> bietet erstklassige Kontrolle. Er ist ideal f\u00fcr Vielnutzer, die Zuverl\u00e4ssigkeit suchen, und \u00fcbertrifft herk\u00f6mmliche Einwegprodukte mit laborgepr\u00fcfter Geschmacksgenauigkeit und Cloud-Konsistenz. Definieren Sie Bequemlichkeit neu - wechseln Sie die Geschmacksrichtungen w\u00e4hrend Meetings, auf dem Weg zur Arbeit oder beim Ausgehen, ohne zus\u00e4tzliche Ger\u00e4te mit sich f\u00fchren zu m\u00fcssen.<\/p>\n<h3>Nachhaltigkeit und Wert<\/h3>\n<p>Durch die Gro\u00dfpackung (10 St\u00fcck\/Karton, 200\/Karton) reduziert der Zooy Twins 30000 den Abfall im Vergleich zu Alternativen mit geringem Puffanteil. Die <strong>wiederaufladbare Batterie<\/strong> verl\u00e4ngert die Lebensdauer des Ger\u00e4ts erheblich, w\u00e4hrend die optimierte E-Liquid-Kapazit\u00e4t die Nutzung zwischen den Aufladungen maximiert. Erleben Sie Luxus vaping Wirtschaft-30.000 Puffs pro Ger\u00e4t \u00fcbersetzt zu unvergleichlichen Kosteneffizienz.<\/p>\n<h3>Vaping Evolution erleben<\/h3>\n<p>Der Zooy Twins 30000 \u00fcberwindet die Grenzen des Einweggebrauchs, indem er Innovation mit Praktikabilit\u00e4t verbindet. Egal, ob Du Wert auf intensive Halst\u00f6ne, exotische Aromen oder eine dichte Wolke legst, er erf\u00fcllt alle Kriterien. Schlie\u00dfe Dich Tausenden von zufriedenen Vapern an, die den Wechsel vollzogen haben - Deine ultimative All-in-One-L\u00f6sung ist da.<\/p>","protected":false},"excerpt":{"rendered":"<p>Treffen Sie die <strong>Zooy Zwillinge 30000 Puffs<\/strong> Einweg-Vape mit revolution\u00e4rem <strong>Dual-Flavour-Schaltung<\/strong>! Ausgestattet mit einem <strong>36ml Fassungsverm\u00f6gen<\/strong>, <strong>Typ-C-Schnellladung<\/strong>und <strong>digitale Anzeige<\/strong>. Erleben Sie <strong>50mg Nikotin<\/strong> Zufriedenheit und <strong>Netzspule<\/strong> Technologie f\u00fcr massive Wolken.<\/p>","protected":false},"featured_media":4068,"comment_status":"open","ping_status":"closed","template":"","meta":[],"product_brand":[97],"product_cat":[860],"product_tag":[374,485,184,484,103,483],"class_list":{"0":"post-4074","1":"product","2":"type-product","3":"status-publish","4":"has-post-thumbnail","6":"product_brand-zooy","7":"product_cat-zooy","8":"product_tag-30000-puffs-vape","9":"product_tag-36ml-e-liquid-vape","10":"product_tag-5-nicotine-vape","11":"product_tag-dual-flavor-disposable-vape","12":"product_tag-rechargeable-e-cigarette","13":"product_tag-zooy-twins-30000","15":"first","16":"instock","17":"sale","18":"shipping-taxable","19":"purchasable","20":"product-type-variable"},"jetpack_sharing_enabled":true,"tiered_pricing_type":"fixed","tiered_pricing_fixed_rules":[],"tiered_pricing_product_settings":{"layout":"default","base_unit_name":{"singular":null,"plural":null},"default_variation":null},"tiered_pricing_minimum_quantity":null,"tiered_pricing_roles_data":[],"tiered_pricing_percentage_rules":[],"tiered_pricing_maximum_quantity":null,"tiered_pricing_quantity_step":null,"_links":{"self":[{"href":"https:\/\/frvape.com\/de\/wp-json\/wp\/v2\/product\/4074","targetHints":{"allow":["GET"]}}],"collection":[{"href":"https:\/\/frvape.com\/de\/wp-json\/wp\/v2\/product"}],"about":[{"href":"https:\/\/frvape.com\/de\/wp-json\/wp\/v2\/types\/product"}],"replies":[{"embeddable":true,"href":"https:\/\/frvape.com\/de\/wp-json\/wp\/v2\/comments?post=4074"}],"wp:featuredmedia":[{"embeddable":true,"href":"https:\/\/frvape.com\/de\/wp-json\/wp\/v2\/media\/4068"}],"wp:attachment":[{"href":"https:\/\/frvape.com\/de\/wp-json\/wp\/v2\/media?parent=4074"}],"wp:term":[{"taxonomy":"product_brand","embeddable":true,"href":"https:\/\/frvape.com\/de\/wp-json\/wp\/v2\/product_brand?post=4074"},{"taxonomy":"product_cat","embeddable":true,"href":"https:\/\/frvape.com\/de\/wp-json\/wp\/v2\/product_cat?post=4074"},{"taxonomy":"product_tag","embeddable":true,"href":"https:\/\/frvape.com\/de\/wp-json\/wp\/v2\/product_tag?post=4074"}],"curies":[{"name":"wp","href":"https:\/\/api.w.org\/{rel}","templated":true}]}}