{"id":4211,"date":"2025-10-12T05:57:58","date_gmt":"2025-10-12T05:57:58","guid":{"rendered":"https:\/\/frvape.com\/product\/doloda-db-7000-7000-puffs-disposable-vape-with-airflow-control-8-flavors\/"},"modified":"2025-10-12T05:58:06","modified_gmt":"2025-10-12T05:58:06","slug":"doloda-db-7000-7000-puffs-wegwerfbares-vape-mit-luftstromsteuerung-8-aromen","status":"publish","type":"product","link":"https:\/\/frvape.com\/de\/produkt\/doloda-db-7000-7000-puffs-wegwerfbares-vape-mit-luftstromsteuerung-8-aromen\/","title":{"rendered":"Doloda Db 7000: 7000 Puffs Einweg Vape mit Airflow Control &amp; 8 Aromen"},"content":{"rendered":"<h3>Revolution\u00e4res langanhaltendes Vaping-Erlebnis<\/h3>\n<p>Die <strong>Doloda Db 7000<\/strong> definiert die Bequemlichkeit des Einweg-Vaporisierens neu mit seiner au\u00dfergew\u00f6hnlichen <strong>Kapazit\u00e4t von 7000 Puffs<\/strong>. Dieses Ger\u00e4t wurde f\u00fcr Ausdauersportler entwickelt und macht st\u00e4ndiges Auswechseln \u00fcberfl\u00fcssig, w\u00e4hrend es gleichzeitig eine konstante Leistung liefert. Im Gegensatz zu herk\u00f6mmlichen Einwegprodukten ist unser integriertes <strong>500mAh wiederaufladbare Batterie<\/strong> unterst\u00fctzt die erweiterte Nutzung \u00fcber <strong>Typ-C-Laden<\/strong>damit Sie jeden Zug aus der gro\u00dfz\u00fcgigen Flasche herausholen k\u00f6nnen. <strong>14ML vorgef\u00fcllte e-Fl\u00fcssigkeit<\/strong> Reservoir.<\/p>\n<h3>Pr\u00e4zise Kontrolle &amp; Premium-Aromen<\/h3>\n<p>Passen Sie Ihre Sitzungen mit erweiterten <strong>Luftstromregelung<\/strong> Technologie, die einen m\u00fchelosen \u00dcbergang zwischen engen, zigaretten\u00e4hnlichen Z\u00fcgen und luftigen, wolkenverhangenen Inhalationen erm\u00f6glicht. Unser <strong>Nikotinsalzformel<\/strong> (0%\/2%\/3%\/5% Optionen) garantiert schnelle Befriedigung und sanftere Kehlkopfschl\u00e4ge. Verw\u00f6hnen Sie sich mit 8 fachm\u00e4nnisch hergestellten Aromen:<\/p>\n<p><strong>Gummib\u00e4rchen<\/strong> | <strong>\u00dcppiges Eis<\/strong> | <strong>Pina Colada<\/strong> | <strong>Erdbeere-Banane<\/strong><br \/><strong>Doppelte \u00c4pfel<\/strong> | <strong>Blaues Razzeis<\/strong> | <strong>Traubeneis<\/strong> | <strong>Erdbeere Wassermelone<\/strong><\/p>\n<h3>Unerreichte technische Spezifikationen<\/h3>\n<p>Alle <strong>Doloda Db 7000<\/strong> vereint anspruchsvolle Technik in einem benutzerfreundlichen Ger\u00e4t: <strong>7000 Z\u00fcge<\/strong> pro Einheit - <strong>14ML Salz Nikotin e-Fl\u00fcssigkeit<\/strong> - <strong>Wiederaufladbarer 500mAh-Akku<\/strong> - Patentiert <strong>Luftstromregelung<\/strong> Zifferblatt - Ultra-schnell <strong>Typ-C Aufladung<\/strong> port - Kompakte 10-Ger\u00e4te-Display-Verpackung. Das optimierte Spulensystem verhindert trockene Hits und maximiert die Geschmacksintegrit\u00e4t bei allen 8 Varianten.<\/p>\n<h3>Warum w\u00e4hlen Vaper Doloda Db 7000<\/h3>\n<p>Als ultimative \"Grab-and-Go\"-L\u00f6sung erfordert diese Einweg-E-Zigarette NULL Wartung - kein Nachf\u00fcllen, keine Spulenwechsel oder komplexe Einstellungen. Die au\u00dfergew\u00f6hnliche <strong>Puffanzahl<\/strong> macht sie ideal f\u00fcr Reisende, Ganztagsdampfer und Umsteiger vom Rauchen. Jeder Zug liefert reichen, ges\u00e4ttigten Dampf mit der Signatur <strong>Nikotinsalz<\/strong> Gl\u00e4tte, w\u00e4hrend das ergonomische Mundst\u00fcck komfortable l\u00e4ngere Sitzungen gew\u00e4hrleistet. Kaufen Sie noch heute unsere sorgf\u00e4ltig getesteten Geschmacksrichtungen.<\/p>\n<h3>Entwickelt f\u00fcr Verl\u00e4sslichkeit<\/h3>\n<p>Mit PCTG-Materialien in medizinischer Qualit\u00e4t und mehreren Sicherheitsvorkehrungen (Schutz vor \u00dcberladung\/Entladung, Kurzschlussschutz) ist der <strong>Doloda Db 7000<\/strong> garantiert einen sorgenfreien Betrieb. Das intelligente Batteriemanagementsystem sorgt f\u00fcr konstante Leistung bis zum letzten Atemzug. Kombinieren Sie diese Zuverl\u00e4ssigkeit mit dem unglaublichen <strong>Langlebigkeit von 7000 Puffs<\/strong>und Sie haben einen Einwegdampfer, der die Leistung der Konkurrenz \u00fcbertrifft und gleichzeitig den Umweltm\u00fcll reduziert. Erleben Sie Vaping Einfachheit perfektioniert.<\/p>","protected":false},"excerpt":{"rendered":"<p>Die <strong>Doloda Db 7000<\/strong> Einweg-Vape liefert einen branchenf\u00fchrenden <strong>7000 Z\u00fcge<\/strong> mit null Wartung. Ausgestattet mit <strong>einstellbare Luftstromregelung<\/strong>eingebaut <strong>500mAh wiederaufladbare Batterie<\/strong>und <strong>8 Premium-Geschmacksrichtungen<\/strong> bei 2%\/3%\/5% Nikotinst\u00e4rke. Perfekt f\u00fcr l\u00e4ngeres Dampfen ohne Nachf\u00fcllen oder \u00c4rger.<\/p>","protected":false},"featured_media":4205,"comment_status":"open","ping_status":"closed","template":"","meta":[],"product_brand":[224],"product_cat":[225],"product_tag":[494,495,493,285,103,172],"class_list":{"0":"post-4211","1":"product","2":"type-product","3":"status-publish","4":"has-post-thumbnail","6":"product_brand-doloda","7":"product_cat-doloda-vape","8":"product_tag-7000-puffs-disposable-vape","9":"product_tag-airflow-control-vape","10":"product_tag-doloda-db-7000","11":"product_tag-nicotine-salt-vape","12":"product_tag-rechargeable-e-cigarette","13":"product_tag-type-c-vape-pen","15":"first","16":"instock","17":"sale","18":"shipping-taxable","19":"purchasable","20":"product-type-variable"},"jetpack_sharing_enabled":true,"tiered_pricing_type":"fixed","tiered_pricing_fixed_rules":[],"tiered_pricing_product_settings":{"layout":"default","base_unit_name":{"singular":null,"plural":null},"default_variation":null},"tiered_pricing_minimum_quantity":null,"tiered_pricing_roles_data":[],"tiered_pricing_percentage_rules":[],"tiered_pricing_maximum_quantity":null,"tiered_pricing_quantity_step":null,"_links":{"self":[{"href":"https:\/\/frvape.com\/de\/wp-json\/wp\/v2\/product\/4211","targetHints":{"allow":["GET"]}}],"collection":[{"href":"https:\/\/frvape.com\/de\/wp-json\/wp\/v2\/product"}],"about":[{"href":"https:\/\/frvape.com\/de\/wp-json\/wp\/v2\/types\/product"}],"replies":[{"embeddable":true,"href":"https:\/\/frvape.com\/de\/wp-json\/wp\/v2\/comments?post=4211"}],"wp:featuredmedia":[{"embeddable":true,"href":"https:\/\/frvape.com\/de\/wp-json\/wp\/v2\/media\/4205"}],"wp:attachment":[{"href":"https:\/\/frvape.com\/de\/wp-json\/wp\/v2\/media?parent=4211"}],"wp:term":[{"taxonomy":"product_brand","embeddable":true,"href":"https:\/\/frvape.com\/de\/wp-json\/wp\/v2\/product_brand?post=4211"},{"taxonomy":"product_cat","embeddable":true,"href":"https:\/\/frvape.com\/de\/wp-json\/wp\/v2\/product_cat?post=4211"},{"taxonomy":"product_tag","embeddable":true,"href":"https:\/\/frvape.com\/de\/wp-json\/wp\/v2\/product_tag?post=4211"}],"curies":[{"name":"wp","href":"https:\/\/api.w.org\/{rel}","templated":true}]}}