{"id":4304,"date":"2025-10-12T06:04:32","date_gmt":"2025-10-12T06:04:32","guid":{"rendered":"https:\/\/frvape.com\/product\/bang-starry-25000-disposable-vape-25000-puffs-starry-night-effect\/"},"modified":"2025-11-25T03:17:10","modified_gmt":"2025-11-25T03:17:10","slug":"bang-starry-25000-einweg-vape-25000-puffs-starry-night-effect","status":"publish","type":"product","link":"https:\/\/frvape.com\/de\/produkt\/bang-starry-25000-einweg-vape-25000-puffs-starry-night-effect\/","title":{"rendered":"Bang Starry 25000 Einweg-Dampfger\u00e4t | 25.000 Z\u00fcge | Sternennacht-Effekt"},"content":{"rendered":"<h3>Was ist das Besondere am Bang Starry 25000?<\/h3>\n<p>Der Bang Starry 25000 zeichnet sich als revolution\u00e4res Einwegger\u00e4t aus, das einen bezaubernden <strong>Sternennacht-Effekt<\/strong> die jedes Mal dynamisch aufleuchtet, wenn Sie einen Zug nehmen. Diese einzigartige Funktion erzeugt einen faszinierenden visuellen Reiz, perfekt f\u00fcr alle, die sich nachts beim Dampfen oder bei geselligen Zusammenk\u00fcnften nach mehr Flair sehnen. Im Gegensatz zu gew\u00f6hnlichen Verdampfern verwandelt dieses Design jeden Zug in eine pers\u00f6nliche Lichtshow und verbindet \u00c4sthetik mit Funktionalit\u00e4t, um Ihr Gesamterlebnis zu verbessern.<\/p>\n<h3>Unschlagbare Leistung und Power<\/h3>\n<p>Vollgepackt mit einer beeindruckenden <strong>25.000 Z\u00fcge<\/strong>Dieses Ger\u00e4t sorgt f\u00fcr lang anhaltende Zufriedenheit ohne h\u00e4ufigen Austausch. Sein wesentlicher <strong>28ml e-Fl\u00fcssigkeit Kapazit\u00e4t<\/strong> garantiert eine konsistente, reichhaltige Geschmacksabgabe \u00fcber Tausende von Anwendungen hinweg. Unterst\u00fctzt durch eine robuste <strong>800mAh-Akku<\/strong>Das Bang Starry 25000 bietet zuverl\u00e4ssige Leistung f\u00fcr l\u00e4ngere Sessions. Der Komfort von <strong>Typ-C-Laden<\/strong> bedeutet schnelles, effizientes Aufladen, damit Sie ununterbrochen dampfen k\u00f6nnen. Kombiniert mit einem <strong>1,0 Ohm Widerstand<\/strong>Dieser Verdampfer liefert eine sanfte, ausgewogene Dampfproduktion f\u00fcr einen optimalen Kehlkopfschlag.<\/p>\n<h3>Schlankes, ergonomisches Design<\/h3>\n<p>Ausgestattet mit einem modernen <strong>Gebogenes 3D-Display<\/strong>Der Bang Starry 25000 verf\u00fcgt \u00fcber ein ergonomisches Design, das gut in der Hand liegt. Der gew\u00f6lbte Bildschirm sorgt nicht nur f\u00fcr stilvolle Raffinesse, sondern verbessert auch die Benutzerfreundlichkeit durch die einfache Ablesbarkeit von Puff-Z\u00e4hlern und Akku-Anzeigen. Der schlanke Formfaktor des Ger\u00e4ts macht es tragbar und diskret, ideal f\u00fcr unterwegs, die sowohl Eleganz als auch Praktikabilit\u00e4t in ihrer t\u00e4glichen Routine verlangen.<\/p>\n<h3>Entdecken Sie unser Premium-Geschmackssortiment<\/h3>\n<p>Der Bang Starry 25000 zeichnet sich durch seine Geschmacksvielfalt aus und bietet 16 exquisite Optionen f\u00fcr jeden Geschmack. Alle Geschmacksrichtungen sind in verschiedenen Nikotinst\u00e4rken erh\u00e4ltlich (0%, 2%, 3% oder 5%), so dass Sie die Intensit\u00e4t des Rauchens selbst bestimmen k\u00f6nnen. Von erfrischenden Mentholgeschmacksrichtungen bis hin zu s\u00fc\u00dfen, fruchtigen Mischungen sorgt unser E-Liquid-Sortiment daf\u00fcr, dass jeder Zug so befriedigend ist wie der letzte. Entdecken Sie das ganze Spektrum der Geschmacksrichtungen:<\/p>\n<p><strong>Mango-Eis<\/strong><br \/><strong>Zitronenminze<\/strong><br \/><strong>GUAVA<\/strong><br \/><strong>Blaues Razzeis<\/strong><br \/><strong>Traubeneis<\/strong><br \/><strong>Ananaseis<\/strong><br \/><strong>Erdbeere Wassermelone<\/strong><br \/><strong>Kirsche SODA<\/strong><br \/><strong>Double AppleS<\/strong><br \/><strong>Red Bull<\/strong><br \/><strong>Wassermelone Eis<\/strong><br \/><strong>Pfirsich-Eis<\/strong><br \/><strong>Erdbeere-Banane<\/strong><br \/><strong>Blaubeereis<\/strong><br \/><strong>Kiwi Passionsfrucht<\/strong><br \/><strong>COLA-Eis<\/strong><\/p>\n<h3>Warum das Starry Design ein Game-Changer ist<\/h3>\n<p>Es geht nicht nur um das Aussehen; die leuchtenden <strong>Sternendesign<\/strong> definiert das Dampfen neu, indem es jede Sitzung zu etwas Einzigartigem macht. Diese Funktion verleiht jedem Zug eine pers\u00f6nliche Note und verwandelt allt\u00e4gliche Z\u00fcge in besondere Momente - ganz gleich, ob Sie zu Hause entspannen, sich mit Freunden treffen oder die Sterne beobachten. Das Design unterstreicht die hochwertige Anmutung des Ger\u00e4ts und macht den Bang Starry 25000 zu mehr als nur einem Verdampfer; er ist ein Statement, das Unterhaltung mit leistungsstarker Technologie verbindet.<\/p>\n<h3>H\u00e4ufig gestellte Fragen<\/h3>\n<p>F: Was genau ist der Sterneneffekt?<br \/>A: Die <strong>Sterneneffekt<\/strong> ist eine besondere Beleuchtungsfunktion, die das Ger\u00e4t bei jedem Zug wie einen n\u00e4chtlichen Sternenhimmel erhellt und so die Stimmung steigert.<\/p>\n<p>F: Ist der Akku wieder aufladbar?<br \/>A: Auf jeden Fall! Die integrierte <strong>800mAh-Akku<\/strong> ist vollst\u00e4ndig wiederaufladbar und unterst\u00fctzt blitzschnelles Aufladen \u00fcber die <strong>Typ-C<\/strong> Anschluss f\u00fcr maximalen Komfort.<\/p>\n<p>F: Wie lange reichen 25.000 Z\u00fcge?<br \/>A: Je nach Ihren Rauchgewohnheiten k\u00f6nnen 25.000 Z\u00fcge f\u00fcr Wochen oder sogar Monate konstanten Gebrauchs reichen. Diese <strong>verl\u00e4ngerte Langlebigkeit<\/strong> wird von der <strong>28ml e-Fl\u00fcssigkeit Kapazit\u00e4t<\/strong> und effizientes Design.<\/p>\n<h3>Abschlie\u00dfende \u00dcberlegungen<\/h3>\n<p>Der Bang Starry 25000 \u00fcbertrifft typische Vapes mit seinem innovativen <strong>Sternennacht-Effekt<\/strong>und bietet ein leichtes, geschmacksintensives Erlebnis. Mit seinem gro\u00dfz\u00fcgigen <strong>25.000 Z\u00fcge<\/strong> und vielseitigen Nikotinoptionen bietet sie sowohl Anf\u00e4ngern als auch erfahrenen Rauchern einen unvergleichlichen Wert. Die Kombination aus einem <strong>800mAh-Akku<\/strong> und <strong>Typ-C-Laden<\/strong> sorgt daf\u00fcr, dass Sie immer f\u00fcr Ihr n\u00e4chstes Abenteuer ger\u00fcstet sind, ob unter dem Nachthimmel oder im Alltag. Erlebe deine Dampfreise noch heute mit einem Ger\u00e4t, das nicht nur ein Werkzeug ist, sondern ein fesselndes Spektakel aus Geschmack und Licht. Bang Starry 25000: Jeder Zug bringt Deine Welt zum Leuchten.<\/p>","protected":false},"excerpt":{"rendered":"<p>Entdecken Sie den Bang Starry 25000 Einwegdampfer, der mit einem verf\u00fchrerischen <strong>Sternennacht-Effekt<\/strong> die mit jedem Zug leuchtet. Genie\u00dfen Sie unvergleichliche Leistung mit <strong>25.000 Z\u00fcge<\/strong>, a <strong>28ml e-Fl\u00fcssigkeit Kapazit\u00e4t<\/strong>und schnell <strong>Typ-C-Laden<\/strong> \u00fcber eine <strong>800mAh-Akku<\/strong>. W\u00e4hlen Sie aus 16 Premium-Aromen in verschiedenen Nikotinst\u00e4rken: 0%, 2%, 3% oder 5% f\u00fcr ultimative Flexibilit\u00e4t beim Dampfen.<\/p>","protected":false},"featured_media":4299,"comment_status":"open","ping_status":"closed","template":"","meta":[],"product_brand":[107],"product_cat":[1072],"product_tag":[311,499,112,342,500,155],"class_list":{"0":"post-4304","1":"product","2":"type-product","3":"status-publish","4":"has-post-thumbnail","6":"product_brand-bang","7":"product_cat-bang","8":"product_tag-25000-puffs-vape","9":"product_tag-bang-starry-25000","10":"product_tag-disposable-vape","11":"product_tag-rechargeable-battery","12":"product_tag-starry-night-effect","13":"product_tag-vape-flavors","15":"first","16":"instock","17":"sale","18":"shipping-taxable","19":"purchasable","20":"product-type-variable"},"jetpack_sharing_enabled":true,"tiered_pricing_type":"fixed","tiered_pricing_fixed_rules":[],"tiered_pricing_product_settings":{"layout":"default","base_unit_name":{"singular":null,"plural":null},"default_variation":null},"tiered_pricing_minimum_quantity":null,"tiered_pricing_roles_data":[],"tiered_pricing_percentage_rules":[],"tiered_pricing_maximum_quantity":null,"tiered_pricing_quantity_step":null,"_links":{"self":[{"href":"https:\/\/frvape.com\/de\/wp-json\/wp\/v2\/product\/4304","targetHints":{"allow":["GET"]}}],"collection":[{"href":"https:\/\/frvape.com\/de\/wp-json\/wp\/v2\/product"}],"about":[{"href":"https:\/\/frvape.com\/de\/wp-json\/wp\/v2\/types\/product"}],"replies":[{"embeddable":true,"href":"https:\/\/frvape.com\/de\/wp-json\/wp\/v2\/comments?post=4304"}],"wp:featuredmedia":[{"embeddable":true,"href":"https:\/\/frvape.com\/de\/wp-json\/wp\/v2\/media\/4299"}],"wp:attachment":[{"href":"https:\/\/frvape.com\/de\/wp-json\/wp\/v2\/media?parent=4304"}],"wp:term":[{"taxonomy":"product_brand","embeddable":true,"href":"https:\/\/frvape.com\/de\/wp-json\/wp\/v2\/product_brand?post=4304"},{"taxonomy":"product_cat","embeddable":true,"href":"https:\/\/frvape.com\/de\/wp-json\/wp\/v2\/product_cat?post=4304"},{"taxonomy":"product_tag","embeddable":true,"href":"https:\/\/frvape.com\/de\/wp-json\/wp\/v2\/product_tag?post=4304"}],"curies":[{"name":"wp","href":"https:\/\/api.w.org\/{rel}","templated":true}]}}