{"id":4678,"date":"2025-10-12T06:29:45","date_gmt":"2025-10-12T06:29:45","guid":{"rendered":"https:\/\/frvape.com\/product\/razz-bar-15000-puffs-disposable-vape-high-capacity-rechargeable-e-cig-with-mesh-coil\/"},"modified":"2026-01-26T05:21:45","modified_gmt":"2026-01-26T05:21:45","slug":"razz-bar-15000-puffs-einweg-vape-hohe-kapazitat-wiederaufladbare-e-zig-mit-mesh-spule","status":"publish","type":"product","link":"https:\/\/frvape.com\/de\/produkt\/razz-bar-15000-puffs-einweg-vape-hohe-kapazitat-wiederaufladbare-e-zig-mit-mesh-spule\/","title":{"rendered":"Razz Bar 15000 Puffs Disposable Vape - Hohe Kapazit\u00e4t wiederaufladbare E-Zigarette mit Mesh Coil"},"content":{"rendered":"<h3>Wir stellen vor: Razz Bar 15000 Einweg-Vape<\/h3>\n<p>Revolutionieren Sie Ihre Vaping-Reise mit dem <strong>Razz Bar 15000 Puffs Einweg-Vape<\/strong>eine hochmoderne <strong>E-Zigarette<\/strong> entwickelt f\u00fcr ultimativen Komfort und Zufriedenheit. Diese <strong>Einweg-Vape<\/strong> kombiniert hohe Leistung mit benutzerfreundlichen Funktionen und sorgt f\u00fcr ein nahtloses Erlebnis. Als Branchenf\u00fchrer seit 2017 liefert die Razz Bar <strong>hohe Qualit\u00e4t<\/strong> die durch strenge Tests und Zertifizierungen gest\u00fctzt werden. Entdecken Sie eine Welt voller Aromen mit dem <strong>razz bar vape<\/strong>. Perfekt f\u00fcr erwachsene Dampfer, die eine zuverl\u00e4ssige und innovative <strong>Einweg-E-Zigarre<\/strong> L\u00f6sung.<\/p>\n<h3>Produktspezifikationen<\/h3>\n<p>Die Razz Bar 15000 verf\u00fcgt \u00fcber beeindruckende Spezifikationen f\u00fcr den t\u00e4glichen Gebrauch. Zu den wichtigsten Highlights geh\u00f6ren ein <strong>verl\u00e4ngerte Lebensdauer von 15000 Z\u00fcgen<\/strong>Dadurch verringert sich die Notwendigkeit des st\u00e4ndigen Nachladens. Die <strong>28mL e-Fl\u00fcssigkeit Kapazit\u00e4t<\/strong> sorgt f\u00fcr ein langes Vergn\u00fcgen zwischen den Nachf\u00fcllungen. F\u00fcr den Gro\u00dfhandel bequem verpackt, jede <strong>Karton enth\u00e4lt 200 Einheiten<\/strong>Damit ist es ideal f\u00fcr Einzelh\u00e4ndler und Gro\u00dfabnehmer. Das Ger\u00e4t wird angetrieben von einem <strong>650mAh wiederaufladbare Batterie<\/strong>mit einem modernen <strong>Typ-C-Ladeanschluss<\/strong> f\u00fcr schnelles und effizientes Aufladen. Verbesserte Geschmacksabgabe ist garantiert mit fortschrittlichen <strong>Netzspulen-Technologie<\/strong>die f\u00fcr weiche und reichhaltige Dampfwolken sorgt. Verf\u00fcgbar mit <strong>Nikotinst\u00e4rken von 2% oder 5%<\/strong>unser <strong>Einweg-Vape<\/strong> bietet f\u00fcr verschiedene Vorlieben ein ma\u00dfgeschneidertes Nikotinerlebnis.<\/p>\n<h3>Au\u00dfergew\u00f6hnliche Geschmackspalette<\/h3>\n<p>Tauchen Sie mit der Razz Bar 15000 in ein vielf\u00e4ltiges Angebot an Premium-Geschmacksrichtungen ein. Jede Option wird sorgf\u00e4ltig hergestellt, um au\u00dfergew\u00f6hnlichen Geschmack und Zufriedenheit zu liefern, unter Verwendung von <strong>Netzspulen-Technologie<\/strong> f\u00fcr verbesserte Dampfqualit\u00e4t. Unsere Aromen umfassen Premium-Entscheidungen wie:<\/p>\n<p>Wassermelone Kaugummi<br \/>Erdbeereis<br \/>Erdbeer-Kiwi<br \/>Red Bull Eis<br \/>Heidelbeere-Himbeere-Zitrone<br \/>Heidelbeere auf Eis<br \/>Himbeer-Karamell<br \/>Gemischte Beeren<br \/>Zitrone-Limette<br \/>Wassermelone Eis<br \/>Pfirsich-Eis<br \/>Pfirsich Mango Ananas<br \/>Mamba<br \/>Cola-Eis<br \/>Doppelter Apfel<br \/>Kiwi Passionsfrucht Guave<\/p>\n<p>Mit <strong>16 verschiedene Optionen<\/strong>Unser Geschmacksportfolio bietet f\u00fcr jeden Geschmack etwas, von s\u00fc\u00dfen Fruchtmischungen bis hin zu eisigen Mentholsensationen.<\/p>\n<h3>Warum Razz Bar sich abhebt<\/h3>\n<p>Seit der Einf\u00fchrung im Jahr 2017, <strong>Razz Bar<\/strong> hat sich zu einem vertrauensw\u00fcrdigen Namen in der <strong>E-Zigarette<\/strong> Industrie. Wir sind stolz auf unsere Innovationen und produzieren in unserem eigenen Werk, um eine erstklassige Qualit\u00e4tskontrolle zu gew\u00e4hrleisten. Unser erfahrenes Ingenieurteam wendet Verfahren wie IQC, IPQC und FQC f\u00fcr umfassende Sicherheitspr\u00fcfungen an und garantiert, dass jedes Ger\u00e4t internationalen Standards entspricht. Zertifizierungen wie <strong>CE<\/strong> und <strong>RoHS<\/strong> bekr\u00e4ftigen unser Engagement f\u00fcr Compliance und Zuverl\u00e4ssigkeit. \u00dcber unser Markenangebot hinaus bieten wir Experten <strong>OEM- und ODM-Dienstleistungen<\/strong>, Unterst\u00fctzung der Kunden bei der Anpassung <strong>Vape-Produkte<\/strong> auf ihre individuellen Bed\u00fcrfnisse. Infolgedessen ist unser <strong>Einweg-Vape<\/strong> hat aufgrund der Kundentreue und des hervorragenden Rufs weltweit an Popularit\u00e4t gewonnen.<\/p>\n<h3>Nahtloses Vaping-Erlebnis<\/h3>\n<p>Unser <strong>Razz Bar 15000<\/strong> legt Wert auf Benutzerfreundlichkeit und Zug\u00e4nglichkeit. Es wurde f\u00fcr den Transport konzipiert und ist so leicht, dass es perfekt in jede Tasche passt. Das <strong>Typ-C-Laden<\/strong> sorgt f\u00fcr ein schnelles Aufladen, so dass Sie unterwegs ohne Unterbrechungen dampfen k\u00f6nnen. Au\u00dferdem erfordert der unkomplizierte Plug-and-Play-Mechanismus keine Wartung, was ihn sowohl f\u00fcr Anf\u00e4nger als auch f\u00fcr erfahrene Dampfer perfekt macht. Mit \u00fcber <strong>15000 Z\u00fcge<\/strong>Er bietet ein au\u00dfergew\u00f6hnliches Preis-Leistungs-Verh\u00e4ltnis, das viele Konkurrenten \u00fcbertrifft und einen gleichbleibenden Geschmack liefert. Diese m\u00fchelose <strong>E-Zigarette<\/strong> stellt eine befriedigende Alternative f\u00fcr diejenigen dar, die vom traditionellen Rauchen abkommen.<\/p>\n<h3>Engagement f\u00fcr Qualit\u00e4t und Kundenzufriedenheit<\/h3>\n<p>Bei Razz Bar legen wir gro\u00dfen Wert auf das Vertrauen unserer Kunden, indem wir uns auf eine nachhaltige Produktion und ethische Praktiken konzentrieren. Unsere engagierten Marketing-, Design- und Vertriebsteams arbeiten zusammen, um den Markttrends immer einen Schritt voraus zu sein. Strenge Tests in jeder Phase schlie\u00dfen Fehler aus und gew\u00e4hrleisten, dass die Ger\u00e4te sicher und effizient funktionieren. Durch das Angebot von zwei <strong>Nikotinoptionen<\/strong> und eine breite Palette von Geschmacksrichtungen, die <strong>razz bar vape<\/strong> spricht weltweit die unterschiedlichsten Vorlieben von Erwachsenen an. Umarmen Sie die Zukunft des Dampfens mit unserem zuverl\u00e4ssigen und angenehmen <strong>Einweg-E-Zigarre<\/strong>. F\u00fcr personalisierte Bestellungen, unser <strong>OEM- und ODM-F\u00e4higkeiten<\/strong> erm\u00f6glichen ma\u00dfgeschneiderte L\u00f6sungen - kontaktieren Sie uns noch heute, um Ihre Vaping-Reise zu verbessern.<\/p>","protected":false},"excerpt":{"rendered":"<p>Erleben Sie Premium-Vaping mit dem <strong>Razz Bar 15000 Puffs Einweg-Vape<\/strong>. Ausgestattet mit einem massiven <strong>28mL Fassungsverm\u00f6gen<\/strong>, <strong>wiederaufladbarer 650mAh-Akku<\/strong>, <strong>Netzspulen-Technologie<\/strong>und <strong>Nikotinoptionen von 2% oder 5%<\/strong>. Genie\u00dfen Sie lang anhaltenden Geschmacksgenuss in einem kompakten, einfach zu bedienenden Ger\u00e4t.<\/p>","protected":false},"featured_media":4672,"comment_status":"open","ping_status":"closed","template":"","meta":[],"product_brand":[70],"product_cat":[893],"product_tag":[280,112,153,223,522,115],"class_list":{"0":"post-4678","1":"product","2":"type-product","3":"status-publish","4":"has-post-thumbnail","6":"product_brand-razzbar","7":"product_cat-razzbar","8":"product_tag-15000-puffs","9":"product_tag-disposable-vape","10":"product_tag-e-cigarette","11":"product_tag-nicotine-vape","12":"product_tag-razz-bar-vape","13":"product_tag-rechargeable-vape","15":"first","16":"instock","17":"sale","18":"shipping-taxable","19":"purchasable","20":"product-type-variable"},"jetpack_sharing_enabled":true,"tiered_pricing_type":"fixed","tiered_pricing_fixed_rules":[],"tiered_pricing_product_settings":{"layout":"default","base_unit_name":{"singular":null,"plural":null},"default_variation":null},"tiered_pricing_minimum_quantity":null,"tiered_pricing_roles_data":[],"tiered_pricing_percentage_rules":[],"tiered_pricing_maximum_quantity":null,"tiered_pricing_quantity_step":null,"_links":{"self":[{"href":"https:\/\/frvape.com\/de\/wp-json\/wp\/v2\/product\/4678","targetHints":{"allow":["GET"]}}],"collection":[{"href":"https:\/\/frvape.com\/de\/wp-json\/wp\/v2\/product"}],"about":[{"href":"https:\/\/frvape.com\/de\/wp-json\/wp\/v2\/types\/product"}],"replies":[{"embeddable":true,"href":"https:\/\/frvape.com\/de\/wp-json\/wp\/v2\/comments?post=4678"}],"wp:featuredmedia":[{"embeddable":true,"href":"https:\/\/frvape.com\/de\/wp-json\/wp\/v2\/media\/4672"}],"wp:attachment":[{"href":"https:\/\/frvape.com\/de\/wp-json\/wp\/v2\/media?parent=4678"}],"wp:term":[{"taxonomy":"product_brand","embeddable":true,"href":"https:\/\/frvape.com\/de\/wp-json\/wp\/v2\/product_brand?post=4678"},{"taxonomy":"product_cat","embeddable":true,"href":"https:\/\/frvape.com\/de\/wp-json\/wp\/v2\/product_cat?post=4678"},{"taxonomy":"product_tag","embeddable":true,"href":"https:\/\/frvape.com\/de\/wp-json\/wp\/v2\/product_tag?post=4678"}],"curies":[{"name":"wp","href":"https:\/\/api.w.org\/{rel}","templated":true}]}}