{"id":4873,"date":"2025-10-12T06:42:14","date_gmt":"2025-10-12T06:42:14","guid":{"rendered":"https:\/\/frvape.com\/product\/wga-crystal-legend-ultra-30000-dual-flavor-rechargeable-vape-with-massive-puffs\/"},"modified":"2025-12-16T08:40:42","modified_gmt":"2025-12-16T08:40:42","slug":"wga-kristall-legende-ultra-30000-dual-flavor-wiederaufladbare-vape-mit-massiven-puffs","status":"publish","type":"product","link":"https:\/\/frvape.com\/de\/produkt\/wga-kristall-legende-ultra-30000-dual-flavor-wiederaufladbare-vape-mit-massiven-puffs\/","title":{"rendered":"Wga Crystal Legend Ultra 30000: Dual-Aroma wiederaufladbare Vape mit massiven Puffs"},"content":{"rendered":"<h3>Revolution\u00e4res Dual-Aroma-Vaping-Erlebnis<\/h3>\n<p>Die <strong>Wga Kristall-Legende Ultra 30000<\/strong> definiert das Premium-Dampfen mit seiner innovativen Schiebe-Dual-Flavour-Technologie neu. Ausgestattet mit zwei 10ml e-Fl\u00fcssigkeitstanks, erm\u00f6glicht dieses revolution\u00e4re Ger\u00e4t einen sofortigen Wechsel zwischen den Geschmacksrichtungen durch seinen einzigartigen Schiebefiltermechanismus. Erleben Sie ununterbrochene Geschmacks\u00fcberg\u00e4nge ohne Ger\u00e4tewechsel - perfekt f\u00fcr Geschmacksentdecker, die sich bei jeder Sitzung nach Abwechslung sehnen.<\/p>\n<h3>Unerreichte Ausdauer und umweltbewusstes Design<\/h3>\n<p>Entwickelt f\u00fcr <strong>30.000 massive Puffs<\/strong>Unser wiederaufladbares System vermeidet Einwegm\u00fcll und bietet gleichzeitig erhebliche Kosteneinsparungen. Das fortschrittliche <strong>Typ-C-Laden<\/strong> sorgt f\u00fcr eine schnelle Wiederauff\u00fcllung der Energie und minimale Ausfallzeiten. Durch die Einf\u00fchrung dieses nachf\u00fcllbaren \u00d6kosystems reduzieren Sie die Umweltbelastung und genie\u00dfen gleichzeitig eine l\u00e4ngere Nutzungsdauer - die ultimative Win-Win-Situation f\u00fcr verantwortungsbewusste Raucher.<\/p>\n<h3>Dual-Coil Flavor Mastery<\/h3>\n<p>Dual-Mesh-Spulen optimieren die W\u00e4rmeverteilung f\u00fcr maximale Dampfproduktion und <strong>Geschmacksintensit\u00e4t<\/strong>. Jeder Zug setzt durch die verbesserte Zerst\u00e4ubungstechnologie sorgf\u00e4ltig geschichtete Geschmacksprofile frei. Erleben Sie eine konstant reichhaltige Geschmacksabgabe vom ersten bis zum letzten Zug - entwickelt f\u00fcr anspruchsvolle Gaumen, die Perfektion verlangen. Gepaart mit auslaufsicheren Tank Architektur, garantiert es mess-free t\u00e4glichen tragen.<\/p>\n<h3>15 Sensationelle Geschmackskombinationen<\/h3>\n<p>Lassen Sie sich von unseren handwerklichen Geschmackspaarungen verw\u00f6hnen, die in Zusammenarbeit entwickelt wurden, um eine harmonische Geschmacks\u00fcberlagerung zu erzielen:<\/p>\n<p><strong>- Pfirsich-Guave-Erdbeere &amp; Saftschorle<\/strong><br \/>\n<strong>- Sakuratraube &amp; Traubengummib\u00e4r<\/strong><br \/>\n<strong>- Mrblue &amp; Blve Sourraspberry<\/strong><br \/>\n<strong>- Wassermeloneneis &amp; Doppelter Apfel<\/strong><br \/>\n<strong>- Fizzycherry &amp; Cherryraspberr<\/strong><br \/>\n<strong>- Blie Slush &amp; Rosa Slush<\/strong><br \/>\n<strong>- Erdbeer-Himbeereis &amp; Erdbeer-Kegeln<\/strong><br \/>\n<strong>- Blaubeereis &amp; Erdbeereis<\/strong><br \/>\n<strong>- Heidelbeer-Erdbeer-Kirsche &amp; Heidelbeer-Erdbeer-Cranber<\/strong><br \/>\n<strong>- Blaue Razzcherry &amp; Blje Razzlemona<\/strong><br \/>\n<strong>- Zitrone &amp; Limette &amp; Zitrone Slus<\/strong><br \/>\n<strong>- Gummib\u00e4rchen &amp; Kegel<\/strong><br \/>\n<strong>- Gletscherminze &amp; Dreifach-Menthos<\/strong><br \/>\n<strong>- Juicypeach &amp; Mango Pfirsichwasser<\/strong><br \/>\n<strong>- Ananaseis &amp; Juicymango<\/strong><\/p>\n<h3>Entwickelt f\u00fcr Komfort und Leistung<\/h3>\n<p>Das ergonomische Geh\u00e4use liegt gut in der Hand und zeichnet sich durch stromlinienf\u00f6rmige Konturen und federleichte Tragbarkeit aus. Eine integrierte LED-Nutzungsanzeige sorgt f\u00fcr ein intelligentes Akkumanagement, w\u00e4hrend das optimierte Luftstromsystem ein m\u00fcheloses Ziehen f\u00fcr <strong>Wolkenj\u00e4ger<\/strong> und MTL-Enthusiasten gleichermassen. Die Anti-Gurgle-Technologie eliminiert Spritzwasser bei allen Nikotinst\u00e4rken und bewahrt die Geschmacksintegrit\u00e4t \u00fcber Tausende von Z\u00fcgen hinweg.<\/p>\n<h3>Intelligente Nikotinanpassung<\/h3>\n<p>W\u00e4hlen Sie aus vielseitigen <strong>2% oder 5% Nikotinkonzentrationen<\/strong> um Ihre Vorlieben zu erf\u00fcllen. Die Pr\u00e4zisions-Quarzspulen sorgen f\u00fcr eine gleichm\u00e4\u00dfige Nikotinabgabe, egal ob Sie sich f\u00fcr kr\u00e4ftige Kehlkopfschl\u00e4ge oder sanfte Befriedigung entscheiden. Perfekt f\u00fcr Umsteiger auf der Suche nach authentischer Befriedigung oder f\u00fcr erfahrene Raucher, die den Konsum reduzieren wollen, ohne dabei auf Genuss zu verzichten.<\/p>\n<h3>Die ultimative Vaping-Investition<\/h3>\n<p>Neben der au\u00dfergew\u00f6hnlichen Langlebigkeit reduziert die Crystal Legend Ultra die laufenden Kosten im Vergleich zu Einwegprodukten um \u00fcber 70%. Unsere nachf\u00fcllbaren Pods akzeptieren alle Premium-Nikotinsalze, die endlose Anpassungsfreiheit gew\u00e4hren. Die Crystal Legend Ultra ist sto\u00dffest und kurzschlusssicher und wird von der Armee unterst\u00fctzt. <strong>branchenf\u00fchrendes Ger\u00e4t<\/strong> bietet sorgenfreie Zuverl\u00e4ssigkeit f\u00fcr die t\u00e4glichen Abenteuer.<\/p>\n<h3>Warum die Crystal Legend Ultra w\u00e4hlen?<\/h3>\n<p>- Sofortiges Wechseln zwischen <strong>Doppelgeschmacksrichtungen<\/strong> mit Schieberegler<br \/>\n- <strong>30.000 puff rating<\/strong> \u00fcbertrifft die Konkurrenz um 3:1<br \/>\n- Schnell-Ladung <strong>Typ-C-Anschluss<\/strong> (volle Ladung in 35 Minuten)<br \/>\n- Signifikante Einsparungen gegen\u00fcber Einwegprodukten<br \/>\n- Hochwertiges Handgef\u00fchl mit taschenfreundlichem Profil<br \/>\n- Geringerer Kohlenstoff-Fu\u00dfabdruck f\u00fcr \u00d6ko-Vapern<br \/>\nSchlie\u00dfen Sie sich Tausenden an, die auf die Zukunft des Dampfens umgestiegen sind - wo Innovation auf Nachhaltigkeit trifft, ohne Kompromisse bei der Geschmacksvielfalt einzugehen.<\/p>","protected":false},"excerpt":{"rendered":"<p><strong>Wga Kristall-Legende Ultra 30000<\/strong> dual-flavor vape mit <strong>30.000 Pusteblumen<\/strong> Kapazit\u00e4t und <strong>wiederaufladbar Typ-C<\/strong> Entwurf.<br \/>\nWechseln Sie mit dem Schiebemechanismus zwischen 15 innovativen Geschmackskombinationen.<br \/>\nEigenschaften <strong>2%\/5% Nikotin<\/strong> Optionen und umweltfreundliches Nachf\u00fcllsystem.<\/p>","protected":false},"featured_media":4867,"comment_status":"open","ping_status":"closed","template":"","meta":[],"product_brand":[276],"product_cat":[1017,277],"product_tag":[374,381,103,537,536,534],"class_list":{"0":"post-4873","1":"product","2":"type-product","3":"status-publish","4":"has-post-thumbnail","6":"product_brand-wga","7":"product_cat-crystal-vapes","8":"product_cat-wga-vape","9":"product_tag-30000-puffs-vape","10":"product_tag-dual-flavor-vape","11":"product_tag-rechargeable-e-cigarette","12":"product_tag-refillable-e-cigs","13":"product_tag-type-c-vaping","14":"product_tag-wga-crystal-legend","16":"first","17":"instock","18":"sale","19":"shipping-taxable","20":"purchasable","21":"product-type-variable"},"jetpack_sharing_enabled":true,"tiered_pricing_type":"fixed","tiered_pricing_fixed_rules":[],"tiered_pricing_product_settings":{"layout":"default","base_unit_name":{"singular":null,"plural":null},"default_variation":null},"tiered_pricing_minimum_quantity":null,"tiered_pricing_roles_data":[],"tiered_pricing_percentage_rules":[],"tiered_pricing_maximum_quantity":null,"tiered_pricing_quantity_step":null,"_links":{"self":[{"href":"https:\/\/frvape.com\/de\/wp-json\/wp\/v2\/product\/4873","targetHints":{"allow":["GET"]}}],"collection":[{"href":"https:\/\/frvape.com\/de\/wp-json\/wp\/v2\/product"}],"about":[{"href":"https:\/\/frvape.com\/de\/wp-json\/wp\/v2\/types\/product"}],"replies":[{"embeddable":true,"href":"https:\/\/frvape.com\/de\/wp-json\/wp\/v2\/comments?post=4873"}],"wp:featuredmedia":[{"embeddable":true,"href":"https:\/\/frvape.com\/de\/wp-json\/wp\/v2\/media\/4867"}],"wp:attachment":[{"href":"https:\/\/frvape.com\/de\/wp-json\/wp\/v2\/media?parent=4873"}],"wp:term":[{"taxonomy":"product_brand","embeddable":true,"href":"https:\/\/frvape.com\/de\/wp-json\/wp\/v2\/product_brand?post=4873"},{"taxonomy":"product_cat","embeddable":true,"href":"https:\/\/frvape.com\/de\/wp-json\/wp\/v2\/product_cat?post=4873"},{"taxonomy":"product_tag","embeddable":true,"href":"https:\/\/frvape.com\/de\/wp-json\/wp\/v2\/product_tag?post=4873"}],"curies":[{"name":"wp","href":"https:\/\/api.w.org\/{rel}","templated":true}]}}