{"id":4987,"date":"2025-10-12T06:48:23","date_gmt":"2025-10-12T06:48:23","guid":{"rendered":"https:\/\/frvape.com\/product\/bang-blaze-40000-puffs-disposable-vape-12-flavors-rechargeable-0-5-nicotine\/"},"modified":"2025-12-16T09:56:22","modified_gmt":"2025-12-16T09:56:22","slug":"bang-blaze-40000-zuge-einweg-vape-12-aromen-wiederaufladbare-0-5-nikotin","status":"publish","type":"product","link":"https:\/\/frvape.com\/de\/produkt\/bang-blaze-40000-zuge-einweg-vape-12-aromen-wiederaufladbare-0-5-nikotin\/","title":{"rendered":"Bang Blaze 40000 Puffs Einweg-Vape - 12 Geschmacksrichtungen &amp; wiederaufladbar | 0-5% Nikotin"},"content":{"rendered":"<h3>Unerreichte Vaping-Langlebigkeit und Leistung<\/h3>\n<p>Entdecken Sie die Spitze der Einwegverdampfertechnologie mit dem <strong>Bang Blaze 40000 Z\u00fcge 12Flavors BK40S Einweg Vape<\/strong>. Entwickelt f\u00fcr Dampfer, die Marathonsessions ohne Kompromisse bei der Intensit\u00e4t suchen, liefert dieses revolution\u00e4re Ger\u00e4t eine noch nie dagewesene <strong>40.000 Z\u00fcge<\/strong> dank seiner massiven <strong>40mL e-Fl\u00fcssigkeit Kapazit\u00e4t<\/strong>. Egal, ob Sie auf der Jagd nach der Wolke sind oder diskrete Befriedigung genie\u00dfen, dieses Kraftpaket bietet vom ersten bis zum letzten Zug eine gleichbleibende Leistung.<\/p>\n<h3>Hochmoderne technische Spezifikationen<\/h3>\n<p>Erleben Sie \u00fcberlegene Technik mit Funktionen, die f\u00fcr professionelle Dampfer optimiert sind: <br \/>&#8211; <strong>650mAh wiederaufladbare Batterie<\/strong> gew\u00e4hrleistet ununterbrochene Sitzungen<br \/>- Revolution\u00e4r <strong>Typ-C-Schnellladung<\/strong> minimiert Ausfallzeiten<br \/>- Fortgeschrittene <strong>1.2ohm Netzspule<\/strong> liefert explosive Dampfwolken <br \/>- Pr\u00e4zisionsgefertigt <strong>verstellbares Luftstromsystem<\/strong> Schneider ziehen Widerstand<br \/>- Vier Nikotinoptionen: <strong>0%\/2%\/3%\/5%<\/strong> alle Gel\u00fcste befriedigen<br \/>- Kompaktes Design mit professionellen Komponenten in einer tragbaren Form<\/p>\n<h3>Flavor Fusion Extravaganza<\/h3>\n<p>Verw\u00f6hnen Sie sich mit unserer meisterhaft zubereiteten Geschmackssymphonie mit <strong>12 exotische Mischungen<\/strong> die \u00fcber den Gaumen tanzen. Jede Kreation kombiniert hochwertige Zutaten mit einer sorgf\u00e4ltigen Balance f\u00fcr unvergleichliche Geschmackserlebnisse:<\/p>\n<p><strong>Bang Blaze 40000 Geschmackssammlung:<\/strong><br \/>Ananaseis \/ Ananas-Kokosnuss<br \/>Wassermelone\/Erdbeere Wassermelone<br \/>Kirsche\/Kirsch-Cola<br \/>Wassermelone \/ Wassermelone Bubblegum<br \/>Mango-Eis \/ Erdbeer-Mango<br \/>Pfirsich-Eis \/ Mango-Pfirsich<br \/>Weintraube \/ Heidelbeere Weintraube<br \/>Black Dragonice \/ Red Bull<br \/>Blaubeereis \/ Blaubeere-Himbeere<br \/>Gemischte Fr\u00fcchte \/ Dreifachbeere<br \/>Minze \/ Blaubeer-Minze<br \/>Erdbeere Eis \/ Erdbeere Kiwi<\/p>\n<h3>Entwickelt f\u00fcr ein optimales Benutzererlebnis<\/h3>\n<p>Neben der au\u00dfergew\u00f6hnlichen Puffkapazit\u00e4t ist die <strong>Bang Blaze BK40S<\/strong> enth\u00e4lt intelligente Designelemente, die den Komfort neu definieren. Die <strong>Typ-C-Laden<\/strong> sorgt f\u00fcr eine schnelle Wiederherstellung der Stromversorgung - ein entscheidender Vorteil f\u00fcr den mobilen Einsatz. Der Pr\u00e4zisions-Luftstromregler verwandelt das Ger\u00e4t mit einfachen Einstellungen von begrenztem MTL zu volumin\u00f6sem DTL. Unsere auslaufsichere QuadTech\u2122-Technologie verhindert die Verschwendung von E-Liquid und erh\u00e4lt die Integrit\u00e4t der Wicklung \u00fcber die gesamte 40-ml-Kapazit\u00e4t.<\/p>\n<h3>Nikotinanpassung f\u00fcr alle Nutzer<\/h3>\n<p>Wir bieten vier sorgf\u00e4ltig kalibrierte Nikotinst\u00e4rken an, um den unterschiedlichen Vorlieben gerecht zu werden: <strong>0%<\/strong> f\u00fcr Geschmackspuristen, <strong>2%<\/strong> f\u00fcr m\u00e4\u00dfige Nutzer, zufriedenstellend <strong>3%<\/strong> f\u00fcr regelm\u00e4\u00dfige Dampfer, und potente <strong>5%<\/strong> f\u00fcr Raucher, die zum Dampfen \u00fcbergehen. Jede Stufe beh\u00e4lt die Signatur bei <strong>sanfter Kehlkopfschlag<\/strong>ohne Abstriche bei der Dampfqualit\u00e4t oder der Reinheit des Geschmacks im gesamten Nikotinspektrum.<\/p>\n<h3>Premium-Funktionen, die Exzellenz definieren<\/h3>\n<p>Die <strong>Bang Blaze 40000<\/strong> steht durch die Verbindung von Kapazit\u00e4t und Innovation an der Spitze des Vaping: <br \/>- Die \u00fcberdimensionierte Batterie sorgt f\u00fcr eine konstante Leistung unter 20% Ladung<br \/>- Mesh Coil-Technologie sorgt f\u00fcr eine gleichm\u00e4\u00dfige Erw\u00e4rmung f\u00fcr maximierte e-Fl\u00fcssigkeit Nutzung<br \/>- Mehrkammer-Aromaextraktion f\u00e4ngt subtile Notenkomplexe ein<br \/>- GFCV\u2122 (Gravity-Flow Control Valve) verhindert trockene Schl\u00e4ge beim schr\u00e4gen Verdampfen<br \/>- Professionell verpackt in versiegelten Einzelhandelskartons von <strong>10 Einheiten<\/strong> f\u00fcr Frischegarantie<\/p>\n<p>Erleben Sie die Revolution in der Einwegtechnologie mit dem Bang Blaze 40000 - wo extreme Ausdauer auf handwerkliche Geschmacksentwicklung trifft. Dieses Ger\u00e4t nicht nur befriedigen; es schafft Momente der reinen Dampf Transzendenz, die durch Tausende von gleichm\u00e4\u00dfig reichen zieht dauern. Entdecken Sie noch heute Ihren perfekten Zug.<\/p>","protected":false},"excerpt":{"rendered":"<p><strong>Bang Blaze 40000 Puffs Einweg-Vape<\/strong> bietet ultimative Langlebigkeit mit <strong>40.000 Z\u00fcge<\/strong> pro Ger\u00e4t. Merkmale <strong>12 erfrischende Geschmacksrichtungen<\/strong>, <strong>650mAh wiederaufladbare Batterie<\/strong>einstellbarer Luftstrom, und <strong>Nikotinst\u00e4rken von 0% bis 5%<\/strong>. Perfekt f\u00fcr intensiven Geschmack und langanhaltenden Genuss beim Dampfen.<\/p>","protected":false},"featured_media":4981,"comment_status":"open","ping_status":"closed","template":"","meta":[],"product_brand":[385],"product_cat":[881],"product_tag":[539,389,184,388,112,115],"class_list":{"0":"post-4987","1":"product","2":"type-product","3":"status-publish","4":"has-post-thumbnail","6":"product_brand-bangblaze","7":"product_cat-bangblaze","8":"product_tag-12-flavors-vape","9":"product_tag-40000-puffs-vape","10":"product_tag-5-nicotine-vape","11":"product_tag-bang-blaze-40000","12":"product_tag-disposable-vape","13":"product_tag-rechargeable-vape","15":"first","16":"instock","17":"sale","18":"shipping-taxable","19":"purchasable","20":"product-type-variable"},"jetpack_sharing_enabled":true,"tiered_pricing_type":"fixed","tiered_pricing_fixed_rules":[],"tiered_pricing_product_settings":{"layout":"default","base_unit_name":{"singular":null,"plural":null},"default_variation":null},"tiered_pricing_minimum_quantity":null,"tiered_pricing_roles_data":[],"tiered_pricing_percentage_rules":[],"tiered_pricing_maximum_quantity":null,"tiered_pricing_quantity_step":null,"_links":{"self":[{"href":"https:\/\/frvape.com\/de\/wp-json\/wp\/v2\/product\/4987","targetHints":{"allow":["GET"]}}],"collection":[{"href":"https:\/\/frvape.com\/de\/wp-json\/wp\/v2\/product"}],"about":[{"href":"https:\/\/frvape.com\/de\/wp-json\/wp\/v2\/types\/product"}],"replies":[{"embeddable":true,"href":"https:\/\/frvape.com\/de\/wp-json\/wp\/v2\/comments?post=4987"}],"wp:featuredmedia":[{"embeddable":true,"href":"https:\/\/frvape.com\/de\/wp-json\/wp\/v2\/media\/4981"}],"wp:attachment":[{"href":"https:\/\/frvape.com\/de\/wp-json\/wp\/v2\/media?parent=4987"}],"wp:term":[{"taxonomy":"product_brand","embeddable":true,"href":"https:\/\/frvape.com\/de\/wp-json\/wp\/v2\/product_brand?post=4987"},{"taxonomy":"product_cat","embeddable":true,"href":"https:\/\/frvape.com\/de\/wp-json\/wp\/v2\/product_cat?post=4987"},{"taxonomy":"product_tag","embeddable":true,"href":"https:\/\/frvape.com\/de\/wp-json\/wp\/v2\/product_tag?post=4987"}],"curies":[{"name":"wp","href":"https:\/\/api.w.org\/{rel}","templated":true}]}}