{"id":5046,"date":"2025-10-12T06:52:34","date_gmt":"2025-10-12T06:52:34","guid":{"rendered":"https:\/\/frvape.com\/product\/waspe-20000-disposable-vape-with-dual-mesh-coil-and-rechargeable-battery\/"},"modified":"2025-11-26T08:59:47","modified_gmt":"2025-11-26T08:59:47","slug":"waspe-20000-einweg-vape-mit-dual-mesh-spule-und-wiederaufladbare-batterie","status":"publish","type":"product","link":"https:\/\/frvape.com\/de\/produkt\/waspe-20000-einweg-vape-mit-dual-mesh-spule-und-wiederaufladbare-batterie\/","title":{"rendered":"WASPE 20000 Einweg Vape mit Dual Mesh Coil und wiederaufladbare Batterie"},"content":{"rendered":"<h3>\u00dcbersicht<\/h3>\n<p>Die <strong>WASPE 20000 PUFFS Zweifach-Maschen-Box<\/strong> definiert das Premium-Einwegdampfen neu und bietet ein unvergleichliches Erlebnis von Luxus und Leistung. Als eine bahnbrechende <strong>Einweg-Vape<\/strong>kombiniert er schlankes Design mit fortschrittlichen <strong>Doppelmaschige Spulentechnologie<\/strong> um eine optimale Dampferzeugung und reichhaltige Geschmacksabgabe zu gew\u00e4hrleisten. Ausgestattet mit einer intuitiven <strong>LED-Anzeige<\/strong> f\u00fcr die Echtzeit-\u00dcberwachung, bietet dieses Ger\u00e4t f\u00fcr Dampfer, die sowohl Stil als auch Substanz suchen. Mit einer gro\u00dfz\u00fcgigen 20000-Puff-Kapazit\u00e4t und vielseitigen <strong>Nikotinoptionen<\/strong> Mit einer Bandbreite von 0% bis 5% eignet sich der WASPE 20000 f\u00fcr verschiedene Vorlieben, egal ob Sie ein Anf\u00e4nger oder ein Enthusiast sind, der eine lang anhaltende, problemlose Verdampfungsreise anstrebt.<\/p>\n<h3>Produktspezifikationen<\/h3>\n<p>1. Puffs: <strong>20000 Puffs<\/strong><br \/>\n2. Dual Mesh Spule: <strong>1ohm<\/strong> + <strong>1ohm<\/strong><br \/>\n3. E-Fl\u00fcssigkeit: <strong>24ml<\/strong><br \/>\n4. Nikotin: <strong>0%<\/strong>\/<strong>2%<\/strong>\/<strong>3%<\/strong>\/<strong>5%<\/strong><br \/>\n5. Die Batterie: <strong>900mAh<\/strong> <strong>wiederaufladbare Batterie<\/strong><br \/>\n6. Wiederaufladbar: <strong>Typ-C<\/strong> Anschluss f\u00fcr schnelles und bequemes Aufladen<br \/>\n7. LED-Anzeige: Eingebaut zur einfachen Verfolgung von Nutzung und Batteriestatus<br \/>\n8. Produktgewicht: <strong>98g<\/strong> pro St\u00fcck<br \/>\n9. Gr\u00f6\u00dfe des Produkts: <strong>52mm<\/strong> \u00d7 <strong>33mm<\/strong> \u00d7 <strong>107mm<\/strong><br \/>\n10. Gr\u00f6\u00dfe des Kartons: <strong>545mm<\/strong> \u00d7 <strong>335mm<\/strong> \u00d7 <strong>235mm<\/strong><br \/>\n11. QTY: <strong>200 St\u00fcck pro Karton<\/strong>verpackt als <strong>10 St\u00fcck pro Karton<\/strong><br \/>\n12. G.W.: Ungef\u00e4hr <strong>21kg<\/strong> pro Karton<\/p>\n<h3>Hauptmerkmale und Vorteile<\/h3>\n<p>Erleben Sie nahtloses Dampfen mit dem <strong>WASPE 20000<\/strong> dank seiner innovativen <strong>Doppelmaschenspule<\/strong> Design, das die W\u00e4rmeverteilung und die Geschmacksintensit\u00e4t bei jedem Inhalieren verbessert. Die <strong>robuster 900mAh-Akku<\/strong> bietet eine lange Nutzungsdauer und wird \u00fcber das integrierte Ladeger\u00e4t effizient aufgeladen. <strong>Typ-C<\/strong> Anschluss, damit Sie nie ohne Strom dastehen. Diese <strong>Einweg-Vape<\/strong> eignet sich perfekt f\u00fcr Gro\u00dfeink\u00e4ufe, da jeder Karton 200 St\u00fcck enth\u00e4lt, ideal f\u00fcr den pers\u00f6nlichen Genuss oder die gewerbliche Verteilung. Die <strong>24ml e-Fl\u00fcssigkeit Kapazit\u00e4t<\/strong> garantiert eine l\u00e4ngere Vaping-Session und reduziert die Notwendigkeit f\u00fcr h\u00e4ufiges Auswechseln, w\u00e4hrend das geringe Gewicht und die ergonomische Bauweise des Ger\u00e4ts es sehr tragbar machen. Es wurde f\u00fcr Zuverl\u00e4ssigkeit entwickelt und bereichert Ihre Routine mit einer Mischung aus Haltbarkeit, Komfort und fortschrittlicher Technologie.<\/p>\n<h3>Geschmacksoptionen<\/h3>\n<p>G\u00f6nnen Sie sich ein vielf\u00e4ltiges Angebot an <strong>leckere Geschmacksrichtungen<\/strong> die auf jeden Gaumen zugeschnitten sind. Jede Option bietet ein einzigartiges Geschmacksprofil, das Ihre Freude am Dampfen steigert. Genie\u00dfen Sie diese Premium-E-Liquids <strong>Geschm\u00e4cker<\/strong>: Erdbeere-Himbeere-Kirsche<br \/>\nDoppeltes Apfel-Eis<br \/>\nBlaubeereis<br \/>\nHeidelbeer-Himbeer-Limonade<br \/>\nErdbeere Wassermelone<br \/>\nWassermelone Bubblegum<br \/>\n\u00dcppiges Eis<br \/>\nErdbeer-Kiwi<br \/>\nGemischte Beeren<br \/>\nTraubeneis<br \/>\nKiwi Passionsfrucht Guave<br \/>\nPfirsich-Eis<\/p>\n<h3>Detaillierte Leistung<\/h3>\n<p>Die <strong>WASPE 20000<\/strong> zeichnet sich durch sein hohes Fassungsverm\u00f6gen <strong>Puffanzahl<\/strong>Das macht ihn zu einer kosteneffektiven Wahl, die den Wert f\u00fcr Vaper maximiert. Die Dual-Mesh-Konfiguration, die mit <strong>1ohm + 1ohm<\/strong>sorgt f\u00fcr eine konsistente Temperaturregelung und dichte Dampfwolken ohne das Risiko von trockenen Hits. Ob Sie Nikotin f\u00fcr eine Kehle Hit oder eine Null-Nikotin glatte Erfahrung bevorzugen, liefert dieses Ger\u00e4t anpassbare Zufriedenheit. Die <strong>LED-Anzeige<\/strong> h\u00e4lt Sie mit Echtzeitdaten \u00fcber Akkulaufzeit und Puffverbrauch auf dem Laufenden und verleiht dem Ger\u00e4t einen Hauch moderner Raffinesse. Umweltbewusste Nutzer sch\u00e4tzen die <strong>wiederaufladbar<\/strong> Funktion und reduziert den Abfall im Vergleich zu Einweg-Alternativen. F\u00fcr einen Premium-Dampfer, der Leistung, Vielfalt und benutzerfreundliches Design kombiniert, ist die WASPE 20000 PUFFS Dual Mesh Box Ihre ultimative Wahl.<\/p>\n<h3>Warum sollten Sie sich f\u00fcr WASPE 20000 entscheiden?<\/h3>\n<p>Diese au\u00dfergew\u00f6hnliche <strong>Einweg-Vape<\/strong> bietet eine dauerhafte L\u00f6sung mit seinem <strong>massive 20000 Puste<\/strong> Lebensdauer, ideal f\u00fcr l\u00e4ngere Reisen oder den t\u00e4glichen Gebrauch. Seine kompakte Gr\u00f6\u00dfe und <strong>Leichtgewicht 98g<\/strong> leicht zu transportieren und hat dennoch eine hohe Schlagkraft mit <strong>starker Dampfaustritt<\/strong> von den Doppelspulen. F\u00fcr Einzelh\u00e4ndler, die Verpackung Komfort mit <strong>200 St\u00fcck pro Karton<\/strong> vereinfacht die Lagerverwaltung und den Verkauf. Vaper k\u00f6nnen die <strong>reichhaltige Mischung von Aromen<\/strong>von fruchtig bis eisig, so dass f\u00fcr jeden etwas dabei ist. Die Zuverl\u00e4ssigkeit der <strong>900mAh-Akku<\/strong> bedeutet weniger Unterbrechungen und die schnelle <strong>Typ-C<\/strong> Ladesystem sorgt daf\u00fcr, dass Sie immer bereit zum Dampfen sind. R\u00fcsten Sie auf den WASPE 20000 auf und erleben Sie eine Reise, die von Luxus, Innovation und purem Genuss gepr\u00e4gt ist.<\/p>","protected":false},"excerpt":{"rendered":"<p>Einf\u00fchrung in die <strong>WASPE 20000<\/strong> Einweg-Vape, mit einem <strong>beeindruckende Kapazit\u00e4t von 20000 Puffs<\/strong> und <strong>hochmoderne Doppelmaschenspulen-Technologie<\/strong> f\u00fcr hervorragenden Geschmack und Dampf. W\u00e4hlen Sie aus mehreren <strong>Nikotinst\u00e4rken<\/strong> (0% bis 5%) und genie\u00dfen Sie ein schlankes Design mit <strong>Echtzeit-LCD-Anzeige<\/strong>. Angetrieben von einer <strong>wiederaufladbare Batterie<\/strong> \u00fcber den Typ-C-Anschluss liefert er lang anhaltende Leistung und Komfort f\u00fcr luxuri\u00f6ses Dampfen.<\/p>","protected":false},"featured_media":5040,"comment_status":"open","ping_status":"closed","template":"","meta":[],"product_brand":[332],"product_cat":[1016,1068],"product_tag":[512,112,244,541,342,540],"class_list":{"0":"post-5046","1":"product","2":"type-product","3":"status-publish","4":"has-post-thumbnail","6":"product_brand-waspe","7":"product_cat-big-puffs-vapes","8":"product_cat-waspe","9":"product_tag-20000-puffs","10":"product_tag-disposable-vape","11":"product_tag-dual-mesh-coil","12":"product_tag-flavored-e-cig","13":"product_tag-rechargeable-battery","14":"product_tag-waspe-20000","16":"first","17":"instock","18":"sale","19":"shipping-taxable","20":"purchasable","21":"product-type-variable"},"jetpack_sharing_enabled":true,"tiered_pricing_type":"fixed","tiered_pricing_fixed_rules":[],"tiered_pricing_product_settings":{"layout":"default","base_unit_name":{"singular":null,"plural":null},"default_variation":null},"tiered_pricing_minimum_quantity":null,"tiered_pricing_roles_data":[],"tiered_pricing_percentage_rules":[],"tiered_pricing_maximum_quantity":null,"tiered_pricing_quantity_step":null,"_links":{"self":[{"href":"https:\/\/frvape.com\/de\/wp-json\/wp\/v2\/product\/5046","targetHints":{"allow":["GET"]}}],"collection":[{"href":"https:\/\/frvape.com\/de\/wp-json\/wp\/v2\/product"}],"about":[{"href":"https:\/\/frvape.com\/de\/wp-json\/wp\/v2\/types\/product"}],"replies":[{"embeddable":true,"href":"https:\/\/frvape.com\/de\/wp-json\/wp\/v2\/comments?post=5046"}],"wp:featuredmedia":[{"embeddable":true,"href":"https:\/\/frvape.com\/de\/wp-json\/wp\/v2\/media\/5040"}],"wp:attachment":[{"href":"https:\/\/frvape.com\/de\/wp-json\/wp\/v2\/media?parent=5046"}],"wp:term":[{"taxonomy":"product_brand","embeddable":true,"href":"https:\/\/frvape.com\/de\/wp-json\/wp\/v2\/product_brand?post=5046"},{"taxonomy":"product_cat","embeddable":true,"href":"https:\/\/frvape.com\/de\/wp-json\/wp\/v2\/product_cat?post=5046"},{"taxonomy":"product_tag","embeddable":true,"href":"https:\/\/frvape.com\/de\/wp-json\/wp\/v2\/product_tag?post=5046"}],"curies":[{"name":"wp","href":"https:\/\/api.w.org\/{rel}","templated":true}]}}