{"id":5423,"date":"2025-10-12T07:34:55","date_gmt":"2025-10-12T07:34:55","guid":{"rendered":"https:\/\/frvape.com\/product\/uzy-bang-digital-15000-puffs-disposable-vape-high-performance-long-lasting\/"},"modified":"2025-11-04T01:54:06","modified_gmt":"2025-11-04T01:54:06","slug":"uzy-bang-digital-15000-puffs-wegwerfbare-vape-hohe-leistung-lang-anhaltend","status":"publish","type":"product","link":"https:\/\/frvape.com\/de\/produkt\/uzy-bang-digital-15000-puffs-wegwerfbare-vape-hohe-leistung-lang-anhaltend\/","title":{"rendered":"UZY Bang Digital 15000 Puffs Disposable Vape - Hohe Leistung &amp; Langlebigkeit"},"content":{"rendered":"<h3>Wir stellen den UZY Bang Digital 15000 Puffs Vape vor<\/h3>\n<p>Erleben Sie die ultimative <strong>Komfort und Leistung<\/strong> mit dem <strong>UZY Bang Digital 15000 Z\u00fcge Vape<\/strong>ist ein Premium-Ger\u00e4t f\u00fcr anspruchsvolle Benutzer, die das Beste in der Verdampfertechnologie verlangen. Gefertigt um zu sein <strong>Leichtgewicht<\/strong>, <strong>leistungsstarke<\/strong>und <strong>erweiterte<\/strong>bietet dieser Vape ein unvergleichliches Erlebnis, das auf Ihre Vorlieben zugeschnitten ist.<\/p>\n<h3>Fortschrittliche Batterie- und Kerntechnologie<\/h3>\n<p>Ausgestattet mit einem integrierten <strong>850mAh wiederaufladbare Batterie<\/strong> und eine <strong>Typ-C-Eingangsanschluss<\/strong>gew\u00e4hrleistet dieses Ger\u00e4t <strong>langj\u00e4hriger Einsatz<\/strong>und bietet bis zu <strong>15000 Z\u00fcge<\/strong> vor dem Wiederaufladen. Verabschieden Sie sich von h\u00e4ufigen Stromunterbrechungen und genie\u00dfen Sie nahtlose Vaping-Sessions unterwegs.<\/p>\n<h3>Effiziente und konsistente Leistungsabgabe<\/h3>\n<p>Mit <strong>Effiziente und gleichm\u00e4\u00dfige Leistungsabgabe<\/strong>Der UZY Bang Digital garantiert eine zuverl\u00e4ssige Dampferzeugung und ein reichhaltiges Aroma bei jedem Zug. Dies sorgt f\u00fcr eine befriedigende und angenehme Erfahrung, perfekt f\u00fcr neue und erfahrene Verdampfer.<\/p>\n<h3>Gro\u00dfe E-Liquid-Kapazit\u00e4t<\/h3>\n<p>Mit einer gro\u00dfz\u00fcgigen <strong>20ml vorgef\u00fcllte E-Saft Kapazit\u00e4t<\/strong>dieses Vape <strong>eliminiert die Notwendigkeit<\/strong> f\u00fcr h\u00e4ufiges Nachf\u00fcllen. Genie\u00dfen Sie Ihre Lieblingsgeschmacksrichtungen f\u00fcr l\u00e4ngere Zeit, so dass es ideal f\u00fcr den t\u00e4glichen Gebrauch ohne Kompromisse.<\/p>\n<h3>Anpassbare Nikotinwerte<\/h3>\n<p>F\u00fcr die Personalisierung konzipiert, ist die <strong>UZY Bang Digital bietet einstellbare Nikotinst\u00e4rken<\/strong> einschlie\u00dflich <strong>0%<\/strong>, <strong>2%<\/strong>, <strong>3%<\/strong>und <strong>5% Salz-Nikotin-Optionen<\/strong>. Ob Sie ein sanftes, nikotinfreies Erlebnis oder einen st\u00e4rkeren Zug bevorzugen, dieses Ger\u00e4t passt sich Ihren individuellen Bed\u00fcrfnissen an.<\/p>\n<h3>LED-Anzeigefunktion<\/h3>\n<p>Die integrierte <strong>LED-Anzeige<\/strong> h\u00e4lt Sie auf dem Laufenden \u00fcber wichtige Kennzahlen wie <strong>Lebensdauer der Batterie<\/strong> und <strong>E-Saft-Werte<\/strong>Damit behalten Sie die Kontrolle \u00fcber Ihr Vaping-Erlebnis.<\/p>\n<h3>Aufregende Geschmacksoptionen<\/h3>\n<p>Tauchen Sie ein in eine Welt des Geschmacks mit unserem vielf\u00e4ltigen Angebot an <strong>E-Saft-Aromen<\/strong>f\u00fcr eine au\u00dfergew\u00f6hnliche Zufriedenheit entwickelt:<br \/>MR Blau<br \/>Heidelbeere-Himbeere<br \/>Heidelbeere auf Eis<br \/>Traubeneis<br \/>Rotes Energie-Eis<br \/>Pfirsich-Eis<br \/>Kiwi Passionsfrucht<br \/>Dreifaches Mango-Eis<br \/>Pfirsich Mango Ananas<br \/>Erdbeere Wassermelone<br \/>Erdbeer-Kiwi<br \/>Wassermelone Eis<br \/>Jede Geschmacksrichtung bietet ein erfrischend sanftes und angenehmes Dampferlebnis.<\/p>\n<h3>Schlussfolgerung<\/h3>\n<p>Erweitern Sie Ihre Vaping-Reise mit dem <strong>UZY Bang Digital 15000 Z\u00fcge Vape<\/strong>. Dieses Ger\u00e4t kombiniert <strong>modernste Technologie<\/strong>, <strong>benutzerfreundliche Anpassung<\/strong>und \u00fcberlegene Leistung f\u00fcr ein erstklassiges Erlebnis. Genie\u00dfe jeden Zug mit dem Wissen, dass er die Erwartungen \u00fcbertrifft und deine Sessions m\u00fchelos ablaufen l\u00e4sst.<\/p>","protected":false},"excerpt":{"rendered":"<p>Erleben Sie <strong>Hochleistungs-Vaping<\/strong> mit dem Ger\u00e4t UZY Bang Digital 15000. Merkmale a <strong>ausdauernder 850mAh-Akku<\/strong>, <strong>15000 Z\u00fcge<\/strong>und <strong>20ml vorgef\u00fclltes Fl\u00fcssigkeitsvolumen<\/strong>.<br \/>Genie\u00dfen Sie <strong>mehrere Nikotinstufen<\/strong> einschlie\u00dflich 0%, 2%, 3%, 5%, und eine Vielzahl von frischen E-Saft Geschmacksrichtungen.<\/p>","protected":false},"featured_media":5417,"comment_status":"open","ping_status":"closed","template":"","meta":[],"product_brand":[237],"product_cat":[846],"product_tag":[564,112,350,562,563,561],"class_list":{"0":"post-5423","1":"product","2":"type-product","3":"status-publish","4":"has-post-thumbnail","6":"product_brand-uzy","7":"product_cat-uzy","8":"product_tag-custom-nicotine","9":"product_tag-disposable-vape","10":"product_tag-electronic-cigarette","11":"product_tag-long-lasting-battery","12":"product_tag-pre-filled-pod","13":"product_tag-uzy-bang-digital-15000-puffs","15":"first","16":"instock","17":"sale","18":"shipping-taxable","19":"purchasable","20":"product-type-variable"},"jetpack_sharing_enabled":true,"tiered_pricing_type":"fixed","tiered_pricing_fixed_rules":[],"tiered_pricing_product_settings":{"layout":"default","base_unit_name":{"singular":null,"plural":null},"default_variation":null},"tiered_pricing_minimum_quantity":null,"tiered_pricing_roles_data":[],"tiered_pricing_percentage_rules":[],"tiered_pricing_maximum_quantity":null,"tiered_pricing_quantity_step":null,"_links":{"self":[{"href":"https:\/\/frvape.com\/de\/wp-json\/wp\/v2\/product\/5423","targetHints":{"allow":["GET"]}}],"collection":[{"href":"https:\/\/frvape.com\/de\/wp-json\/wp\/v2\/product"}],"about":[{"href":"https:\/\/frvape.com\/de\/wp-json\/wp\/v2\/types\/product"}],"replies":[{"embeddable":true,"href":"https:\/\/frvape.com\/de\/wp-json\/wp\/v2\/comments?post=5423"}],"wp:featuredmedia":[{"embeddable":true,"href":"https:\/\/frvape.com\/de\/wp-json\/wp\/v2\/media\/5417"}],"wp:attachment":[{"href":"https:\/\/frvape.com\/de\/wp-json\/wp\/v2\/media?parent=5423"}],"wp:term":[{"taxonomy":"product_brand","embeddable":true,"href":"https:\/\/frvape.com\/de\/wp-json\/wp\/v2\/product_brand?post=5423"},{"taxonomy":"product_cat","embeddable":true,"href":"https:\/\/frvape.com\/de\/wp-json\/wp\/v2\/product_cat?post=5423"},{"taxonomy":"product_tag","embeddable":true,"href":"https:\/\/frvape.com\/de\/wp-json\/wp\/v2\/product_tag?post=5423"}],"curies":[{"name":"wp","href":"https:\/\/api.w.org\/{rel}","templated":true}]}}