{"id":6029,"date":"2025-10-12T08:54:14","date_gmt":"2025-10-12T08:54:14","guid":{"rendered":"https:\/\/frvape.com\/product\/fizzy-boom-13000-rechargeable-disposable-vape-pen-with-lcd-screen\/"},"modified":"2025-11-26T03:56:01","modified_gmt":"2025-11-26T03:56:01","slug":"fizzy-boom-13000-wiederaufladbarer-einweg-vape-pen-mit-lcd-bildschirm","status":"publish","type":"product","link":"https:\/\/frvape.com\/de\/produkt\/fizzy-boom-13000-wiederaufladbarer-einweg-vape-pen-mit-lcd-bildschirm\/","title":{"rendered":"Fizzy Boom 13000 Wiederaufladbarer Einweg-Vape Pen mit LCD-Bildschirm"},"content":{"rendered":"<h3>FIZZY Boom 13000 Puffs Produkt\u00fcbersicht<\/h3>\n<p>Die <strong>FIZZY Boom 13000<\/strong> Der Puffs Rechargeable Disposable Vape Pen ist mit seinen fortschrittlichen Funktionen und seiner hochwertigen Bauweise eine Bereicherung f\u00fcr Ihr Dampferlebnis. Dieses Ger\u00e4t wurde sowohl f\u00fcr Gelegenheitsnutzer als auch f\u00fcr Vaping-Enthusiasten entwickelt und bietet ein reibungsloses, befriedigendes Erlebnis mit anpassbaren <strong>Nikotinst\u00e4rken<\/strong> von 2% und 5%. Das robuste Metallgeh\u00e4use sorgt f\u00fcr ein elegantes Erscheinungsbild und bietet gleichzeitig eine lange Lebensdauer. Mit einer beeindruckenden <strong>E-Liquid-Kapazit\u00e4t<\/strong> Mit einem Fassungsverm\u00f6gen von 21 ml macht dieser Stift h\u00e4ufiges Nachf\u00fcllen \u00fcberfl\u00fcssig und ist damit eine problemlose Wahl f\u00fcr den t\u00e4glichen Gebrauch.<\/p>\n<h3>Wesentliche Merkmale<\/h3>\n<p><strong>Erweiterte Puffanzahl<\/strong>: Liefert bis zu 13.000 Puffs f\u00fcr lang anhaltende Sitzungen.<br \/>\n<strong>Anpassbare Nikotinwerte<\/strong>: Erh\u00e4ltlich in den St\u00e4rken 2% und 5%, um Ihren W\u00fcnschen zu entsprechen.<br \/>\n<strong>Gro\u00dfe E-Liquid-Kapazit\u00e4t<\/strong>: Enth\u00e4lt 21ml Salz Nikotin e-Fl\u00fcssigkeit reduzieren Nachf\u00fcllen Frequenz.<br \/>\n<strong>Mesh-Spulen-Technologie<\/strong>: Fortgeschrittene <strong>Netzspule<\/strong> sorgt f\u00fcr eine reichhaltige, sanfte Dampfproduktion f\u00fcr ein verbessertes Geschmacksprofil.<br \/>\n<strong>LCD-Anzeige<\/strong>: Ein eingebautes Display erm\u00f6glicht die \u00dcberwachung des Fl\u00fcssigkeitsstandes und des Batteriestatus in Echtzeit.<br \/>\n<strong>Wiederaufladbare Batterie<\/strong>: Merkmale einer <strong>650mAh<\/strong> Batterie mit <strong>Typ-C<\/strong> Aufladen f\u00fcr schnelles und effizientes Aufladen.<br \/>\n<strong>Kompakt und tragbar<\/strong>: Schlankes, leichtes Design f\u00fcr einfache Portabilit\u00e4t.<br \/>\n<strong>Hochwertige Metallic-Oberfl\u00e4che<\/strong>: Eine luxuri\u00f6se Lackierung sorgt f\u00fcr ein erstklassiges Gef\u00fchl und Aussehen.<\/p>\n<h3>Verf\u00fcgbare Geschmacksrichtungen<\/h3>\n<p>Die <strong>FIZZY Boom 13000<\/strong> ist in einer breiten Palette von 12 aufregenden Geschmacksrichtungen erh\u00e4ltlich, die jeden Gaumen zufrieden stellen. Jede Variante ist f\u00fcr au\u00dfergew\u00f6hnlichen Geschmack und Sanftheit hergestellt:<br \/>\nSaurer Apfel<br \/>\nWassermelone Eis<br \/>\nKiwi-Beereneis<br \/>\nStrawberry<br \/>\nWassermelone Kirsche<br \/>\nErdbeere Wassermelone Granatapfel<br \/>\nTraubeneis<br \/>\nBlaubeereis<br \/>\nHeidelbeere Wassermelone Bubblegum<br \/>\nHeidelbeere-Himbeere-Zitrone<br \/>\nHeidelbeer-Melone<br \/>\nPfirsich<\/p>\n<h3>Zus\u00e4tzliche Spezifikationen<\/h3>\n<p>Diese <strong>wiederaufladbares Einweg-Vape<\/strong> enth\u00e4lt <strong>Typ-C<\/strong> Konnektivit\u00e4t f\u00fcr universelles Aufladen, damit Ihnen unterwegs nie der Strom ausgeht. Perfekt f\u00fcr das direkte Verdampfen, unterst\u00fctzt der Stift Gro\u00dfeink\u00e4ufe mit 200 Einheiten pro Karton, ideal f\u00fcr Einzelh\u00e4ndler oder Gruppenanteile. Der <strong>\u00d6l nachf\u00fcllbar<\/strong> Kapazit\u00e4t erh\u00f6ht die Lebensdauer, w\u00e4hrend die <strong>Netzspule<\/strong> garantiert minimale Wartung und gleichbleibende Leistung.<\/p>\n<p>Ideal f\u00fcr den ganzt\u00e4gigen Gebrauch, die <strong>FIZZY Boom 13000<\/strong> kombiniert Innovation mit Komfort. Sein ergonomisches Design und seine benutzerfreundlichen Funktionen machen ihn zur ersten Wahl sowohl f\u00fcr Anf\u00e4nger als auch f\u00fcr erfahrene Dampfer und bieten eine un\u00fcbertroffene Mischung aus Stil, Funktionalit\u00e4t und Erschwinglichkeit.<\/p>","protected":false},"excerpt":{"rendered":"<p>Erleben Sie Premium-Vaping mit dem <strong>Fizzy Boom 13000<\/strong>, a <strong>wiederaufladbares Einweg-Vape<\/strong> mit bis zu 13.000 Z\u00fcgen, <strong>Netzspulen-Technologie<\/strong>und ein <strong>LCD-Bildschirm<\/strong> f\u00fcr die Echtzeit\u00fcberwachung, in einem eleganten Metalldesign.<\/p>","protected":false},"featured_media":6023,"comment_status":"open","ping_status":"closed","template":"","meta":[],"product_brand":[124],"product_cat":[868],"product_tag":[609,610,608,611,487,75],"class_list":{"0":"post-6029","1":"product","2":"type-product","3":"status-publish","4":"has-post-thumbnail","6":"product_brand-fizzy","7":"product_cat-fizzy","8":"product_tag-13000-puffs-disposable","9":"product_tag-2-5-nicotine-vape","10":"product_tag-fizzy-boom-13000","11":"product_tag-lcd-screen-vape-pen","12":"product_tag-mesh-coil-e-cig","13":"product_tag-rechargeable-disposable-vape","15":"first","16":"instock","17":"sale","18":"shipping-taxable","19":"purchasable","20":"product-type-variable"},"jetpack_sharing_enabled":true,"tiered_pricing_type":"fixed","tiered_pricing_fixed_rules":[],"tiered_pricing_product_settings":{"layout":"default","base_unit_name":{"singular":null,"plural":null},"default_variation":null},"tiered_pricing_minimum_quantity":null,"tiered_pricing_roles_data":[],"tiered_pricing_percentage_rules":[],"tiered_pricing_maximum_quantity":null,"tiered_pricing_quantity_step":null,"_links":{"self":[{"href":"https:\/\/frvape.com\/de\/wp-json\/wp\/v2\/product\/6029","targetHints":{"allow":["GET"]}}],"collection":[{"href":"https:\/\/frvape.com\/de\/wp-json\/wp\/v2\/product"}],"about":[{"href":"https:\/\/frvape.com\/de\/wp-json\/wp\/v2\/types\/product"}],"replies":[{"embeddable":true,"href":"https:\/\/frvape.com\/de\/wp-json\/wp\/v2\/comments?post=6029"}],"wp:featuredmedia":[{"embeddable":true,"href":"https:\/\/frvape.com\/de\/wp-json\/wp\/v2\/media\/6023"}],"wp:attachment":[{"href":"https:\/\/frvape.com\/de\/wp-json\/wp\/v2\/media?parent=6029"}],"wp:term":[{"taxonomy":"product_brand","embeddable":true,"href":"https:\/\/frvape.com\/de\/wp-json\/wp\/v2\/product_brand?post=6029"},{"taxonomy":"product_cat","embeddable":true,"href":"https:\/\/frvape.com\/de\/wp-json\/wp\/v2\/product_cat?post=6029"},{"taxonomy":"product_tag","embeddable":true,"href":"https:\/\/frvape.com\/de\/wp-json\/wp\/v2\/product_tag?post=6029"}],"curies":[{"name":"wp","href":"https:\/\/api.w.org\/{rel}","templated":true}]}}