{"id":6361,"date":"2025-10-12T12:13:51","date_gmt":"2025-10-12T12:13:51","guid":{"rendered":"https:\/\/frvape.com\/product\/mrvi-puffing-15000-disposable-vape-15000-puffs-with-lanyard-screen-display\/"},"modified":"2026-02-06T03:27:03","modified_gmt":"2026-02-06T03:27:03","slug":"mrvi-puffing-15000-einweg-vape-15000-puffs-mit-lanyard-bildschirm-display","status":"publish","type":"product","link":"https:\/\/frvape.com\/de\/produkt\/mrvi-puffing-15000-einweg-vape-15000-puffs-mit-lanyard-bildschirm-display\/","title":{"rendered":"Mrvi Puffing 15000 Disposable Vape | 15000 Puffs mit Lanyard &amp; Screen Display"},"content":{"rendered":"<h3>Ultimative Leistung trifft auf au\u00dfergew\u00f6hnlichen Geschmack<\/h3>\n<p>Treffen Sie die aufger\u00fcsteten <strong>Mrvi Puffing 15000<\/strong> Einwegdampfer - die Weiterentwicklung der bei den Fans beliebten MRVI COMING-Serie. Wir haben jedes Detail verbessert, w\u00e4hrend wir das ikonische Design beibehalten haben, jetzt mit einem praktischen <strong>Umh\u00e4ngeband f\u00fcr leichte Tragbarkeit<\/strong>. Dieses Kraftpaket bietet einen branchenf\u00fchrenden <strong>15.000 Z\u00fcge<\/strong> unterst\u00fctzt durch ein raffiniertes Geschmacksprofil, das unerbittlich bis zur Perfektion getestet wurde. Das Feedback der Kunden best\u00e4tigt: Das Geschmackserlebnis ist wirklich au\u00dfergew\u00f6hnlich.<\/p>\n<h3>Breakthrough Technische Daten<\/h3>\n<p>Auf Ausdauer ausgelegt: eine massive <strong>25ml e-Fl\u00fcssigkeit Kapazit\u00e4t<\/strong> gepaart mit einem verl\u00e4sslichen <strong>750mAh Kobalt-Akku<\/strong>. Die <strong>Typ-C-Schnellladung<\/strong> Anschluss sorgt f\u00fcr minimale Ausfallzeiten, w\u00e4hrend die innovative Anzeige an der Unterseite Sie \u00fcber <strong>Echtzeit-\u00d6lst\u00e4nde<\/strong> und <strong>Batteriestatus<\/strong>. W\u00e4hlen Sie Ihr bevorzugtes <strong>Nikotinst\u00e4rke<\/strong> (2%, 3% oder 5%), um Ihre individuellen Anforderungen zu erf\u00fcllen, die alle durch unsere revolution\u00e4ren <strong>Doppelmaschige Spulentechnologie<\/strong> f\u00fcr intensiveren Geschmack und Dampfproduktion.<\/p>\n<h3>Unvergleichliches Geschmackserlebnis<\/h3>\n<p>Genie\u00dfen Sie unser erstklassiges Geschmackssortiment, das durch unz\u00e4hlige Verfeinerungen sorgf\u00e4ltig hergestellt wurde:<br \/><strong>Bananen-Milchshake<\/strong><br \/><strong>Erdbeere Wassermelone<\/strong><br \/><strong>Rosa Burst<\/strong><br \/><strong>Honigtau-Eiscreme<\/strong><br \/><strong>Heidelbeere auf Eis<\/strong><br \/><strong>Blaubeere Bubblegum<\/strong><br \/><strong>Rotes Apfel-Eis<\/strong><br \/><strong>\u00dcppiges Eis<\/strong><br \/><strong>Ananaseis<\/strong><br \/><strong>Pfirsich-Mango<\/strong><\/p>\n<h3>Intelligente Funktionen f\u00fcr verbesserte Kontrolle<\/h3>\n<p>Der Puffing 15000 verf\u00fcgt nicht nur \u00fcber eine au\u00dfergew\u00f6hnliche Puffkapazit\u00e4t, sondern auch \u00fcber die Funktionen der n\u00e4chsten Generation. \u00dcberwachen Sie Ihren Verbrauch mit dem integrierten <strong>E-Liquid- und Energieanzeigebildschirm<\/strong>stellen Sie die Dampfintensit\u00e4t mit den Tasten <strong>Leistungsregulierungsfunktion<\/strong>und genie\u00dfen Sie die konstante Leistung unseres fortschrittlichen Spulensystems. Jedes Paket enth\u00e4lt ein kostenloses <strong>Zubeh\u00f6r f\u00fcr Schl\u00fcsselb\u00e4nder<\/strong> - perfekt f\u00fcr einen aktiven Lebensstil.<\/p>\n<h3>Hochwertige Konstruktion und Verpackung<\/h3>\n<p>Unsere Technologie ist in einem ergonomischen Design untergebracht, das f\u00fcr eine lange Nutzung optimiert ist. Einheiten liefern 10 pro Box, mit effizienten Gro\u00dfverpackung von <strong>160 Ger\u00e4te pro Karton<\/strong> (60x32x23cm, 19kg). Die wiederaufladbare Plattform minimiert den Abfall und maximiert gleichzeitig den Wert, indem sie einen neuen Standard f\u00fcr umweltbewusstes Dampfen setzt, ohne dabei auf monumentale Leistung zu verzichten. Erh\u00f6hen Sie Ihre Reise - erleben Sie unvergleichliche Langlebigkeit und Geschmacksvielfalt.<\/p>","protected":false},"excerpt":{"rendered":"<p><strong>Mrvi Puffing 15000<\/strong> Einweg-Dampfger\u00e4t liefert eine erstaunliche <strong>15.000 Z\u00fcge<\/strong> mit erstklassigen Geschmacksrichtungen. Eigenschaften <strong>750mAh wiederaufladbare Batterie<\/strong>, <strong>Typ-C-Schnellladung<\/strong>und eingebaut <strong>\u00d6l-\/Leistungsanzeigebildschirm<\/strong>. Inklusive praktischem Transport <strong>Schl\u00fcsselband<\/strong> und Dual-Mesh-Spulentechnologie.<\/p>","protected":false},"featured_media":6355,"comment_status":"open","ping_status":"closed","template":"","meta":[],"product_brand":[174],"product_cat":[175],"product_tag":[429,94,626,115,271,627],"class_list":{"0":"post-6361","1":"product","2":"type-product","3":"status-publish","4":"has-post-thumbnail","6":"product_brand-mrvi","7":"product_cat-mrvi-vape","8":"product_tag-15000-puffs-disposable-vape","9":"product_tag-dual-mesh-coil-vape","10":"product_tag-mrvi-puffing-15000","11":"product_tag-rechargeable-vape","12":"product_tag-type-c-vape","13":"product_tag-vape-with-lanyard","15":"first","16":"outofstock","17":"sale","18":"shipping-taxable","19":"purchasable","20":"product-type-variable"},"jetpack_sharing_enabled":true,"tiered_pricing_type":"fixed","tiered_pricing_fixed_rules":[],"tiered_pricing_product_settings":{"layout":"default","base_unit_name":{"singular":null,"plural":null},"default_variation":null},"tiered_pricing_minimum_quantity":null,"tiered_pricing_roles_data":[],"tiered_pricing_percentage_rules":[],"tiered_pricing_maximum_quantity":null,"tiered_pricing_quantity_step":null,"_links":{"self":[{"href":"https:\/\/frvape.com\/de\/wp-json\/wp\/v2\/product\/6361","targetHints":{"allow":["GET"]}}],"collection":[{"href":"https:\/\/frvape.com\/de\/wp-json\/wp\/v2\/product"}],"about":[{"href":"https:\/\/frvape.com\/de\/wp-json\/wp\/v2\/types\/product"}],"replies":[{"embeddable":true,"href":"https:\/\/frvape.com\/de\/wp-json\/wp\/v2\/comments?post=6361"}],"wp:featuredmedia":[{"embeddable":true,"href":"https:\/\/frvape.com\/de\/wp-json\/wp\/v2\/media\/6355"}],"wp:attachment":[{"href":"https:\/\/frvape.com\/de\/wp-json\/wp\/v2\/media?parent=6361"}],"wp:term":[{"taxonomy":"product_brand","embeddable":true,"href":"https:\/\/frvape.com\/de\/wp-json\/wp\/v2\/product_brand?post=6361"},{"taxonomy":"product_cat","embeddable":true,"href":"https:\/\/frvape.com\/de\/wp-json\/wp\/v2\/product_cat?post=6361"},{"taxonomy":"product_tag","embeddable":true,"href":"https:\/\/frvape.com\/de\/wp-json\/wp\/v2\/product_tag?post=6361"}],"curies":[{"name":"wp","href":"https:\/\/api.w.org\/{rel}","templated":true}]}}