{"id":6482,"date":"2025-10-12T12:50:40","date_gmt":"2025-10-12T12:50:40","guid":{"rendered":"https:\/\/frvape.com\/product\/jnr-shisha-12000-disposable-vape-12000-puffs-rechargeable-multiple-flavors\/"},"modified":"2025-11-24T09:17:38","modified_gmt":"2025-11-24T09:17:38","slug":"jnr-shisha-12000-einweg-vape-12000-zuge-wiederaufladbar-mehrere-aromen","status":"publish","type":"product","link":"https:\/\/frvape.com\/de\/produkt\/jnr-shisha-12000-einweg-vape-12000-zuge-wiederaufladbar-mehrere-aromen\/","title":{"rendered":"Jnr Shisha 12000 Einweg-Vape - 12.000 Z\u00fcge, wiederaufladbar, mehrere Geschmacksrichtungen"},"content":{"rendered":"<p>Die <strong>Jnr Shisha 12000<\/strong> ist eine revolution\u00e4re elektronische Zigarette, die das authentische Wasserpfeifengef\u00fchl in ein tragbares, modernes Format bringt. Mit seinen au\u00dfergew\u00f6hnlichen Funktionen und Hochleistungsf\u00e4higkeiten definiert dieses Ger\u00e4t den Komfort und die Zufriedenheit beim Dampfen neu. Sie ist sowohl f\u00fcr Anf\u00e4nger als auch f\u00fcr Enthusiasten geeignet und verbindet Tradition mit modernster Technologie f\u00fcr ein unvergessliches Erlebnis.<\/p>\n<h3>Wichtigste Verkaufsargumente<\/h3>\n<p><strong>Authentisches Shisha-Erlebnis:<\/strong> Tauchen Sie ein in klassische Shisha-Aromen, die sorgf\u00e4ltig entwickelt wurden, um ein traditionelles Dampfgef\u00fchl zu erzeugen. Jeder Zug ahmt die W\u00e4rme und den Reichtum einer Shisha-Session nach und ist damit perfekt f\u00fcr alle, die mit jedem Zug Nostalgie erleben wollen.<\/p>\n<p><strong>Shisha-Gl\u00fcckseligkeit f\u00fcr unterwegs:<\/strong> Dieses kompakte Ger\u00e4t im Taschenformat sorgt daf\u00fcr, dass Sie es jederzeit und \u00fcberall genie\u00dfen k\u00f6nnen. Dank seines schlanken Designs passt es in jede Tasche und verwandelt den Alltag in Momente der Entspannung, ohne dass die Leistung darunter leidet.<\/p>\n<p><strong>Intensive Befriedigung Direct-to-Lung:<\/strong> Entwickelt f\u00fcr tiefe Lungenschl\u00e4ge, ist die <strong>Jnr Shisha 12000<\/strong> liefert starke, kr\u00e4ftige Aromen und produziert enorme Dampfwolken. Dieses System wird durch eine Mesh-Spule und einstellbare Luftstrom verbessert, so dass Sie die volle Kontrolle \u00fcber Dichte und Gl\u00e4tte.<\/p>\n<p><strong>Konsistenter und angenehmer Geschmack:<\/strong> Jeder Zug sorgt f\u00fcr ein gleichbleibend sanftes und geschmackvolles Profil, das keine H\u00e4rte aufweist. Die Mesh-Coil-Technologie bewahrt die Integrit\u00e4t des E-Liquids und garantiert einen unver\u00e4nderlichen Geschmack vom ersten bis zum letzten Zug. Diese Zuverl\u00e4ssigkeit macht ihn zu einer der besten Wahl auf dem Markt.<\/p>\n<h3>Produktspezifikationen<\/h3>\n<p>Die Spezifikationen dieses Ger\u00e4ts unterstreichen sein robustes Design: Nikotinwerte von 0% oder 2%, ungef\u00e4hr 12.000 Z\u00fcge, eine gro\u00dfz\u00fcgige Kapazit\u00e4t von 24ml E-Liquid und eine zuverl\u00e4ssige 0.6\u03a9 Mesh-Spule f\u00fcr effiziente Verdampfung. Dar\u00fcber hinaus verf\u00fcgt er \u00fcber einen langlebigen 750mAh-Akku, eine schnelle Typ-C-Ladefunktion und einen einstellbaren Luftstrom, mit dem Sie Ihren Verdampfungsstil anpassen k\u00f6nnen.<\/p>\n<h3>Verf\u00fcgbare Geschmacksrichtungen<\/h3>\n<p>Die <strong>Jnr Shisha 12000<\/strong> sorgt f\u00fcr Geschmacksvielfalt mit einer breiten Palette von 22 aufregenden Optionen: Watermelon Ice, Strawberry Ice, White Mamba, Double Apple, Mango Banana, Double Melon Mint, Cherry Watermelon Freeze, Strawberry Raspberry Candy, Blueberry Ice, Mixed Berry Ice, Blueberry Pomegranate, Juicy Peaches, Lady Killa, Love 66, Frozen Apple, Red Berry Slush, Watermelon Strawberry Bubblegum, Kiwi Mint, Strawberry Kiwi, Watermelon Bull, Strawberry Grape, Blueberry Mint.<\/p>\n<h3>Detaillierte Beschreibung<\/h3>\n<p>Erleben Sie das ultimative Shisha-Gef\u00fchl mit der Jnr Shisha Hookah, die eine beeindruckende ungef\u00e4hre Zugzahl von bis zu 12.000 und eine Kapazit\u00e4t von 24 ml Salz-Nikotin zu einem unschlagbaren Preis bietet. Das Ger\u00e4t zeichnet sich durch eine hohe Dampfproduktion aus und erm\u00f6glicht so tiefe Lungeninhalationen, die Sie vollkommen zufrieden stellen. Mit seinem verschn\u00f6rkelten Design und der modernen Typ-C-Lademethode verbindet es nahtlos \u00c4sthetik mit Funktionalit\u00e4t. Der wiederaufladbare Akku ist ein herausragendes Merkmal - ein robustes 750-mAh-Kraftpaket, das zu jeder Gelegenheit passt, ob zu Hause oder unterwegs. Dank der hohen Kapazit\u00e4t, die ein st\u00e4ndiges Aufladen \u00fcberfl\u00fcssig macht, wird E-Liquid gleichm\u00e4\u00dfig und effizient in inhalierbaren Dampf umgewandelt. Insgesamt bietet diese elektronische Zigarette nicht nur intensive Geschmackserlebnisse und gro\u00dfe Dampfwolken, sondern auch Langlebigkeit und Benutzerfreundlichkeit, was sie zur ersten Wahl f\u00fcr Dampfer macht, die Qualit\u00e4t verlangen. Die einstellbare Airflow-Drehknopf verbessert die Personalisierung, so dass die Feinabstimmung f\u00fcr Dampfdichte und Kehle f\u00fchlen, w\u00e4hrend die Mesh-Spule System garantiert eine gleichm\u00e4\u00dfige Erw\u00e4rmung und optimale Aroma Extraktion.<\/p>","protected":false},"excerpt":{"rendered":"<p>Erleben Sie die <strong>Jnr Shisha 12000<\/strong>eine Pr\u00e4mie <strong>wiederaufladbar<\/strong> Einweg-Vape-Ger\u00e4t, das ungef\u00e4hr <strong>12.000 Z\u00fcge<\/strong> mit einstellbarem Luftstrom f\u00fcr massiven Dampf.<br \/>Angebote k\u00f6stlich <strong>Geschm\u00e4cker<\/strong> wie Watermelon Ice und eine praktische Typ-C-Ladeschnittstelle f\u00fcr den Einsatz unterwegs.<\/p>","protected":false},"featured_media":6479,"comment_status":"open","ping_status":"closed","template":"","meta":[],"product_brand":[88],"product_cat":[1089],"product_tag":[371,163,639,638,115],"class_list":{"0":"post-6482","1":"product","2":"type-product","3":"status-publish","4":"has-post-thumbnail","6":"product_brand-jnr","7":"product_cat-jnr","8":"product_tag-12000-puffs","9":"product_tag-adjustable-airflow","10":"product_tag-flavored-shisha-pen","11":"product_tag-jnr-shisha-12000","12":"product_tag-rechargeable-vape","14":"first","15":"instock","16":"sale","17":"shipping-taxable","18":"purchasable","19":"product-type-variable"},"jetpack_sharing_enabled":true,"tiered_pricing_type":"fixed","tiered_pricing_fixed_rules":[],"tiered_pricing_product_settings":{"layout":"default","base_unit_name":{"singular":null,"plural":null},"default_variation":null},"tiered_pricing_minimum_quantity":null,"tiered_pricing_roles_data":[],"tiered_pricing_percentage_rules":[],"tiered_pricing_maximum_quantity":null,"tiered_pricing_quantity_step":null,"_links":{"self":[{"href":"https:\/\/frvape.com\/de\/wp-json\/wp\/v2\/product\/6482","targetHints":{"allow":["GET"]}}],"collection":[{"href":"https:\/\/frvape.com\/de\/wp-json\/wp\/v2\/product"}],"about":[{"href":"https:\/\/frvape.com\/de\/wp-json\/wp\/v2\/types\/product"}],"replies":[{"embeddable":true,"href":"https:\/\/frvape.com\/de\/wp-json\/wp\/v2\/comments?post=6482"}],"wp:featuredmedia":[{"embeddable":true,"href":"https:\/\/frvape.com\/de\/wp-json\/wp\/v2\/media\/6479"}],"wp:attachment":[{"href":"https:\/\/frvape.com\/de\/wp-json\/wp\/v2\/media?parent=6482"}],"wp:term":[{"taxonomy":"product_brand","embeddable":true,"href":"https:\/\/frvape.com\/de\/wp-json\/wp\/v2\/product_brand?post=6482"},{"taxonomy":"product_cat","embeddable":true,"href":"https:\/\/frvape.com\/de\/wp-json\/wp\/v2\/product_cat?post=6482"},{"taxonomy":"product_tag","embeddable":true,"href":"https:\/\/frvape.com\/de\/wp-json\/wp\/v2\/product_tag?post=6482"}],"curies":[{"name":"wp","href":"https:\/\/api.w.org\/{rel}","templated":true}]}}